{"id":2087,"date":"2023-11-16T14:37:51","date_gmt":"2023-11-16T14:37:51","guid":{"rendered":"https:\/\/countyhousing.org\/rentcafe-su-cuenta\/"},"modified":"2024-03-09T05:37:59","modified_gmt":"2024-03-09T05:37:59","slug":"rentcafe-su-cuenta","status":"publish","type":"page","link":"https:\/\/countyhousing.org\/es\/rentcafe-su-cuenta\/","title":{"rendered":"RentCafe\/Su cuenta"},"content":{"rendered":"\n<p>RentCafe es el sistema de portal en l\u00ednea de Viviendas del Condado para gestionar nuestros programas de vivienda. Todos los solicitantes, residentes actuales de HCV, arrendadores y proveedores utilizan el portal para cargar y encontrar documentaci\u00f3n importante y comunicarse con la organizaci\u00f3n.  <\/p>\n\n<div style=\"height:20px\" aria-hidden=\"true\" class=\"wp-block-spacer\"><\/div>\n\n<div class=\"wp-block-buttons is-layout-flex wp-block-buttons-is-layout-flex\">\n<div class=\"wp-block-button button-wrap\"><a class=\"wp-block-button__link has-light-blue-background-color has-background wp-element-button\" href=\"https:\/\/hub-haslc.securecafe.com\/residentservices\/st-louis-live\/userlogin.aspx\" target=\"_blank\" rel=\"noreferrer noopener\">Acceder a RentCafe<\/a><\/div>\n<\/div>\n\n<div style=\"height:30px\" aria-hidden=\"true\" class=\"wp-block-spacer\"><\/div>\n\n<div class=\"wp-block-group\"><div class=\"wp-block-group__inner-container is-layout-constrained wp-block-group-is-layout-constrained\">\n<h2 class=\"wp-block-heading has-medium-green-color has-text-color has-link-color has-large-font-size wp-elements-e729a15bf500e07f61141cb4b88e2cd3\">Preguntas frecuentes<\/h2>\n\n\n\n<div style=\"height:20px\" aria-hidden=\"true\" class=\"wp-block-spacer\"><\/div>\n\n\n\n<details class=\"wp-block-details is-layout-flow wp-block-details-is-layout-flow\" style=\"font-style:normal;font-weight:700\"><summary>\u00bfC\u00f3mo puedo restablecer mi contrase\u00f1a de RentCafe?<\/summary>\n<p style=\"font-style:normal;font-weight:400\"><a href=\"https:\/\/hub-haslc.securecafe.com\/residentservices\/st-louis-live\/userlogin.aspx\" target=\"_blank\" rel=\"noreferrer noopener\">Haga clic aqu\u00ed para acceder al portal RentCafe<\/a>. En la pantalla de inicio de sesi\u00f3n, seleccione \u00ab\u00bfHa olvidado la contrase\u00f1a?\u00bb. Introduzca su correo electr\u00f3nico y siga los pasos para restablecer su contrase\u00f1a.  <\/p>\n<\/details>\n\n\n\n<div style=\"height:10px\" aria-hidden=\"true\" class=\"wp-block-spacer\"><\/div>\n\n\n\n<details class=\"wp-block-details is-layout-flow wp-block-details-is-layout-flow\" style=\"font-style:normal;font-weight:700\"><summary>\u00bfQu\u00e9 pasa si he cambiado mi correo electr\u00f3nico y no puedo iniciar sesi\u00f3n en RentCafe?<\/summary>\n<p style=\"font-style:normal;font-weight:400\">Si ha cambiado su direcci\u00f3n de correo electr\u00f3nico y ya no puede acceder a su cuenta RentCafe, ll\u00e1menos al (314) 428-3200 y un miembro del personal le ayudar\u00e1 a restablecer su cuenta.<\/p>\n<\/details>\n\n\n\n<div style=\"height:10px\" aria-hidden=\"true\" class=\"wp-block-spacer\"><\/div>\n\n\n\n<details class=\"wp-block-details is-layout-flow wp-block-details-is-layout-flow\" style=\"font-style:normal;font-weight:700\"><summary>\u00bfC\u00f3mo puedo crear una cuenta RentCafe?<\/summary>\n<p style=\"font-style:normal;font-weight:400\">Para crear una cuenta en l\u00ednea RentCafe, deber\u00e1 utilizar un c\u00f3digo de registro proporcionado por Viviendas del Condado. P\u00f3ngase en contacto con la agencia para solicitar su c\u00f3digo si no lo ha recibido.  <\/p>\n<\/details>\n<\/div><\/div>\n\n<div style=\"height:20px\" aria-hidden=\"true\" class=\"wp-block-spacer\"><\/div>\n","protected":false},"excerpt":{"rendered":"<p>RentCafe es el sistema de portal en l\u00ednea de Viviendas del Condado para gestionar nuestros programas de vivienda. Todos los solicitantes, residentes actuales de HCV, arrendadores y proveedores utilizan el portal para cargar y encontrar documentaci\u00f3n importante y comunicarse con la organizaci\u00f3n. Preguntas frecuentes<\/p>\n","protected":false},"author":1,"featured_media":1547,"parent":0,"menu_order":0,"comment_status":"closed","ping_status":"closed","template":"","meta":{"_acf_changed":false,"_classifai_error":"","_classifai_text_to_speech_error":"","footnotes":""},"class_list":["post-2087","page","type-page","status-publish","has-post-thumbnail","hentry"],"acf":[],"yoast_head":"<!-- This site is optimized with the Yoast SEO plugin v26.0 - https:\/\/yoast.com\/wordpress\/plugins\/seo\/ -->\n<title>RentCafe\/Su cuenta - County Housing<\/title>\n<meta name=\"description\" content=\"RentCafe es el sistema de portal en l\u00ednea de Viviendas del Condado para gestionar nuestros programas de vivienda. Todos los solicitantes, residentes actuales de HCV, arrendadores y proveedores utilizan el portal para cargar y encontrar documentaci\u00f3n importante y comunicarse con la organizaci\u00f3n.\" \/>\n<meta name=\"robots\" content=\"index, follow, max-snippet:-1, max-image-preview:large, max-video-preview:-1\" \/>\n<link rel=\"canonical\" href=\"https:\/\/countyhousing.org\/es\/rentcafe-su-cuenta\/\" \/>\n<meta property=\"og:locale\" content=\"es_ES\" \/>\n<meta property=\"og:type\" content=\"article\" \/>\n<meta property=\"og:title\" content=\"RentCafe\/Su cuenta\" \/>\n<meta property=\"og:description\" content=\"RentCafe es el sistema de portal en l\u00ednea de Viviendas del Condado para gestionar nuestros programas de vivienda. Todos los solicitantes, residentes actuales de HCV, arrendadores y proveedores utilizan el portal para cargar y encontrar documentaci\u00f3n importante y comunicarse con la organizaci\u00f3n.\" \/>\n<meta property=\"og:url\" content=\"https:\/\/countyhousing.org\/es\/rentcafe-su-cuenta\/\" \/>\n<meta property=\"og:site_name\" content=\"County Housing\" \/>\n<meta property=\"article:modified_time\" content=\"2024-03-09T05:37:59+00:00\" \/>\n<meta property=\"og:image\" content=\"https:\/\/countyhousing.org\/wp-content\/uploads\/2024\/02\/CountyHousing_SocialShare_Blue-1024x538.jpg\" \/>\n<meta name=\"twitter:card\" content=\"summary_large_image\" \/>\n<meta name=\"twitter:title\" content=\"RentCafe\/Su cuenta\" \/>\n<meta name=\"twitter:description\" content=\"RentCafe es el sistema de portal en l\u00ednea de Viviendas del Condado para gestionar nuestros programas de vivienda. Todos los solicitantes, residentes actuales de HCV, arrendadores y proveedores utilizan el portal para cargar y encontrar documentaci\u00f3n importante y comunicarse con la organizaci\u00f3n.\" \/>\n<meta name=\"twitter:image\" content=\"https:\/\/countyhousing.org\/wp-content\/uploads\/2024\/02\/CountyHousing_SocialShare_Blue-1024x538.jpg\" \/>\n<meta name=\"twitter:label1\" content=\"Tiempo de lectura\" \/>\n\t<meta name=\"twitter:data1\" content=\"1 minuto\" \/>\n<script type=\"application\/ld+json\" class=\"yoast-schema-graph\">{\"@context\":\"https:\/\/schema.org\",\"@graph\":[{\"@type\":\"WebPage\",\"@id\":\"https:\/\/countyhousing.org\/es\/rentcafe-su-cuenta\/\",\"url\":\"https:\/\/countyhousing.org\/es\/rentcafe-su-cuenta\/\",\"name\":\"RentCafe\/Su cuenta - County Housing\",\"isPartOf\":{\"@id\":\"https:\/\/countyhousing.org\/es\/#website\"},\"primaryImageOfPage\":{\"@id\":\"https:\/\/countyhousing.org\/es\/rentcafe-su-cuenta\/#primaryimage\"},\"image\":{\"@id\":\"https:\/\/countyhousing.org\/es\/rentcafe-su-cuenta\/#primaryimage\"},\"thumbnailUrl\":\"https:\/\/countyhousing.org\/wp-content\/uploads\/2024\/03\/CH_3Houses_08_blue.webp\",\"datePublished\":\"2023-11-16T14:37:51+00:00\",\"dateModified\":\"2024-03-09T05:37:59+00:00\",\"description\":\"RentCafe es el sistema de portal en l\u00ednea de Viviendas del Condado para gestionar nuestros programas de vivienda. Todos los solicitantes, residentes actuales de HCV, arrendadores y proveedores utilizan el portal para cargar y encontrar documentaci\u00f3n importante y comunicarse con la organizaci\u00f3n.\",\"breadcrumb\":{\"@id\":\"https:\/\/countyhousing.org\/es\/rentcafe-su-cuenta\/#breadcrumb\"},\"inLanguage\":\"es\",\"potentialAction\":[{\"@type\":\"ReadAction\",\"target\":[\"https:\/\/countyhousing.org\/es\/rentcafe-su-cuenta\/\"]}]},{\"@type\":\"ImageObject\",\"inLanguage\":\"es\",\"@id\":\"https:\/\/countyhousing.org\/es\/rentcafe-su-cuenta\/#primaryimage\",\"url\":\"https:\/\/countyhousing.org\/wp-content\/uploads\/2024\/03\/CH_3Houses_08_blue.webp\",\"contentUrl\":\"https:\/\/countyhousing.org\/wp-content\/uploads\/2024\/03\/CH_3Houses_08_blue.webp\",\"width\":1920,\"height\":279},{\"@type\":\"BreadcrumbList\",\"@id\":\"https:\/\/countyhousing.org\/es\/rentcafe-su-cuenta\/#breadcrumb\",\"itemListElement\":[{\"@type\":\"ListItem\",\"position\":1,\"name\":\"Home\",\"item\":\"https:\/\/countyhousing.org\/es\/pagina-de-inicio\/\"},{\"@type\":\"ListItem\",\"position\":2,\"name\":\"RentCafe\/Su cuenta\"}]},{\"@type\":\"WebSite\",\"@id\":\"https:\/\/countyhousing.org\/es\/#website\",\"url\":\"https:\/\/countyhousing.org\/es\/\",\"name\":\"County Housing\",\"description\":\"The Housing Authority of St. Louis County\",\"publisher\":{\"@id\":\"https:\/\/countyhousing.org\/es\/#organization\"},\"potentialAction\":[{\"@type\":\"SearchAction\",\"target\":{\"@type\":\"EntryPoint\",\"urlTemplate\":\"https:\/\/countyhousing.org\/es\/?s={search_term_string}\"},\"query-input\":{\"@type\":\"PropertyValueSpecification\",\"valueRequired\":true,\"valueName\":\"search_term_string\"}}],\"inLanguage\":\"es\"},{\"@type\":\"Organization\",\"@id\":\"https:\/\/countyhousing.org\/es\/#organization\",\"name\":\"County Housing\",\"url\":\"https:\/\/countyhousing.org\/es\/\",\"logo\":{\"@type\":\"ImageObject\",\"inLanguage\":\"es\",\"@id\":\"https:\/\/countyhousing.org\/es\/#\/schema\/logo\/image\/\",\"url\":\"https:\/\/countyhousing.org\/wp-content\/uploads\/2023\/12\/CH_Logo_Horizontal_Web_03-1.png\",\"contentUrl\":\"https:\/\/countyhousing.org\/wp-content\/uploads\/2023\/12\/CH_Logo_Horizontal_Web_03-1.png\",\"width\":279,\"height\":100,\"caption\":\"County Housing\"},\"image\":{\"@id\":\"https:\/\/countyhousing.org\/es\/#\/schema\/logo\/image\/\"}}]}<\/script>\n<!-- \/ Yoast SEO plugin. -->","yoast_head_json":{"title":"RentCafe\/Su cuenta - County Housing","description":"RentCafe es el sistema de portal en l\u00ednea de Viviendas del Condado para gestionar nuestros programas de vivienda. Todos los solicitantes, residentes actuales de HCV, arrendadores y proveedores utilizan el portal para cargar y encontrar documentaci\u00f3n importante y comunicarse con la organizaci\u00f3n.","robots":{"index":"index","follow":"follow","max-snippet":"max-snippet:-1","max-image-preview":"max-image-preview:large","max-video-preview":"max-video-preview:-1"},"canonical":"https:\/\/countyhousing.org\/es\/rentcafe-su-cuenta\/","og_locale":"es_ES","og_type":"article","og_title":"RentCafe\/Su cuenta","og_description":"RentCafe es el sistema de portal en l\u00ednea de Viviendas del Condado para gestionar nuestros programas de vivienda. Todos los solicitantes, residentes actuales de HCV, arrendadores y proveedores utilizan el portal para cargar y encontrar documentaci\u00f3n importante y comunicarse con la organizaci\u00f3n.","og_url":"https:\/\/countyhousing.org\/es\/rentcafe-su-cuenta\/","og_site_name":"County Housing","article_modified_time":"2024-03-09T05:37:59+00:00","og_image":[{"url":"https:\/\/countyhousing.org\/wp-content\/uploads\/2024\/02\/CountyHousing_SocialShare_Blue-1024x538.jpg","type":"","width":"","height":""}],"twitter_card":"summary_large_image","twitter_title":"RentCafe\/Su cuenta","twitter_description":"RentCafe es el sistema de portal en l\u00ednea de Viviendas del Condado para gestionar nuestros programas de vivienda. Todos los solicitantes, residentes actuales de HCV, arrendadores y proveedores utilizan el portal para cargar y encontrar documentaci\u00f3n importante y comunicarse con la organizaci\u00f3n.","twitter_image":"https:\/\/countyhousing.org\/wp-content\/uploads\/2024\/02\/CountyHousing_SocialShare_Blue-1024x538.jpg","twitter_misc":{"Tiempo de lectura":"1 minuto"},"schema":{"@context":"https:\/\/schema.org","@graph":[{"@type":"WebPage","@id":"https:\/\/countyhousing.org\/es\/rentcafe-su-cuenta\/","url":"https:\/\/countyhousing.org\/es\/rentcafe-su-cuenta\/","name":"RentCafe\/Su cuenta - County Housing","isPartOf":{"@id":"https:\/\/countyhousing.org\/es\/#website"},"primaryImageOfPage":{"@id":"https:\/\/countyhousing.org\/es\/rentcafe-su-cuenta\/#primaryimage"},"image":{"@id":"https:\/\/countyhousing.org\/es\/rentcafe-su-cuenta\/#primaryimage"},"thumbnailUrl":"https:\/\/countyhousing.org\/wp-content\/uploads\/2024\/03\/CH_3Houses_08_blue.webp","datePublished":"2023-11-16T14:37:51+00:00","dateModified":"2024-03-09T05:37:59+00:00","description":"RentCafe es el sistema de portal en l\u00ednea de Viviendas del Condado para gestionar nuestros programas de vivienda. Todos los solicitantes, residentes actuales de HCV, arrendadores y proveedores utilizan el portal para cargar y encontrar documentaci\u00f3n importante y comunicarse con la organizaci\u00f3n.","breadcrumb":{"@id":"https:\/\/countyhousing.org\/es\/rentcafe-su-cuenta\/#breadcrumb"},"inLanguage":"es","potentialAction":[{"@type":"ReadAction","target":["https:\/\/countyhousing.org\/es\/rentcafe-su-cuenta\/"]}]},{"@type":"ImageObject","inLanguage":"es","@id":"https:\/\/countyhousing.org\/es\/rentcafe-su-cuenta\/#primaryimage","url":"https:\/\/countyhousing.org\/wp-content\/uploads\/2024\/03\/CH_3Houses_08_blue.webp","contentUrl":"https:\/\/countyhousing.org\/wp-content\/uploads\/2024\/03\/CH_3Houses_08_blue.webp","width":1920,"height":279},{"@type":"BreadcrumbList","@id":"https:\/\/countyhousing.org\/es\/rentcafe-su-cuenta\/#breadcrumb","itemListElement":[{"@type":"ListItem","position":1,"name":"Home","item":"https:\/\/countyhousing.org\/es\/pagina-de-inicio\/"},{"@type":"ListItem","position":2,"name":"RentCafe\/Su cuenta"}]},{"@type":"WebSite","@id":"https:\/\/countyhousing.org\/es\/#website","url":"https:\/\/countyhousing.org\/es\/","name":"County Housing","description":"The Housing Authority of St. Louis County","publisher":{"@id":"https:\/\/countyhousing.org\/es\/#organization"},"potentialAction":[{"@type":"SearchAction","target":{"@type":"EntryPoint","urlTemplate":"https:\/\/countyhousing.org\/es\/?s={search_term_string}"},"query-input":{"@type":"PropertyValueSpecification","valueRequired":true,"valueName":"search_term_string"}}],"inLanguage":"es"},{"@type":"Organization","@id":"https:\/\/countyhousing.org\/es\/#organization","name":"County Housing","url":"https:\/\/countyhousing.org\/es\/","logo":{"@type":"ImageObject","inLanguage":"es","@id":"https:\/\/countyhousing.org\/es\/#\/schema\/logo\/image\/","url":"https:\/\/countyhousing.org\/wp-content\/uploads\/2023\/12\/CH_Logo_Horizontal_Web_03-1.png","contentUrl":"https:\/\/countyhousing.org\/wp-content\/uploads\/2023\/12\/CH_Logo_Horizontal_Web_03-1.png","width":279,"height":100,"caption":"County Housing"},"image":{"@id":"https:\/\/countyhousing.org\/es\/#\/schema\/logo\/image\/"}}]}},"_links":{"self":[{"href":"https:\/\/countyhousing.org\/es\/wp-json\/wp\/v2\/pages\/2087","targetHints":{"allow":["GET"]}}],"collection":[{"href":"https:\/\/countyhousing.org\/es\/wp-json\/wp\/v2\/pages"}],"about":[{"href":"https:\/\/countyhousing.org\/es\/wp-json\/wp\/v2\/types\/page"}],"author":[{"embeddable":true,"href":"https:\/\/countyhousing.org\/es\/wp-json\/wp\/v2\/users\/1"}],"replies":[{"embeddable":true,"href":"https:\/\/countyhousing.org\/es\/wp-json\/wp\/v2\/comments?post=2087"}],"version-history":[{"count":0,"href":"https:\/\/countyhousing.org\/es\/wp-json\/wp\/v2\/pages\/2087\/revisions"}],"wp:featuredmedia":[{"embeddable":true,"href":"https:\/\/countyhousing.org\/es\/wp-json\/wp\/v2\/media\/1547"}],"wp:attachment":[{"href":"https:\/\/countyhousing.org\/es\/wp-json\/wp\/v2\/media?parent=2087"}],"curies":[{"name":"wp","href":"https:\/\/api.w.org\/{rel}","templated":true}]}}