{"id":2070,"date":"2023-11-16T14:36:56","date_gmt":"2023-11-16T14:36:56","guid":{"rendered":"https:\/\/countyhousing.org\/programa-de-autosuficiencia-familiar\/"},"modified":"2024-03-09T05:37:52","modified_gmt":"2024-03-09T05:37:52","slug":"programa-de-autosuficiencia-familiar","status":"publish","type":"page","link":"https:\/\/countyhousing.org\/es\/programa-de-autosuficiencia-familiar\/","title":{"rendered":"Programa de Autosuficiencia Familiar"},"content":{"rendered":"\n<p>El programa de Autosuficiencia Familiar (FSS) del HUD est\u00e1 dise\u00f1ado para ayudar a las personas y familias que reciben Vales de Elecci\u00f3n de Vivienda a conseguir la autosuficiencia econ\u00f3mica. En este programa, las familias trabajan con coordinadores dedicados FSS en el personal de Vivienda del Condado de establecer y trabajar hacia metas espec\u00edficas que conducen a una mayor independencia financiera y la estabilidad.<\/p>\n\n<div class=\"wp-block-group\"><div class=\"wp-block-group__inner-container is-layout-constrained wp-block-group-is-layout-constrained\">\n<h2 class=\"wp-block-heading has-body-copy-color has-text-color has-link-color wp-elements-05fc4f832d6ca26f0352ce377414a184\">Visi\u00f3n general del programa<\/h2>\n\n\n\n<h3 class=\"wp-block-heading has-medium-dark-blue-color has-text-color has-link-color wp-elements-a571f318dbffc918fe35bb5f719bd819\">Admisibilidad<\/h3>\n\n\n\n<p>Para participar en el programa FSS, las personas o familias deben ser participantes activos en el programa Housing Choice Voucher. Los requisitos de elegibilidad incluyen tener una fuente de ingresos verificable y el cumplimiento de las normas del programa.<\/p>\n\n\n\n<h3 class=\"wp-block-heading has-medium-green-color has-text-color has-link-color wp-elements-10c9140d6528f4843e4842ab8c5105d7\">Participaci\u00f3n voluntaria<\/h3>\n\n\n\n<p>La participaci\u00f3n en el programa SFS es totalmente voluntaria. Los participantes eligen inscribirse y fijan sus propios objetivos de autosuficiencia.<\/p>\n\n\n\n<h3 class=\"wp-block-heading has-pink-color has-text-color has-link-color wp-elements-57e8249e2169ac244ab62f248eef4885\">Gesti\u00f3n de casos<\/h3>\n\n\n\n<p>A cada participante se le asigna un coordinador que trabaja estrechamente con \u00e9l para desarrollar un Plan Individual de Formaci\u00f3n y Servicios (PISF). El ITSP describe los objetivos del participante, los pasos que debe dar para alcanzarlos y los servicios y recursos necesarios para apoyar sus esfuerzos.<\/p>\n\n\n\n<h3 class=\"wp-block-heading has-teal-color has-text-color has-link-color wp-elements-198a6835ba37b887c0682908d6f589ac\">Fijaci\u00f3n de objetivos<\/h3>\n\n\n\n<p>Los participantes trabajan con su gestor de casos para identificar objetivos personales y familiares. Estos objetivos pueden variar ampliamente y pueden incluir completar la educaci\u00f3n o la formaci\u00f3n laboral, encontrar un empleo estable, mejorar los conocimientos financieros, reducir la deuda y lograr la propiedad de la vivienda.<\/p>\n\n\n\n<h3 class=\"wp-block-heading has-medium-dark-blue-color has-text-color has-link-color wp-elements-f8cf7075a6bc1f1feb06b123ac55f448\">Incentivos financieros<\/h3>\n\n\n\n<p>Una de las caracter\u00edsticas \u00fanicas del programa SFS es la cuenta de garant\u00eda bloqueada. A medida que los ingresos de los participantes aumentan debido al empleo o a otras fuentes, una parte de ese aumento se deposita en una cuenta bloqueada. Si los participantes logran sus objetivos y se grad\u00faan del programa, reciben los fondos de la cuenta de garant\u00eda bloqueada como pago \u00fanico. Esto puede suponer un importante impulso financiero para ayudar a los part\u00edcipes a alcanzar sus objetivos a largo plazo.<\/p>\n\n\n\n<h3 class=\"wp-block-heading has-medium-green-color has-text-color has-link-color wp-elements-220915c2f7418fc87d2eb30af7c3802e\">Servicios de apoyo<\/h3>\n\n\n\n<p>Los participantes tienen acceso a diversos servicios de apoyo prestados por los organismos asociados de County Housing, que pueden incluir formaci\u00f3n laboral, asistencia educativa, servicios de guarder\u00eda, ayuda al transporte y asesoramiento. Estos servicios est\u00e1n dise\u00f1ados para ayudar a los participantes a superar las barreras que les impiden ser autosuficientes.<\/p>\n\n\n\n<h3 class=\"wp-block-heading has-pink-color has-text-color has-link-color wp-elements-8ef371f995fd276f5b8bd55a7d6546dd\">Control y seguimiento de los progresos<\/h3>\n\n\n\n<p>Los participantes se re\u00fanen peri\u00f3dicamente con sus gestores de casos para hacer un seguimiento de los avances hacia sus objetivos y ajustar sus planes seg\u00fan sea necesario. Los gestores de casos ofrecen orientaci\u00f3n, apoyo y remisi\u00f3n a los recursos necesarios.<\/p>\n\n\n\n<h3 class=\"wp-block-heading has-teal-color has-text-color has-link-color wp-elements-54224a5a7b1e28f27d8b06a831230c9a\">Graduaci\u00f3n<\/h3>\n\n\n\n<p>Para completar el programa con \u00e9xito, los participantes deben cumplir los objetivos establecidos y demostrar autosuficiencia econ\u00f3mica.<\/p>\n\n\n\n<h3 class=\"wp-block-heading has-medium-dark-blue-color has-text-color has-link-color wp-elements-90925f50453b65511545ecc9a319b744\">Ayuda continua a la vivienda<\/h3>\n\n\n\n<p>Despu\u00e9s de graduarse del programa, los participantes pueden seguir recibiendo ayuda para el alquiler de Vales de Elecci\u00f3n de Vivienda mientras sigan cumpliendo los requisitos.<\/p>\n\n\n\n<h3 class=\"wp-block-heading has-medium-green-color has-text-color has-link-color wp-elements-b3c369837bcde1bd804f5d61f982fe7e\">Para empezar<\/h3>\n\n\n\n<p>P\u00f3ngase en contacto con su asistente social para saber c\u00f3mo empezar a participar en el programa.<\/p>\n<\/div><\/div>\n","protected":false},"excerpt":{"rendered":"<p>El programa de Autosuficiencia Familiar (FSS) del HUD est\u00e1 dise\u00f1ado para ayudar a las personas y familias que reciben Vales de Elecci\u00f3n de Vivienda a conseguir la autosuficiencia econ\u00f3mica. En este programa, las familias trabajan con coordinadores dedicados FSS en el personal de Vivienda del Condado de establecer y trabajar hacia metas espec\u00edficas que conducen [&hellip;]<\/p>\n","protected":false},"author":1,"featured_media":0,"parent":0,"menu_order":0,"comment_status":"closed","ping_status":"closed","template":"","meta":{"_acf_changed":false,"footnotes":""},"class_list":["post-2070","page","type-page","status-publish","hentry"],"acf":[],"yoast_head":"<!-- This site is optimized with the Yoast SEO plugin v27.5 - https:\/\/yoast.com\/product\/yoast-seo-wordpress\/ -->\n<title>Programa de Autosuficiencia Familiar - County Housing<\/title>\n<meta name=\"description\" content=\"El programa de Autosuficiencia Familiar (FSS) del HUD est\u00e1 dise\u00f1ado para ayudar a las personas y familias que reciben Vales de Elecci\u00f3n de Vivienda a conseguir la autosuficiencia econ\u00f3mica. En este programa, las familias trabajan con coordinadores dedicados FSS en el personal de Vivienda del Condado de establecer y trabajar hacia metas espec\u00edficas que conducen a una mayor independencia financiera y la estabilidad.\" \/>\n<meta name=\"robots\" content=\"index, follow, max-snippet:-1, max-image-preview:large, max-video-preview:-1\" \/>\n<link rel=\"canonical\" href=\"https:\/\/countyhousing.org\/es\/programa-de-autosuficiencia-familiar\/\" \/>\n<meta property=\"og:locale\" content=\"es_ES\" \/>\n<meta property=\"og:type\" content=\"article\" \/>\n<meta property=\"og:title\" content=\"Programa de Autosuficiencia Familiar\" \/>\n<meta property=\"og:description\" content=\"El programa de Autosuficiencia Familiar (FSS) del HUD est\u00e1 dise\u00f1ado para ayudar a las personas y familias que reciben Vales de Elecci\u00f3n de Vivienda a conseguir la autosuficiencia econ\u00f3mica. En este programa, las familias trabajan con coordinadores dedicados FSS en el personal de Vivienda del Condado de establecer y trabajar hacia metas espec\u00edficas que conducen a una mayor independencia financiera y la estabilidad.\" \/>\n<meta property=\"og:url\" content=\"https:\/\/countyhousing.org\/es\/programa-de-autosuficiencia-familiar\/\" \/>\n<meta property=\"og:site_name\" content=\"County Housing\" \/>\n<meta property=\"article:modified_time\" content=\"2024-03-09T05:37:52+00:00\" \/>\n<meta property=\"og:image\" content=\"https:\/\/countyhousing.org\/wp-content\/uploads\/2024\/02\/CountyHousing_SocialShare_crop-1024x538.jpg\" \/>\n<meta name=\"twitter:card\" content=\"summary_large_image\" \/>\n<meta name=\"twitter:title\" content=\"Programa de Autosuficiencia Familiar\" \/>\n<meta name=\"twitter:description\" content=\"El programa de Autosuficiencia Familiar (FSS) del HUD est\u00e1 dise\u00f1ado para ayudar a las personas y familias que reciben Vales de Elecci\u00f3n de Vivienda a conseguir la autosuficiencia econ\u00f3mica. En este programa, las familias trabajan con coordinadores dedicados FSS en el personal de Vivienda del Condado de establecer y trabajar hacia metas espec\u00edficas que conducen a una mayor independencia financiera y la estabilidad.\" \/>\n<meta name=\"twitter:image\" content=\"https:\/\/countyhousing.org\/wp-content\/uploads\/2024\/02\/CountyHousing_SocialShare_crop-1024x538.jpg\" \/>\n<meta name=\"twitter:label1\" content=\"Tiempo de lectura\" \/>\n\t<meta name=\"twitter:data1\" content=\"3 minutos\" \/>\n<script type=\"application\/ld+json\" class=\"yoast-schema-graph\">{\"@context\":\"https:\\\/\\\/schema.org\",\"@graph\":[{\"@type\":\"WebPage\",\"@id\":\"https:\\\/\\\/countyhousing.org\\\/es\\\/programa-de-autosuficiencia-familiar\\\/\",\"url\":\"https:\\\/\\\/countyhousing.org\\\/es\\\/programa-de-autosuficiencia-familiar\\\/\",\"name\":\"Programa de Autosuficiencia Familiar - County Housing\",\"isPartOf\":{\"@id\":\"https:\\\/\\\/countyhousing.org\\\/es\\\/#website\"},\"datePublished\":\"2023-11-16T14:36:56+00:00\",\"dateModified\":\"2024-03-09T05:37:52+00:00\",\"description\":\"El programa de Autosuficiencia Familiar (FSS) del HUD est\u00e1 dise\u00f1ado para ayudar a las personas y familias que reciben Vales de Elecci\u00f3n de Vivienda a conseguir la autosuficiencia econ\u00f3mica. En este programa, las familias trabajan con coordinadores dedicados FSS en el personal de Vivienda del Condado de establecer y trabajar hacia metas espec\u00edficas que conducen a una mayor independencia financiera y la estabilidad.\",\"breadcrumb\":{\"@id\":\"https:\\\/\\\/countyhousing.org\\\/es\\\/programa-de-autosuficiencia-familiar\\\/#breadcrumb\"},\"inLanguage\":\"es\",\"potentialAction\":[{\"@type\":\"ReadAction\",\"target\":[\"https:\\\/\\\/countyhousing.org\\\/es\\\/programa-de-autosuficiencia-familiar\\\/\"]}]},{\"@type\":\"BreadcrumbList\",\"@id\":\"https:\\\/\\\/countyhousing.org\\\/es\\\/programa-de-autosuficiencia-familiar\\\/#breadcrumb\",\"itemListElement\":[{\"@type\":\"ListItem\",\"position\":1,\"name\":\"Home\",\"item\":\"https:\\\/\\\/countyhousing.org\\\/es\\\/pagina-de-inicio\\\/\"},{\"@type\":\"ListItem\",\"position\":2,\"name\":\"Programa de Autosuficiencia Familiar\"}]},{\"@type\":\"WebSite\",\"@id\":\"https:\\\/\\\/countyhousing.org\\\/es\\\/#website\",\"url\":\"https:\\\/\\\/countyhousing.org\\\/es\\\/\",\"name\":\"County Housing\",\"description\":\"The Housing Authority of St. Louis County\",\"publisher\":{\"@id\":\"https:\\\/\\\/countyhousing.org\\\/es\\\/#organization\"},\"potentialAction\":[{\"@type\":\"SearchAction\",\"target\":{\"@type\":\"EntryPoint\",\"urlTemplate\":\"https:\\\/\\\/countyhousing.org\\\/es\\\/?s={search_term_string}\"},\"query-input\":{\"@type\":\"PropertyValueSpecification\",\"valueRequired\":true,\"valueName\":\"search_term_string\"}}],\"inLanguage\":\"es\"},{\"@type\":\"Organization\",\"@id\":\"https:\\\/\\\/countyhousing.org\\\/es\\\/#organization\",\"name\":\"County Housing\",\"url\":\"https:\\\/\\\/countyhousing.org\\\/es\\\/\",\"logo\":{\"@type\":\"ImageObject\",\"inLanguage\":\"es\",\"@id\":\"https:\\\/\\\/countyhousing.org\\\/es\\\/#\\\/schema\\\/logo\\\/image\\\/\",\"url\":\"https:\\\/\\\/countyhousing.org\\\/wp-content\\\/uploads\\\/2023\\\/12\\\/CH_Logo_Horizontal_Web_03-1.png\",\"contentUrl\":\"https:\\\/\\\/countyhousing.org\\\/wp-content\\\/uploads\\\/2023\\\/12\\\/CH_Logo_Horizontal_Web_03-1.png\",\"width\":279,\"height\":100,\"caption\":\"County Housing\"},\"image\":{\"@id\":\"https:\\\/\\\/countyhousing.org\\\/es\\\/#\\\/schema\\\/logo\\\/image\\\/\"}}]}<\/script>\n<!-- \/ Yoast SEO plugin. -->","yoast_head_json":{"title":"Programa de Autosuficiencia Familiar - County Housing","description":"El programa de Autosuficiencia Familiar (FSS) del HUD est\u00e1 dise\u00f1ado para ayudar a las personas y familias que reciben Vales de Elecci\u00f3n de Vivienda a conseguir la autosuficiencia econ\u00f3mica. En este programa, las familias trabajan con coordinadores dedicados FSS en el personal de Vivienda del Condado de establecer y trabajar hacia metas espec\u00edficas que conducen a una mayor independencia financiera y la estabilidad.","robots":{"index":"index","follow":"follow","max-snippet":"max-snippet:-1","max-image-preview":"max-image-preview:large","max-video-preview":"max-video-preview:-1"},"canonical":"https:\/\/countyhousing.org\/es\/programa-de-autosuficiencia-familiar\/","og_locale":"es_ES","og_type":"article","og_title":"Programa de Autosuficiencia Familiar","og_description":"El programa de Autosuficiencia Familiar (FSS) del HUD est\u00e1 dise\u00f1ado para ayudar a las personas y familias que reciben Vales de Elecci\u00f3n de Vivienda a conseguir la autosuficiencia econ\u00f3mica. En este programa, las familias trabajan con coordinadores dedicados FSS en el personal de Vivienda del Condado de establecer y trabajar hacia metas espec\u00edficas que conducen a una mayor independencia financiera y la estabilidad.","og_url":"https:\/\/countyhousing.org\/es\/programa-de-autosuficiencia-familiar\/","og_site_name":"County Housing","article_modified_time":"2024-03-09T05:37:52+00:00","og_image":[{"url":"https:\/\/countyhousing.org\/wp-content\/uploads\/2024\/02\/CountyHousing_SocialShare_crop-1024x538.jpg","type":"","width":"","height":""}],"twitter_card":"summary_large_image","twitter_title":"Programa de Autosuficiencia Familiar","twitter_description":"El programa de Autosuficiencia Familiar (FSS) del HUD est\u00e1 dise\u00f1ado para ayudar a las personas y familias que reciben Vales de Elecci\u00f3n de Vivienda a conseguir la autosuficiencia econ\u00f3mica. En este programa, las familias trabajan con coordinadores dedicados FSS en el personal de Vivienda del Condado de establecer y trabajar hacia metas espec\u00edficas que conducen a una mayor independencia financiera y la estabilidad.","twitter_image":"https:\/\/countyhousing.org\/wp-content\/uploads\/2024\/02\/CountyHousing_SocialShare_crop-1024x538.jpg","twitter_misc":{"Tiempo de lectura":"3 minutos"},"schema":{"@context":"https:\/\/schema.org","@graph":[{"@type":"WebPage","@id":"https:\/\/countyhousing.org\/es\/programa-de-autosuficiencia-familiar\/","url":"https:\/\/countyhousing.org\/es\/programa-de-autosuficiencia-familiar\/","name":"Programa de Autosuficiencia Familiar - County Housing","isPartOf":{"@id":"https:\/\/countyhousing.org\/es\/#website"},"datePublished":"2023-11-16T14:36:56+00:00","dateModified":"2024-03-09T05:37:52+00:00","description":"El programa de Autosuficiencia Familiar (FSS) del HUD est\u00e1 dise\u00f1ado para ayudar a las personas y familias que reciben Vales de Elecci\u00f3n de Vivienda a conseguir la autosuficiencia econ\u00f3mica. En este programa, las familias trabajan con coordinadores dedicados FSS en el personal de Vivienda del Condado de establecer y trabajar hacia metas espec\u00edficas que conducen a una mayor independencia financiera y la estabilidad.","breadcrumb":{"@id":"https:\/\/countyhousing.org\/es\/programa-de-autosuficiencia-familiar\/#breadcrumb"},"inLanguage":"es","potentialAction":[{"@type":"ReadAction","target":["https:\/\/countyhousing.org\/es\/programa-de-autosuficiencia-familiar\/"]}]},{"@type":"BreadcrumbList","@id":"https:\/\/countyhousing.org\/es\/programa-de-autosuficiencia-familiar\/#breadcrumb","itemListElement":[{"@type":"ListItem","position":1,"name":"Home","item":"https:\/\/countyhousing.org\/es\/pagina-de-inicio\/"},{"@type":"ListItem","position":2,"name":"Programa de Autosuficiencia Familiar"}]},{"@type":"WebSite","@id":"https:\/\/countyhousing.org\/es\/#website","url":"https:\/\/countyhousing.org\/es\/","name":"County Housing","description":"The Housing Authority of St. Louis County","publisher":{"@id":"https:\/\/countyhousing.org\/es\/#organization"},"potentialAction":[{"@type":"SearchAction","target":{"@type":"EntryPoint","urlTemplate":"https:\/\/countyhousing.org\/es\/?s={search_term_string}"},"query-input":{"@type":"PropertyValueSpecification","valueRequired":true,"valueName":"search_term_string"}}],"inLanguage":"es"},{"@type":"Organization","@id":"https:\/\/countyhousing.org\/es\/#organization","name":"County Housing","url":"https:\/\/countyhousing.org\/es\/","logo":{"@type":"ImageObject","inLanguage":"es","@id":"https:\/\/countyhousing.org\/es\/#\/schema\/logo\/image\/","url":"https:\/\/countyhousing.org\/wp-content\/uploads\/2023\/12\/CH_Logo_Horizontal_Web_03-1.png","contentUrl":"https:\/\/countyhousing.org\/wp-content\/uploads\/2023\/12\/CH_Logo_Horizontal_Web_03-1.png","width":279,"height":100,"caption":"County Housing"},"image":{"@id":"https:\/\/countyhousing.org\/es\/#\/schema\/logo\/image\/"}}]}},"_links":{"self":[{"href":"https:\/\/countyhousing.org\/es\/wp-json\/wp\/v2\/pages\/2070","targetHints":{"allow":["GET"]}}],"collection":[{"href":"https:\/\/countyhousing.org\/es\/wp-json\/wp\/v2\/pages"}],"about":[{"href":"https:\/\/countyhousing.org\/es\/wp-json\/wp\/v2\/types\/page"}],"author":[{"embeddable":true,"href":"https:\/\/countyhousing.org\/es\/wp-json\/wp\/v2\/users\/1"}],"replies":[{"embeddable":true,"href":"https:\/\/countyhousing.org\/es\/wp-json\/wp\/v2\/comments?post=2070"}],"version-history":[{"count":0,"href":"https:\/\/countyhousing.org\/es\/wp-json\/wp\/v2\/pages\/2070\/revisions"}],"wp:attachment":[{"href":"https:\/\/countyhousing.org\/es\/wp-json\/wp\/v2\/media?parent=2070"}],"curies":[{"name":"wp","href":"https:\/\/api.w.org\/{rel}","templated":true}]}}