{"id":2061,"date":"2023-11-16T14:41:03","date_gmt":"2023-11-16T14:41:03","guid":{"rendered":"https:\/\/countyhousing.org\/recertificacion-anual-para-viviendas-sociales\/"},"modified":"2024-03-09T05:37:54","modified_gmt":"2024-03-09T05:37:54","slug":"recertificacion-anual-para-viviendas-sociales","status":"publish","type":"page","link":"https:\/\/countyhousing.org\/es\/vivienda-publica\/recertificacion-anual-para-viviendas-sociales\/","title":{"rendered":"Recertificaci\u00f3n anual para viviendas sociales"},"content":{"rendered":"\n<p>Cada a\u00f1o, los residentes completar\u00e1n una recertificaci\u00f3n anual con su administrador de la propiedad con el fin de revisar sus ingresos, la composici\u00f3n del hogar, y otros detalles pertinentes para la actualizaci\u00f3n de su contrato de arrendamiento.<\/p>\n\n<p>Esta es una oportunidad para que usted pueda hacer cualquier pregunta, proporcionar la documentaci\u00f3n necesaria, y asegurarse de que sus necesidades de vivienda est\u00e1n siendo satisfechas.<\/p>\n\n<p><strong>El personal de gesti\u00f3n de la propiedad se pondr\u00e1 en contacto con usted por correo postal y electr\u00f3nico para concertar una cita con usted a fin de completar su recertificaci\u00f3n anual.<\/strong><\/p>\n","protected":false},"excerpt":{"rendered":"<p>Cada a\u00f1o, los residentes completar\u00e1n una recertificaci\u00f3n anual con su administrador de la propiedad con el fin de revisar sus ingresos, la composici\u00f3n del hogar, y otros detalles pertinentes para la actualizaci\u00f3n de su contrato de arrendamiento. Esta es una oportunidad para que usted pueda hacer cualquier pregunta, proporcionar la documentaci\u00f3n necesaria, y asegurarse de [&hellip;]<\/p>\n","protected":false},"author":1,"featured_media":1502,"parent":2059,"menu_order":0,"comment_status":"closed","ping_status":"closed","template":"","meta":{"_acf_changed":false,"footnotes":""},"class_list":["post-2061","page","type-page","status-publish","has-post-thumbnail","hentry"],"acf":[],"yoast_head":"<!-- This site is optimized with the Yoast SEO plugin v27.4 - https:\/\/yoast.com\/product\/yoast-seo-wordpress\/ -->\n<title>Recertificaci\u00f3n anual para viviendas sociales - County Housing<\/title>\n<meta name=\"robots\" content=\"index, follow, max-snippet:-1, max-image-preview:large, max-video-preview:-1\" \/>\n<link rel=\"canonical\" href=\"https:\/\/countyhousing.org\/es\/vivienda-publica\/recertificacion-anual-para-viviendas-sociales\/\" \/>\n<meta property=\"og:locale\" content=\"es_ES\" \/>\n<meta property=\"og:type\" content=\"article\" \/>\n<meta property=\"og:title\" content=\"Recertificaci\u00f3n anual para viviendas sociales - County Housing\" \/>\n<meta property=\"og:description\" content=\"Cada a\u00f1o, los residentes completar\u00e1n una recertificaci\u00f3n anual con su administrador de la propiedad con el fin de revisar sus ingresos, la composici\u00f3n del hogar, y otros detalles pertinentes para la actualizaci\u00f3n de su contrato de arrendamiento. Esta es una oportunidad para que usted pueda hacer cualquier pregunta, proporcionar la documentaci\u00f3n necesaria, y asegurarse de [&hellip;]\" \/>\n<meta property=\"og:url\" content=\"https:\/\/countyhousing.org\/es\/vivienda-publica\/recertificacion-anual-para-viviendas-sociales\/\" \/>\n<meta property=\"og:site_name\" content=\"County Housing\" \/>\n<meta property=\"article:modified_time\" content=\"2024-03-09T05:37:54+00:00\" \/>\n<meta property=\"og:image\" content=\"https:\/\/countyhousing.org\/wp-content\/uploads\/2024\/02\/CH_HeaderBanners_ALT_10.jpg\" \/>\n\t<meta property=\"og:image:width\" content=\"1920\" \/>\n\t<meta property=\"og:image:height\" content=\"279\" \/>\n\t<meta property=\"og:image:type\" content=\"image\/jpeg\" \/>\n<meta name=\"twitter:card\" content=\"summary_large_image\" \/>\n<meta name=\"twitter:label1\" content=\"Tiempo de lectura\" \/>\n\t<meta name=\"twitter:data1\" content=\"1 minuto\" \/>\n<script type=\"application\/ld+json\" class=\"yoast-schema-graph\">{\"@context\":\"https:\\\/\\\/schema.org\",\"@graph\":[{\"@type\":\"WebPage\",\"@id\":\"https:\\\/\\\/countyhousing.org\\\/es\\\/vivienda-publica\\\/recertificacion-anual-para-viviendas-sociales\\\/\",\"url\":\"https:\\\/\\\/countyhousing.org\\\/es\\\/vivienda-publica\\\/recertificacion-anual-para-viviendas-sociales\\\/\",\"name\":\"Recertificaci\u00f3n anual para viviendas sociales - County Housing\",\"isPartOf\":{\"@id\":\"https:\\\/\\\/countyhousing.org\\\/es\\\/#website\"},\"primaryImageOfPage\":{\"@id\":\"https:\\\/\\\/countyhousing.org\\\/es\\\/vivienda-publica\\\/recertificacion-anual-para-viviendas-sociales\\\/#primaryimage\"},\"image\":{\"@id\":\"https:\\\/\\\/countyhousing.org\\\/es\\\/vivienda-publica\\\/recertificacion-anual-para-viviendas-sociales\\\/#primaryimage\"},\"thumbnailUrl\":\"https:\\\/\\\/countyhousing.org\\\/wp-content\\\/uploads\\\/2024\\\/02\\\/CH_HeaderBanners_ALT_10.jpg\",\"datePublished\":\"2023-11-16T14:41:03+00:00\",\"dateModified\":\"2024-03-09T05:37:54+00:00\",\"breadcrumb\":{\"@id\":\"https:\\\/\\\/countyhousing.org\\\/es\\\/vivienda-publica\\\/recertificacion-anual-para-viviendas-sociales\\\/#breadcrumb\"},\"inLanguage\":\"es\",\"potentialAction\":[{\"@type\":\"ReadAction\",\"target\":[\"https:\\\/\\\/countyhousing.org\\\/es\\\/vivienda-publica\\\/recertificacion-anual-para-viviendas-sociales\\\/\"]}]},{\"@type\":\"ImageObject\",\"inLanguage\":\"es\",\"@id\":\"https:\\\/\\\/countyhousing.org\\\/es\\\/vivienda-publica\\\/recertificacion-anual-para-viviendas-sociales\\\/#primaryimage\",\"url\":\"https:\\\/\\\/countyhousing.org\\\/wp-content\\\/uploads\\\/2024\\\/02\\\/CH_HeaderBanners_ALT_10.jpg\",\"contentUrl\":\"https:\\\/\\\/countyhousing.org\\\/wp-content\\\/uploads\\\/2024\\\/02\\\/CH_HeaderBanners_ALT_10.jpg\",\"width\":1920,\"height\":279},{\"@type\":\"BreadcrumbList\",\"@id\":\"https:\\\/\\\/countyhousing.org\\\/es\\\/vivienda-publica\\\/recertificacion-anual-para-viviendas-sociales\\\/#breadcrumb\",\"itemListElement\":[{\"@type\":\"ListItem\",\"position\":1,\"name\":\"Home\",\"item\":\"https:\\\/\\\/countyhousing.org\\\/es\\\/pagina-de-inicio\\\/\"},{\"@type\":\"ListItem\",\"position\":2,\"name\":\"Recertificaci\u00f3n anual para viviendas sociales\"}]},{\"@type\":\"WebSite\",\"@id\":\"https:\\\/\\\/countyhousing.org\\\/es\\\/#website\",\"url\":\"https:\\\/\\\/countyhousing.org\\\/es\\\/\",\"name\":\"County Housing\",\"description\":\"The Housing Authority of St. Louis County\",\"publisher\":{\"@id\":\"https:\\\/\\\/countyhousing.org\\\/es\\\/#organization\"},\"potentialAction\":[{\"@type\":\"SearchAction\",\"target\":{\"@type\":\"EntryPoint\",\"urlTemplate\":\"https:\\\/\\\/countyhousing.org\\\/es\\\/?s={search_term_string}\"},\"query-input\":{\"@type\":\"PropertyValueSpecification\",\"valueRequired\":true,\"valueName\":\"search_term_string\"}}],\"inLanguage\":\"es\"},{\"@type\":\"Organization\",\"@id\":\"https:\\\/\\\/countyhousing.org\\\/es\\\/#organization\",\"name\":\"County Housing\",\"url\":\"https:\\\/\\\/countyhousing.org\\\/es\\\/\",\"logo\":{\"@type\":\"ImageObject\",\"inLanguage\":\"es\",\"@id\":\"https:\\\/\\\/countyhousing.org\\\/es\\\/#\\\/schema\\\/logo\\\/image\\\/\",\"url\":\"https:\\\/\\\/countyhousing.org\\\/wp-content\\\/uploads\\\/2023\\\/12\\\/CH_Logo_Horizontal_Web_03-1.png\",\"contentUrl\":\"https:\\\/\\\/countyhousing.org\\\/wp-content\\\/uploads\\\/2023\\\/12\\\/CH_Logo_Horizontal_Web_03-1.png\",\"width\":279,\"height\":100,\"caption\":\"County Housing\"},\"image\":{\"@id\":\"https:\\\/\\\/countyhousing.org\\\/es\\\/#\\\/schema\\\/logo\\\/image\\\/\"}}]}<\/script>\n<!-- \/ Yoast SEO plugin. -->","yoast_head_json":{"title":"Recertificaci\u00f3n anual para viviendas sociales - County Housing","robots":{"index":"index","follow":"follow","max-snippet":"max-snippet:-1","max-image-preview":"max-image-preview:large","max-video-preview":"max-video-preview:-1"},"canonical":"https:\/\/countyhousing.org\/es\/vivienda-publica\/recertificacion-anual-para-viviendas-sociales\/","og_locale":"es_ES","og_type":"article","og_title":"Recertificaci\u00f3n anual para viviendas sociales - County Housing","og_description":"Cada a\u00f1o, los residentes completar\u00e1n una recertificaci\u00f3n anual con su administrador de la propiedad con el fin de revisar sus ingresos, la composici\u00f3n del hogar, y otros detalles pertinentes para la actualizaci\u00f3n de su contrato de arrendamiento. Esta es una oportunidad para que usted pueda hacer cualquier pregunta, proporcionar la documentaci\u00f3n necesaria, y asegurarse de [&hellip;]","og_url":"https:\/\/countyhousing.org\/es\/vivienda-publica\/recertificacion-anual-para-viviendas-sociales\/","og_site_name":"County Housing","article_modified_time":"2024-03-09T05:37:54+00:00","og_image":[{"width":1920,"height":279,"url":"https:\/\/countyhousing.org\/wp-content\/uploads\/2024\/02\/CH_HeaderBanners_ALT_10.jpg","type":"image\/jpeg"}],"twitter_card":"summary_large_image","twitter_misc":{"Tiempo de lectura":"1 minuto"},"schema":{"@context":"https:\/\/schema.org","@graph":[{"@type":"WebPage","@id":"https:\/\/countyhousing.org\/es\/vivienda-publica\/recertificacion-anual-para-viviendas-sociales\/","url":"https:\/\/countyhousing.org\/es\/vivienda-publica\/recertificacion-anual-para-viviendas-sociales\/","name":"Recertificaci\u00f3n anual para viviendas sociales - County Housing","isPartOf":{"@id":"https:\/\/countyhousing.org\/es\/#website"},"primaryImageOfPage":{"@id":"https:\/\/countyhousing.org\/es\/vivienda-publica\/recertificacion-anual-para-viviendas-sociales\/#primaryimage"},"image":{"@id":"https:\/\/countyhousing.org\/es\/vivienda-publica\/recertificacion-anual-para-viviendas-sociales\/#primaryimage"},"thumbnailUrl":"https:\/\/countyhousing.org\/wp-content\/uploads\/2024\/02\/CH_HeaderBanners_ALT_10.jpg","datePublished":"2023-11-16T14:41:03+00:00","dateModified":"2024-03-09T05:37:54+00:00","breadcrumb":{"@id":"https:\/\/countyhousing.org\/es\/vivienda-publica\/recertificacion-anual-para-viviendas-sociales\/#breadcrumb"},"inLanguage":"es","potentialAction":[{"@type":"ReadAction","target":["https:\/\/countyhousing.org\/es\/vivienda-publica\/recertificacion-anual-para-viviendas-sociales\/"]}]},{"@type":"ImageObject","inLanguage":"es","@id":"https:\/\/countyhousing.org\/es\/vivienda-publica\/recertificacion-anual-para-viviendas-sociales\/#primaryimage","url":"https:\/\/countyhousing.org\/wp-content\/uploads\/2024\/02\/CH_HeaderBanners_ALT_10.jpg","contentUrl":"https:\/\/countyhousing.org\/wp-content\/uploads\/2024\/02\/CH_HeaderBanners_ALT_10.jpg","width":1920,"height":279},{"@type":"BreadcrumbList","@id":"https:\/\/countyhousing.org\/es\/vivienda-publica\/recertificacion-anual-para-viviendas-sociales\/#breadcrumb","itemListElement":[{"@type":"ListItem","position":1,"name":"Home","item":"https:\/\/countyhousing.org\/es\/pagina-de-inicio\/"},{"@type":"ListItem","position":2,"name":"Recertificaci\u00f3n anual para viviendas sociales"}]},{"@type":"WebSite","@id":"https:\/\/countyhousing.org\/es\/#website","url":"https:\/\/countyhousing.org\/es\/","name":"County Housing","description":"The Housing Authority of St. Louis County","publisher":{"@id":"https:\/\/countyhousing.org\/es\/#organization"},"potentialAction":[{"@type":"SearchAction","target":{"@type":"EntryPoint","urlTemplate":"https:\/\/countyhousing.org\/es\/?s={search_term_string}"},"query-input":{"@type":"PropertyValueSpecification","valueRequired":true,"valueName":"search_term_string"}}],"inLanguage":"es"},{"@type":"Organization","@id":"https:\/\/countyhousing.org\/es\/#organization","name":"County Housing","url":"https:\/\/countyhousing.org\/es\/","logo":{"@type":"ImageObject","inLanguage":"es","@id":"https:\/\/countyhousing.org\/es\/#\/schema\/logo\/image\/","url":"https:\/\/countyhousing.org\/wp-content\/uploads\/2023\/12\/CH_Logo_Horizontal_Web_03-1.png","contentUrl":"https:\/\/countyhousing.org\/wp-content\/uploads\/2023\/12\/CH_Logo_Horizontal_Web_03-1.png","width":279,"height":100,"caption":"County Housing"},"image":{"@id":"https:\/\/countyhousing.org\/es\/#\/schema\/logo\/image\/"}}]}},"_links":{"self":[{"href":"https:\/\/countyhousing.org\/es\/wp-json\/wp\/v2\/pages\/2061","targetHints":{"allow":["GET"]}}],"collection":[{"href":"https:\/\/countyhousing.org\/es\/wp-json\/wp\/v2\/pages"}],"about":[{"href":"https:\/\/countyhousing.org\/es\/wp-json\/wp\/v2\/types\/page"}],"author":[{"embeddable":true,"href":"https:\/\/countyhousing.org\/es\/wp-json\/wp\/v2\/users\/1"}],"replies":[{"embeddable":true,"href":"https:\/\/countyhousing.org\/es\/wp-json\/wp\/v2\/comments?post=2061"}],"version-history":[{"count":0,"href":"https:\/\/countyhousing.org\/es\/wp-json\/wp\/v2\/pages\/2061\/revisions"}],"up":[{"embeddable":true,"href":"https:\/\/countyhousing.org\/es\/wp-json\/wp\/v2\/pages\/2059"}],"wp:featuredmedia":[{"embeddable":true,"href":"https:\/\/countyhousing.org\/es\/wp-json\/wp\/v2\/media\/1502"}],"wp:attachment":[{"href":"https:\/\/countyhousing.org\/es\/wp-json\/wp\/v2\/media?parent=2061"}],"curies":[{"name":"wp","href":"https:\/\/api.w.org\/{rel}","templated":true}]}}