{"id":2047,"date":"2023-11-16T14:42:37","date_gmt":"2023-11-16T14:42:37","guid":{"rendered":"https:\/\/countyhousing.org\/solicitudes-de-transferencia\/"},"modified":"2024-03-09T05:37:45","modified_gmt":"2024-03-09T05:37:45","slug":"solicitudes-de-transferencia","status":"publish","type":"page","link":"https:\/\/countyhousing.org\/es\/vivienda-publica\/solicitudes-de-transferencia\/","title":{"rendered":"Solicitudes de transferencia"},"content":{"rendered":"\n<p>Cuando sea necesario, Viviendas del Condado permitir\u00e1 transferencias a una nueva unidad (cuando est\u00e9 disponible) para cumplir con las normas de ocupaci\u00f3n, necesidades especiales, o en cumplimiento de la Ley de Violencia contra la Mujer (VAWA).<br\/><br\/><\/p>\n\n<p class=\"has-text-align-center has-gold-background-color has-background\"><strong>P\u00f3ngase en contacto con su administrador de fincas para solicitar un traslado.<\/strong><\/p>\n\n<p><br\/><strong>Las transferencias se tramitar\u00e1n en el orden siguiente:<\/strong><\/p>\n\n<ol class=\"wp-block-list\">\n<li>Traslados de emergencia (condiciones de mantenimiento peligrosas, VAWA)<\/li>\n\n\n\n<li>Traslados de alta prioridad (afecci\u00f3n m\u00e9dica verificada, amenaza de da\u00f1o o actividad delictiva y ajustes razonables)<\/li>\n\n\n\n<li>Traslados para habilitar unidades accesibles (demolici\u00f3n, renovaci\u00f3n, etc.)<\/li>\n\n\n\n<li>Normas de ocupaci\u00f3n<\/li>\n\n\n\n<li>Otras transferencias requeridas por las autoridades<\/li>\n\n\n\n<li>Otras transferencias solicitadas por los inquilinos<\/li>\n<\/ol>\n\n<div style=\"height:20px\" aria-hidden=\"true\" class=\"wp-block-spacer\"><\/div>\n\n<p>M\u00e1s informaci\u00f3n <strong>en el cap\u00edtulo 12<\/strong> del Plan de Admisi\u00f3n y Ocupaci\u00f3n Continuada (ACOP).<\/p>\n\n<div style=\"height:10px\" aria-hidden=\"true\" class=\"wp-block-spacer\"><\/div>\n\n<div class=\"wp-block-group is-vertical is-content-justification-center is-layout-flex wp-container-core-group-is-layout-dae89687 wp-block-group-is-layout-flex\"><div class=\"wp-block-image is-style-default\">\n<figure class=\"aligncenter size-full is-resized\"><a href=\"https:\/\/countyhousing.org\/wp-content\/uploads\/2024\/01\/Admissions-and-Continued-Occupancy-Policy-2023.pdf#page=4\" target=\"_blank\" rel=\"noreferrer noopener\"><img decoding=\"async\" data-src=\"https:\/\/countyhousing.org\/wp-content\/uploads\/2023\/12\/Document_Yellow.svg\" alt=\"\" class=\"wp-image-522 lazyload\" style=\"width:72px;height:auto\" src=\"data:image\/svg+xml;base64,PHN2ZyB3aWR0aD0iMSIgaGVpZ2h0PSIxIiB4bWxucz0iaHR0cDovL3d3dy53My5vcmcvMjAwMC9zdmciPjwvc3ZnPg==\" \/><\/a><\/figure>\n<\/div>\n\n\n<p class=\"has-text-align-center has-body-copy-color has-text-color has-link-color has-small-font-size wp-elements-8882c79eb15937973e1d2ca8d9c9313e\"><a href=\"https:\/\/countyhousing.org\/wp-content\/uploads\/2024\/01\/Admissions-and-Continued-Occupancy-Policy-2023.pdf#page=4\" target=\"_blank\" rel=\"noreferrer noopener\">Pol\u00edtica de traslados<\/a><\/p>\n<\/div>\n","protected":false},"excerpt":{"rendered":"<p>Cuando sea necesario, Viviendas del Condado permitir\u00e1 transferencias a una nueva unidad (cuando est\u00e9 disponible) para cumplir con las normas de ocupaci\u00f3n, necesidades especiales, o en cumplimiento de la Ley de Violencia contra la Mujer (VAWA). P\u00f3ngase en contacto con su administrador de fincas para solicitar un traslado. Las transferencias se tramitar\u00e1n en el orden [&hellip;]<\/p>\n","protected":false},"author":1,"featured_media":1551,"parent":2059,"menu_order":0,"comment_status":"closed","ping_status":"closed","template":"","meta":{"_acf_changed":false,"_classifai_error":"","_classifai_text_to_speech_error":"","footnotes":""},"class_list":["post-2047","page","type-page","status-publish","has-post-thumbnail","hentry"],"acf":[],"yoast_head":"<!-- This site is optimized with the Yoast SEO plugin v27.3 - https:\/\/yoast.com\/product\/yoast-seo-wordpress\/ -->\n<title>Solicitudes de transferencia for Public Housing Residents - County Housing.<\/title>\n<meta name=\"description\" content=\"Cuando sea necesario, Viviendas del Condado permitir\u00e1 transferencias a una nueva unidad (cuando est\u00e9 disponible) para cumplir con las normas de ocupaci\u00f3n, necesidades especiales, o en cumplimiento de la Ley de Violencia contra la Mujer (VAWA).\" \/>\n<meta name=\"robots\" content=\"index, follow, max-snippet:-1, max-image-preview:large, max-video-preview:-1\" \/>\n<link rel=\"canonical\" href=\"https:\/\/countyhousing.org\/es\/vivienda-publica\/solicitudes-de-transferencia\/\" \/>\n<meta property=\"og:locale\" content=\"es_ES\" \/>\n<meta property=\"og:type\" content=\"article\" \/>\n<meta property=\"og:title\" content=\"Solicitudes de traslado de residentes de viviendas p\u00fablicas - Viviendas del Condado\" \/>\n<meta property=\"og:description\" content=\"Cuando sea necesario, Viviendas del Condado permitir\u00e1 transferencias a una nueva unidad (cuando est\u00e9 disponible) para cumplir con las normas de ocupaci\u00f3n, necesidades especiales, o en cumplimiento de la Ley de Violencia contra la Mujer (VAWA).\" \/>\n<meta property=\"og:url\" content=\"https:\/\/countyhousing.org\/es\/vivienda-publica\/solicitudes-de-transferencia\/\" \/>\n<meta property=\"og:site_name\" content=\"County Housing\" \/>\n<meta property=\"article:modified_time\" content=\"2024-03-09T05:37:45+00:00\" \/>\n<meta property=\"og:image\" content=\"https:\/\/countyhousing.org\/wp-content\/uploads\/2024\/02\/CountyHousing_SocialShare_crop-1024x538.jpg\" \/>\n<meta name=\"twitter:card\" content=\"summary_large_image\" \/>\n<meta name=\"twitter:title\" content=\"Solicitudes de traslado de residentes de viviendas p\u00fablicas - Viviendas del Condado\" \/>\n<meta name=\"twitter:description\" content=\"Cuando sea necesario, Viviendas del Condado permitir\u00e1 transferencias a una nueva unidad (cuando est\u00e9 disponible) para cumplir con las normas de ocupaci\u00f3n, necesidades especiales, o en cumplimiento de la Ley de Violencia contra la Mujer (VAWA).\" \/>\n<meta name=\"twitter:image\" content=\"https:\/\/countyhousing.org\/wp-content\/uploads\/2024\/02\/CountyHousing_SocialShare_crop-1024x538.jpg\" \/>\n<meta name=\"twitter:label1\" content=\"Tiempo de lectura\" \/>\n\t<meta name=\"twitter:data1\" content=\"1 minuto\" \/>\n<script type=\"application\/ld+json\" class=\"yoast-schema-graph\">{\"@context\":\"https:\\\/\\\/schema.org\",\"@graph\":[{\"@type\":\"WebPage\",\"@id\":\"https:\\\/\\\/countyhousing.org\\\/es\\\/vivienda-publica\\\/solicitudes-de-transferencia\\\/\",\"url\":\"https:\\\/\\\/countyhousing.org\\\/es\\\/vivienda-publica\\\/solicitudes-de-transferencia\\\/\",\"name\":\"Solicitudes de transferencia for Public Housing Residents - County Housing.\",\"isPartOf\":{\"@id\":\"https:\\\/\\\/countyhousing.org\\\/es\\\/#website\"},\"primaryImageOfPage\":{\"@id\":\"https:\\\/\\\/countyhousing.org\\\/es\\\/vivienda-publica\\\/solicitudes-de-transferencia\\\/#primaryimage\"},\"image\":{\"@id\":\"https:\\\/\\\/countyhousing.org\\\/es\\\/vivienda-publica\\\/solicitudes-de-transferencia\\\/#primaryimage\"},\"thumbnailUrl\":\"https:\\\/\\\/countyhousing.org\\\/wp-content\\\/uploads\\\/2024\\\/03\\\/CH_HeaderBanners_full_2.webp\",\"datePublished\":\"2023-11-16T14:42:37+00:00\",\"dateModified\":\"2024-03-09T05:37:45+00:00\",\"description\":\"Cuando sea necesario, Viviendas del Condado permitir\u00e1 transferencias a una nueva unidad (cuando est\u00e9 disponible) para cumplir con las normas de ocupaci\u00f3n, necesidades especiales, o en cumplimiento de la Ley de Violencia contra la Mujer (VAWA).\",\"breadcrumb\":{\"@id\":\"https:\\\/\\\/countyhousing.org\\\/es\\\/vivienda-publica\\\/solicitudes-de-transferencia\\\/#breadcrumb\"},\"inLanguage\":\"es\",\"potentialAction\":[{\"@type\":\"ReadAction\",\"target\":[\"https:\\\/\\\/countyhousing.org\\\/es\\\/vivienda-publica\\\/solicitudes-de-transferencia\\\/\"]}]},{\"@type\":\"ImageObject\",\"inLanguage\":\"es\",\"@id\":\"https:\\\/\\\/countyhousing.org\\\/es\\\/vivienda-publica\\\/solicitudes-de-transferencia\\\/#primaryimage\",\"url\":\"https:\\\/\\\/countyhousing.org\\\/wp-content\\\/uploads\\\/2024\\\/03\\\/CH_HeaderBanners_full_2.webp\",\"contentUrl\":\"https:\\\/\\\/countyhousing.org\\\/wp-content\\\/uploads\\\/2024\\\/03\\\/CH_HeaderBanners_full_2.webp\",\"width\":1920,\"height\":279},{\"@type\":\"BreadcrumbList\",\"@id\":\"https:\\\/\\\/countyhousing.org\\\/es\\\/vivienda-publica\\\/solicitudes-de-transferencia\\\/#breadcrumb\",\"itemListElement\":[{\"@type\":\"ListItem\",\"position\":1,\"name\":\"Home\",\"item\":\"https:\\\/\\\/countyhousing.org\\\/es\\\/pagina-de-inicio\\\/\"},{\"@type\":\"ListItem\",\"position\":2,\"name\":\"Vivienda p\u00fablica\",\"item\":\"https:\\\/\\\/countyhousing.org\\\/es\\\/vivienda-publica\\\/\"},{\"@type\":\"ListItem\",\"position\":3,\"name\":\"Solicitudes de transferencia\"}]},{\"@type\":\"WebSite\",\"@id\":\"https:\\\/\\\/countyhousing.org\\\/es\\\/#website\",\"url\":\"https:\\\/\\\/countyhousing.org\\\/es\\\/\",\"name\":\"County Housing\",\"description\":\"The Housing Authority of St. Louis County\",\"publisher\":{\"@id\":\"https:\\\/\\\/countyhousing.org\\\/es\\\/#organization\"},\"potentialAction\":[{\"@type\":\"SearchAction\",\"target\":{\"@type\":\"EntryPoint\",\"urlTemplate\":\"https:\\\/\\\/countyhousing.org\\\/es\\\/?s={search_term_string}\"},\"query-input\":{\"@type\":\"PropertyValueSpecification\",\"valueRequired\":true,\"valueName\":\"search_term_string\"}}],\"inLanguage\":\"es\"},{\"@type\":\"Organization\",\"@id\":\"https:\\\/\\\/countyhousing.org\\\/es\\\/#organization\",\"name\":\"County Housing\",\"url\":\"https:\\\/\\\/countyhousing.org\\\/es\\\/\",\"logo\":{\"@type\":\"ImageObject\",\"inLanguage\":\"es\",\"@id\":\"https:\\\/\\\/countyhousing.org\\\/es\\\/#\\\/schema\\\/logo\\\/image\\\/\",\"url\":\"https:\\\/\\\/countyhousing.org\\\/wp-content\\\/uploads\\\/2023\\\/12\\\/CH_Logo_Horizontal_Web_03-1.png\",\"contentUrl\":\"https:\\\/\\\/countyhousing.org\\\/wp-content\\\/uploads\\\/2023\\\/12\\\/CH_Logo_Horizontal_Web_03-1.png\",\"width\":279,\"height\":100,\"caption\":\"County Housing\"},\"image\":{\"@id\":\"https:\\\/\\\/countyhousing.org\\\/es\\\/#\\\/schema\\\/logo\\\/image\\\/\"}}]}<\/script>\n<!-- \/ Yoast SEO plugin. -->","yoast_head_json":{"title":"Solicitudes de transferencia for Public Housing Residents - County Housing.","description":"Cuando sea necesario, Viviendas del Condado permitir\u00e1 transferencias a una nueva unidad (cuando est\u00e9 disponible) para cumplir con las normas de ocupaci\u00f3n, necesidades especiales, o en cumplimiento de la Ley de Violencia contra la Mujer (VAWA).","robots":{"index":"index","follow":"follow","max-snippet":"max-snippet:-1","max-image-preview":"max-image-preview:large","max-video-preview":"max-video-preview:-1"},"canonical":"https:\/\/countyhousing.org\/es\/vivienda-publica\/solicitudes-de-transferencia\/","og_locale":"es_ES","og_type":"article","og_title":"Solicitudes de traslado de residentes de viviendas p\u00fablicas - Viviendas del Condado","og_description":"Cuando sea necesario, Viviendas del Condado permitir\u00e1 transferencias a una nueva unidad (cuando est\u00e9 disponible) para cumplir con las normas de ocupaci\u00f3n, necesidades especiales, o en cumplimiento de la Ley de Violencia contra la Mujer (VAWA).","og_url":"https:\/\/countyhousing.org\/es\/vivienda-publica\/solicitudes-de-transferencia\/","og_site_name":"County Housing","article_modified_time":"2024-03-09T05:37:45+00:00","og_image":[{"url":"https:\/\/countyhousing.org\/wp-content\/uploads\/2024\/02\/CountyHousing_SocialShare_crop-1024x538.jpg","type":"","width":"","height":""}],"twitter_card":"summary_large_image","twitter_title":"Solicitudes de traslado de residentes de viviendas p\u00fablicas - Viviendas del Condado","twitter_description":"Cuando sea necesario, Viviendas del Condado permitir\u00e1 transferencias a una nueva unidad (cuando est\u00e9 disponible) para cumplir con las normas de ocupaci\u00f3n, necesidades especiales, o en cumplimiento de la Ley de Violencia contra la Mujer (VAWA).","twitter_image":"https:\/\/countyhousing.org\/wp-content\/uploads\/2024\/02\/CountyHousing_SocialShare_crop-1024x538.jpg","twitter_misc":{"Tiempo de lectura":"1 minuto"},"schema":{"@context":"https:\/\/schema.org","@graph":[{"@type":"WebPage","@id":"https:\/\/countyhousing.org\/es\/vivienda-publica\/solicitudes-de-transferencia\/","url":"https:\/\/countyhousing.org\/es\/vivienda-publica\/solicitudes-de-transferencia\/","name":"Solicitudes de transferencia for Public Housing Residents - County Housing.","isPartOf":{"@id":"https:\/\/countyhousing.org\/es\/#website"},"primaryImageOfPage":{"@id":"https:\/\/countyhousing.org\/es\/vivienda-publica\/solicitudes-de-transferencia\/#primaryimage"},"image":{"@id":"https:\/\/countyhousing.org\/es\/vivienda-publica\/solicitudes-de-transferencia\/#primaryimage"},"thumbnailUrl":"https:\/\/countyhousing.org\/wp-content\/uploads\/2024\/03\/CH_HeaderBanners_full_2.webp","datePublished":"2023-11-16T14:42:37+00:00","dateModified":"2024-03-09T05:37:45+00:00","description":"Cuando sea necesario, Viviendas del Condado permitir\u00e1 transferencias a una nueva unidad (cuando est\u00e9 disponible) para cumplir con las normas de ocupaci\u00f3n, necesidades especiales, o en cumplimiento de la Ley de Violencia contra la Mujer (VAWA).","breadcrumb":{"@id":"https:\/\/countyhousing.org\/es\/vivienda-publica\/solicitudes-de-transferencia\/#breadcrumb"},"inLanguage":"es","potentialAction":[{"@type":"ReadAction","target":["https:\/\/countyhousing.org\/es\/vivienda-publica\/solicitudes-de-transferencia\/"]}]},{"@type":"ImageObject","inLanguage":"es","@id":"https:\/\/countyhousing.org\/es\/vivienda-publica\/solicitudes-de-transferencia\/#primaryimage","url":"https:\/\/countyhousing.org\/wp-content\/uploads\/2024\/03\/CH_HeaderBanners_full_2.webp","contentUrl":"https:\/\/countyhousing.org\/wp-content\/uploads\/2024\/03\/CH_HeaderBanners_full_2.webp","width":1920,"height":279},{"@type":"BreadcrumbList","@id":"https:\/\/countyhousing.org\/es\/vivienda-publica\/solicitudes-de-transferencia\/#breadcrumb","itemListElement":[{"@type":"ListItem","position":1,"name":"Home","item":"https:\/\/countyhousing.org\/es\/pagina-de-inicio\/"},{"@type":"ListItem","position":2,"name":"Vivienda p\u00fablica","item":"https:\/\/countyhousing.org\/es\/vivienda-publica\/"},{"@type":"ListItem","position":3,"name":"Solicitudes de transferencia"}]},{"@type":"WebSite","@id":"https:\/\/countyhousing.org\/es\/#website","url":"https:\/\/countyhousing.org\/es\/","name":"County Housing","description":"The Housing Authority of St. Louis County","publisher":{"@id":"https:\/\/countyhousing.org\/es\/#organization"},"potentialAction":[{"@type":"SearchAction","target":{"@type":"EntryPoint","urlTemplate":"https:\/\/countyhousing.org\/es\/?s={search_term_string}"},"query-input":{"@type":"PropertyValueSpecification","valueRequired":true,"valueName":"search_term_string"}}],"inLanguage":"es"},{"@type":"Organization","@id":"https:\/\/countyhousing.org\/es\/#organization","name":"County Housing","url":"https:\/\/countyhousing.org\/es\/","logo":{"@type":"ImageObject","inLanguage":"es","@id":"https:\/\/countyhousing.org\/es\/#\/schema\/logo\/image\/","url":"https:\/\/countyhousing.org\/wp-content\/uploads\/2023\/12\/CH_Logo_Horizontal_Web_03-1.png","contentUrl":"https:\/\/countyhousing.org\/wp-content\/uploads\/2023\/12\/CH_Logo_Horizontal_Web_03-1.png","width":279,"height":100,"caption":"County Housing"},"image":{"@id":"https:\/\/countyhousing.org\/es\/#\/schema\/logo\/image\/"}}]}},"_links":{"self":[{"href":"https:\/\/countyhousing.org\/es\/wp-json\/wp\/v2\/pages\/2047","targetHints":{"allow":["GET"]}}],"collection":[{"href":"https:\/\/countyhousing.org\/es\/wp-json\/wp\/v2\/pages"}],"about":[{"href":"https:\/\/countyhousing.org\/es\/wp-json\/wp\/v2\/types\/page"}],"author":[{"embeddable":true,"href":"https:\/\/countyhousing.org\/es\/wp-json\/wp\/v2\/users\/1"}],"replies":[{"embeddable":true,"href":"https:\/\/countyhousing.org\/es\/wp-json\/wp\/v2\/comments?post=2047"}],"version-history":[{"count":0,"href":"https:\/\/countyhousing.org\/es\/wp-json\/wp\/v2\/pages\/2047\/revisions"}],"up":[{"embeddable":true,"href":"https:\/\/countyhousing.org\/es\/wp-json\/wp\/v2\/pages\/2059"}],"wp:featuredmedia":[{"embeddable":true,"href":"https:\/\/countyhousing.org\/es\/wp-json\/wp\/v2\/media\/1551"}],"wp:attachment":[{"href":"https:\/\/countyhousing.org\/es\/wp-json\/wp\/v2\/media?parent=2047"}],"curies":[{"name":"wp","href":"https:\/\/api.w.org\/{rel}","templated":true}]}}