{"id":2039,"date":"2023-11-16T14:54:34","date_gmt":"2023-11-16T14:54:34","guid":{"rendered":"https:\/\/countyhousing.org\/carreras-profesionales\/proceso-de-contratacion-y-consejos\/"},"modified":"2024-03-09T05:36:58","modified_gmt":"2024-03-09T05:36:58","slug":"proceso-de-contratacion-y-consejos","status":"publish","type":"page","link":"https:\/\/countyhousing.org\/es\/carreras-profesionales\/proceso-de-contratacion-y-consejos\/","title":{"rendered":"Proceso de contrataci\u00f3n y consejos"},"content":{"rendered":"\n<p>En County Housing, creemos en encontrar el talento adecuado que se ajuste a nuestra misi\u00f3n y valores. Nuestro proceso de contrataci\u00f3n est\u00e1 dise\u00f1ado para garantizar una evaluaci\u00f3n justa, inclusiva y exhaustiva de cada candidato.<\/p>\n\n<div class=\"wp-block-group\"><div class=\"wp-block-group__inner-container is-layout-constrained wp-block-group-is-layout-constrained\">\n<h2 class=\"wp-block-heading has-medium-green-color has-text-color has-link-color has-large-font-size wp-elements-00203a3916fe62f3d3446c0399a81c97\">A continuaci\u00f3n le ofrecemos una visi\u00f3n general de lo que puede esperar cuando solicite un puesto con nosotros:<\/h2>\n\n\n\n<p class=\"has-body-copy-color has-text-color has-link-color wp-elements-dc60b2bd4a4eb59f84cf11da2775535f\"><strong>1. Solicitud en l\u00ednea<\/strong><br\/>Empiece por consultar nuestras ofertas de empleo actuales y env\u00ede su solicitud en l\u00ednea. Aseg\u00farese de adaptar su curr\u00edculum para destacar sus competencias y experiencias pertinentes.<\/p>\n\n\n\n<p><strong>2. Revisi\u00f3n del curr\u00edculum vitae<\/strong><br\/>Nuestro equipo de Recursos Humanos revisa cuidadosamente cada solicitud para evaluar las cualificaciones y la idoneidad para el puesto.<\/p>\n\n\n\n<p><strong>3. Entrevista<\/strong><br\/>Si parece que se ajusta a los requisitos del puesto y a nuestra organizaci\u00f3n, es posible que se le invite a una entrevista. Prep\u00e1rate para hablar de tu formaci\u00f3n, experiencia y por qu\u00e9 te entusiasma la idea de unirte a Viviendas del Condado.<\/p>\n\n\n\n<p><strong>4. 4. Comprobaci\u00f3n de antecedentes<\/strong><br\/>Estamos comprometidos con la seguridad y la confianza de nuestra comunidad. Como parte de nuestro proceso de contrataci\u00f3n, realizamos comprobaciones de antecedentes y pruebas de detecci\u00f3n de drogas para garantizar la seguridad e integridad de nuestro equipo.<\/p>\n\n\n\n<p><strong>5. Controles de referencia<\/strong><br\/>Valoramos sus relaciones profesionales, y la comprobaci\u00f3n de referencias es una parte esencial de nuestro proceso.<\/p>\n\n\n\n<p><strong>6. Oferta<\/strong><br\/>\u00a1Felicidades! Si es seleccionado para un puesto, recibir\u00e1 una oferta de empleo con informaci\u00f3n detallada sobre su funci\u00f3n, remuneraci\u00f3n y prestaciones.<\/p>\n<\/div><\/div>\n\n<h2 class=\"wp-block-heading has-pink-color has-text-color has-link-color has-large-font-size wp-elements-59e9253983fa6ac46929bee25e06095e\">Consejos para presentar una solicitud con \u00e9xito<\/h2>\n\n<p><strong>1. Investigaci\u00f3n sobre la vivienda en el condado<\/strong><br\/>Familiar\u00edcese con nuestra organizaci\u00f3n, nuestra misi\u00f3n y nuestros valores para demostrar su genuino inter\u00e9s en trabajar con nosotros.<\/p>\n\n<p><strong>2. Adapte su solicitud<\/strong><br\/>Personalice su curr\u00edculum y su carta de presentaci\u00f3n para mostrar c\u00f3mo sus competencias y experiencias se ajustan a los requisitos espec\u00edficos del puesto.<\/p>\n\n<p><strong>3. Destaque sus logros<\/strong><br\/>Destaque sus logros y c\u00f3mo han contribuido al \u00e9xito de sus anteriores empleadores.<\/p>\n\n<p><strong>4. Preparar la entrevista<\/strong><br\/>Practique las respuestas a las preguntas m\u00e1s habituales de las entrevistas y prep\u00e1rese para hablar de sus cualificaciones y su pasi\u00f3n por el puesto.<\/p>\n\n<p><strong>5. 5. Referencias profesionales<\/strong><br\/>Aseg\u00farese de tener una lista de referencias profesionales que puedan hablar de sus aptitudes y su car\u00e1cter.<\/p>\n\n<p><strong>6. 6. Seguimiento<\/strong><br\/>Despu\u00e9s de la entrevista, nunca est\u00e1 de m\u00e1s enviar una nota de agradecimiento al personal de Recursos Humanos y al responsable de contrataci\u00f3n y reiterar su inter\u00e9s por el puesto.<\/p>\n","protected":false},"excerpt":{"rendered":"<p>En County Housing, creemos en encontrar el talento adecuado que se ajuste a nuestra misi\u00f3n y valores. Nuestro proceso de contrataci\u00f3n est\u00e1 dise\u00f1ado para garantizar una evaluaci\u00f3n justa, inclusiva y exhaustiva de cada candidato. A continuaci\u00f3n le ofrecemos una visi\u00f3n general de lo que puede esperar cuando solicite un puesto con nosotros: 1. Solicitud en [&hellip;]<\/p>\n","protected":false},"author":1,"featured_media":1547,"parent":1937,"menu_order":0,"comment_status":"closed","ping_status":"closed","template":"","meta":{"_acf_changed":false,"footnotes":""},"class_list":["post-2039","page","type-page","status-publish","has-post-thumbnail","hentry"],"acf":[],"yoast_head":"<!-- This site is optimized with the Yoast SEO plugin v27.4 - https:\/\/yoast.com\/product\/yoast-seo-wordpress\/ -->\n<title>Proceso de contrataci\u00f3n y consejos - County Housing<\/title>\n<meta name=\"description\" content=\"En County Housing, creemos en encontrar el talento adecuado que se ajuste a nuestra misi\u00f3n y valores. Nuestro proceso de contrataci\u00f3n est\u00e1 dise\u00f1ado para garantizar una evaluaci\u00f3n justa, inclusiva y exhaustiva de cada candidato.\" \/>\n<meta name=\"robots\" content=\"index, follow, max-snippet:-1, max-image-preview:large, max-video-preview:-1\" \/>\n<link rel=\"canonical\" href=\"https:\/\/countyhousing.org\/es\/carreras-profesionales\/proceso-de-contratacion-y-consejos\/\" \/>\n<meta property=\"og:locale\" content=\"es_ES\" \/>\n<meta property=\"og:type\" content=\"article\" \/>\n<meta property=\"og:title\" content=\"Proceso de contrataci\u00f3n y consejos - Viviendas de Protecci\u00f3n Oficial\" \/>\n<meta property=\"og:description\" content=\"En County Housing, creemos en encontrar el talento adecuado que se ajuste a nuestra misi\u00f3n y valores. Nuestro proceso de contrataci\u00f3n est\u00e1 dise\u00f1ado para garantizar una evaluaci\u00f3n justa, inclusiva y exhaustiva de cada candidato.\" \/>\n<meta property=\"og:url\" content=\"https:\/\/countyhousing.org\/es\/carreras-profesionales\/proceso-de-contratacion-y-consejos\/\" \/>\n<meta property=\"og:site_name\" content=\"County Housing\" \/>\n<meta property=\"article:modified_time\" content=\"2024-03-09T05:36:58+00:00\" \/>\n<meta property=\"og:image\" content=\"https:\/\/countyhousing.org\/wp-content\/uploads\/2024\/02\/CountyHousing_SocialShare_Blue-1024x538.jpg\" \/>\n<meta name=\"twitter:card\" content=\"summary_large_image\" \/>\n<meta name=\"twitter:title\" content=\"Proceso de contrataci\u00f3n y consejos - Viviendas de Protecci\u00f3n Oficial\" \/>\n<meta name=\"twitter:description\" content=\"En County Housing, creemos en encontrar el talento adecuado que se ajuste a nuestra misi\u00f3n y valores. Nuestro proceso de contrataci\u00f3n est\u00e1 dise\u00f1ado para garantizar una evaluaci\u00f3n justa, inclusiva y exhaustiva de cada candidato.\" \/>\n<meta name=\"twitter:image\" content=\"https:\/\/countyhousing.org\/wp-content\/uploads\/2024\/02\/CountyHousing_SocialShare_Blue-1024x538.jpg\" \/>\n<meta name=\"twitter:label1\" content=\"Tiempo de lectura\" \/>\n\t<meta name=\"twitter:data1\" content=\"2 minutos\" \/>\n<script type=\"application\/ld+json\" class=\"yoast-schema-graph\">{\"@context\":\"https:\\\/\\\/schema.org\",\"@graph\":[{\"@type\":\"WebPage\",\"@id\":\"https:\\\/\\\/countyhousing.org\\\/es\\\/carreras-profesionales\\\/proceso-de-contratacion-y-consejos\\\/\",\"url\":\"https:\\\/\\\/countyhousing.org\\\/es\\\/carreras-profesionales\\\/proceso-de-contratacion-y-consejos\\\/\",\"name\":\"Proceso de contrataci\u00f3n y consejos - County Housing\",\"isPartOf\":{\"@id\":\"https:\\\/\\\/countyhousing.org\\\/es\\\/#website\"},\"primaryImageOfPage\":{\"@id\":\"https:\\\/\\\/countyhousing.org\\\/es\\\/carreras-profesionales\\\/proceso-de-contratacion-y-consejos\\\/#primaryimage\"},\"image\":{\"@id\":\"https:\\\/\\\/countyhousing.org\\\/es\\\/carreras-profesionales\\\/proceso-de-contratacion-y-consejos\\\/#primaryimage\"},\"thumbnailUrl\":\"https:\\\/\\\/countyhousing.org\\\/wp-content\\\/uploads\\\/2024\\\/03\\\/CH_3Houses_08_blue.webp\",\"datePublished\":\"2023-11-16T14:54:34+00:00\",\"dateModified\":\"2024-03-09T05:36:58+00:00\",\"description\":\"En County Housing, creemos en encontrar el talento adecuado que se ajuste a nuestra misi\u00f3n y valores. Nuestro proceso de contrataci\u00f3n est\u00e1 dise\u00f1ado para garantizar una evaluaci\u00f3n justa, inclusiva y exhaustiva de cada candidato.\",\"breadcrumb\":{\"@id\":\"https:\\\/\\\/countyhousing.org\\\/es\\\/carreras-profesionales\\\/proceso-de-contratacion-y-consejos\\\/#breadcrumb\"},\"inLanguage\":\"es\",\"potentialAction\":[{\"@type\":\"ReadAction\",\"target\":[\"https:\\\/\\\/countyhousing.org\\\/es\\\/carreras-profesionales\\\/proceso-de-contratacion-y-consejos\\\/\"]}]},{\"@type\":\"ImageObject\",\"inLanguage\":\"es\",\"@id\":\"https:\\\/\\\/countyhousing.org\\\/es\\\/carreras-profesionales\\\/proceso-de-contratacion-y-consejos\\\/#primaryimage\",\"url\":\"https:\\\/\\\/countyhousing.org\\\/wp-content\\\/uploads\\\/2024\\\/03\\\/CH_3Houses_08_blue.webp\",\"contentUrl\":\"https:\\\/\\\/countyhousing.org\\\/wp-content\\\/uploads\\\/2024\\\/03\\\/CH_3Houses_08_blue.webp\",\"width\":1920,\"height\":279},{\"@type\":\"BreadcrumbList\",\"@id\":\"https:\\\/\\\/countyhousing.org\\\/es\\\/carreras-profesionales\\\/proceso-de-contratacion-y-consejos\\\/#breadcrumb\",\"itemListElement\":[{\"@type\":\"ListItem\",\"position\":1,\"name\":\"Home\",\"item\":\"https:\\\/\\\/countyhousing.org\\\/es\\\/pagina-de-inicio\\\/\"},{\"@type\":\"ListItem\",\"position\":2,\"name\":\"Carreras profesionales\",\"item\":\"https:\\\/\\\/countyhousing.org\\\/es\\\/carreras-profesionales\\\/\"},{\"@type\":\"ListItem\",\"position\":3,\"name\":\"Proceso de contrataci\u00f3n y consejos\"}]},{\"@type\":\"WebSite\",\"@id\":\"https:\\\/\\\/countyhousing.org\\\/es\\\/#website\",\"url\":\"https:\\\/\\\/countyhousing.org\\\/es\\\/\",\"name\":\"County Housing\",\"description\":\"The Housing Authority of St. Louis County\",\"publisher\":{\"@id\":\"https:\\\/\\\/countyhousing.org\\\/es\\\/#organization\"},\"potentialAction\":[{\"@type\":\"SearchAction\",\"target\":{\"@type\":\"EntryPoint\",\"urlTemplate\":\"https:\\\/\\\/countyhousing.org\\\/es\\\/?s={search_term_string}\"},\"query-input\":{\"@type\":\"PropertyValueSpecification\",\"valueRequired\":true,\"valueName\":\"search_term_string\"}}],\"inLanguage\":\"es\"},{\"@type\":\"Organization\",\"@id\":\"https:\\\/\\\/countyhousing.org\\\/es\\\/#organization\",\"name\":\"County Housing\",\"url\":\"https:\\\/\\\/countyhousing.org\\\/es\\\/\",\"logo\":{\"@type\":\"ImageObject\",\"inLanguage\":\"es\",\"@id\":\"https:\\\/\\\/countyhousing.org\\\/es\\\/#\\\/schema\\\/logo\\\/image\\\/\",\"url\":\"https:\\\/\\\/countyhousing.org\\\/wp-content\\\/uploads\\\/2023\\\/12\\\/CH_Logo_Horizontal_Web_03-1.png\",\"contentUrl\":\"https:\\\/\\\/countyhousing.org\\\/wp-content\\\/uploads\\\/2023\\\/12\\\/CH_Logo_Horizontal_Web_03-1.png\",\"width\":279,\"height\":100,\"caption\":\"County Housing\"},\"image\":{\"@id\":\"https:\\\/\\\/countyhousing.org\\\/es\\\/#\\\/schema\\\/logo\\\/image\\\/\"}}]}<\/script>\n<!-- \/ Yoast SEO plugin. -->","yoast_head_json":{"title":"Proceso de contrataci\u00f3n y consejos - County Housing","description":"En County Housing, creemos en encontrar el talento adecuado que se ajuste a nuestra misi\u00f3n y valores. Nuestro proceso de contrataci\u00f3n est\u00e1 dise\u00f1ado para garantizar una evaluaci\u00f3n justa, inclusiva y exhaustiva de cada candidato.","robots":{"index":"index","follow":"follow","max-snippet":"max-snippet:-1","max-image-preview":"max-image-preview:large","max-video-preview":"max-video-preview:-1"},"canonical":"https:\/\/countyhousing.org\/es\/carreras-profesionales\/proceso-de-contratacion-y-consejos\/","og_locale":"es_ES","og_type":"article","og_title":"Proceso de contrataci\u00f3n y consejos - Viviendas de Protecci\u00f3n Oficial","og_description":"En County Housing, creemos en encontrar el talento adecuado que se ajuste a nuestra misi\u00f3n y valores. Nuestro proceso de contrataci\u00f3n est\u00e1 dise\u00f1ado para garantizar una evaluaci\u00f3n justa, inclusiva y exhaustiva de cada candidato.","og_url":"https:\/\/countyhousing.org\/es\/carreras-profesionales\/proceso-de-contratacion-y-consejos\/","og_site_name":"County Housing","article_modified_time":"2024-03-09T05:36:58+00:00","og_image":[{"url":"https:\/\/countyhousing.org\/wp-content\/uploads\/2024\/02\/CountyHousing_SocialShare_Blue-1024x538.jpg","type":"","width":"","height":""}],"twitter_card":"summary_large_image","twitter_title":"Proceso de contrataci\u00f3n y consejos - Viviendas de Protecci\u00f3n Oficial","twitter_description":"En County Housing, creemos en encontrar el talento adecuado que se ajuste a nuestra misi\u00f3n y valores. Nuestro proceso de contrataci\u00f3n est\u00e1 dise\u00f1ado para garantizar una evaluaci\u00f3n justa, inclusiva y exhaustiva de cada candidato.","twitter_image":"https:\/\/countyhousing.org\/wp-content\/uploads\/2024\/02\/CountyHousing_SocialShare_Blue-1024x538.jpg","twitter_misc":{"Tiempo de lectura":"2 minutos"},"schema":{"@context":"https:\/\/schema.org","@graph":[{"@type":"WebPage","@id":"https:\/\/countyhousing.org\/es\/carreras-profesionales\/proceso-de-contratacion-y-consejos\/","url":"https:\/\/countyhousing.org\/es\/carreras-profesionales\/proceso-de-contratacion-y-consejos\/","name":"Proceso de contrataci\u00f3n y consejos - County Housing","isPartOf":{"@id":"https:\/\/countyhousing.org\/es\/#website"},"primaryImageOfPage":{"@id":"https:\/\/countyhousing.org\/es\/carreras-profesionales\/proceso-de-contratacion-y-consejos\/#primaryimage"},"image":{"@id":"https:\/\/countyhousing.org\/es\/carreras-profesionales\/proceso-de-contratacion-y-consejos\/#primaryimage"},"thumbnailUrl":"https:\/\/countyhousing.org\/wp-content\/uploads\/2024\/03\/CH_3Houses_08_blue.webp","datePublished":"2023-11-16T14:54:34+00:00","dateModified":"2024-03-09T05:36:58+00:00","description":"En County Housing, creemos en encontrar el talento adecuado que se ajuste a nuestra misi\u00f3n y valores. Nuestro proceso de contrataci\u00f3n est\u00e1 dise\u00f1ado para garantizar una evaluaci\u00f3n justa, inclusiva y exhaustiva de cada candidato.","breadcrumb":{"@id":"https:\/\/countyhousing.org\/es\/carreras-profesionales\/proceso-de-contratacion-y-consejos\/#breadcrumb"},"inLanguage":"es","potentialAction":[{"@type":"ReadAction","target":["https:\/\/countyhousing.org\/es\/carreras-profesionales\/proceso-de-contratacion-y-consejos\/"]}]},{"@type":"ImageObject","inLanguage":"es","@id":"https:\/\/countyhousing.org\/es\/carreras-profesionales\/proceso-de-contratacion-y-consejos\/#primaryimage","url":"https:\/\/countyhousing.org\/wp-content\/uploads\/2024\/03\/CH_3Houses_08_blue.webp","contentUrl":"https:\/\/countyhousing.org\/wp-content\/uploads\/2024\/03\/CH_3Houses_08_blue.webp","width":1920,"height":279},{"@type":"BreadcrumbList","@id":"https:\/\/countyhousing.org\/es\/carreras-profesionales\/proceso-de-contratacion-y-consejos\/#breadcrumb","itemListElement":[{"@type":"ListItem","position":1,"name":"Home","item":"https:\/\/countyhousing.org\/es\/pagina-de-inicio\/"},{"@type":"ListItem","position":2,"name":"Carreras profesionales","item":"https:\/\/countyhousing.org\/es\/carreras-profesionales\/"},{"@type":"ListItem","position":3,"name":"Proceso de contrataci\u00f3n y consejos"}]},{"@type":"WebSite","@id":"https:\/\/countyhousing.org\/es\/#website","url":"https:\/\/countyhousing.org\/es\/","name":"County Housing","description":"The Housing Authority of St. Louis County","publisher":{"@id":"https:\/\/countyhousing.org\/es\/#organization"},"potentialAction":[{"@type":"SearchAction","target":{"@type":"EntryPoint","urlTemplate":"https:\/\/countyhousing.org\/es\/?s={search_term_string}"},"query-input":{"@type":"PropertyValueSpecification","valueRequired":true,"valueName":"search_term_string"}}],"inLanguage":"es"},{"@type":"Organization","@id":"https:\/\/countyhousing.org\/es\/#organization","name":"County Housing","url":"https:\/\/countyhousing.org\/es\/","logo":{"@type":"ImageObject","inLanguage":"es","@id":"https:\/\/countyhousing.org\/es\/#\/schema\/logo\/image\/","url":"https:\/\/countyhousing.org\/wp-content\/uploads\/2023\/12\/CH_Logo_Horizontal_Web_03-1.png","contentUrl":"https:\/\/countyhousing.org\/wp-content\/uploads\/2023\/12\/CH_Logo_Horizontal_Web_03-1.png","width":279,"height":100,"caption":"County Housing"},"image":{"@id":"https:\/\/countyhousing.org\/es\/#\/schema\/logo\/image\/"}}]}},"_links":{"self":[{"href":"https:\/\/countyhousing.org\/es\/wp-json\/wp\/v2\/pages\/2039","targetHints":{"allow":["GET"]}}],"collection":[{"href":"https:\/\/countyhousing.org\/es\/wp-json\/wp\/v2\/pages"}],"about":[{"href":"https:\/\/countyhousing.org\/es\/wp-json\/wp\/v2\/types\/page"}],"author":[{"embeddable":true,"href":"https:\/\/countyhousing.org\/es\/wp-json\/wp\/v2\/users\/1"}],"replies":[{"embeddable":true,"href":"https:\/\/countyhousing.org\/es\/wp-json\/wp\/v2\/comments?post=2039"}],"version-history":[{"count":0,"href":"https:\/\/countyhousing.org\/es\/wp-json\/wp\/v2\/pages\/2039\/revisions"}],"up":[{"embeddable":true,"href":"https:\/\/countyhousing.org\/es\/wp-json\/wp\/v2\/pages\/1937"}],"wp:featuredmedia":[{"embeddable":true,"href":"https:\/\/countyhousing.org\/es\/wp-json\/wp\/v2\/media\/1547"}],"wp:attachment":[{"href":"https:\/\/countyhousing.org\/es\/wp-json\/wp\/v2\/media?parent=2039"}],"curies":[{"name":"wp","href":"https:\/\/api.w.org\/{rel}","templated":true}]}}