{"id":2022,"date":"2023-11-16T14:55:33","date_gmt":"2023-11-16T14:55:33","guid":{"rendered":"https:\/\/countyhousing.org\/carreras-profesionales\/diversidad\/"},"modified":"2024-03-09T05:36:58","modified_gmt":"2024-03-09T05:36:58","slug":"diversidad","status":"publish","type":"page","link":"https:\/\/countyhousing.org\/es\/carreras-profesionales\/diversidad\/","title":{"rendered":"Diversidad"},"content":{"rendered":"\n<div class=\"wp-block-group\"><div class=\"wp-block-group__inner-container is-layout-constrained wp-block-group-is-layout-constrained\">\n<h2 class=\"wp-block-heading has-medium-green-color has-text-color has-link-color has-large-font-size wp-elements-a6f870892daaebdbf32c589b1c5bb695\">Resumen del Plan de Acci\u00f3n Afirmativa  <\/h2>\n\n\n\n<ul class=\"wp-block-list\">\n<li>Viviendas del Condado se dedica a fomentar un entorno inclusivo y de apoyo que defiende los principios de acci\u00f3n afirmativa e igualdad de oportunidades de empleo. Este compromiso se extiende a todas las personas cualificadas, independientemente de su raza, color, religi\u00f3n, sexo, orientaci\u00f3n sexual, identidad de g\u00e9nero, informaci\u00f3n gen\u00e9tica, origen nacional, edad, discapacidad o condici\u00f3n de veterano discapacitado.<\/li>\n\n\n\n<li>Este resumen ejecutivo esboza el Plan de Acci\u00f3n Afirmativa (PAA) desarrollado por Viviendas del Condado, destacando nuestras acciones deliberadas para establecer una organizaci\u00f3n que priorice la diversidad, la equidad, la inclusi\u00f3n y la pertenencia.<\/li>\n\n\n\n<li>El objetivo principal del PAA es poner en marcha un programa integral alineado con las pol\u00edticas, procedimientos y valores fundamentales de Viviendas del Condado. Incluye un conjunto de iniciativas espec\u00edficas dise\u00f1adas para eliminar los prejuicios en el proceso de contrataci\u00f3n y crear un lugar de trabajo justo y equitativo que promueva la igualdad de oportunidades para las personas de clases protegidas. Adem\u00e1s, el plan pretende identificar y abordar cualquier infrautilizaci\u00f3n de minor\u00edas y mujeres dentro de la organizaci\u00f3n.<\/li>\n\n\n\n<li>El \u00e9xito de la ejecuci\u00f3n del PAA depende del apoyo incondicional de todos los miembros de la direcci\u00f3n y de todos los empleados. Se espera que cada persona demuestre liderazgo y sirva de modelo para cultivar un entorno de trabajo que defienda los principios de la discriminaci\u00f3n positiva y la igualdad de oportunidades en el empleo.<\/li>\n\n\n\n<li>Para garantizar un amplio acceso y transparencia, el PAA se comparte con todos los empleados por v\u00eda electr\u00f3nica y es f\u00e1cilmente accesible a trav\u00e9s de la p\u00e1gina web de Viviendas del Condado. Adem\u00e1s, los contratistas, proveedores y miembros del p\u00fablico pueden acceder al PAA en el sitio web, y se facilitan copias f\u00edsicas previa solicitud. Tambi\u00e9n se facilitar\u00e1n formatos alternativos, como la inclusi\u00f3n de la declaraci\u00f3n de igualdad de oportunidades de empleo impresa en papel con membrete de Viviendas del Condado, en las solicitudes de ofertas y en todos los anuncios de empleo.<\/li>\n\n\n\n<li>Con la aplicaci\u00f3n del PAA, Viviendas del Condado reafirma su compromiso de construir una organizaci\u00f3n que abrace la diversidad, la equidad, la inclusi\u00f3n y la pertenencia. Creemos que abordando la discriminaci\u00f3n hist\u00f3rica y fomentando la igualdad de oportunidades podemos crear una sociedad m\u00e1s justa y equitativa.<\/li>\n<\/ul>\n<\/div><\/div>\n\n<div class=\"wp-block-group\"><div class=\"wp-block-group__inner-container is-layout-constrained wp-block-group-is-layout-constrained\">\n<h2 class=\"wp-block-heading has-pink-color has-text-color has-link-color has-large-font-size wp-elements-bc91afd54847b18da3a036e1198b592b\">Objetivos del Plan de Acci\u00f3n Afirmativa<\/h2>\n\n\n\n<p>Viviendas del Condado se compromete plenamente a aplicar las pol\u00edticas, programas y procedimientos descritos en este plan para garantizar que las pr\u00e1cticas de empleo est\u00e9n libres de discriminaci\u00f3n. Nuestro programa de discriminaci\u00f3n positiva abarca varios objetivos clave, entre los que se incluyen:<\/p>\n\n\n\n<div style=\"height:15px\" aria-hidden=\"true\" class=\"wp-block-spacer\"><\/div>\n\n\n\n<p><strong>Realizaci\u00f3n de ajustes razonables<\/strong><\/p>\n\n\n\n<p>Nos esforzamos por ofrecer a los empleados y candidatos con limitaciones f\u00edsicas y mentales igualdad de acceso y oportunidades.<br\/><\/p>\n\n\n\n<div style=\"height:25px\" aria-hidden=\"true\" class=\"wp-block-spacer\"><\/div>\n\n\n\n<p><strong>An\u00e1lisis peri\u00f3dico de la descripci\u00f3n de los puestos<\/strong><\/p>\n\n\n\n<p>Realizamos an\u00e1lisis anuales de las descripciones de los puestos para asegurarnos de que reflejan fielmente las funciones esenciales del puesto, fomentando la equidad y la transparencia.<br\/><\/p>\n\n\n\n<div style=\"height:25px\" aria-hidden=\"true\" class=\"wp-block-spacer\"><\/div>\n\n\n\n<p><strong>Procesos de selecci\u00f3n imparciales<\/strong><\/p>\n\n\n\n<p>Evaluamos continuamente nuestros procesos de selecci\u00f3n para eliminar prejuicios y garantizar un trato justo a todos los candidatos.<br\/><\/p>\n\n\n\n<div style=\"height:25px\" aria-hidden=\"true\" class=\"wp-block-spacer\"><\/div>\n\n\n\n<p><strong>T\u00e9cnicas de contrataci\u00f3n mejoradas<\/strong><\/p>\n\n\n\n<p>Empleamos activamente varias estrategias de b\u00fasqueda de personal para mejorar los esfuerzos de contrataci\u00f3n con el objetivo de atraer a un grupo diverso de candidatos.<br\/><\/p>\n\n\n\n<div style=\"height:25px\" aria-hidden=\"true\" class=\"wp-block-spacer\"><\/div>\n\n\n\n<p><strong>Formaci\u00f3n sobre pol\u00edticas de igualdad de oportunidades en el empleo<\/strong><\/p>\n\n\n\n<p>Llevamos a cabo una formaci\u00f3n exhaustiva de la direcci\u00f3n y el personal sobre las pol\u00edticas de Igualdad de Oportunidades en el Empleo (EEO), incluidas la discriminaci\u00f3n, el acoso, la intimidaci\u00f3n y la prevenci\u00f3n de entornos laborales hostiles.<br\/><\/p>\n\n\n\n<div style=\"height:25px\" aria-hidden=\"true\" class=\"wp-block-spacer\"><\/div>\n\n\n\n<p><strong>Revisi\u00f3n de las pol\u00edticas de remuneraci\u00f3n<\/strong><\/p>\n\n\n\n<p>Revisamos peri\u00f3dicamente nuestras pr\u00e1cticas de compensaci\u00f3n total para garantizar la equidad y la igualdad de oportunidades para todos los empleados.<\/p>\n\n\n\n<div style=\"height:25px\" aria-hidden=\"true\" class=\"wp-block-spacer\"><\/div>\n\n\n\n<p><strong>Igualdad de oportunidades en materia de ascensos, traslados y desarrollo<\/strong><\/p>\n\n\n\n<p>Nos comprometemos a ofrecer a todos los empleados las mismas oportunidades de promoci\u00f3n, traslado y desarrollo profesional.<br\/><\/p>\n<\/div><\/div>\n","protected":false},"excerpt":{"rendered":"<p>Resumen del Plan de Acci\u00f3n Afirmativa Objetivos del Plan de Acci\u00f3n Afirmativa Viviendas del Condado se compromete plenamente a aplicar las pol\u00edticas, programas y procedimientos descritos en este plan para garantizar que las pr\u00e1cticas de empleo est\u00e9n libres de discriminaci\u00f3n. Nuestro programa de discriminaci\u00f3n positiva abarca varios objetivos clave, entre los que se incluyen: Realizaci\u00f3n [&hellip;]<\/p>\n","protected":false},"author":1,"featured_media":1553,"parent":1937,"menu_order":0,"comment_status":"closed","ping_status":"closed","template":"","meta":{"_acf_changed":false,"_classifai_error":"","_classifai_text_to_speech_error":"","footnotes":""},"class_list":["post-2022","page","type-page","status-publish","has-post-thumbnail","hentry"],"acf":[],"yoast_head":"<!-- This site is optimized with the Yoast SEO plugin v27.3 - https:\/\/yoast.com\/product\/yoast-seo-wordpress\/ -->\n<title>Diversidad - County Housing<\/title>\n<meta name=\"description\" content=\"Viviendas del Condado se dedica a fomentar un entorno inclusivo y de apoyo que defiende los principios de acci\u00f3n afirmativa e igualdad de oportunidades de empleo. Este compromiso se extiende a todas las personas cualificadas, independientemente de su raza, color, religi\u00f3n, sexo, orientaci\u00f3n sexual, identidad de g\u00e9nero, informaci\u00f3n gen\u00e9tica, origen nacional, edad, discapacidad o condici\u00f3n de veterano discapacitado.\" \/>\n<meta name=\"robots\" content=\"index, follow, max-snippet:-1, max-image-preview:large, max-video-preview:-1\" \/>\n<link rel=\"canonical\" href=\"https:\/\/countyhousing.org\/es\/carreras-profesionales\/diversidad\/\" \/>\n<meta property=\"og:locale\" content=\"es_ES\" \/>\n<meta property=\"og:type\" content=\"article\" \/>\n<meta property=\"og:title\" content=\"Diversidad - Viviendas de condado\" \/>\n<meta property=\"og:description\" content=\"Viviendas del Condado se dedica a fomentar un entorno inclusivo y de apoyo que defiende los principios de acci\u00f3n afirmativa e igualdad de oportunidades de empleo. Este compromiso se extiende a todas las personas cualificadas, independientemente de su raza, color, religi\u00f3n, sexo, orientaci\u00f3n sexual, identidad de g\u00e9nero, informaci\u00f3n gen\u00e9tica, origen nacional, edad, discapacidad o condici\u00f3n de veterano discapacitado.\" \/>\n<meta property=\"og:url\" content=\"https:\/\/countyhousing.org\/es\/carreras-profesionales\/diversidad\/\" \/>\n<meta property=\"og:site_name\" content=\"County Housing\" \/>\n<meta property=\"article:modified_time\" content=\"2024-03-09T05:36:58+00:00\" \/>\n<meta property=\"og:image\" content=\"https:\/\/countyhousing.org\/wp-content\/uploads\/2024\/02\/CountyHousing_SocialShare_crop-1024x538.jpg\" \/>\n<meta name=\"twitter:card\" content=\"summary_large_image\" \/>\n<meta name=\"twitter:title\" content=\"Diversidad - Viviendas de condado\" \/>\n<meta name=\"twitter:description\" content=\"Viviendas del Condado se dedica a fomentar un entorno inclusivo y de apoyo que defiende los principios de acci\u00f3n afirmativa e igualdad de oportunidades de empleo. Este compromiso se extiende a todas las personas cualificadas, independientemente de su raza, color, religi\u00f3n, sexo, orientaci\u00f3n sexual, identidad de g\u00e9nero, informaci\u00f3n gen\u00e9tica, origen nacional, edad, discapacidad o condici\u00f3n de veterano discapacitado.\" \/>\n<meta name=\"twitter:image\" content=\"https:\/\/countyhousing.org\/wp-content\/uploads\/2024\/02\/CountyHousing_SocialShare_crop-1024x538.jpg\" \/>\n<meta name=\"twitter:label1\" content=\"Tiempo de lectura\" \/>\n\t<meta name=\"twitter:data1\" content=\"4 minutos\" \/>\n<script type=\"application\/ld+json\" class=\"yoast-schema-graph\">{\"@context\":\"https:\\\/\\\/schema.org\",\"@graph\":[{\"@type\":\"WebPage\",\"@id\":\"https:\\\/\\\/countyhousing.org\\\/es\\\/carreras-profesionales\\\/diversidad\\\/\",\"url\":\"https:\\\/\\\/countyhousing.org\\\/es\\\/carreras-profesionales\\\/diversidad\\\/\",\"name\":\"Diversidad - County Housing\",\"isPartOf\":{\"@id\":\"https:\\\/\\\/countyhousing.org\\\/es\\\/#website\"},\"primaryImageOfPage\":{\"@id\":\"https:\\\/\\\/countyhousing.org\\\/es\\\/carreras-profesionales\\\/diversidad\\\/#primaryimage\"},\"image\":{\"@id\":\"https:\\\/\\\/countyhousing.org\\\/es\\\/carreras-profesionales\\\/diversidad\\\/#primaryimage\"},\"thumbnailUrl\":\"https:\\\/\\\/countyhousing.org\\\/wp-content\\\/uploads\\\/2024\\\/03\\\/CH_HeaderBanners_ALT_05.webp\",\"datePublished\":\"2023-11-16T14:55:33+00:00\",\"dateModified\":\"2024-03-09T05:36:58+00:00\",\"description\":\"Viviendas del Condado se dedica a fomentar un entorno inclusivo y de apoyo que defiende los principios de acci\u00f3n afirmativa e igualdad de oportunidades de empleo. Este compromiso se extiende a todas las personas cualificadas, independientemente de su raza, color, religi\u00f3n, sexo, orientaci\u00f3n sexual, identidad de g\u00e9nero, informaci\u00f3n gen\u00e9tica, origen nacional, edad, discapacidad o condici\u00f3n de veterano discapacitado.\",\"breadcrumb\":{\"@id\":\"https:\\\/\\\/countyhousing.org\\\/es\\\/carreras-profesionales\\\/diversidad\\\/#breadcrumb\"},\"inLanguage\":\"es\",\"potentialAction\":[{\"@type\":\"ReadAction\",\"target\":[\"https:\\\/\\\/countyhousing.org\\\/es\\\/carreras-profesionales\\\/diversidad\\\/\"]}]},{\"@type\":\"ImageObject\",\"inLanguage\":\"es\",\"@id\":\"https:\\\/\\\/countyhousing.org\\\/es\\\/carreras-profesionales\\\/diversidad\\\/#primaryimage\",\"url\":\"https:\\\/\\\/countyhousing.org\\\/wp-content\\\/uploads\\\/2024\\\/03\\\/CH_HeaderBanners_ALT_05.webp\",\"contentUrl\":\"https:\\\/\\\/countyhousing.org\\\/wp-content\\\/uploads\\\/2024\\\/03\\\/CH_HeaderBanners_ALT_05.webp\",\"width\":1920,\"height\":279},{\"@type\":\"BreadcrumbList\",\"@id\":\"https:\\\/\\\/countyhousing.org\\\/es\\\/carreras-profesionales\\\/diversidad\\\/#breadcrumb\",\"itemListElement\":[{\"@type\":\"ListItem\",\"position\":1,\"name\":\"Home\",\"item\":\"https:\\\/\\\/countyhousing.org\\\/es\\\/pagina-de-inicio\\\/\"},{\"@type\":\"ListItem\",\"position\":2,\"name\":\"Carreras profesionales\",\"item\":\"https:\\\/\\\/countyhousing.org\\\/es\\\/carreras-profesionales\\\/\"},{\"@type\":\"ListItem\",\"position\":3,\"name\":\"Diversidad\"}]},{\"@type\":\"WebSite\",\"@id\":\"https:\\\/\\\/countyhousing.org\\\/es\\\/#website\",\"url\":\"https:\\\/\\\/countyhousing.org\\\/es\\\/\",\"name\":\"County Housing\",\"description\":\"The Housing Authority of St. Louis County\",\"publisher\":{\"@id\":\"https:\\\/\\\/countyhousing.org\\\/es\\\/#organization\"},\"potentialAction\":[{\"@type\":\"SearchAction\",\"target\":{\"@type\":\"EntryPoint\",\"urlTemplate\":\"https:\\\/\\\/countyhousing.org\\\/es\\\/?s={search_term_string}\"},\"query-input\":{\"@type\":\"PropertyValueSpecification\",\"valueRequired\":true,\"valueName\":\"search_term_string\"}}],\"inLanguage\":\"es\"},{\"@type\":\"Organization\",\"@id\":\"https:\\\/\\\/countyhousing.org\\\/es\\\/#organization\",\"name\":\"County Housing\",\"url\":\"https:\\\/\\\/countyhousing.org\\\/es\\\/\",\"logo\":{\"@type\":\"ImageObject\",\"inLanguage\":\"es\",\"@id\":\"https:\\\/\\\/countyhousing.org\\\/es\\\/#\\\/schema\\\/logo\\\/image\\\/\",\"url\":\"https:\\\/\\\/countyhousing.org\\\/wp-content\\\/uploads\\\/2023\\\/12\\\/CH_Logo_Horizontal_Web_03-1.png\",\"contentUrl\":\"https:\\\/\\\/countyhousing.org\\\/wp-content\\\/uploads\\\/2023\\\/12\\\/CH_Logo_Horizontal_Web_03-1.png\",\"width\":279,\"height\":100,\"caption\":\"County Housing\"},\"image\":{\"@id\":\"https:\\\/\\\/countyhousing.org\\\/es\\\/#\\\/schema\\\/logo\\\/image\\\/\"}}]}<\/script>\n<!-- \/ Yoast SEO plugin. -->","yoast_head_json":{"title":"Diversidad - County Housing","description":"Viviendas del Condado se dedica a fomentar un entorno inclusivo y de apoyo que defiende los principios de acci\u00f3n afirmativa e igualdad de oportunidades de empleo. Este compromiso se extiende a todas las personas cualificadas, independientemente de su raza, color, religi\u00f3n, sexo, orientaci\u00f3n sexual, identidad de g\u00e9nero, informaci\u00f3n gen\u00e9tica, origen nacional, edad, discapacidad o condici\u00f3n de veterano discapacitado.","robots":{"index":"index","follow":"follow","max-snippet":"max-snippet:-1","max-image-preview":"max-image-preview:large","max-video-preview":"max-video-preview:-1"},"canonical":"https:\/\/countyhousing.org\/es\/carreras-profesionales\/diversidad\/","og_locale":"es_ES","og_type":"article","og_title":"Diversidad - Viviendas de condado","og_description":"Viviendas del Condado se dedica a fomentar un entorno inclusivo y de apoyo que defiende los principios de acci\u00f3n afirmativa e igualdad de oportunidades de empleo. Este compromiso se extiende a todas las personas cualificadas, independientemente de su raza, color, religi\u00f3n, sexo, orientaci\u00f3n sexual, identidad de g\u00e9nero, informaci\u00f3n gen\u00e9tica, origen nacional, edad, discapacidad o condici\u00f3n de veterano discapacitado.","og_url":"https:\/\/countyhousing.org\/es\/carreras-profesionales\/diversidad\/","og_site_name":"County Housing","article_modified_time":"2024-03-09T05:36:58+00:00","og_image":[{"url":"https:\/\/countyhousing.org\/wp-content\/uploads\/2024\/02\/CountyHousing_SocialShare_crop-1024x538.jpg","type":"","width":"","height":""}],"twitter_card":"summary_large_image","twitter_title":"Diversidad - Viviendas de condado","twitter_description":"Viviendas del Condado se dedica a fomentar un entorno inclusivo y de apoyo que defiende los principios de acci\u00f3n afirmativa e igualdad de oportunidades de empleo. Este compromiso se extiende a todas las personas cualificadas, independientemente de su raza, color, religi\u00f3n, sexo, orientaci\u00f3n sexual, identidad de g\u00e9nero, informaci\u00f3n gen\u00e9tica, origen nacional, edad, discapacidad o condici\u00f3n de veterano discapacitado.","twitter_image":"https:\/\/countyhousing.org\/wp-content\/uploads\/2024\/02\/CountyHousing_SocialShare_crop-1024x538.jpg","twitter_misc":{"Tiempo de lectura":"4 minutos"},"schema":{"@context":"https:\/\/schema.org","@graph":[{"@type":"WebPage","@id":"https:\/\/countyhousing.org\/es\/carreras-profesionales\/diversidad\/","url":"https:\/\/countyhousing.org\/es\/carreras-profesionales\/diversidad\/","name":"Diversidad - County Housing","isPartOf":{"@id":"https:\/\/countyhousing.org\/es\/#website"},"primaryImageOfPage":{"@id":"https:\/\/countyhousing.org\/es\/carreras-profesionales\/diversidad\/#primaryimage"},"image":{"@id":"https:\/\/countyhousing.org\/es\/carreras-profesionales\/diversidad\/#primaryimage"},"thumbnailUrl":"https:\/\/countyhousing.org\/wp-content\/uploads\/2024\/03\/CH_HeaderBanners_ALT_05.webp","datePublished":"2023-11-16T14:55:33+00:00","dateModified":"2024-03-09T05:36:58+00:00","description":"Viviendas del Condado se dedica a fomentar un entorno inclusivo y de apoyo que defiende los principios de acci\u00f3n afirmativa e igualdad de oportunidades de empleo. Este compromiso se extiende a todas las personas cualificadas, independientemente de su raza, color, religi\u00f3n, sexo, orientaci\u00f3n sexual, identidad de g\u00e9nero, informaci\u00f3n gen\u00e9tica, origen nacional, edad, discapacidad o condici\u00f3n de veterano discapacitado.","breadcrumb":{"@id":"https:\/\/countyhousing.org\/es\/carreras-profesionales\/diversidad\/#breadcrumb"},"inLanguage":"es","potentialAction":[{"@type":"ReadAction","target":["https:\/\/countyhousing.org\/es\/carreras-profesionales\/diversidad\/"]}]},{"@type":"ImageObject","inLanguage":"es","@id":"https:\/\/countyhousing.org\/es\/carreras-profesionales\/diversidad\/#primaryimage","url":"https:\/\/countyhousing.org\/wp-content\/uploads\/2024\/03\/CH_HeaderBanners_ALT_05.webp","contentUrl":"https:\/\/countyhousing.org\/wp-content\/uploads\/2024\/03\/CH_HeaderBanners_ALT_05.webp","width":1920,"height":279},{"@type":"BreadcrumbList","@id":"https:\/\/countyhousing.org\/es\/carreras-profesionales\/diversidad\/#breadcrumb","itemListElement":[{"@type":"ListItem","position":1,"name":"Home","item":"https:\/\/countyhousing.org\/es\/pagina-de-inicio\/"},{"@type":"ListItem","position":2,"name":"Carreras profesionales","item":"https:\/\/countyhousing.org\/es\/carreras-profesionales\/"},{"@type":"ListItem","position":3,"name":"Diversidad"}]},{"@type":"WebSite","@id":"https:\/\/countyhousing.org\/es\/#website","url":"https:\/\/countyhousing.org\/es\/","name":"County Housing","description":"The Housing Authority of St. Louis County","publisher":{"@id":"https:\/\/countyhousing.org\/es\/#organization"},"potentialAction":[{"@type":"SearchAction","target":{"@type":"EntryPoint","urlTemplate":"https:\/\/countyhousing.org\/es\/?s={search_term_string}"},"query-input":{"@type":"PropertyValueSpecification","valueRequired":true,"valueName":"search_term_string"}}],"inLanguage":"es"},{"@type":"Organization","@id":"https:\/\/countyhousing.org\/es\/#organization","name":"County Housing","url":"https:\/\/countyhousing.org\/es\/","logo":{"@type":"ImageObject","inLanguage":"es","@id":"https:\/\/countyhousing.org\/es\/#\/schema\/logo\/image\/","url":"https:\/\/countyhousing.org\/wp-content\/uploads\/2023\/12\/CH_Logo_Horizontal_Web_03-1.png","contentUrl":"https:\/\/countyhousing.org\/wp-content\/uploads\/2023\/12\/CH_Logo_Horizontal_Web_03-1.png","width":279,"height":100,"caption":"County Housing"},"image":{"@id":"https:\/\/countyhousing.org\/es\/#\/schema\/logo\/image\/"}}]}},"_links":{"self":[{"href":"https:\/\/countyhousing.org\/es\/wp-json\/wp\/v2\/pages\/2022","targetHints":{"allow":["GET"]}}],"collection":[{"href":"https:\/\/countyhousing.org\/es\/wp-json\/wp\/v2\/pages"}],"about":[{"href":"https:\/\/countyhousing.org\/es\/wp-json\/wp\/v2\/types\/page"}],"author":[{"embeddable":true,"href":"https:\/\/countyhousing.org\/es\/wp-json\/wp\/v2\/users\/1"}],"replies":[{"embeddable":true,"href":"https:\/\/countyhousing.org\/es\/wp-json\/wp\/v2\/comments?post=2022"}],"version-history":[{"count":0,"href":"https:\/\/countyhousing.org\/es\/wp-json\/wp\/v2\/pages\/2022\/revisions"}],"up":[{"embeddable":true,"href":"https:\/\/countyhousing.org\/es\/wp-json\/wp\/v2\/pages\/1937"}],"wp:featuredmedia":[{"embeddable":true,"href":"https:\/\/countyhousing.org\/es\/wp-json\/wp\/v2\/media\/1553"}],"wp:attachment":[{"href":"https:\/\/countyhousing.org\/es\/wp-json\/wp\/v2\/media?parent=2022"}],"curies":[{"name":"wp","href":"https:\/\/api.w.org\/{rel}","templated":true}]}}