{"id":2012,"date":"2023-11-16T14:48:13","date_gmt":"2023-11-16T14:48:13","guid":{"rendered":"https:\/\/countyhousing.org\/propietarios\/denunciar-el-fraude\/"},"modified":"2023-11-16T14:48:13","modified_gmt":"2023-11-16T14:48:13","slug":"denunciar-el-fraude","status":"publish","type":"page","link":"https:\/\/countyhousing.org\/es\/propietarios\/denunciar-el-fraude\/","title":{"rendered":"Denunciar el fraude"},"content":{"rendered":"","protected":false},"excerpt":{"rendered":"","protected":false},"author":1,"featured_media":1555,"parent":1914,"menu_order":0,"comment_status":"closed","ping_status":"closed","template":"","meta":{"_acf_changed":false,"footnotes":""},"class_list":["post-2012","page","type-page","status-publish","has-post-thumbnail","hentry"],"acf":[],"yoast_head":"<!-- This site is optimized with the Yoast SEO plugin v27.4 - https:\/\/yoast.com\/product\/yoast-seo-wordpress\/ -->\n<title>Denunciar el fraude - County Housing<\/title>\n<meta name=\"description\" content=\"Si cree que su inquilino est\u00e1 realizando actividades fraudulentas, p\u00f3ngase en contacto con Viviendas del Condado rellenando el siguiente formulario. Su vigilancia contribuye a mantener la integridad de los programas de vivienda y a proteger los derechos de todas las partes.\" \/>\n<meta name=\"robots\" content=\"index, follow, max-snippet:-1, max-image-preview:large, max-video-preview:-1\" \/>\n<link rel=\"canonical\" href=\"https:\/\/countyhousing.org\/es\/propietarios\/denunciar-el-fraude\/\" \/>\n<meta property=\"og:locale\" content=\"es_ES\" \/>\n<meta property=\"og:type\" content=\"article\" \/>\n<meta property=\"og:title\" content=\"Denuncia de fraude - Viviendas de protecci\u00f3n oficial\" \/>\n<meta property=\"og:description\" content=\"Si cree que su inquilino est\u00e1 realizando actividades fraudulentas, p\u00f3ngase en contacto con Viviendas del Condado rellenando el siguiente formulario. Su vigilancia contribuye a mantener la integridad de los programas de vivienda y a proteger los derechos de todas las partes.\" \/>\n<meta property=\"og:url\" content=\"https:\/\/countyhousing.org\/es\/propietarios\/denunciar-el-fraude\/\" \/>\n<meta property=\"og:site_name\" content=\"County Housing\" \/>\n<meta property=\"og:image\" content=\"https:\/\/countyhousing.org\/wp-content\/uploads\/2024\/02\/CountyHousing_SocialShare_crop-1024x538.jpg\" \/>\n<meta name=\"twitter:card\" content=\"summary_large_image\" \/>\n<meta name=\"twitter:title\" content=\"Denuncia de fraude - Viviendas de protecci\u00f3n oficial\" \/>\n<meta name=\"twitter:description\" content=\"Si cree que su inquilino est\u00e1 realizando actividades fraudulentas, p\u00f3ngase en contacto con Viviendas del Condado rellenando el siguiente formulario. Su vigilancia contribuye a mantener la integridad de los programas de vivienda y a proteger los derechos de todas las partes.\" \/>\n<meta name=\"twitter:image\" content=\"https:\/\/countyhousing.org\/wp-content\/uploads\/2024\/02\/CountyHousing_SocialShare_crop-1024x538.jpg\" \/>\n<script type=\"application\/ld+json\" class=\"yoast-schema-graph\">{\"@context\":\"https:\\\/\\\/schema.org\",\"@graph\":[{\"@type\":\"WebPage\",\"@id\":\"https:\\\/\\\/countyhousing.org\\\/es\\\/propietarios\\\/denunciar-el-fraude\\\/\",\"url\":\"https:\\\/\\\/countyhousing.org\\\/es\\\/propietarios\\\/denunciar-el-fraude\\\/\",\"name\":\"Denunciar el fraude - County Housing\",\"isPartOf\":{\"@id\":\"https:\\\/\\\/countyhousing.org\\\/es\\\/#website\"},\"primaryImageOfPage\":{\"@id\":\"https:\\\/\\\/countyhousing.org\\\/es\\\/propietarios\\\/denunciar-el-fraude\\\/#primaryimage\"},\"image\":{\"@id\":\"https:\\\/\\\/countyhousing.org\\\/es\\\/propietarios\\\/denunciar-el-fraude\\\/#primaryimage\"},\"thumbnailUrl\":\"https:\\\/\\\/countyhousing.org\\\/wp-content\\\/uploads\\\/2024\\\/03\\\/CH_HeaderBanners_ALT_06.webp\",\"datePublished\":\"2023-11-16T14:48:13+00:00\",\"description\":\"Si cree que su inquilino est\u00e1 realizando actividades fraudulentas, p\u00f3ngase en contacto con Viviendas del Condado rellenando el siguiente formulario. Su vigilancia contribuye a mantener la integridad de los programas de vivienda y a proteger los derechos de todas las partes.\",\"breadcrumb\":{\"@id\":\"https:\\\/\\\/countyhousing.org\\\/es\\\/propietarios\\\/denunciar-el-fraude\\\/#breadcrumb\"},\"inLanguage\":\"es\",\"potentialAction\":[{\"@type\":\"ReadAction\",\"target\":[\"https:\\\/\\\/countyhousing.org\\\/es\\\/propietarios\\\/denunciar-el-fraude\\\/\"]}]},{\"@type\":\"ImageObject\",\"inLanguage\":\"es\",\"@id\":\"https:\\\/\\\/countyhousing.org\\\/es\\\/propietarios\\\/denunciar-el-fraude\\\/#primaryimage\",\"url\":\"https:\\\/\\\/countyhousing.org\\\/wp-content\\\/uploads\\\/2024\\\/03\\\/CH_HeaderBanners_ALT_06.webp\",\"contentUrl\":\"https:\\\/\\\/countyhousing.org\\\/wp-content\\\/uploads\\\/2024\\\/03\\\/CH_HeaderBanners_ALT_06.webp\",\"width\":1920,\"height\":279},{\"@type\":\"BreadcrumbList\",\"@id\":\"https:\\\/\\\/countyhousing.org\\\/es\\\/propietarios\\\/denunciar-el-fraude\\\/#breadcrumb\",\"itemListElement\":[{\"@type\":\"ListItem\",\"position\":1,\"name\":\"Home\",\"item\":\"https:\\\/\\\/countyhousing.org\\\/es\\\/pagina-de-inicio\\\/\"},{\"@type\":\"ListItem\",\"position\":2,\"name\":\"Propietarios\",\"item\":\"https:\\\/\\\/countyhousing.org\\\/es\\\/propietarios\\\/\"},{\"@type\":\"ListItem\",\"position\":3,\"name\":\"Denunciar el fraude\"}]},{\"@type\":\"WebSite\",\"@id\":\"https:\\\/\\\/countyhousing.org\\\/es\\\/#website\",\"url\":\"https:\\\/\\\/countyhousing.org\\\/es\\\/\",\"name\":\"County Housing\",\"description\":\"The Housing Authority of St. Louis County\",\"publisher\":{\"@id\":\"https:\\\/\\\/countyhousing.org\\\/es\\\/#organization\"},\"potentialAction\":[{\"@type\":\"SearchAction\",\"target\":{\"@type\":\"EntryPoint\",\"urlTemplate\":\"https:\\\/\\\/countyhousing.org\\\/es\\\/?s={search_term_string}\"},\"query-input\":{\"@type\":\"PropertyValueSpecification\",\"valueRequired\":true,\"valueName\":\"search_term_string\"}}],\"inLanguage\":\"es\"},{\"@type\":\"Organization\",\"@id\":\"https:\\\/\\\/countyhousing.org\\\/es\\\/#organization\",\"name\":\"County Housing\",\"url\":\"https:\\\/\\\/countyhousing.org\\\/es\\\/\",\"logo\":{\"@type\":\"ImageObject\",\"inLanguage\":\"es\",\"@id\":\"https:\\\/\\\/countyhousing.org\\\/es\\\/#\\\/schema\\\/logo\\\/image\\\/\",\"url\":\"https:\\\/\\\/countyhousing.org\\\/wp-content\\\/uploads\\\/2023\\\/12\\\/CH_Logo_Horizontal_Web_03-1.png\",\"contentUrl\":\"https:\\\/\\\/countyhousing.org\\\/wp-content\\\/uploads\\\/2023\\\/12\\\/CH_Logo_Horizontal_Web_03-1.png\",\"width\":279,\"height\":100,\"caption\":\"County Housing\"},\"image\":{\"@id\":\"https:\\\/\\\/countyhousing.org\\\/es\\\/#\\\/schema\\\/logo\\\/image\\\/\"}}]}<\/script>\n<!-- \/ Yoast SEO plugin. -->","yoast_head_json":{"title":"Denunciar el fraude - County Housing","description":"Si cree que su inquilino est\u00e1 realizando actividades fraudulentas, p\u00f3ngase en contacto con Viviendas del Condado rellenando el siguiente formulario. Su vigilancia contribuye a mantener la integridad de los programas de vivienda y a proteger los derechos de todas las partes.","robots":{"index":"index","follow":"follow","max-snippet":"max-snippet:-1","max-image-preview":"max-image-preview:large","max-video-preview":"max-video-preview:-1"},"canonical":"https:\/\/countyhousing.org\/es\/propietarios\/denunciar-el-fraude\/","og_locale":"es_ES","og_type":"article","og_title":"Denuncia de fraude - Viviendas de protecci\u00f3n oficial","og_description":"Si cree que su inquilino est\u00e1 realizando actividades fraudulentas, p\u00f3ngase en contacto con Viviendas del Condado rellenando el siguiente formulario. Su vigilancia contribuye a mantener la integridad de los programas de vivienda y a proteger los derechos de todas las partes.","og_url":"https:\/\/countyhousing.org\/es\/propietarios\/denunciar-el-fraude\/","og_site_name":"County Housing","og_image":[{"url":"https:\/\/countyhousing.org\/wp-content\/uploads\/2024\/02\/CountyHousing_SocialShare_crop-1024x538.jpg","type":"","width":"","height":""}],"twitter_card":"summary_large_image","twitter_title":"Denuncia de fraude - Viviendas de protecci\u00f3n oficial","twitter_description":"Si cree que su inquilino est\u00e1 realizando actividades fraudulentas, p\u00f3ngase en contacto con Viviendas del Condado rellenando el siguiente formulario. Su vigilancia contribuye a mantener la integridad de los programas de vivienda y a proteger los derechos de todas las partes.","twitter_image":"https:\/\/countyhousing.org\/wp-content\/uploads\/2024\/02\/CountyHousing_SocialShare_crop-1024x538.jpg","schema":{"@context":"https:\/\/schema.org","@graph":[{"@type":"WebPage","@id":"https:\/\/countyhousing.org\/es\/propietarios\/denunciar-el-fraude\/","url":"https:\/\/countyhousing.org\/es\/propietarios\/denunciar-el-fraude\/","name":"Denunciar el fraude - County Housing","isPartOf":{"@id":"https:\/\/countyhousing.org\/es\/#website"},"primaryImageOfPage":{"@id":"https:\/\/countyhousing.org\/es\/propietarios\/denunciar-el-fraude\/#primaryimage"},"image":{"@id":"https:\/\/countyhousing.org\/es\/propietarios\/denunciar-el-fraude\/#primaryimage"},"thumbnailUrl":"https:\/\/countyhousing.org\/wp-content\/uploads\/2024\/03\/CH_HeaderBanners_ALT_06.webp","datePublished":"2023-11-16T14:48:13+00:00","description":"Si cree que su inquilino est\u00e1 realizando actividades fraudulentas, p\u00f3ngase en contacto con Viviendas del Condado rellenando el siguiente formulario. Su vigilancia contribuye a mantener la integridad de los programas de vivienda y a proteger los derechos de todas las partes.","breadcrumb":{"@id":"https:\/\/countyhousing.org\/es\/propietarios\/denunciar-el-fraude\/#breadcrumb"},"inLanguage":"es","potentialAction":[{"@type":"ReadAction","target":["https:\/\/countyhousing.org\/es\/propietarios\/denunciar-el-fraude\/"]}]},{"@type":"ImageObject","inLanguage":"es","@id":"https:\/\/countyhousing.org\/es\/propietarios\/denunciar-el-fraude\/#primaryimage","url":"https:\/\/countyhousing.org\/wp-content\/uploads\/2024\/03\/CH_HeaderBanners_ALT_06.webp","contentUrl":"https:\/\/countyhousing.org\/wp-content\/uploads\/2024\/03\/CH_HeaderBanners_ALT_06.webp","width":1920,"height":279},{"@type":"BreadcrumbList","@id":"https:\/\/countyhousing.org\/es\/propietarios\/denunciar-el-fraude\/#breadcrumb","itemListElement":[{"@type":"ListItem","position":1,"name":"Home","item":"https:\/\/countyhousing.org\/es\/pagina-de-inicio\/"},{"@type":"ListItem","position":2,"name":"Propietarios","item":"https:\/\/countyhousing.org\/es\/propietarios\/"},{"@type":"ListItem","position":3,"name":"Denunciar el fraude"}]},{"@type":"WebSite","@id":"https:\/\/countyhousing.org\/es\/#website","url":"https:\/\/countyhousing.org\/es\/","name":"County Housing","description":"The Housing Authority of St. Louis County","publisher":{"@id":"https:\/\/countyhousing.org\/es\/#organization"},"potentialAction":[{"@type":"SearchAction","target":{"@type":"EntryPoint","urlTemplate":"https:\/\/countyhousing.org\/es\/?s={search_term_string}"},"query-input":{"@type":"PropertyValueSpecification","valueRequired":true,"valueName":"search_term_string"}}],"inLanguage":"es"},{"@type":"Organization","@id":"https:\/\/countyhousing.org\/es\/#organization","name":"County Housing","url":"https:\/\/countyhousing.org\/es\/","logo":{"@type":"ImageObject","inLanguage":"es","@id":"https:\/\/countyhousing.org\/es\/#\/schema\/logo\/image\/","url":"https:\/\/countyhousing.org\/wp-content\/uploads\/2023\/12\/CH_Logo_Horizontal_Web_03-1.png","contentUrl":"https:\/\/countyhousing.org\/wp-content\/uploads\/2023\/12\/CH_Logo_Horizontal_Web_03-1.png","width":279,"height":100,"caption":"County Housing"},"image":{"@id":"https:\/\/countyhousing.org\/es\/#\/schema\/logo\/image\/"}}]}},"_links":{"self":[{"href":"https:\/\/countyhousing.org\/es\/wp-json\/wp\/v2\/pages\/2012","targetHints":{"allow":["GET"]}}],"collection":[{"href":"https:\/\/countyhousing.org\/es\/wp-json\/wp\/v2\/pages"}],"about":[{"href":"https:\/\/countyhousing.org\/es\/wp-json\/wp\/v2\/types\/page"}],"author":[{"embeddable":true,"href":"https:\/\/countyhousing.org\/es\/wp-json\/wp\/v2\/users\/1"}],"replies":[{"embeddable":true,"href":"https:\/\/countyhousing.org\/es\/wp-json\/wp\/v2\/comments?post=2012"}],"version-history":[{"count":0,"href":"https:\/\/countyhousing.org\/es\/wp-json\/wp\/v2\/pages\/2012\/revisions"}],"up":[{"embeddable":true,"href":"https:\/\/countyhousing.org\/es\/wp-json\/wp\/v2\/pages\/1914"}],"wp:featuredmedia":[{"embeddable":true,"href":"https:\/\/countyhousing.org\/es\/wp-json\/wp\/v2\/media\/1555"}],"wp:attachment":[{"href":"https:\/\/countyhousing.org\/es\/wp-json\/wp\/v2\/media?parent=2012"}],"curies":[{"name":"wp","href":"https:\/\/api.w.org\/{rel}","templated":true}]}}