{"id":2009,"date":"2023-11-16T14:47:01","date_gmt":"2023-11-16T14:47:01","guid":{"rendered":"https:\/\/countyhousing.org\/propietarios\/inspecciones\/"},"modified":"2024-03-09T05:36:57","modified_gmt":"2024-03-09T05:36:57","slug":"inspecciones","status":"publish","type":"page","link":"https:\/\/countyhousing.org\/es\/propietarios\/inspecciones\/","title":{"rendered":"Inspecciones"},"content":{"rendered":"\n<p>Viviendas del Condado inspecciona cada unidad de alquiler utilizando las normas de inspecci\u00f3n establecidas por el HUD. Estas normas establecen los criterios m\u00ednimos para la salud y la seguridad de los participantes en el programa. M\u00e1s informaci\u00f3n sobre inspecciones.<\/p>\n\n<h2 class=\"wp-block-heading has-body-copy-color has-text-color has-link-color wp-elements-dfdaf0b883e473f665f6f15e55ef7ca6\">Tipos de inspecciones<\/h2>\n\n<div class=\"wp-block-group\"><div class=\"wp-block-group__inner-container is-layout-constrained wp-block-group-is-layout-constrained\">\n<h3 class=\"wp-block-heading has-medium-green-color has-text-color has-link-color wp-elements-bf8397747f4b739d71cad10db8b387b1\">Inicial<\/h3>\n\n\n\n<p>Antes de que el titular de un vale pueda mudarse a una unidad, Viviendas del Condado lleva a cabo una inspecci\u00f3n inicial. Consulte el <a href=\"https:\/\/files.hudexchange.info\/resources\/documents\/PIH-HCV-Landlord-HQS-Initial-Inspection-Flowchart.pdf\" target=\"_blank\" rel=\"noreferrer noopener\">Diagrama de flujo de la inspecci\u00f3n inicial de las normas de calidad de la<\/a> vivienda para obtener m\u00e1s informaci\u00f3n.  <\/p>\n\n\n\n<p>Si la unidad pasa la inspecci\u00f3n, el proceso de mudanza puede continuar. Si la unidad no pasa la inspecci\u00f3n, Viviendas del Condado proporcionar\u00e1 una lista de violaciones espec\u00edficas en un informe de inspecci\u00f3n que caus\u00f3 que la unidad no pasara la inspecci\u00f3n. Dicho informe puede encontrarse en su RentCafe Landlord Portal.<\/p>\n\n\n\n<p>Una vez resueltos los problemas, se llevar\u00e1 a cabo una inspecci\u00f3n de seguimiento para verificar que la unidad cumple las normas exigidas y est\u00e1 lista para ser ocupada.<\/p>\n<\/div><\/div>\n\n<div class=\"wp-block-group\"><div class=\"wp-block-group__inner-container is-layout-constrained wp-block-group-is-layout-constrained\">\n<h3 class=\"wp-block-heading has-pink-color has-text-color has-link-color wp-elements-34b338bee62112076715c355e1d39a22\">Bienal<\/h3>\n\n\n\n<p>El HUD exige que todas las unidades HCV se inspeccionen cada 24 meses (como m\u00ednimo). Las inspecciones bienales garantizan que las unidades se mantienen adecuadamente y siguen cumpliendo las normas del HUD.<\/p>\n<\/div><\/div>\n\n<div class=\"wp-block-group\"><div class=\"wp-block-group__inner-container is-layout-constrained wp-block-group-is-layout-constrained\">\n<h3 class=\"wp-block-heading has-teal-color has-text-color has-link-color wp-elements-e911e1d7b2f3f9b36de8dfc5ab895c06\">Especial<\/h3>\n\n\n\n<p>Una inspecci\u00f3n especial se produce como resultado de que el inquilino se ponga en contacto con Viviendas del Condado sobre problemas dentro de la unidad que la administraci\u00f3n de la propiedad no ha reparado.<\/p>\n<\/div><\/div>\n\n<div class=\"wp-block-group\"><div class=\"wp-block-group__inner-container is-layout-constrained wp-block-group-is-layout-constrained\">\n<h3 class=\"wp-block-heading has-medium-dark-blue-color has-text-color has-link-color wp-elements-fbff8f162000e625400048eb75aecdb7\">Control de calidad<\/h3>\n\n\n\n<p>Estas inspecciones son llevadas a cabo por supervisores o gestores sobre el terreno para garantizar que los inspectores de Viviendas del Condado realizan sus inspecciones correctamente. Estos son aleatorios y exigidos por el HUD.<\/p>\n\n\n\n<hr class=\"wp-block-separator has-text-color has-pink-color has-alpha-channel-opacity has-pink-background-color has-background is-style-default\"\/>\n<\/div><\/div>\n\n<p><strong>Nota:  <\/strong><em>Las normas de inspecci\u00f3n del HUD cambiar\u00e1n el 1 de octubre de 2024. Viviendas del Condado proporcionar\u00e1 recursos sobre las nuevas normas a medida que est\u00e9n disponibles. Est\u00e9 atento para obtener m\u00e1s informaci\u00f3n sobre c\u00f3mo le afectar\u00e1 a usted como propietario.<\/em><\/p>\n\n<p><\/p>\n","protected":false},"excerpt":{"rendered":"<p>Viviendas del Condado inspecciona cada unidad de alquiler utilizando las normas de inspecci\u00f3n establecidas por el HUD. Estas normas establecen los criterios m\u00ednimos para la salud y la seguridad de los participantes en el programa. M\u00e1s informaci\u00f3n sobre inspecciones. Tipos de inspecciones Inicial Antes de que el titular de un vale pueda mudarse a una [&hellip;]<\/p>\n","protected":false},"author":1,"featured_media":1551,"parent":1914,"menu_order":0,"comment_status":"closed","ping_status":"closed","template":"","meta":{"_acf_changed":false,"_classifai_error":"","_classifai_text_to_speech_error":"","footnotes":""},"class_list":["post-2009","page","type-page","status-publish","has-post-thumbnail","hentry"],"acf":[],"yoast_head":"<!-- This site is optimized with the Yoast SEO plugin v27.3 - https:\/\/yoast.com\/product\/yoast-seo-wordpress\/ -->\n<title>Inspecciones - Informaci\u00f3n para propietarios - County Housing<\/title>\n<meta name=\"description\" content=\"Viviendas del Condado inspecciona cada unidad de alquiler utilizando las normas de inspecci\u00f3n establecidas por el HUD. Estas normas establecen los criterios m\u00ednimos para la salud y la seguridad de los participantes en el programa. M\u00e1s informaci\u00f3n sobre inspecciones.\" \/>\n<meta name=\"robots\" content=\"index, follow, max-snippet:-1, max-image-preview:large, max-video-preview:-1\" \/>\n<link rel=\"canonical\" href=\"https:\/\/countyhousing.org\/es\/propietarios\/inspecciones\/\" \/>\n<meta property=\"og:locale\" content=\"es_ES\" \/>\n<meta property=\"og:type\" content=\"article\" \/>\n<meta property=\"og:title\" content=\"Inspecciones - Informaci\u00f3n para propietarios - Viviendas de protecci\u00f3n oficial\" \/>\n<meta property=\"og:description\" content=\"Viviendas del Condado inspecciona cada unidad de alquiler utilizando las normas de inspecci\u00f3n establecidas por el HUD. Estas normas establecen los criterios m\u00ednimos para la salud y la seguridad de los participantes en el programa. M\u00e1s informaci\u00f3n sobre inspecciones.\" \/>\n<meta property=\"og:url\" content=\"https:\/\/countyhousing.org\/es\/propietarios\/inspecciones\/\" \/>\n<meta property=\"og:site_name\" content=\"County Housing\" \/>\n<meta property=\"article:modified_time\" content=\"2024-03-09T05:36:57+00:00\" \/>\n<meta property=\"og:image\" content=\"https:\/\/countyhousing.org\/wp-content\/uploads\/2024\/02\/CountyHousing_SocialShare_crop-1024x538.jpg\" \/>\n<meta name=\"twitter:card\" content=\"summary_large_image\" \/>\n<meta name=\"twitter:title\" content=\"Inspecciones - Informaci\u00f3n para propietarios - Viviendas de protecci\u00f3n oficial\" \/>\n<meta name=\"twitter:description\" content=\"Viviendas del Condado inspecciona cada unidad de alquiler utilizando las normas de inspecci\u00f3n establecidas por el HUD. Estas normas establecen los criterios m\u00ednimos para la salud y la seguridad de los participantes en el programa. M\u00e1s informaci\u00f3n sobre inspecciones.\" \/>\n<meta name=\"twitter:image\" content=\"https:\/\/countyhousing.org\/wp-content\/uploads\/2024\/02\/CountyHousing_SocialShare_crop-1024x538.jpg\" \/>\n<meta name=\"twitter:label1\" content=\"Tiempo de lectura\" \/>\n\t<meta name=\"twitter:data1\" content=\"2 minutos\" \/>\n<script type=\"application\/ld+json\" class=\"yoast-schema-graph\">{\"@context\":\"https:\\\/\\\/schema.org\",\"@graph\":[{\"@type\":\"WebPage\",\"@id\":\"https:\\\/\\\/countyhousing.org\\\/es\\\/propietarios\\\/inspecciones\\\/\",\"url\":\"https:\\\/\\\/countyhousing.org\\\/es\\\/propietarios\\\/inspecciones\\\/\",\"name\":\"Inspecciones - Informaci\u00f3n para propietarios - County Housing\",\"isPartOf\":{\"@id\":\"https:\\\/\\\/countyhousing.org\\\/es\\\/#website\"},\"primaryImageOfPage\":{\"@id\":\"https:\\\/\\\/countyhousing.org\\\/es\\\/propietarios\\\/inspecciones\\\/#primaryimage\"},\"image\":{\"@id\":\"https:\\\/\\\/countyhousing.org\\\/es\\\/propietarios\\\/inspecciones\\\/#primaryimage\"},\"thumbnailUrl\":\"https:\\\/\\\/countyhousing.org\\\/wp-content\\\/uploads\\\/2024\\\/03\\\/CH_HeaderBanners_full_2.webp\",\"datePublished\":\"2023-11-16T14:47:01+00:00\",\"dateModified\":\"2024-03-09T05:36:57+00:00\",\"description\":\"Viviendas del Condado inspecciona cada unidad de alquiler utilizando las normas de inspecci\u00f3n establecidas por el HUD. Estas normas establecen los criterios m\u00ednimos para la salud y la seguridad de los participantes en el programa. M\u00e1s informaci\u00f3n sobre inspecciones.\",\"breadcrumb\":{\"@id\":\"https:\\\/\\\/countyhousing.org\\\/es\\\/propietarios\\\/inspecciones\\\/#breadcrumb\"},\"inLanguage\":\"es\",\"potentialAction\":[{\"@type\":\"ReadAction\",\"target\":[\"https:\\\/\\\/countyhousing.org\\\/es\\\/propietarios\\\/inspecciones\\\/\"]}]},{\"@type\":\"ImageObject\",\"inLanguage\":\"es\",\"@id\":\"https:\\\/\\\/countyhousing.org\\\/es\\\/propietarios\\\/inspecciones\\\/#primaryimage\",\"url\":\"https:\\\/\\\/countyhousing.org\\\/wp-content\\\/uploads\\\/2024\\\/03\\\/CH_HeaderBanners_full_2.webp\",\"contentUrl\":\"https:\\\/\\\/countyhousing.org\\\/wp-content\\\/uploads\\\/2024\\\/03\\\/CH_HeaderBanners_full_2.webp\",\"width\":1920,\"height\":279},{\"@type\":\"BreadcrumbList\",\"@id\":\"https:\\\/\\\/countyhousing.org\\\/es\\\/propietarios\\\/inspecciones\\\/#breadcrumb\",\"itemListElement\":[{\"@type\":\"ListItem\",\"position\":1,\"name\":\"Home\",\"item\":\"https:\\\/\\\/countyhousing.org\\\/es\\\/pagina-de-inicio\\\/\"},{\"@type\":\"ListItem\",\"position\":2,\"name\":\"Propietarios\",\"item\":\"https:\\\/\\\/countyhousing.org\\\/es\\\/propietarios\\\/\"},{\"@type\":\"ListItem\",\"position\":3,\"name\":\"Inspecciones\"}]},{\"@type\":\"WebSite\",\"@id\":\"https:\\\/\\\/countyhousing.org\\\/es\\\/#website\",\"url\":\"https:\\\/\\\/countyhousing.org\\\/es\\\/\",\"name\":\"County Housing\",\"description\":\"The Housing Authority of St. Louis County\",\"publisher\":{\"@id\":\"https:\\\/\\\/countyhousing.org\\\/es\\\/#organization\"},\"potentialAction\":[{\"@type\":\"SearchAction\",\"target\":{\"@type\":\"EntryPoint\",\"urlTemplate\":\"https:\\\/\\\/countyhousing.org\\\/es\\\/?s={search_term_string}\"},\"query-input\":{\"@type\":\"PropertyValueSpecification\",\"valueRequired\":true,\"valueName\":\"search_term_string\"}}],\"inLanguage\":\"es\"},{\"@type\":\"Organization\",\"@id\":\"https:\\\/\\\/countyhousing.org\\\/es\\\/#organization\",\"name\":\"County Housing\",\"url\":\"https:\\\/\\\/countyhousing.org\\\/es\\\/\",\"logo\":{\"@type\":\"ImageObject\",\"inLanguage\":\"es\",\"@id\":\"https:\\\/\\\/countyhousing.org\\\/es\\\/#\\\/schema\\\/logo\\\/image\\\/\",\"url\":\"https:\\\/\\\/countyhousing.org\\\/wp-content\\\/uploads\\\/2023\\\/12\\\/CH_Logo_Horizontal_Web_03-1.png\",\"contentUrl\":\"https:\\\/\\\/countyhousing.org\\\/wp-content\\\/uploads\\\/2023\\\/12\\\/CH_Logo_Horizontal_Web_03-1.png\",\"width\":279,\"height\":100,\"caption\":\"County Housing\"},\"image\":{\"@id\":\"https:\\\/\\\/countyhousing.org\\\/es\\\/#\\\/schema\\\/logo\\\/image\\\/\"}}]}<\/script>\n<!-- \/ Yoast SEO plugin. -->","yoast_head_json":{"title":"Inspecciones - Informaci\u00f3n para propietarios - County Housing","description":"Viviendas del Condado inspecciona cada unidad de alquiler utilizando las normas de inspecci\u00f3n establecidas por el HUD. Estas normas establecen los criterios m\u00ednimos para la salud y la seguridad de los participantes en el programa. M\u00e1s informaci\u00f3n sobre inspecciones.","robots":{"index":"index","follow":"follow","max-snippet":"max-snippet:-1","max-image-preview":"max-image-preview:large","max-video-preview":"max-video-preview:-1"},"canonical":"https:\/\/countyhousing.org\/es\/propietarios\/inspecciones\/","og_locale":"es_ES","og_type":"article","og_title":"Inspecciones - Informaci\u00f3n para propietarios - Viviendas de protecci\u00f3n oficial","og_description":"Viviendas del Condado inspecciona cada unidad de alquiler utilizando las normas de inspecci\u00f3n establecidas por el HUD. Estas normas establecen los criterios m\u00ednimos para la salud y la seguridad de los participantes en el programa. M\u00e1s informaci\u00f3n sobre inspecciones.","og_url":"https:\/\/countyhousing.org\/es\/propietarios\/inspecciones\/","og_site_name":"County Housing","article_modified_time":"2024-03-09T05:36:57+00:00","og_image":[{"url":"https:\/\/countyhousing.org\/wp-content\/uploads\/2024\/02\/CountyHousing_SocialShare_crop-1024x538.jpg","type":"","width":"","height":""}],"twitter_card":"summary_large_image","twitter_title":"Inspecciones - Informaci\u00f3n para propietarios - Viviendas de protecci\u00f3n oficial","twitter_description":"Viviendas del Condado inspecciona cada unidad de alquiler utilizando las normas de inspecci\u00f3n establecidas por el HUD. Estas normas establecen los criterios m\u00ednimos para la salud y la seguridad de los participantes en el programa. M\u00e1s informaci\u00f3n sobre inspecciones.","twitter_image":"https:\/\/countyhousing.org\/wp-content\/uploads\/2024\/02\/CountyHousing_SocialShare_crop-1024x538.jpg","twitter_misc":{"Tiempo de lectura":"2 minutos"},"schema":{"@context":"https:\/\/schema.org","@graph":[{"@type":"WebPage","@id":"https:\/\/countyhousing.org\/es\/propietarios\/inspecciones\/","url":"https:\/\/countyhousing.org\/es\/propietarios\/inspecciones\/","name":"Inspecciones - Informaci\u00f3n para propietarios - County Housing","isPartOf":{"@id":"https:\/\/countyhousing.org\/es\/#website"},"primaryImageOfPage":{"@id":"https:\/\/countyhousing.org\/es\/propietarios\/inspecciones\/#primaryimage"},"image":{"@id":"https:\/\/countyhousing.org\/es\/propietarios\/inspecciones\/#primaryimage"},"thumbnailUrl":"https:\/\/countyhousing.org\/wp-content\/uploads\/2024\/03\/CH_HeaderBanners_full_2.webp","datePublished":"2023-11-16T14:47:01+00:00","dateModified":"2024-03-09T05:36:57+00:00","description":"Viviendas del Condado inspecciona cada unidad de alquiler utilizando las normas de inspecci\u00f3n establecidas por el HUD. Estas normas establecen los criterios m\u00ednimos para la salud y la seguridad de los participantes en el programa. M\u00e1s informaci\u00f3n sobre inspecciones.","breadcrumb":{"@id":"https:\/\/countyhousing.org\/es\/propietarios\/inspecciones\/#breadcrumb"},"inLanguage":"es","potentialAction":[{"@type":"ReadAction","target":["https:\/\/countyhousing.org\/es\/propietarios\/inspecciones\/"]}]},{"@type":"ImageObject","inLanguage":"es","@id":"https:\/\/countyhousing.org\/es\/propietarios\/inspecciones\/#primaryimage","url":"https:\/\/countyhousing.org\/wp-content\/uploads\/2024\/03\/CH_HeaderBanners_full_2.webp","contentUrl":"https:\/\/countyhousing.org\/wp-content\/uploads\/2024\/03\/CH_HeaderBanners_full_2.webp","width":1920,"height":279},{"@type":"BreadcrumbList","@id":"https:\/\/countyhousing.org\/es\/propietarios\/inspecciones\/#breadcrumb","itemListElement":[{"@type":"ListItem","position":1,"name":"Home","item":"https:\/\/countyhousing.org\/es\/pagina-de-inicio\/"},{"@type":"ListItem","position":2,"name":"Propietarios","item":"https:\/\/countyhousing.org\/es\/propietarios\/"},{"@type":"ListItem","position":3,"name":"Inspecciones"}]},{"@type":"WebSite","@id":"https:\/\/countyhousing.org\/es\/#website","url":"https:\/\/countyhousing.org\/es\/","name":"County Housing","description":"The Housing Authority of St. Louis County","publisher":{"@id":"https:\/\/countyhousing.org\/es\/#organization"},"potentialAction":[{"@type":"SearchAction","target":{"@type":"EntryPoint","urlTemplate":"https:\/\/countyhousing.org\/es\/?s={search_term_string}"},"query-input":{"@type":"PropertyValueSpecification","valueRequired":true,"valueName":"search_term_string"}}],"inLanguage":"es"},{"@type":"Organization","@id":"https:\/\/countyhousing.org\/es\/#organization","name":"County Housing","url":"https:\/\/countyhousing.org\/es\/","logo":{"@type":"ImageObject","inLanguage":"es","@id":"https:\/\/countyhousing.org\/es\/#\/schema\/logo\/image\/","url":"https:\/\/countyhousing.org\/wp-content\/uploads\/2023\/12\/CH_Logo_Horizontal_Web_03-1.png","contentUrl":"https:\/\/countyhousing.org\/wp-content\/uploads\/2023\/12\/CH_Logo_Horizontal_Web_03-1.png","width":279,"height":100,"caption":"County Housing"},"image":{"@id":"https:\/\/countyhousing.org\/es\/#\/schema\/logo\/image\/"}}]}},"_links":{"self":[{"href":"https:\/\/countyhousing.org\/es\/wp-json\/wp\/v2\/pages\/2009","targetHints":{"allow":["GET"]}}],"collection":[{"href":"https:\/\/countyhousing.org\/es\/wp-json\/wp\/v2\/pages"}],"about":[{"href":"https:\/\/countyhousing.org\/es\/wp-json\/wp\/v2\/types\/page"}],"author":[{"embeddable":true,"href":"https:\/\/countyhousing.org\/es\/wp-json\/wp\/v2\/users\/1"}],"replies":[{"embeddable":true,"href":"https:\/\/countyhousing.org\/es\/wp-json\/wp\/v2\/comments?post=2009"}],"version-history":[{"count":0,"href":"https:\/\/countyhousing.org\/es\/wp-json\/wp\/v2\/pages\/2009\/revisions"}],"up":[{"embeddable":true,"href":"https:\/\/countyhousing.org\/es\/wp-json\/wp\/v2\/pages\/1914"}],"wp:featuredmedia":[{"embeddable":true,"href":"https:\/\/countyhousing.org\/es\/wp-json\/wp\/v2\/media\/1551"}],"wp:attachment":[{"href":"https:\/\/countyhousing.org\/es\/wp-json\/wp\/v2\/media?parent=2009"}],"curies":[{"name":"wp","href":"https:\/\/api.w.org\/{rel}","templated":true}]}}