{"id":2007,"date":"2023-11-16T14:50:13","date_gmt":"2023-11-16T20:50:13","guid":{"rendered":"https:\/\/countyhousing.org\/oportunidades-de-desarrollo-y-asociacion\/"},"modified":"2025-05-07T15:10:41","modified_gmt":"2025-05-07T20:10:41","slug":"oportunidades-de-desarrollo-y-asociacion","status":"publish","type":"page","link":"https:\/\/countyhousing.org\/es\/oportunidades-de-desarrollo-y-asociacion\/","title":{"rendered":"Oportunidades de desarrollo y asociaci\u00f3n"},"content":{"rendered":"\n<p>Hay escasez de viviendas asequibles en Estados Unidos. En el condado de San Luis, la necesidad de viviendas asequibles nunca ha sido mayor.<\/p>\n\n<p>Viviendas del Condado se compromete a crear m\u00e1s viviendas asequibles en las comunidades a las que servimos. Tambi\u00e9n creemos en la fuerza de las asociaciones. Tenemos una amplia experiencia trabajando con promotores, residentes y funcionarios de la comunidad, organizaciones y otras partes interesadas para dar vida a proyectos de vivienda y hacer que la vivienda asequible funcione mejor para nuestros socios y las personas y comunidades a las que servimos.<\/p>\n\n<blockquote class=\"wp-block-quote has-gold-background-color has-background is-layout-flow wp-block-quote-is-layout-flow\">\n<p>Si est\u00e1s interesado en asociarte con Viviendas del Condado en un proyecto de vivienda asequible, env\u00eda un correo electr\u00f3nico a Kurt Schulte a <a href=\"mailto:kschulte@drpartnersllc.com\" target=\"_blank\" rel=\"noreferrer noopener\">kschulte@drpartnersllc.com.<\/a><\/p>\n<\/blockquote>\n\n<div class=\"wp-block-group\"><div class=\"wp-block-group__inner-container is-layout-constrained wp-block-group-is-layout-constrained\">\n<h2 class=\"wp-block-heading has-body-copy-color has-text-color has-link-color wp-elements-64489d78a1fbfe50d215ceeffbd11cf1\">Nuestras asociaciones<\/h2>\n\n\n\n<div style=\"height:10px\" aria-hidden=\"true\" class=\"wp-block-spacer\"><\/div>\n\n\n\n<h3 class=\"wp-block-heading\">Gobiernos y organismos locales<\/h3>\n\n\n\n<p>Mantenemos s\u00f3lidas relaciones con los gobiernos y organismos locales para alinear nuestros esfuerzos con iniciativas m\u00e1s amplias de desarrollo comunitario. Estas asociaciones garantizan que nuestros programas de vivienda se integren en las estrategias locales de mejora de la comunidad.<\/p>\n\n\n\n<h3 class=\"wp-block-heading has-medium-green-color has-text-color has-link-color wp-elements-fa903ba25ea2d95a5e5e4a7572254874\">Promotores de viviendas<\/h3>\n\n\n\n<p>Fomentamos relaciones productivas con promotores inmobiliarios para ampliar nuestras opciones de vivienda asequible. Estas asociaciones nos ayudan a aumentar la disponibilidad de viviendas asequibles.<\/p>\n\n\n\n<h3 class=\"wp-block-heading has-pink-color has-text-color has-link-color wp-elements-e9abc634ea0b6b62a0b3b89d43639332\">Propietarios<\/h3>\n\n\n\n<p>Buscamos activamente nuevos propietarios que compartan nuestro compromiso con la vivienda asequible de calidad. Al colaborar con estos socios, trabajamos para diversificar las opciones de vivienda, mejorar las condiciones de los inmuebles y ofrecer m\u00e1s opciones a nuestros residentes.<\/p>\n\n\n\n<h3 class=\"wp-block-heading has-teal-color has-text-color has-link-color wp-elements-35ddba1fc1a690c4e426ba879891dd56\">Organizaciones comunitarias<\/h3>\n\n\n\n<p>La colaboraci\u00f3n con organizaciones sin \u00e1nimo de lucro mejora nuestra capacidad para proporcionar a los residentes acceso a servicios esenciales. Estas asociaciones nos permiten ampliar nuestro alcance y ofrecer una amplia gama de recursos a nuestros residentes.<\/p>\n\n\n\n<h3 class=\"wp-block-heading has-medium-dark-blue-color has-text-color has-link-color wp-elements-723aa86dc8e053a98673ecacfc85ada8\">Residentes y asociaciones de residentes<\/h3>\n\n\n\n<p>Colaboramos activamente con nuestros residentes y asociaciones de residentes para garantizar que sus voces sean escuchadas. Esta asociaci\u00f3n fomenta los comentarios, las ideas y las iniciativas que refuerzan el sentido de comunidad y propiedad entre los residentes.<\/p>\n<\/div><\/div>\n","protected":false},"excerpt":{"rendered":"<p>Hay escasez de viviendas asequibles en Estados Unidos. En el condado de San Luis, la necesidad de viviendas asequibles nunca ha sido mayor. Viviendas del Condado se compromete a crear m\u00e1s viviendas asequibles en las comunidades a las que servimos. Tambi\u00e9n creemos en la fuerza de las asociaciones. Tenemos una amplia experiencia trabajando con promotores, [&hellip;]<\/p>\n","protected":false},"author":1,"featured_media":0,"parent":0,"menu_order":0,"comment_status":"closed","ping_status":"closed","template":"","meta":{"_acf_changed":false,"footnotes":""},"class_list":["post-2007","page","type-page","status-publish","hentry"],"acf":[],"yoast_head":"<!-- This site is optimized with the Yoast SEO plugin v27.5 - https:\/\/yoast.com\/product\/yoast-seo-wordpress\/ -->\n<title>Oportunidades de desarrollo y asociaci\u00f3n - County Housing<\/title>\n<meta name=\"description\" content=\"Viviendas del Condado se compromete a crear m\u00e1s viviendas asequibles en las comunidades a las que servimos. Tambi\u00e9n creemos en la fuerza de las asociaciones. Tenemos una amplia experiencia trabajando con promotores, residentes y funcionarios de la comunidad, organizaciones y otras partes interesadas para dar vida a proyectos de vivienda y hacer que la vivienda asequible funcione mejor para nuestros socios y las personas y comunidades a las que servimos.\" \/>\n<meta name=\"robots\" content=\"index, follow, max-snippet:-1, max-image-preview:large, max-video-preview:-1\" \/>\n<link rel=\"canonical\" href=\"https:\/\/countyhousing.org\/es\/oportunidades-de-desarrollo-y-asociacion\/\" \/>\n<meta property=\"og:locale\" content=\"es_ES\" \/>\n<meta property=\"og:type\" content=\"article\" \/>\n<meta property=\"og:title\" content=\"Oportunidades de desarrollo y asociaci\u00f3n - Vivienda del condado\" \/>\n<meta property=\"og:description\" content=\"Viviendas del Condado se compromete a crear m\u00e1s viviendas asequibles en las comunidades a las que servimos. Tambi\u00e9n creemos en la fuerza de las asociaciones. Tenemos una amplia experiencia trabajando con promotores, residentes y funcionarios de la comunidad, organizaciones y otras partes interesadas para dar vida a proyectos de vivienda y hacer que la vivienda asequible funcione mejor para nuestros socios y las personas y comunidades a las que servimos.\" \/>\n<meta property=\"og:url\" content=\"https:\/\/countyhousing.org\/es\/oportunidades-de-desarrollo-y-asociacion\/\" \/>\n<meta property=\"og:site_name\" content=\"County Housing\" \/>\n<meta property=\"article:modified_time\" content=\"2025-05-07T20:10:41+00:00\" \/>\n<meta property=\"og:image\" content=\"https:\/\/countyhousing.org\/wp-content\/uploads\/2024\/02\/CountyHousing_SocialShare_crop-1024x538.jpg\" \/>\n<meta name=\"twitter:card\" content=\"summary_large_image\" \/>\n<meta name=\"twitter:title\" content=\"Oportunidades de desarrollo y asociaci\u00f3n - Vivienda del condado\" \/>\n<meta name=\"twitter:description\" content=\"Viviendas del Condado se compromete a crear m\u00e1s viviendas asequibles en las comunidades a las que servimos. Tambi\u00e9n creemos en la fuerza de las asociaciones. Tenemos una amplia experiencia trabajando con promotores, residentes y funcionarios de la comunidad, organizaciones y otras partes interesadas para dar vida a proyectos de vivienda y hacer que la vivienda asequible funcione mejor para nuestros socios y las personas y comunidades a las que servimos.\" \/>\n<meta name=\"twitter:image\" content=\"https:\/\/countyhousing.org\/wp-content\/uploads\/2024\/02\/CountyHousing_SocialShare_crop-1024x538.jpg\" \/>\n<meta name=\"twitter:label1\" content=\"Tiempo de lectura\" \/>\n\t<meta name=\"twitter:data1\" content=\"2 minutos\" \/>\n<script type=\"application\/ld+json\" class=\"yoast-schema-graph\">{\"@context\":\"https:\\\/\\\/schema.org\",\"@graph\":[{\"@type\":\"WebPage\",\"@id\":\"https:\\\/\\\/countyhousing.org\\\/es\\\/oportunidades-de-desarrollo-y-asociacion\\\/\",\"url\":\"https:\\\/\\\/countyhousing.org\\\/es\\\/oportunidades-de-desarrollo-y-asociacion\\\/\",\"name\":\"Oportunidades de desarrollo y asociaci\u00f3n - County Housing\",\"isPartOf\":{\"@id\":\"https:\\\/\\\/countyhousing.org\\\/es\\\/#website\"},\"datePublished\":\"2023-11-16T20:50:13+00:00\",\"dateModified\":\"2025-05-07T20:10:41+00:00\",\"description\":\"Viviendas del Condado se compromete a crear m\u00e1s viviendas asequibles en las comunidades a las que servimos. Tambi\u00e9n creemos en la fuerza de las asociaciones. Tenemos una amplia experiencia trabajando con promotores, residentes y funcionarios de la comunidad, organizaciones y otras partes interesadas para dar vida a proyectos de vivienda y hacer que la vivienda asequible funcione mejor para nuestros socios y las personas y comunidades a las que servimos.\",\"breadcrumb\":{\"@id\":\"https:\\\/\\\/countyhousing.org\\\/es\\\/oportunidades-de-desarrollo-y-asociacion\\\/#breadcrumb\"},\"inLanguage\":\"es\",\"potentialAction\":[{\"@type\":\"ReadAction\",\"target\":[\"https:\\\/\\\/countyhousing.org\\\/es\\\/oportunidades-de-desarrollo-y-asociacion\\\/\"]}]},{\"@type\":\"BreadcrumbList\",\"@id\":\"https:\\\/\\\/countyhousing.org\\\/es\\\/oportunidades-de-desarrollo-y-asociacion\\\/#breadcrumb\",\"itemListElement\":[{\"@type\":\"ListItem\",\"position\":1,\"name\":\"Home\",\"item\":\"https:\\\/\\\/countyhousing.org\\\/es\\\/pagina-de-inicio\\\/\"},{\"@type\":\"ListItem\",\"position\":2,\"name\":\"Oportunidades de desarrollo y asociaci\u00f3n\"}]},{\"@type\":\"WebSite\",\"@id\":\"https:\\\/\\\/countyhousing.org\\\/es\\\/#website\",\"url\":\"https:\\\/\\\/countyhousing.org\\\/es\\\/\",\"name\":\"County Housing\",\"description\":\"The Housing Authority of St. Louis County\",\"publisher\":{\"@id\":\"https:\\\/\\\/countyhousing.org\\\/es\\\/#organization\"},\"potentialAction\":[{\"@type\":\"SearchAction\",\"target\":{\"@type\":\"EntryPoint\",\"urlTemplate\":\"https:\\\/\\\/countyhousing.org\\\/es\\\/?s={search_term_string}\"},\"query-input\":{\"@type\":\"PropertyValueSpecification\",\"valueRequired\":true,\"valueName\":\"search_term_string\"}}],\"inLanguage\":\"es\"},{\"@type\":\"Organization\",\"@id\":\"https:\\\/\\\/countyhousing.org\\\/es\\\/#organization\",\"name\":\"County Housing\",\"url\":\"https:\\\/\\\/countyhousing.org\\\/es\\\/\",\"logo\":{\"@type\":\"ImageObject\",\"inLanguage\":\"es\",\"@id\":\"https:\\\/\\\/countyhousing.org\\\/es\\\/#\\\/schema\\\/logo\\\/image\\\/\",\"url\":\"https:\\\/\\\/countyhousing.org\\\/wp-content\\\/uploads\\\/2023\\\/12\\\/CH_Logo_Horizontal_Web_03-1.png\",\"contentUrl\":\"https:\\\/\\\/countyhousing.org\\\/wp-content\\\/uploads\\\/2023\\\/12\\\/CH_Logo_Horizontal_Web_03-1.png\",\"width\":279,\"height\":100,\"caption\":\"County Housing\"},\"image\":{\"@id\":\"https:\\\/\\\/countyhousing.org\\\/es\\\/#\\\/schema\\\/logo\\\/image\\\/\"}}]}<\/script>\n<!-- \/ Yoast SEO plugin. -->","yoast_head_json":{"title":"Oportunidades de desarrollo y asociaci\u00f3n - County Housing","description":"Viviendas del Condado se compromete a crear m\u00e1s viviendas asequibles en las comunidades a las que servimos. Tambi\u00e9n creemos en la fuerza de las asociaciones. Tenemos una amplia experiencia trabajando con promotores, residentes y funcionarios de la comunidad, organizaciones y otras partes interesadas para dar vida a proyectos de vivienda y hacer que la vivienda asequible funcione mejor para nuestros socios y las personas y comunidades a las que servimos.","robots":{"index":"index","follow":"follow","max-snippet":"max-snippet:-1","max-image-preview":"max-image-preview:large","max-video-preview":"max-video-preview:-1"},"canonical":"https:\/\/countyhousing.org\/es\/oportunidades-de-desarrollo-y-asociacion\/","og_locale":"es_ES","og_type":"article","og_title":"Oportunidades de desarrollo y asociaci\u00f3n - Vivienda del condado","og_description":"Viviendas del Condado se compromete a crear m\u00e1s viviendas asequibles en las comunidades a las que servimos. Tambi\u00e9n creemos en la fuerza de las asociaciones. Tenemos una amplia experiencia trabajando con promotores, residentes y funcionarios de la comunidad, organizaciones y otras partes interesadas para dar vida a proyectos de vivienda y hacer que la vivienda asequible funcione mejor para nuestros socios y las personas y comunidades a las que servimos.","og_url":"https:\/\/countyhousing.org\/es\/oportunidades-de-desarrollo-y-asociacion\/","og_site_name":"County Housing","article_modified_time":"2025-05-07T20:10:41+00:00","og_image":[{"url":"https:\/\/countyhousing.org\/wp-content\/uploads\/2024\/02\/CountyHousing_SocialShare_crop-1024x538.jpg","type":"","width":"","height":""}],"twitter_card":"summary_large_image","twitter_title":"Oportunidades de desarrollo y asociaci\u00f3n - Vivienda del condado","twitter_description":"Viviendas del Condado se compromete a crear m\u00e1s viviendas asequibles en las comunidades a las que servimos. Tambi\u00e9n creemos en la fuerza de las asociaciones. Tenemos una amplia experiencia trabajando con promotores, residentes y funcionarios de la comunidad, organizaciones y otras partes interesadas para dar vida a proyectos de vivienda y hacer que la vivienda asequible funcione mejor para nuestros socios y las personas y comunidades a las que servimos.","twitter_image":"https:\/\/countyhousing.org\/wp-content\/uploads\/2024\/02\/CountyHousing_SocialShare_crop-1024x538.jpg","twitter_misc":{"Tiempo de lectura":"2 minutos"},"schema":{"@context":"https:\/\/schema.org","@graph":[{"@type":"WebPage","@id":"https:\/\/countyhousing.org\/es\/oportunidades-de-desarrollo-y-asociacion\/","url":"https:\/\/countyhousing.org\/es\/oportunidades-de-desarrollo-y-asociacion\/","name":"Oportunidades de desarrollo y asociaci\u00f3n - County Housing","isPartOf":{"@id":"https:\/\/countyhousing.org\/es\/#website"},"datePublished":"2023-11-16T20:50:13+00:00","dateModified":"2025-05-07T20:10:41+00:00","description":"Viviendas del Condado se compromete a crear m\u00e1s viviendas asequibles en las comunidades a las que servimos. Tambi\u00e9n creemos en la fuerza de las asociaciones. Tenemos una amplia experiencia trabajando con promotores, residentes y funcionarios de la comunidad, organizaciones y otras partes interesadas para dar vida a proyectos de vivienda y hacer que la vivienda asequible funcione mejor para nuestros socios y las personas y comunidades a las que servimos.","breadcrumb":{"@id":"https:\/\/countyhousing.org\/es\/oportunidades-de-desarrollo-y-asociacion\/#breadcrumb"},"inLanguage":"es","potentialAction":[{"@type":"ReadAction","target":["https:\/\/countyhousing.org\/es\/oportunidades-de-desarrollo-y-asociacion\/"]}]},{"@type":"BreadcrumbList","@id":"https:\/\/countyhousing.org\/es\/oportunidades-de-desarrollo-y-asociacion\/#breadcrumb","itemListElement":[{"@type":"ListItem","position":1,"name":"Home","item":"https:\/\/countyhousing.org\/es\/pagina-de-inicio\/"},{"@type":"ListItem","position":2,"name":"Oportunidades de desarrollo y asociaci\u00f3n"}]},{"@type":"WebSite","@id":"https:\/\/countyhousing.org\/es\/#website","url":"https:\/\/countyhousing.org\/es\/","name":"County Housing","description":"The Housing Authority of St. Louis County","publisher":{"@id":"https:\/\/countyhousing.org\/es\/#organization"},"potentialAction":[{"@type":"SearchAction","target":{"@type":"EntryPoint","urlTemplate":"https:\/\/countyhousing.org\/es\/?s={search_term_string}"},"query-input":{"@type":"PropertyValueSpecification","valueRequired":true,"valueName":"search_term_string"}}],"inLanguage":"es"},{"@type":"Organization","@id":"https:\/\/countyhousing.org\/es\/#organization","name":"County Housing","url":"https:\/\/countyhousing.org\/es\/","logo":{"@type":"ImageObject","inLanguage":"es","@id":"https:\/\/countyhousing.org\/es\/#\/schema\/logo\/image\/","url":"https:\/\/countyhousing.org\/wp-content\/uploads\/2023\/12\/CH_Logo_Horizontal_Web_03-1.png","contentUrl":"https:\/\/countyhousing.org\/wp-content\/uploads\/2023\/12\/CH_Logo_Horizontal_Web_03-1.png","width":279,"height":100,"caption":"County Housing"},"image":{"@id":"https:\/\/countyhousing.org\/es\/#\/schema\/logo\/image\/"}}]}},"_links":{"self":[{"href":"https:\/\/countyhousing.org\/es\/wp-json\/wp\/v2\/pages\/2007","targetHints":{"allow":["GET"]}}],"collection":[{"href":"https:\/\/countyhousing.org\/es\/wp-json\/wp\/v2\/pages"}],"about":[{"href":"https:\/\/countyhousing.org\/es\/wp-json\/wp\/v2\/types\/page"}],"author":[{"embeddable":true,"href":"https:\/\/countyhousing.org\/es\/wp-json\/wp\/v2\/users\/1"}],"replies":[{"embeddable":true,"href":"https:\/\/countyhousing.org\/es\/wp-json\/wp\/v2\/comments?post=2007"}],"version-history":[{"count":0,"href":"https:\/\/countyhousing.org\/es\/wp-json\/wp\/v2\/pages\/2007\/revisions"}],"wp:attachment":[{"href":"https:\/\/countyhousing.org\/es\/wp-json\/wp\/v2\/media?parent=2007"}],"curies":[{"name":"wp","href":"https:\/\/api.w.org\/{rel}","templated":true}]}}