{"id":1906,"date":"2023-12-20T04:51:36","date_gmt":"2023-12-20T10:51:36","guid":{"rendered":"https:\/\/countyhousing.org\/inspecciones\/"},"modified":"2026-03-05T14:56:11","modified_gmt":"2026-03-05T20:56:11","slug":"inspecciones","status":"publish","type":"page","link":"https:\/\/countyhousing.org\/es\/programas-de-vivienda\/programa-de-vales-de-eleccion-de-vivienda\/inspecciones\/","title":{"rendered":"Inspecciones"},"content":{"rendered":"\n<p>Hay cuatro tipos de inspecciones que el Condado de Vivienda lleva a cabo en los hogares en el programa HCV. (Tenga en cuenta que el departamento de Inspecciones de Calidad de la Vivienda no realiza trabajos en su vivienda. Todas las mejoras o reparaciones en la unidad debe ser completado por el propietario despu\u00e9s de lo cual el Condado de Vivienda inspeccionar\u00e1 para garantizar la calidad de la vivienda).<\/p>\n\n<div class=\"wp-block-group\"><div class=\"wp-block-group__inner-container is-layout-constrained wp-block-group-is-layout-constrained\">\n<h2 class=\"wp-block-heading has-teal-color has-text-color has-link-color has-large-font-size wp-elements-de5c773dd0e32edfecf62b4ffa5e25ce\">Inspecci\u00f3n inicial<\/h2>\n\n\n\n<p>Antes de que un participante en el programa pueda mudarse a una vivienda, Viviendas del Condado debe realizar una inspecci\u00f3n para asegurarse de que cumple las normas de calidad de la vivienda y es segura para que la familia se instale en ella.<\/p>\n<\/div><\/div>\n\n<div class=\"wp-block-group\"><div class=\"wp-block-group__inner-container is-layout-constrained wp-block-group-is-layout-constrained\">\n<h2 class=\"wp-block-heading has-medium-green-color has-text-color has-link-color has-large-font-size wp-elements-3afb886122b15fc890840a14e9a7ebaf\">Inspecci\u00f3n bienal<\/h2>\n\n\n\n<p>El HUD exige que todas las viviendas HCV sean inspeccionadas cada 24 meses como m\u00ednimo. Las inspecciones bienales garantizan que las unidades se mantienen adecuadamente y siguen cumpliendo las normas.<\/p>\n<\/div><\/div>\n\n<div class=\"wp-block-group\"><div class=\"wp-block-group__inner-container is-layout-constrained wp-block-group-is-layout-constrained\">\n<h2 class=\"wp-block-heading has-pink-color has-text-color has-link-color has-large-font-size wp-elements-f3338f3317ec37d84e01c6a270499891\">Inspecciones especiales<\/h2>\n\n\n\n<p>Las inspecciones especiales se producen cuando un residente se pone en contacto con Viviendas del Condado por problemas en la unidad que la administraci\u00f3n de la propiedad no ha reparado. Si ya ha hablado del problema con su casero, puede <a href=\"https:\/\/countyhousing.org\/es\/formulario-de-solicitud-de-inspeccion\/\">solicitar una inspecci\u00f3n a Viviendas del Condado utilizando este formulario<\/a>.<\/p>\n<\/div><\/div>\n\n<div class=\"wp-block-group\"><div class=\"wp-block-group__inner-container is-layout-constrained wp-block-group-is-layout-constrained\">\n<h2 class=\"wp-block-heading has-medium-dark-blue-color has-text-color has-link-color has-large-font-size wp-elements-9c2e904625228d8904343b17a3bebb7f\">Inspecciones de control de calidad<\/h2>\n\n\n\n<p>Los supervisores o gerentes del departamento de Inspecciones de Calidad de la Vivienda llevar\u00e1n a cabo inspecciones de control de calidad para garantizar que los inspectores de Viviendas del Condado las realizan correctamente. Estas inspecciones son aleatorias y las exige el HUD.<\/p>\n<\/div><\/div>\n\n<div class=\"wp-block-group\"><div class=\"wp-block-group__inner-container is-layout-constrained wp-block-group-is-layout-constrained\">\n<h2 class=\"wp-block-heading has-teal-color has-text-color has-link-color has-large-font-size wp-elements-05269d005ae27f8339f83908b1cb3e53\">Preguntas frecuentes<\/h2>\n\n\n\n<div style=\"height:10px\" aria-hidden=\"true\" class=\"wp-block-spacer\"><\/div>\n\n\n\n<details class=\"wp-block-details is-layout-flow wp-block-details-is-layout-flow\" style=\"font-style:normal;font-weight:700\"><summary>\u00bfC\u00f3mo sabr\u00e9 cu\u00e1ndo van a inspeccionar mi casa?<\/summary>\n<p style=\"font-style:normal;font-weight:400\">El departamento de Inspecciones de Calidad de la Vivienda se lo notificar\u00e1 por escrito antes de la inspecci\u00f3n para asegurarse de que usted o el propietario est\u00e1n presentes para permitir la entrada del inspector en la vivienda.<\/p>\n<\/details>\n\n\n\n<div style=\"height:20px\" aria-hidden=\"true\" class=\"wp-block-spacer\"><\/div>\n\n\n\n<details class=\"wp-block-details is-layout-flow wp-block-details-is-layout-flow\" style=\"font-style:normal;font-weight:700\"><summary>\u00bfQu\u00e9 busca Viviendas del Condado durante la inspecci\u00f3n?<\/summary>\n<p style=\"font-style:normal;font-weight:400\">El objetivo de nuestras inspecciones de calidad de la vivienda es siempre garantizar que su casa sea un lugar seguro y saludable para vivir y que la unidad cumpla todas nuestras normas.<\/p>\n\n\n\n<p style=\"font-style:normal;font-weight:400\"><strong>Seguridad<\/strong><br\/>Queremos asegurarnos de que la propiedad est\u00e1 libre de peligros como cableado expuesto, fontaner\u00eda defectuosa o da\u00f1os estructurales.<\/p>\n\n\n\n<p style=\"font-style:normal;font-weight:400\"><strong>Limpieza<\/strong><br\/>Comprueba la limpieza y el saneamiento, que pueden incluir la ausencia de moho, plagas y acumulaci\u00f3n de basura.<\/p>\n\n\n\n<p style=\"font-style:normal;font-weight:400\"><strong>Servicios p\u00fablicos en funcionamiento<\/strong><br\/>Confirma que los servicios p\u00fablicos esenciales, como el agua, la calefacci\u00f3n y la electricidad, est\u00e1n encendidos y funcionan correctamente.<\/p>\n\n\n\n<p style=\"font-style:normal;font-weight:400\"><strong>Electrodom\u00e9sticos<\/strong><br\/>Comprueba que los electrodom\u00e9sticos proporcionados por el propietario, si los hay, funcionan correctamente.<\/p>\n\n\n\n<p style=\"font-style:normal;font-weight:400\"><strong>Seguridad<\/strong><br\/>Comprueba que las puertas y ventanas son seguras y que las cerraduras funcionan.<\/p>\n\n\n\n<p style=\"font-style:normal;font-weight:400\"><strong>Integridad estructural<\/strong><br\/>Eval\u00faa el estado general de la estructura del inmueble, incluidas paredes, suelos y techos.  <\/p>\n<\/details>\n\n\n\n<div style=\"height:20px\" aria-hidden=\"true\" class=\"wp-block-spacer\"><\/div>\n\n\n\n<details class=\"wp-block-details is-layout-flow wp-block-details-is-layout-flow\" style=\"font-style:normal;font-weight:700\"><summary>\u00bfQu\u00e9 ocurre despu\u00e9s de una inspecci\u00f3n?<\/summary>\n<p style=\"font-style:normal;font-weight:400\">Un d\u00eda despu\u00e9s de finalizada la inspecci\u00f3n, se enviar\u00e1 por correo electr\u00f3nico tanto al propietario como al residente una copia del informe con las deficiencias que deban subsanarse.<\/p>\n<\/details>\n<\/div><\/div>\n","protected":false},"excerpt":{"rendered":"<p>Hay cuatro tipos de inspecciones que el Condado de Vivienda lleva a cabo en los hogares en el programa HCV. (Tenga en cuenta que el departamento de Inspecciones de Calidad de la Vivienda no realiza trabajos en su vivienda. Todas las mejoras o reparaciones en la unidad debe ser completado por el propietario despu\u00e9s de [&hellip;]<\/p>\n","protected":false},"author":1,"featured_media":1547,"parent":1993,"menu_order":0,"comment_status":"closed","ping_status":"closed","template":"","meta":{"_acf_changed":false,"footnotes":""},"class_list":["post-1906","page","type-page","status-publish","has-post-thumbnail","hentry"],"acf":[],"yoast_head":"<!-- This site is optimized with the Yoast SEO plugin v27.4 - https:\/\/yoast.com\/product\/yoast-seo-wordpress\/ -->\n<title>Inspecciones - Programa de vales de elecci\u00f3n de vivienda - County Housing<\/title>\n<meta name=\"description\" content=\"Hay cuatro tipos de inspecciones que el Condado de Vivienda lleva a cabo en los hogares en el programa HCV. (Tenga en cuenta que el departamento de Inspecciones de Calidad de la Vivienda no realiza trabajos en su vivienda. Todas las mejoras o reparaciones en la unidad debe ser completado por el propietario despu\u00e9s de lo cual el Condado de Vivienda inspeccionar\u00e1 para garantizar la calidad de la vivienda).\" \/>\n<meta name=\"robots\" content=\"index, follow, max-snippet:-1, max-image-preview:large, max-video-preview:-1\" \/>\n<link rel=\"canonical\" href=\"https:\/\/countyhousing.org\/es\/programas-de-vivienda\/programa-de-vales-de-eleccion-de-vivienda\/inspecciones\/\" \/>\n<meta property=\"og:locale\" content=\"es_ES\" \/>\n<meta property=\"og:type\" content=\"article\" \/>\n<meta property=\"og:title\" content=\"Inspecciones - Programa de vales de elecci\u00f3n de vivienda - Viviendas del condado\" \/>\n<meta property=\"og:description\" content=\"Hay cuatro tipos de inspecciones que el Condado de Vivienda lleva a cabo en los hogares en el programa HCV. (Tenga en cuenta que el departamento de Inspecciones de Calidad de la Vivienda no realiza trabajos en su vivienda. Todas las mejoras o reparaciones en la unidad debe ser completado por el propietario despu\u00e9s de lo cual el Condado de Vivienda inspeccionar\u00e1 para garantizar la calidad de la vivienda).\" \/>\n<meta property=\"og:url\" content=\"https:\/\/countyhousing.org\/es\/programas-de-vivienda\/programa-de-vales-de-eleccion-de-vivienda\/inspecciones\/\" \/>\n<meta property=\"og:site_name\" content=\"County Housing\" \/>\n<meta property=\"article:modified_time\" content=\"2026-03-05T20:56:11+00:00\" \/>\n<meta property=\"og:image\" content=\"https:\/\/countyhousing.org\/wp-content\/uploads\/2024\/02\/CountyHousing_SocialShare_Blue-1024x538.jpg\" \/>\n<meta name=\"twitter:card\" content=\"summary_large_image\" \/>\n<meta name=\"twitter:title\" content=\"Inspecciones - Programa de vales de elecci\u00f3n de vivienda - Viviendas del condado\" \/>\n<meta name=\"twitter:description\" content=\"Hay cuatro tipos de inspecciones que el Condado de Vivienda lleva a cabo en los hogares en el programa HCV. (Tenga en cuenta que el departamento de Inspecciones de Calidad de la Vivienda no realiza trabajos en su vivienda. Todas las mejoras o reparaciones en la unidad debe ser completado por el propietario despu\u00e9s de lo cual el Condado de Vivienda inspeccionar\u00e1 para garantizar la calidad de la vivienda).\" \/>\n<meta name=\"twitter:image\" content=\"https:\/\/countyhousing.org\/wp-content\/uploads\/2024\/02\/CountyHousing_SocialShare_Blue-1024x538.jpg\" \/>\n<meta name=\"twitter:label1\" content=\"Tiempo de lectura\" \/>\n\t<meta name=\"twitter:data1\" content=\"2 minutos\" \/>\n<script type=\"application\/ld+json\" class=\"yoast-schema-graph\">{\"@context\":\"https:\\\/\\\/schema.org\",\"@graph\":[{\"@type\":\"WebPage\",\"@id\":\"https:\\\/\\\/countyhousing.org\\\/es\\\/programas-de-vivienda\\\/programa-de-vales-de-eleccion-de-vivienda\\\/inspecciones\\\/\",\"url\":\"https:\\\/\\\/countyhousing.org\\\/es\\\/programas-de-vivienda\\\/programa-de-vales-de-eleccion-de-vivienda\\\/inspecciones\\\/\",\"name\":\"Inspecciones - Programa de vales de elecci\u00f3n de vivienda - County Housing\",\"isPartOf\":{\"@id\":\"https:\\\/\\\/countyhousing.org\\\/es\\\/#website\"},\"primaryImageOfPage\":{\"@id\":\"https:\\\/\\\/countyhousing.org\\\/es\\\/programas-de-vivienda\\\/programa-de-vales-de-eleccion-de-vivienda\\\/inspecciones\\\/#primaryimage\"},\"image\":{\"@id\":\"https:\\\/\\\/countyhousing.org\\\/es\\\/programas-de-vivienda\\\/programa-de-vales-de-eleccion-de-vivienda\\\/inspecciones\\\/#primaryimage\"},\"thumbnailUrl\":\"https:\\\/\\\/countyhousing.org\\\/wp-content\\\/uploads\\\/2024\\\/03\\\/CH_3Houses_08_blue.webp\",\"datePublished\":\"2023-12-20T10:51:36+00:00\",\"dateModified\":\"2026-03-05T20:56:11+00:00\",\"description\":\"Hay cuatro tipos de inspecciones que el Condado de Vivienda lleva a cabo en los hogares en el programa HCV. (Tenga en cuenta que el departamento de Inspecciones de Calidad de la Vivienda no realiza trabajos en su vivienda. Todas las mejoras o reparaciones en la unidad debe ser completado por el propietario despu\u00e9s de lo cual el Condado de Vivienda inspeccionar\u00e1 para garantizar la calidad de la vivienda).\",\"breadcrumb\":{\"@id\":\"https:\\\/\\\/countyhousing.org\\\/es\\\/programas-de-vivienda\\\/programa-de-vales-de-eleccion-de-vivienda\\\/inspecciones\\\/#breadcrumb\"},\"inLanguage\":\"es\",\"potentialAction\":[{\"@type\":\"ReadAction\",\"target\":[\"https:\\\/\\\/countyhousing.org\\\/es\\\/programas-de-vivienda\\\/programa-de-vales-de-eleccion-de-vivienda\\\/inspecciones\\\/\"]}]},{\"@type\":\"ImageObject\",\"inLanguage\":\"es\",\"@id\":\"https:\\\/\\\/countyhousing.org\\\/es\\\/programas-de-vivienda\\\/programa-de-vales-de-eleccion-de-vivienda\\\/inspecciones\\\/#primaryimage\",\"url\":\"https:\\\/\\\/countyhousing.org\\\/wp-content\\\/uploads\\\/2024\\\/03\\\/CH_3Houses_08_blue.webp\",\"contentUrl\":\"https:\\\/\\\/countyhousing.org\\\/wp-content\\\/uploads\\\/2024\\\/03\\\/CH_3Houses_08_blue.webp\",\"width\":1920,\"height\":279},{\"@type\":\"BreadcrumbList\",\"@id\":\"https:\\\/\\\/countyhousing.org\\\/es\\\/programas-de-vivienda\\\/programa-de-vales-de-eleccion-de-vivienda\\\/inspecciones\\\/#breadcrumb\",\"itemListElement\":[{\"@type\":\"ListItem\",\"position\":1,\"name\":\"Home\",\"item\":\"https:\\\/\\\/countyhousing.org\\\/es\\\/pagina-de-inicio\\\/\"},{\"@type\":\"ListItem\",\"position\":2,\"name\":\"Programas de vivienda\",\"item\":\"https:\\\/\\\/countyhousing.org\\\/es\\\/programas-de-vivienda\\\/\"},{\"@type\":\"ListItem\",\"position\":3,\"name\":\"Programa de Vales de Elecci\u00f3n de Vivienda\",\"item\":\"https:\\\/\\\/countyhousing.org\\\/es\\\/programas-de-vivienda\\\/programa-de-vales-de-eleccion-de-vivienda\\\/\"},{\"@type\":\"ListItem\",\"position\":4,\"name\":\"Inspecciones\"}]},{\"@type\":\"WebSite\",\"@id\":\"https:\\\/\\\/countyhousing.org\\\/es\\\/#website\",\"url\":\"https:\\\/\\\/countyhousing.org\\\/es\\\/\",\"name\":\"County Housing\",\"description\":\"The Housing Authority of St. Louis County\",\"publisher\":{\"@id\":\"https:\\\/\\\/countyhousing.org\\\/es\\\/#organization\"},\"potentialAction\":[{\"@type\":\"SearchAction\",\"target\":{\"@type\":\"EntryPoint\",\"urlTemplate\":\"https:\\\/\\\/countyhousing.org\\\/es\\\/?s={search_term_string}\"},\"query-input\":{\"@type\":\"PropertyValueSpecification\",\"valueRequired\":true,\"valueName\":\"search_term_string\"}}],\"inLanguage\":\"es\"},{\"@type\":\"Organization\",\"@id\":\"https:\\\/\\\/countyhousing.org\\\/es\\\/#organization\",\"name\":\"County Housing\",\"url\":\"https:\\\/\\\/countyhousing.org\\\/es\\\/\",\"logo\":{\"@type\":\"ImageObject\",\"inLanguage\":\"es\",\"@id\":\"https:\\\/\\\/countyhousing.org\\\/es\\\/#\\\/schema\\\/logo\\\/image\\\/\",\"url\":\"https:\\\/\\\/countyhousing.org\\\/wp-content\\\/uploads\\\/2023\\\/12\\\/CH_Logo_Horizontal_Web_03-1.png\",\"contentUrl\":\"https:\\\/\\\/countyhousing.org\\\/wp-content\\\/uploads\\\/2023\\\/12\\\/CH_Logo_Horizontal_Web_03-1.png\",\"width\":279,\"height\":100,\"caption\":\"County Housing\"},\"image\":{\"@id\":\"https:\\\/\\\/countyhousing.org\\\/es\\\/#\\\/schema\\\/logo\\\/image\\\/\"}}]}<\/script>\n<!-- \/ Yoast SEO plugin. -->","yoast_head_json":{"title":"Inspecciones - Programa de vales de elecci\u00f3n de vivienda - County Housing","description":"Hay cuatro tipos de inspecciones que el Condado de Vivienda lleva a cabo en los hogares en el programa HCV. (Tenga en cuenta que el departamento de Inspecciones de Calidad de la Vivienda no realiza trabajos en su vivienda. Todas las mejoras o reparaciones en la unidad debe ser completado por el propietario despu\u00e9s de lo cual el Condado de Vivienda inspeccionar\u00e1 para garantizar la calidad de la vivienda).","robots":{"index":"index","follow":"follow","max-snippet":"max-snippet:-1","max-image-preview":"max-image-preview:large","max-video-preview":"max-video-preview:-1"},"canonical":"https:\/\/countyhousing.org\/es\/programas-de-vivienda\/programa-de-vales-de-eleccion-de-vivienda\/inspecciones\/","og_locale":"es_ES","og_type":"article","og_title":"Inspecciones - Programa de vales de elecci\u00f3n de vivienda - Viviendas del condado","og_description":"Hay cuatro tipos de inspecciones que el Condado de Vivienda lleva a cabo en los hogares en el programa HCV. (Tenga en cuenta que el departamento de Inspecciones de Calidad de la Vivienda no realiza trabajos en su vivienda. Todas las mejoras o reparaciones en la unidad debe ser completado por el propietario despu\u00e9s de lo cual el Condado de Vivienda inspeccionar\u00e1 para garantizar la calidad de la vivienda).","og_url":"https:\/\/countyhousing.org\/es\/programas-de-vivienda\/programa-de-vales-de-eleccion-de-vivienda\/inspecciones\/","og_site_name":"County Housing","article_modified_time":"2026-03-05T20:56:11+00:00","og_image":[{"url":"https:\/\/countyhousing.org\/wp-content\/uploads\/2024\/02\/CountyHousing_SocialShare_Blue-1024x538.jpg","type":"","width":"","height":""}],"twitter_card":"summary_large_image","twitter_title":"Inspecciones - Programa de vales de elecci\u00f3n de vivienda - Viviendas del condado","twitter_description":"Hay cuatro tipos de inspecciones que el Condado de Vivienda lleva a cabo en los hogares en el programa HCV. (Tenga en cuenta que el departamento de Inspecciones de Calidad de la Vivienda no realiza trabajos en su vivienda. Todas las mejoras o reparaciones en la unidad debe ser completado por el propietario despu\u00e9s de lo cual el Condado de Vivienda inspeccionar\u00e1 para garantizar la calidad de la vivienda).","twitter_image":"https:\/\/countyhousing.org\/wp-content\/uploads\/2024\/02\/CountyHousing_SocialShare_Blue-1024x538.jpg","twitter_misc":{"Tiempo de lectura":"2 minutos"},"schema":{"@context":"https:\/\/schema.org","@graph":[{"@type":"WebPage","@id":"https:\/\/countyhousing.org\/es\/programas-de-vivienda\/programa-de-vales-de-eleccion-de-vivienda\/inspecciones\/","url":"https:\/\/countyhousing.org\/es\/programas-de-vivienda\/programa-de-vales-de-eleccion-de-vivienda\/inspecciones\/","name":"Inspecciones - Programa de vales de elecci\u00f3n de vivienda - County Housing","isPartOf":{"@id":"https:\/\/countyhousing.org\/es\/#website"},"primaryImageOfPage":{"@id":"https:\/\/countyhousing.org\/es\/programas-de-vivienda\/programa-de-vales-de-eleccion-de-vivienda\/inspecciones\/#primaryimage"},"image":{"@id":"https:\/\/countyhousing.org\/es\/programas-de-vivienda\/programa-de-vales-de-eleccion-de-vivienda\/inspecciones\/#primaryimage"},"thumbnailUrl":"https:\/\/countyhousing.org\/wp-content\/uploads\/2024\/03\/CH_3Houses_08_blue.webp","datePublished":"2023-12-20T10:51:36+00:00","dateModified":"2026-03-05T20:56:11+00:00","description":"Hay cuatro tipos de inspecciones que el Condado de Vivienda lleva a cabo en los hogares en el programa HCV. (Tenga en cuenta que el departamento de Inspecciones de Calidad de la Vivienda no realiza trabajos en su vivienda. Todas las mejoras o reparaciones en la unidad debe ser completado por el propietario despu\u00e9s de lo cual el Condado de Vivienda inspeccionar\u00e1 para garantizar la calidad de la vivienda).","breadcrumb":{"@id":"https:\/\/countyhousing.org\/es\/programas-de-vivienda\/programa-de-vales-de-eleccion-de-vivienda\/inspecciones\/#breadcrumb"},"inLanguage":"es","potentialAction":[{"@type":"ReadAction","target":["https:\/\/countyhousing.org\/es\/programas-de-vivienda\/programa-de-vales-de-eleccion-de-vivienda\/inspecciones\/"]}]},{"@type":"ImageObject","inLanguage":"es","@id":"https:\/\/countyhousing.org\/es\/programas-de-vivienda\/programa-de-vales-de-eleccion-de-vivienda\/inspecciones\/#primaryimage","url":"https:\/\/countyhousing.org\/wp-content\/uploads\/2024\/03\/CH_3Houses_08_blue.webp","contentUrl":"https:\/\/countyhousing.org\/wp-content\/uploads\/2024\/03\/CH_3Houses_08_blue.webp","width":1920,"height":279},{"@type":"BreadcrumbList","@id":"https:\/\/countyhousing.org\/es\/programas-de-vivienda\/programa-de-vales-de-eleccion-de-vivienda\/inspecciones\/#breadcrumb","itemListElement":[{"@type":"ListItem","position":1,"name":"Home","item":"https:\/\/countyhousing.org\/es\/pagina-de-inicio\/"},{"@type":"ListItem","position":2,"name":"Programas de vivienda","item":"https:\/\/countyhousing.org\/es\/programas-de-vivienda\/"},{"@type":"ListItem","position":3,"name":"Programa de Vales de Elecci\u00f3n de Vivienda","item":"https:\/\/countyhousing.org\/es\/programas-de-vivienda\/programa-de-vales-de-eleccion-de-vivienda\/"},{"@type":"ListItem","position":4,"name":"Inspecciones"}]},{"@type":"WebSite","@id":"https:\/\/countyhousing.org\/es\/#website","url":"https:\/\/countyhousing.org\/es\/","name":"County Housing","description":"The Housing Authority of St. Louis County","publisher":{"@id":"https:\/\/countyhousing.org\/es\/#organization"},"potentialAction":[{"@type":"SearchAction","target":{"@type":"EntryPoint","urlTemplate":"https:\/\/countyhousing.org\/es\/?s={search_term_string}"},"query-input":{"@type":"PropertyValueSpecification","valueRequired":true,"valueName":"search_term_string"}}],"inLanguage":"es"},{"@type":"Organization","@id":"https:\/\/countyhousing.org\/es\/#organization","name":"County Housing","url":"https:\/\/countyhousing.org\/es\/","logo":{"@type":"ImageObject","inLanguage":"es","@id":"https:\/\/countyhousing.org\/es\/#\/schema\/logo\/image\/","url":"https:\/\/countyhousing.org\/wp-content\/uploads\/2023\/12\/CH_Logo_Horizontal_Web_03-1.png","contentUrl":"https:\/\/countyhousing.org\/wp-content\/uploads\/2023\/12\/CH_Logo_Horizontal_Web_03-1.png","width":279,"height":100,"caption":"County Housing"},"image":{"@id":"https:\/\/countyhousing.org\/es\/#\/schema\/logo\/image\/"}}]}},"_links":{"self":[{"href":"https:\/\/countyhousing.org\/es\/wp-json\/wp\/v2\/pages\/1906","targetHints":{"allow":["GET"]}}],"collection":[{"href":"https:\/\/countyhousing.org\/es\/wp-json\/wp\/v2\/pages"}],"about":[{"href":"https:\/\/countyhousing.org\/es\/wp-json\/wp\/v2\/types\/page"}],"author":[{"embeddable":true,"href":"https:\/\/countyhousing.org\/es\/wp-json\/wp\/v2\/users\/1"}],"replies":[{"embeddable":true,"href":"https:\/\/countyhousing.org\/es\/wp-json\/wp\/v2\/comments?post=1906"}],"version-history":[{"count":0,"href":"https:\/\/countyhousing.org\/es\/wp-json\/wp\/v2\/pages\/1906\/revisions"}],"up":[{"embeddable":true,"href":"https:\/\/countyhousing.org\/es\/wp-json\/wp\/v2\/pages\/1993"}],"wp:featuredmedia":[{"embeddable":true,"href":"https:\/\/countyhousing.org\/es\/wp-json\/wp\/v2\/media\/1547"}],"wp:attachment":[{"href":"https:\/\/countyhousing.org\/es\/wp-json\/wp\/v2\/media?parent=1906"}],"curies":[{"name":"wp","href":"https:\/\/api.w.org\/{rel}","templated":true}]}}