{"id":1837,"date":"2024-01-13T23:46:51","date_gmt":"2024-01-13T23:46:51","guid":{"rendered":"https:\/\/countyhousing.org\/documentos-y-formularios-para-el-avc\/"},"modified":"2024-03-09T05:37:45","modified_gmt":"2024-03-09T05:37:45","slug":"documentos-y-formularios-para-el-avc","status":"publish","type":"page","link":"https:\/\/countyhousing.org\/es\/vivienda-publica\/documentos-y-formularios-para-el-avc\/","title":{"rendered":"Documentos y formularios para el AVC"},"content":{"rendered":"\n<p>A continuaci\u00f3n, encontrar\u00e1 documentos y formularios clave para los residentes de HCV.<\/p>\n\n<div style=\"height:40px\" aria-hidden=\"true\" class=\"wp-block-spacer\"><\/div>\n\n<div class=\"wp-block-columns is-layout-flex wp-container-core-columns-is-layout-9d6595d7 wp-block-columns-is-layout-flex\">\n<div class=\"wp-block-column is-layout-flow wp-block-column-is-layout-flow\"><div class=\"wp-block-image\">\n<figure class=\"aligncenter size-full\"><a href=\"https:\/\/countyhousing.org\/wp-content\/uploads\/2024\/01\/informal_hearing_request_form.pdf\"><img decoding=\"async\" data-src=\"https:\/\/countyhousing.org\/wp-content\/uploads\/2023\/12\/Document_Yellow.svg\" alt=\"\" class=\"wp-image-522 lazyload\" src=\"data:image\/svg+xml;base64,PHN2ZyB3aWR0aD0iMSIgaGVpZ2h0PSIxIiB4bWxucz0iaHR0cDovL3d3dy53My5vcmcvMjAwMC9zdmciPjwvc3ZnPg==\" \/><\/a><\/figure>\n<\/div>\n\n\n<div style=\"height:10px\" aria-hidden=\"true\" class=\"wp-block-spacer\"><\/div>\n\n\n\n<p class=\"has-text-align-center has-body-copy-color has-text-color has-link-color has-small-font-size wp-elements-b890ac85cd06815752fabc823c562062\">Audiencia informal<br\/>  Solicitar  <\/p>\n<\/div>\n\n\n\n<div class=\"wp-block-column is-layout-flow wp-block-column-is-layout-flow\"><div class=\"wp-block-image\">\n<figure class=\"aligncenter size-full\"><a href=\"https:\/\/countyhousing.org\/wp-content\/uploads\/2024\/01\/port-out-request-form.pdf\"><img decoding=\"async\" data-src=\"https:\/\/countyhousing.org\/wp-content\/uploads\/2023\/12\/Document_Yellow.svg\" alt=\"\" class=\"wp-image-522 lazyload\" src=\"data:image\/svg+xml;base64,PHN2ZyB3aWR0aD0iMSIgaGVpZ2h0PSIxIiB4bWxucz0iaHR0cDovL3d3dy53My5vcmcvMjAwMC9zdmciPjwvc3ZnPg==\" \/><\/a><\/figure>\n<\/div>\n\n\n<div style=\"height:10px\" aria-hidden=\"true\" class=\"wp-block-spacer\"><\/div>\n\n\n\n<p class=\"has-text-align-center has-body-copy-color has-text-color has-link-color has-small-font-size wp-elements-ff1cc7d5a68db0fc9b3f31eb669f0034\">Formulario de solicitud de salida de puerto<\/p>\n<\/div>\n\n\n\n<div class=\"wp-block-column is-layout-flow wp-block-column-is-layout-flow\"><div class=\"wp-block-image\">\n<figure class=\"aligncenter size-full\"><img decoding=\"async\" data-src=\"https:\/\/countyhousing.org\/wp-content\/uploads\/2023\/12\/Document_Yellow.svg\" alt=\"\" class=\"wp-image-522 lazyload\" src=\"data:image\/svg+xml;base64,PHN2ZyB3aWR0aD0iMSIgaGVpZ2h0PSIxIiB4bWxucz0iaHR0cDovL3d3dy53My5vcmcvMjAwMC9zdmciPjwvc3ZnPg==\" \/><\/figure>\n<\/div>\n\n\n<div style=\"height:10px\" aria-hidden=\"true\" class=\"wp-block-spacer\"><\/div>\n\n\n\n<p class=\"has-text-align-center has-body-copy-color has-text-color has-link-color has-small-font-size wp-elements-c624da7df408fa435f9c2f56b9f48d47\">Ampliaci\u00f3n de vales<br\/>Formulario de solicitud<\/p>\n<\/div>\n\n\n\n<div class=\"wp-block-column is-layout-flow wp-block-column-is-layout-flow\"><div class=\"wp-block-image\">\n<figure class=\"aligncenter size-full\"><img decoding=\"async\" data-src=\"https:\/\/countyhousing.org\/wp-content\/uploads\/2023\/12\/Document_Yellow.svg\" alt=\"\" class=\"wp-image-522 lazyload\" src=\"data:image\/svg+xml;base64,PHN2ZyB3aWR0aD0iMSIgaGVpZ2h0PSIxIiB4bWxucz0iaHR0cDovL3d3dy53My5vcmcvMjAwMC9zdmciPjwvc3ZnPg==\" \/><\/figure>\n<\/div>\n\n\n<div style=\"height:10px\" aria-hidden=\"true\" class=\"wp-block-spacer\"><\/div>\n\n\n\n<p class=\"has-text-align-center has-body-copy-color has-text-color has-link-color has-small-font-size wp-elements-3b2f8b11a52846239cbbcdda2f2aca8f\">Informaci\u00f3n sobre la lista de espera<br\/>Formulario de actualizaci\u00f3n<\/p>\n<\/div>\n<\/div>\n\n<div class=\"wp-block-columns is-layout-flex wp-container-core-columns-is-layout-9d6595d7 wp-block-columns-is-layout-flex\">\n<div class=\"wp-block-column is-layout-flow wp-block-column-is-layout-flow\"><div class=\"wp-block-image\">\n<figure class=\"aligncenter size-full\"><a href=\"https:\/\/countyhousing.org\/wp-content\/uploads\/2024\/01\/Admin-Plan-final-10.12.21.pdf\"><img decoding=\"async\" data-src=\"https:\/\/countyhousing.org\/wp-content\/uploads\/2023\/12\/Document_Yellow.svg\" alt=\"\" class=\"wp-image-522 lazyload\" src=\"data:image\/svg+xml;base64,PHN2ZyB3aWR0aD0iMSIgaGVpZ2h0PSIxIiB4bWxucz0iaHR0cDovL3d3dy53My5vcmcvMjAwMC9zdmciPjwvc3ZnPg==\" \/><\/a><\/figure>\n<\/div>\n\n\n<div style=\"height:10px\" aria-hidden=\"true\" class=\"wp-block-spacer\"><\/div>\n\n\n\n<p class=\"has-text-align-center has-body-copy-color has-text-color has-link-color has-small-font-size wp-elements-d31568136552f4e55efbc000988eb4f9\">Plan administrativo<\/p>\n<\/div>\n\n\n\n<div class=\"wp-block-column is-layout-flow wp-block-column-is-layout-flow\"><div class=\"wp-block-image\">\n<figure class=\"aligncenter size-full\"><a href=\"https:\/\/countyhousing.org\/wp-content\/uploads\/2024\/01\/port-out-request-form.pdf\"><img decoding=\"async\" data-src=\"https:\/\/countyhousing.org\/wp-content\/uploads\/2023\/12\/Document_Yellow.svg\" alt=\"\" class=\"wp-image-522 lazyload\" src=\"data:image\/svg+xml;base64,PHN2ZyB3aWR0aD0iMSIgaGVpZ2h0PSIxIiB4bWxucz0iaHR0cDovL3d3dy53My5vcmcvMjAwMC9zdmciPjwvc3ZnPg==\" \/><\/a><\/figure>\n<\/div>\n\n\n<div style=\"height:10px\" aria-hidden=\"true\" class=\"wp-block-spacer\"><\/div>\n\n\n\n<p class=\"has-text-align-center has-body-copy-color has-text-color has-link-color has-small-font-size wp-elements-d03c9641805aca10276b609b88d57acb\">Autosuficiencia familiar<br\/>Plan de acci\u00f3n<\/p>\n<\/div>\n\n\n\n<div class=\"wp-block-column is-layout-flow wp-block-column-is-layout-flow\"><\/div>\n\n\n\n<div class=\"wp-block-column is-layout-flow wp-block-column-is-layout-flow\"><\/div>\n<\/div>\n","protected":false},"excerpt":{"rendered":"<p>A continuaci\u00f3n, encontrar\u00e1 documentos y formularios clave para los residentes de HCV. Audiencia informal Solicitar Formulario de solicitud de salida de puerto Ampliaci\u00f3n de valesFormulario de solicitud Informaci\u00f3n sobre la lista de esperaFormulario de actualizaci\u00f3n Plan administrativo Autosuficiencia familiarPlan de acci\u00f3n<\/p>\n","protected":false},"author":1,"featured_media":1514,"parent":2059,"menu_order":0,"comment_status":"closed","ping_status":"closed","template":"","meta":{"_acf_changed":false,"footnotes":""},"class_list":["post-1837","page","type-page","status-publish","has-post-thumbnail","hentry"],"acf":[],"yoast_head":"<!-- This site is optimized with the Yoast SEO plugin v27.5 - https:\/\/yoast.com\/product\/yoast-seo-wordpress\/ -->\n<title>Documentos y formularios para el AVC - County Housing<\/title>\n<meta name=\"robots\" content=\"index, follow, max-snippet:-1, max-image-preview:large, max-video-preview:-1\" \/>\n<link rel=\"canonical\" href=\"https:\/\/countyhousing.org\/es\/vivienda-publica\/documentos-y-formularios-para-el-avc\/\" \/>\n<meta property=\"og:locale\" content=\"es_ES\" \/>\n<meta property=\"og:type\" content=\"article\" \/>\n<meta property=\"og:title\" content=\"Documentos y formularios para el AVC - County Housing\" \/>\n<meta property=\"og:description\" content=\"A continuaci\u00f3n, encontrar\u00e1 documentos y formularios clave para los residentes de HCV. Audiencia informal Solicitar Formulario de solicitud de salida de puerto Ampliaci\u00f3n de valesFormulario de solicitud Informaci\u00f3n sobre la lista de esperaFormulario de actualizaci\u00f3n Plan administrativo Autosuficiencia familiarPlan de acci\u00f3n\" \/>\n<meta property=\"og:url\" content=\"https:\/\/countyhousing.org\/es\/vivienda-publica\/documentos-y-formularios-para-el-avc\/\" \/>\n<meta property=\"og:site_name\" content=\"County Housing\" \/>\n<meta property=\"article:modified_time\" content=\"2024-03-09T05:37:45+00:00\" \/>\n<meta property=\"og:image\" content=\"https:\/\/countyhousing.org\/wp-content\/uploads\/2024\/02\/CH_banner_birds.jpg\" \/>\n\t<meta property=\"og:image:width\" content=\"1248\" \/>\n\t<meta property=\"og:image:height\" content=\"182\" \/>\n\t<meta property=\"og:image:type\" content=\"image\/jpeg\" \/>\n<meta name=\"twitter:card\" content=\"summary_large_image\" \/>\n<script type=\"application\/ld+json\" class=\"yoast-schema-graph\">{\"@context\":\"https:\\\/\\\/schema.org\",\"@graph\":[{\"@type\":\"WebPage\",\"@id\":\"https:\\\/\\\/countyhousing.org\\\/es\\\/vivienda-publica\\\/documentos-y-formularios-para-el-avc\\\/\",\"url\":\"https:\\\/\\\/countyhousing.org\\\/es\\\/vivienda-publica\\\/documentos-y-formularios-para-el-avc\\\/\",\"name\":\"Documentos y formularios para el AVC - County Housing\",\"isPartOf\":{\"@id\":\"https:\\\/\\\/countyhousing.org\\\/es\\\/#website\"},\"primaryImageOfPage\":{\"@id\":\"https:\\\/\\\/countyhousing.org\\\/es\\\/vivienda-publica\\\/documentos-y-formularios-para-el-avc\\\/#primaryimage\"},\"image\":{\"@id\":\"https:\\\/\\\/countyhousing.org\\\/es\\\/vivienda-publica\\\/documentos-y-formularios-para-el-avc\\\/#primaryimage\"},\"thumbnailUrl\":\"https:\\\/\\\/countyhousing.org\\\/wp-content\\\/uploads\\\/2024\\\/02\\\/CH_banner_birds.jpg\",\"datePublished\":\"2024-01-13T23:46:51+00:00\",\"dateModified\":\"2024-03-09T05:37:45+00:00\",\"breadcrumb\":{\"@id\":\"https:\\\/\\\/countyhousing.org\\\/es\\\/vivienda-publica\\\/documentos-y-formularios-para-el-avc\\\/#breadcrumb\"},\"inLanguage\":\"es\",\"potentialAction\":[{\"@type\":\"ReadAction\",\"target\":[\"https:\\\/\\\/countyhousing.org\\\/es\\\/vivienda-publica\\\/documentos-y-formularios-para-el-avc\\\/\"]}]},{\"@type\":\"ImageObject\",\"inLanguage\":\"es\",\"@id\":\"https:\\\/\\\/countyhousing.org\\\/es\\\/vivienda-publica\\\/documentos-y-formularios-para-el-avc\\\/#primaryimage\",\"url\":\"https:\\\/\\\/countyhousing.org\\\/wp-content\\\/uploads\\\/2024\\\/02\\\/CH_banner_birds.jpg\",\"contentUrl\":\"https:\\\/\\\/countyhousing.org\\\/wp-content\\\/uploads\\\/2024\\\/02\\\/CH_banner_birds.jpg\",\"width\":1248,\"height\":182},{\"@type\":\"BreadcrumbList\",\"@id\":\"https:\\\/\\\/countyhousing.org\\\/es\\\/vivienda-publica\\\/documentos-y-formularios-para-el-avc\\\/#breadcrumb\",\"itemListElement\":[{\"@type\":\"ListItem\",\"position\":1,\"name\":\"Home\",\"item\":\"https:\\\/\\\/countyhousing.org\\\/es\\\/pagina-de-inicio\\\/\"},{\"@type\":\"ListItem\",\"position\":2,\"name\":\"Vivienda p\u00fablica\",\"item\":\"https:\\\/\\\/countyhousing.org\\\/es\\\/vivienda-publica\\\/\"},{\"@type\":\"ListItem\",\"position\":3,\"name\":\"Documentos y formularios para el AVC\"}]},{\"@type\":\"WebSite\",\"@id\":\"https:\\\/\\\/countyhousing.org\\\/es\\\/#website\",\"url\":\"https:\\\/\\\/countyhousing.org\\\/es\\\/\",\"name\":\"County Housing\",\"description\":\"The Housing Authority of St. Louis County\",\"publisher\":{\"@id\":\"https:\\\/\\\/countyhousing.org\\\/es\\\/#organization\"},\"potentialAction\":[{\"@type\":\"SearchAction\",\"target\":{\"@type\":\"EntryPoint\",\"urlTemplate\":\"https:\\\/\\\/countyhousing.org\\\/es\\\/?s={search_term_string}\"},\"query-input\":{\"@type\":\"PropertyValueSpecification\",\"valueRequired\":true,\"valueName\":\"search_term_string\"}}],\"inLanguage\":\"es\"},{\"@type\":\"Organization\",\"@id\":\"https:\\\/\\\/countyhousing.org\\\/es\\\/#organization\",\"name\":\"County Housing\",\"url\":\"https:\\\/\\\/countyhousing.org\\\/es\\\/\",\"logo\":{\"@type\":\"ImageObject\",\"inLanguage\":\"es\",\"@id\":\"https:\\\/\\\/countyhousing.org\\\/es\\\/#\\\/schema\\\/logo\\\/image\\\/\",\"url\":\"https:\\\/\\\/countyhousing.org\\\/wp-content\\\/uploads\\\/2023\\\/12\\\/CH_Logo_Horizontal_Web_03-1.png\",\"contentUrl\":\"https:\\\/\\\/countyhousing.org\\\/wp-content\\\/uploads\\\/2023\\\/12\\\/CH_Logo_Horizontal_Web_03-1.png\",\"width\":279,\"height\":100,\"caption\":\"County Housing\"},\"image\":{\"@id\":\"https:\\\/\\\/countyhousing.org\\\/es\\\/#\\\/schema\\\/logo\\\/image\\\/\"}}]}<\/script>\n<!-- \/ Yoast SEO plugin. -->","yoast_head_json":{"title":"Documentos y formularios para el AVC - County Housing","robots":{"index":"index","follow":"follow","max-snippet":"max-snippet:-1","max-image-preview":"max-image-preview:large","max-video-preview":"max-video-preview:-1"},"canonical":"https:\/\/countyhousing.org\/es\/vivienda-publica\/documentos-y-formularios-para-el-avc\/","og_locale":"es_ES","og_type":"article","og_title":"Documentos y formularios para el AVC - County Housing","og_description":"A continuaci\u00f3n, encontrar\u00e1 documentos y formularios clave para los residentes de HCV. Audiencia informal Solicitar Formulario de solicitud de salida de puerto Ampliaci\u00f3n de valesFormulario de solicitud Informaci\u00f3n sobre la lista de esperaFormulario de actualizaci\u00f3n Plan administrativo Autosuficiencia familiarPlan de acci\u00f3n","og_url":"https:\/\/countyhousing.org\/es\/vivienda-publica\/documentos-y-formularios-para-el-avc\/","og_site_name":"County Housing","article_modified_time":"2024-03-09T05:37:45+00:00","og_image":[{"width":1248,"height":182,"url":"https:\/\/countyhousing.org\/wp-content\/uploads\/2024\/02\/CH_banner_birds.jpg","type":"image\/jpeg"}],"twitter_card":"summary_large_image","schema":{"@context":"https:\/\/schema.org","@graph":[{"@type":"WebPage","@id":"https:\/\/countyhousing.org\/es\/vivienda-publica\/documentos-y-formularios-para-el-avc\/","url":"https:\/\/countyhousing.org\/es\/vivienda-publica\/documentos-y-formularios-para-el-avc\/","name":"Documentos y formularios para el AVC - County Housing","isPartOf":{"@id":"https:\/\/countyhousing.org\/es\/#website"},"primaryImageOfPage":{"@id":"https:\/\/countyhousing.org\/es\/vivienda-publica\/documentos-y-formularios-para-el-avc\/#primaryimage"},"image":{"@id":"https:\/\/countyhousing.org\/es\/vivienda-publica\/documentos-y-formularios-para-el-avc\/#primaryimage"},"thumbnailUrl":"https:\/\/countyhousing.org\/wp-content\/uploads\/2024\/02\/CH_banner_birds.jpg","datePublished":"2024-01-13T23:46:51+00:00","dateModified":"2024-03-09T05:37:45+00:00","breadcrumb":{"@id":"https:\/\/countyhousing.org\/es\/vivienda-publica\/documentos-y-formularios-para-el-avc\/#breadcrumb"},"inLanguage":"es","potentialAction":[{"@type":"ReadAction","target":["https:\/\/countyhousing.org\/es\/vivienda-publica\/documentos-y-formularios-para-el-avc\/"]}]},{"@type":"ImageObject","inLanguage":"es","@id":"https:\/\/countyhousing.org\/es\/vivienda-publica\/documentos-y-formularios-para-el-avc\/#primaryimage","url":"https:\/\/countyhousing.org\/wp-content\/uploads\/2024\/02\/CH_banner_birds.jpg","contentUrl":"https:\/\/countyhousing.org\/wp-content\/uploads\/2024\/02\/CH_banner_birds.jpg","width":1248,"height":182},{"@type":"BreadcrumbList","@id":"https:\/\/countyhousing.org\/es\/vivienda-publica\/documentos-y-formularios-para-el-avc\/#breadcrumb","itemListElement":[{"@type":"ListItem","position":1,"name":"Home","item":"https:\/\/countyhousing.org\/es\/pagina-de-inicio\/"},{"@type":"ListItem","position":2,"name":"Vivienda p\u00fablica","item":"https:\/\/countyhousing.org\/es\/vivienda-publica\/"},{"@type":"ListItem","position":3,"name":"Documentos y formularios para el AVC"}]},{"@type":"WebSite","@id":"https:\/\/countyhousing.org\/es\/#website","url":"https:\/\/countyhousing.org\/es\/","name":"County Housing","description":"The Housing Authority of St. Louis County","publisher":{"@id":"https:\/\/countyhousing.org\/es\/#organization"},"potentialAction":[{"@type":"SearchAction","target":{"@type":"EntryPoint","urlTemplate":"https:\/\/countyhousing.org\/es\/?s={search_term_string}"},"query-input":{"@type":"PropertyValueSpecification","valueRequired":true,"valueName":"search_term_string"}}],"inLanguage":"es"},{"@type":"Organization","@id":"https:\/\/countyhousing.org\/es\/#organization","name":"County Housing","url":"https:\/\/countyhousing.org\/es\/","logo":{"@type":"ImageObject","inLanguage":"es","@id":"https:\/\/countyhousing.org\/es\/#\/schema\/logo\/image\/","url":"https:\/\/countyhousing.org\/wp-content\/uploads\/2023\/12\/CH_Logo_Horizontal_Web_03-1.png","contentUrl":"https:\/\/countyhousing.org\/wp-content\/uploads\/2023\/12\/CH_Logo_Horizontal_Web_03-1.png","width":279,"height":100,"caption":"County Housing"},"image":{"@id":"https:\/\/countyhousing.org\/es\/#\/schema\/logo\/image\/"}}]}},"_links":{"self":[{"href":"https:\/\/countyhousing.org\/es\/wp-json\/wp\/v2\/pages\/1837","targetHints":{"allow":["GET"]}}],"collection":[{"href":"https:\/\/countyhousing.org\/es\/wp-json\/wp\/v2\/pages"}],"about":[{"href":"https:\/\/countyhousing.org\/es\/wp-json\/wp\/v2\/types\/page"}],"author":[{"embeddable":true,"href":"https:\/\/countyhousing.org\/es\/wp-json\/wp\/v2\/users\/1"}],"replies":[{"embeddable":true,"href":"https:\/\/countyhousing.org\/es\/wp-json\/wp\/v2\/comments?post=1837"}],"version-history":[{"count":0,"href":"https:\/\/countyhousing.org\/es\/wp-json\/wp\/v2\/pages\/1837\/revisions"}],"up":[{"embeddable":true,"href":"https:\/\/countyhousing.org\/es\/wp-json\/wp\/v2\/pages\/2059"}],"wp:featuredmedia":[{"embeddable":true,"href":"https:\/\/countyhousing.org\/es\/wp-json\/wp\/v2\/media\/1514"}],"wp:attachment":[{"href":"https:\/\/countyhousing.org\/es\/wp-json\/wp\/v2\/media?parent=1837"}],"curies":[{"name":"wp","href":"https:\/\/api.w.org\/{rel}","templated":true}]}}