{"id":2077,"date":"2023-11-16T14:35:30","date_gmt":"2023-11-16T14:35:30","guid":{"rendered":"https:\/\/countyhousing.org\/homeownership-program\/"},"modified":"2024-03-09T05:37:52","modified_gmt":"2024-03-09T05:37:52","slug":"homeownership-program","status":"publish","type":"page","link":"https:\/\/countyhousing.org\/bs\/homeownership-program\/","title":{"rendered":"Homeownership Program"},"content":{"rendered":"\n<p>Program County Housing's Homeownership omogu\u0107ava polaznicima koji ispunjavaju uslove i dobiju Housing Choice vau\u010dere da iskoriste svoje vau\u010dere za pomo\u0107 oko tro\u0161kova stambenog vlasni\u0161tva umjesto da iznajmljuju prostoriju.<\/p>\n\n<p>Obratite se svom slu\u017ebeniku za slu\u010daj da saznate vi\u0161e o u\u010de\u0161\u0107u u programu.<\/p>\n\n<div class=\"wp-block-group\"><div class=\"wp-block-group__inner-container is-layout-constrained wp-block-group-is-layout-constrained\">\n<h2 class=\"wp-block-heading has-body-copy-color has-text-color has-link-color wp-elements-92ef4f6b95f585a6994b73c3b4742957\">Pregled programa<\/h2>\n\n\n\n<h3 class=\"wp-block-heading has-medium-dark-blue-color has-text-color has-link-color wp-elements-1ec4c4b8f701a00305519c6c6121c741\">Podobnost<\/h3>\n\n\n\n<p>Da bi u\u010destvovali u HCV Homeownership programu, pojedinci ili porodice moraju ispuniti sljede\u0107e kriterije:<\/p>\n\n\n\n<ul class=\"wp-block-list\">\n<li>Budite trenutni primalac Housing Choice vau\u010dera<\/li>\n\n\n\n<li>Imajte stabilan izvor prihoda za pokrivanje tro\u0161kova vlasni\u0161tva ku\u0107e<\/li>\n\n\n\n<li>Zavr\u0161ite program savjetovanja o vlasni\u0161tvu koji je odobrio HUD<\/li>\n<\/ul>\n\n\n\n<h3 class=\"wp-block-heading has-medium-green-color has-text-color has-link-color wp-elements-ed46f41b7f40bec5fab77b29e07b98c1\">Ku\u0107no savjetovanje<\/h3>\n\n\n\n<p>HUD zahtijeva od u\u010desnika da zavr\u0161e program savjetovanja o vlasni\u0161tvu ku\u0107e koji pru\u017eaju savjetodavne agencije odobrene od strane HUD-a. Svrha ovog savjetovanja je da pripremi u\u010desnike za odgovornosti vezane za vlasni\u0161tvo nad ku\u0107om, uklju\u010duju\u0107i planiranje bud\u017eeta, hipotekarne obaveze i odr\u017eavanje imovine.<\/p>\n\n\n\n<h3 class=\"wp-block-heading has-pink-color has-text-color has-link-color wp-elements-016b1669545a61eb6567bef509897b57\">Izbor doma<\/h3>\n\n\n\n<p>U\u010desnici su odgovorni da prona\u0111u dom koji zadovoljava njihove potrebe i koji je u okviru njihovog bud\u017eeta. Dom mora ispunjavati odre\u0111ene HUD standarde kvaliteta stanovanja kako bi se osiguralo da je siguran i prikladan za kori\u0161tenje.<\/p>\n\n\n\n<h3 class=\"wp-block-heading has-teal-color has-text-color has-link-color wp-elements-6b7316290c76280eefb1cf35c0693dcf\">Finansiranje<\/h3>\n\n\n\n<p>U\u010desnici moraju osigurati hipoteku za kupovinu ku\u0107e.<\/p>\n\n\n\n<h3 class=\"wp-block-heading has-medium-dark-blue-color has-text-color has-link-color wp-elements-2550f9cbc81bfbe63e26232cf526f838\">Obra\u010dun pla\u0107anja<\/h3>\n\n\n\n<p>Iznos mjese\u010dne isplate pomo\u0107i za stambeno vlasni\u0161tvo (HAP) koju u\u010desnik prima izra\u010dunava se na osnovu njihovih prihoda, tro\u0161kova i lokalnog stambenog tr\u017ei\u0161ta. HAP poma\u017ee u pokrivanju mjese\u010dnih tro\u0161kova vlasni\u0161tva ku\u0107e, uklju\u010duju\u0107i hipoteku, poreze na imovinu i osiguranje.<\/p>\n\n\n\n<h3 class=\"wp-block-heading has-medium-green-color has-text-color has-link-color wp-elements-cc76317c4f3d2feb3ac8778917f873e5\">Odgovornosti<\/h3>\n\n\n\n<p>Vlasni\u0161tvo ku\u0107e u okviru ovog programa uklju\u010duje odre\u0111ene odgovornosti, uklju\u010duju\u0107i odr\u017eavanje ku\u0107e u dobrom stanju, pla\u0107anje hipoteke i drugih tro\u0161kova na vrijeme, te ispunjavanje svih zahtjeva programa.<\/p>\n\n\n\n<h3 class=\"wp-block-heading has-pink-color has-text-color has-link-color wp-elements-d07a67544fc761892635d0b498a78895\">Iza\u0111ite iz HCV programa<\/h3>\n\n\n\n<p>Kada porodica zavr\u0161i program Homeownership, obi\u010dno vi\u0161e ne primaju pomo\u0107 za iznajmljivanje putem tradicionalnog Housing Choice Voucher programa. Me\u0111utim, oni postaju vlasnici ku\u0107e i nastavljaju biti odgovorni za odr\u017eavanje i tro\u0161kove vezane za njihov dom.<\/p>\n<\/div><\/div>\n","protected":false},"excerpt":{"rendered":"<p>Program County Housing's Homeownership omogu\u0107ava polaznicima koji ispunjavaju uslove i dobiju Housing Choice vau\u010dere da iskoriste svoje vau\u010dere za pomo\u0107 oko tro\u0161kova stambenog vlasni\u0161tva umjesto da iznajmljuju prostoriju. Obratite se svom slu\u017ebeniku za slu\u010daj da saznate vi\u0161e o u\u010de\u0161\u0107u u programu. Pregled programa Podobnost Da bi u\u010destvovali u HCV Homeownership programu, pojedinci ili porodice moraju [&hellip;]<\/p>\n","protected":false},"author":1,"featured_media":1812,"parent":0,"menu_order":0,"comment_status":"closed","ping_status":"closed","template":"","meta":{"_acf_changed":false,"_classifai_error":"","_classifai_text_to_speech_error":"","footnotes":""},"class_list":["post-2077","page","type-page","status-publish","has-post-thumbnail","hentry"],"acf":[],"yoast_head":"<!-- This site is optimized with the Yoast SEO plugin v27.3 - https:\/\/yoast.com\/product\/yoast-seo-wordpress\/ -->\n<title>Homeownership Program - County Housing<\/title>\n<meta name=\"description\" content=\"Program County Housing&#039;s Homeownership omogu\u0107ava polaznicima koji ispunjavaju uslove i dobiju Housing Choice vau\u010dere da iskoriste svoje vau\u010dere za pomo\u0107 oko tro\u0161kova stambenog vlasni\u0161tva umjesto da iznajmljuju prostoriju.\" \/>\n<meta name=\"robots\" content=\"index, follow, max-snippet:-1, max-image-preview:large, max-video-preview:-1\" \/>\n<link rel=\"canonical\" href=\"https:\/\/countyhousing.org\/bs\/homeownership-program\/\" \/>\n<meta property=\"og:locale\" content=\"bs_BA\" \/>\n<meta property=\"og:type\" content=\"article\" \/>\n<meta property=\"og:title\" content=\"Program za stambeno vlasni\u0161tvo - \u017dupanijsko stanovanje\" \/>\n<meta property=\"og:description\" content=\"Program County Housing&#039;s Homeownership omogu\u0107ava polaznicima koji ispunjavaju uslove i dobiju Housing Choice vau\u010dere da iskoriste svoje vau\u010dere za pomo\u0107 oko tro\u0161kova stambenog vlasni\u0161tva umjesto da iznajmljuju prostoriju.\" \/>\n<meta property=\"og:url\" content=\"https:\/\/countyhousing.org\/bs\/homeownership-program\/\" \/>\n<meta property=\"og:site_name\" content=\"County Housing\" \/>\n<meta property=\"article:modified_time\" content=\"2024-03-09T05:37:52+00:00\" \/>\n<meta property=\"og:image\" content=\"https:\/\/countyhousing.org\/wp-content\/uploads\/2024\/02\/CountyHousing_SocialShare_Blue-1024x538.jpg\" \/>\n<meta name=\"twitter:card\" content=\"summary_large_image\" \/>\n<meta name=\"twitter:title\" content=\"Program za stambeno vlasni\u0161tvo - \u017dupanijsko stanovanje\" \/>\n<meta name=\"twitter:description\" content=\"Program County Housing&#039;s Homeownership omogu\u0107ava polaznicima koji ispunjavaju uslove i dobiju Housing Choice vau\u010dere da iskoriste svoje vau\u010dere za pomo\u0107 oko tro\u0161kova stambenog vlasni\u0161tva umjesto da iznajmljuju prostoriju.\" \/>\n<meta name=\"twitter:image\" content=\"https:\/\/countyhousing.org\/wp-content\/uploads\/2024\/02\/CountyHousing_SocialShare_Blue-1024x538.jpg\" \/>\n<meta name=\"twitter:label1\" content=\"Est. reading time\" \/>\n\t<meta name=\"twitter:data1\" content=\"2 minute\" \/>\n<script type=\"application\/ld+json\" class=\"yoast-schema-graph\">{\"@context\":\"https:\\\/\\\/schema.org\",\"@graph\":[{\"@type\":\"WebPage\",\"@id\":\"https:\\\/\\\/countyhousing.org\\\/bs\\\/homeownership-program\\\/\",\"url\":\"https:\\\/\\\/countyhousing.org\\\/bs\\\/homeownership-program\\\/\",\"name\":\"Homeownership Program - County Housing\",\"isPartOf\":{\"@id\":\"https:\\\/\\\/countyhousing.org\\\/bs\\\/#website\"},\"primaryImageOfPage\":{\"@id\":\"https:\\\/\\\/countyhousing.org\\\/bs\\\/homeownership-program\\\/#primaryimage\"},\"image\":{\"@id\":\"https:\\\/\\\/countyhousing.org\\\/bs\\\/homeownership-program\\\/#primaryimage\"},\"thumbnailUrl\":\"https:\\\/\\\/countyhousing.org\\\/wp-content\\\/uploads\\\/2024\\\/03\\\/CH_3Houses_08.jpg\",\"datePublished\":\"2023-11-16T14:35:30+00:00\",\"dateModified\":\"2024-03-09T05:37:52+00:00\",\"description\":\"Program County Housing's Homeownership omogu\u0107ava polaznicima koji ispunjavaju uslove i dobiju Housing Choice vau\u010dere da iskoriste svoje vau\u010dere za pomo\u0107 oko tro\u0161kova stambenog vlasni\u0161tva umjesto da iznajmljuju prostoriju.\",\"breadcrumb\":{\"@id\":\"https:\\\/\\\/countyhousing.org\\\/bs\\\/homeownership-program\\\/#breadcrumb\"},\"inLanguage\":\"bs-BA\",\"potentialAction\":[{\"@type\":\"ReadAction\",\"target\":[\"https:\\\/\\\/countyhousing.org\\\/bs\\\/homeownership-program\\\/\"]}]},{\"@type\":\"ImageObject\",\"inLanguage\":\"bs-BA\",\"@id\":\"https:\\\/\\\/countyhousing.org\\\/bs\\\/homeownership-program\\\/#primaryimage\",\"url\":\"https:\\\/\\\/countyhousing.org\\\/wp-content\\\/uploads\\\/2024\\\/03\\\/CH_3Houses_08.jpg\",\"contentUrl\":\"https:\\\/\\\/countyhousing.org\\\/wp-content\\\/uploads\\\/2024\\\/03\\\/CH_3Houses_08.jpg\",\"width\":1920,\"height\":279},{\"@type\":\"BreadcrumbList\",\"@id\":\"https:\\\/\\\/countyhousing.org\\\/bs\\\/homeownership-program\\\/#breadcrumb\",\"itemListElement\":[{\"@type\":\"ListItem\",\"position\":1,\"name\":\"Home\",\"item\":\"https:\\\/\\\/countyhousing.org\\\/bs\\\/pocetna-stranica\\\/\"},{\"@type\":\"ListItem\",\"position\":2,\"name\":\"Homeownership Program\"}]},{\"@type\":\"WebSite\",\"@id\":\"https:\\\/\\\/countyhousing.org\\\/bs\\\/#website\",\"url\":\"https:\\\/\\\/countyhousing.org\\\/bs\\\/\",\"name\":\"County Housing\",\"description\":\"The Housing Authority of St. Louis County\",\"publisher\":{\"@id\":\"https:\\\/\\\/countyhousing.org\\\/bs\\\/#organization\"},\"potentialAction\":[{\"@type\":\"SearchAction\",\"target\":{\"@type\":\"EntryPoint\",\"urlTemplate\":\"https:\\\/\\\/countyhousing.org\\\/bs\\\/?s={search_term_string}\"},\"query-input\":{\"@type\":\"PropertyValueSpecification\",\"valueRequired\":true,\"valueName\":\"search_term_string\"}}],\"inLanguage\":\"bs-BA\"},{\"@type\":\"Organization\",\"@id\":\"https:\\\/\\\/countyhousing.org\\\/bs\\\/#organization\",\"name\":\"County Housing\",\"url\":\"https:\\\/\\\/countyhousing.org\\\/bs\\\/\",\"logo\":{\"@type\":\"ImageObject\",\"inLanguage\":\"bs-BA\",\"@id\":\"https:\\\/\\\/countyhousing.org\\\/bs\\\/#\\\/schema\\\/logo\\\/image\\\/\",\"url\":\"https:\\\/\\\/countyhousing.org\\\/wp-content\\\/uploads\\\/2023\\\/12\\\/CH_Logo_Horizontal_Web_03-1.png\",\"contentUrl\":\"https:\\\/\\\/countyhousing.org\\\/wp-content\\\/uploads\\\/2023\\\/12\\\/CH_Logo_Horizontal_Web_03-1.png\",\"width\":279,\"height\":100,\"caption\":\"County Housing\"},\"image\":{\"@id\":\"https:\\\/\\\/countyhousing.org\\\/bs\\\/#\\\/schema\\\/logo\\\/image\\\/\"}}]}<\/script>\n<!-- \/ Yoast SEO plugin. -->","yoast_head_json":{"title":"Homeownership Program - County Housing","description":"Program County Housing's Homeownership omogu\u0107ava polaznicima koji ispunjavaju uslove i dobiju Housing Choice vau\u010dere da iskoriste svoje vau\u010dere za pomo\u0107 oko tro\u0161kova stambenog vlasni\u0161tva umjesto da iznajmljuju prostoriju.","robots":{"index":"index","follow":"follow","max-snippet":"max-snippet:-1","max-image-preview":"max-image-preview:large","max-video-preview":"max-video-preview:-1"},"canonical":"https:\/\/countyhousing.org\/bs\/homeownership-program\/","og_locale":"bs_BA","og_type":"article","og_title":"Program za stambeno vlasni\u0161tvo - \u017dupanijsko stanovanje","og_description":"Program County Housing's Homeownership omogu\u0107ava polaznicima koji ispunjavaju uslove i dobiju Housing Choice vau\u010dere da iskoriste svoje vau\u010dere za pomo\u0107 oko tro\u0161kova stambenog vlasni\u0161tva umjesto da iznajmljuju prostoriju.","og_url":"https:\/\/countyhousing.org\/bs\/homeownership-program\/","og_site_name":"County Housing","article_modified_time":"2024-03-09T05:37:52+00:00","og_image":[{"url":"https:\/\/countyhousing.org\/wp-content\/uploads\/2024\/02\/CountyHousing_SocialShare_Blue-1024x538.jpg","type":"","width":"","height":""}],"twitter_card":"summary_large_image","twitter_title":"Program za stambeno vlasni\u0161tvo - \u017dupanijsko stanovanje","twitter_description":"Program County Housing's Homeownership omogu\u0107ava polaznicima koji ispunjavaju uslove i dobiju Housing Choice vau\u010dere da iskoriste svoje vau\u010dere za pomo\u0107 oko tro\u0161kova stambenog vlasni\u0161tva umjesto da iznajmljuju prostoriju.","twitter_image":"https:\/\/countyhousing.org\/wp-content\/uploads\/2024\/02\/CountyHousing_SocialShare_Blue-1024x538.jpg","twitter_misc":{"Est. reading time":"2 minute"},"schema":{"@context":"https:\/\/schema.org","@graph":[{"@type":"WebPage","@id":"https:\/\/countyhousing.org\/bs\/homeownership-program\/","url":"https:\/\/countyhousing.org\/bs\/homeownership-program\/","name":"Homeownership Program - County Housing","isPartOf":{"@id":"https:\/\/countyhousing.org\/bs\/#website"},"primaryImageOfPage":{"@id":"https:\/\/countyhousing.org\/bs\/homeownership-program\/#primaryimage"},"image":{"@id":"https:\/\/countyhousing.org\/bs\/homeownership-program\/#primaryimage"},"thumbnailUrl":"https:\/\/countyhousing.org\/wp-content\/uploads\/2024\/03\/CH_3Houses_08.jpg","datePublished":"2023-11-16T14:35:30+00:00","dateModified":"2024-03-09T05:37:52+00:00","description":"Program County Housing's Homeownership omogu\u0107ava polaznicima koji ispunjavaju uslove i dobiju Housing Choice vau\u010dere da iskoriste svoje vau\u010dere za pomo\u0107 oko tro\u0161kova stambenog vlasni\u0161tva umjesto da iznajmljuju prostoriju.","breadcrumb":{"@id":"https:\/\/countyhousing.org\/bs\/homeownership-program\/#breadcrumb"},"inLanguage":"bs-BA","potentialAction":[{"@type":"ReadAction","target":["https:\/\/countyhousing.org\/bs\/homeownership-program\/"]}]},{"@type":"ImageObject","inLanguage":"bs-BA","@id":"https:\/\/countyhousing.org\/bs\/homeownership-program\/#primaryimage","url":"https:\/\/countyhousing.org\/wp-content\/uploads\/2024\/03\/CH_3Houses_08.jpg","contentUrl":"https:\/\/countyhousing.org\/wp-content\/uploads\/2024\/03\/CH_3Houses_08.jpg","width":1920,"height":279},{"@type":"BreadcrumbList","@id":"https:\/\/countyhousing.org\/bs\/homeownership-program\/#breadcrumb","itemListElement":[{"@type":"ListItem","position":1,"name":"Home","item":"https:\/\/countyhousing.org\/bs\/pocetna-stranica\/"},{"@type":"ListItem","position":2,"name":"Homeownership Program"}]},{"@type":"WebSite","@id":"https:\/\/countyhousing.org\/bs\/#website","url":"https:\/\/countyhousing.org\/bs\/","name":"County Housing","description":"The Housing Authority of St. Louis County","publisher":{"@id":"https:\/\/countyhousing.org\/bs\/#organization"},"potentialAction":[{"@type":"SearchAction","target":{"@type":"EntryPoint","urlTemplate":"https:\/\/countyhousing.org\/bs\/?s={search_term_string}"},"query-input":{"@type":"PropertyValueSpecification","valueRequired":true,"valueName":"search_term_string"}}],"inLanguage":"bs-BA"},{"@type":"Organization","@id":"https:\/\/countyhousing.org\/bs\/#organization","name":"County Housing","url":"https:\/\/countyhousing.org\/bs\/","logo":{"@type":"ImageObject","inLanguage":"bs-BA","@id":"https:\/\/countyhousing.org\/bs\/#\/schema\/logo\/image\/","url":"https:\/\/countyhousing.org\/wp-content\/uploads\/2023\/12\/CH_Logo_Horizontal_Web_03-1.png","contentUrl":"https:\/\/countyhousing.org\/wp-content\/uploads\/2023\/12\/CH_Logo_Horizontal_Web_03-1.png","width":279,"height":100,"caption":"County Housing"},"image":{"@id":"https:\/\/countyhousing.org\/bs\/#\/schema\/logo\/image\/"}}]}},"_links":{"self":[{"href":"https:\/\/countyhousing.org\/bs\/wp-json\/wp\/v2\/pages\/2077","targetHints":{"allow":["GET"]}}],"collection":[{"href":"https:\/\/countyhousing.org\/bs\/wp-json\/wp\/v2\/pages"}],"about":[{"href":"https:\/\/countyhousing.org\/bs\/wp-json\/wp\/v2\/types\/page"}],"author":[{"embeddable":true,"href":"https:\/\/countyhousing.org\/bs\/wp-json\/wp\/v2\/users\/1"}],"replies":[{"embeddable":true,"href":"https:\/\/countyhousing.org\/bs\/wp-json\/wp\/v2\/comments?post=2077"}],"version-history":[{"count":0,"href":"https:\/\/countyhousing.org\/bs\/wp-json\/wp\/v2\/pages\/2077\/revisions"}],"wp:featuredmedia":[{"embeddable":true,"href":"https:\/\/countyhousing.org\/bs\/wp-json\/wp\/v2\/media\/1812"}],"wp:attachment":[{"href":"https:\/\/countyhousing.org\/bs\/wp-json\/wp\/v2\/media?parent=2077"}],"curies":[{"name":"wp","href":"https:\/\/api.w.org\/{rel}","templated":true}]}}