{"id":2073,"date":"2023-11-16T14:34:35","date_gmt":"2023-11-16T14:34:35","guid":{"rendered":"https:\/\/countyhousing.org\/dokumenti-i-obrasci\/"},"modified":"2024-03-09T05:37:52","modified_gmt":"2024-03-09T05:37:52","slug":"dokumenti-i-obrasci","status":"publish","type":"page","link":"https:\/\/countyhousing.org\/bs\/public-housing\/dokumenti-i-obrasci\/","title":{"rendered":"Dokumenti i obrasci"},"content":{"rendered":"\n<p>U nastavku \u0107ete prona\u0107i klju\u010dne dokumente i obrasce za stanovnike javnog stanovanja.<\/p>\n\n<div style=\"height:40px\" aria-hidden=\"true\" class=\"wp-block-spacer\"><\/div>\n\n<div class=\"wp-block-columns is-layout-flex wp-container-core-columns-is-layout-9d6595d7 wp-block-columns-is-layout-flex\">\n<div class=\"wp-block-column is-layout-flow wp-block-column-is-layout-flow\"><div class=\"wp-block-image\">\n<figure class=\"aligncenter size-full\"><a href=\"https:\/\/countyhousing.org\/wp-content\/uploads\/2024\/01\/informal_hearing_request_form.pdf\"><img decoding=\"async\" data-src=\"https:\/\/countyhousing.org\/wp-content\/uploads\/2023\/12\/Document_Yellow.svg\" alt=\"\" class=\"wp-image-522 lazyload\" src=\"data:image\/svg+xml;base64,PHN2ZyB3aWR0aD0iMSIgaGVpZ2h0PSIxIiB4bWxucz0iaHR0cDovL3d3dy53My5vcmcvMjAwMC9zdmciPjwvc3ZnPg==\" \/><\/a><\/figure>\n<\/div>\n\n\n<div style=\"height:10px\" aria-hidden=\"true\" class=\"wp-block-spacer\"><\/div>\n\n\n\n<p class=\"has-text-align-center has-body-copy-color has-text-color has-link-color has-small-font-size wp-elements-f38399138987af046e1647faf99fafee\">Neformalno saslu\u0161anje<br\/>  Zahtjev  <\/p>\n<\/div>\n\n\n\n<div class=\"wp-block-column is-layout-flow wp-block-column-is-layout-flow\"><div class=\"wp-block-image\">\n<figure class=\"aligncenter size-full\"><a href=\"https:\/\/countyhousing.org\/wp-content\/uploads\/2024\/01\/port-out-request-form.pdf\"><img decoding=\"async\" data-src=\"https:\/\/countyhousing.org\/wp-content\/uploads\/2023\/12\/Document_Yellow.svg\" alt=\"\" class=\"wp-image-522 lazyload\" src=\"data:image\/svg+xml;base64,PHN2ZyB3aWR0aD0iMSIgaGVpZ2h0PSIxIiB4bWxucz0iaHR0cDovL3d3dy53My5vcmcvMjAwMC9zdmciPjwvc3ZnPg==\" \/><\/a><\/figure>\n<\/div>\n\n\n<div style=\"height:10px\" aria-hidden=\"true\" class=\"wp-block-spacer\"><\/div>\n\n\n\n<p class=\"has-text-align-center has-body-copy-color has-text-color has-link-color has-small-font-size wp-elements-1804787a91a8a2e3ae55704e13406352\">Obrazac zahtjeva Port-Out<\/p>\n<\/div>\n\n\n\n<div class=\"wp-block-column is-layout-flow wp-block-column-is-layout-flow\"><div class=\"wp-block-image\">\n<figure class=\"aligncenter size-full\"><img decoding=\"async\" data-src=\"https:\/\/countyhousing.org\/wp-content\/uploads\/2023\/12\/Document_Yellow.svg\" alt=\"\" class=\"wp-image-522 lazyload\" src=\"data:image\/svg+xml;base64,PHN2ZyB3aWR0aD0iMSIgaGVpZ2h0PSIxIiB4bWxucz0iaHR0cDovL3d3dy53My5vcmcvMjAwMC9zdmciPjwvc3ZnPg==\" \/><\/figure>\n<\/div>\n\n\n<div style=\"height:10px\" aria-hidden=\"true\" class=\"wp-block-spacer\"><\/div>\n\n\n\n<p class=\"has-text-align-center has-body-copy-color has-text-color has-link-color has-small-font-size wp-elements-410443bde45b571276c7d03a6637d50d\">Informacije o listi \u010dekanja<br\/>A\u017euriraj obrazac<\/p>\n<\/div>\n\n\n\n<div class=\"wp-block-column is-layout-flow wp-block-column-is-layout-flow\"><div class=\"wp-block-image\">\n<figure class=\"aligncenter size-full\"><img decoding=\"async\" data-src=\"https:\/\/countyhousing.org\/wp-content\/uploads\/2023\/12\/Document_Yellow.svg\" alt=\"\" class=\"wp-image-522 lazyload\" src=\"data:image\/svg+xml;base64,PHN2ZyB3aWR0aD0iMSIgaGVpZ2h0PSIxIiB4bWxucz0iaHR0cDovL3d3dy53My5vcmcvMjAwMC9zdmciPjwvc3ZnPg==\" \/><\/figure>\n<\/div>\n\n\n<div style=\"height:10px\" aria-hidden=\"true\" class=\"wp-block-spacer\"><\/div>\n\n\n\n<p class=\"has-text-align-center has-body-copy-color has-text-color has-link-color has-small-font-size wp-elements-1a0d2e831e5bddb6382494ad5eb49de7\">Administrativni plan<\/p>\n<\/div>\n<\/div>\n\n<div class=\"wp-block-columns is-layout-flex wp-container-core-columns-is-layout-9d6595d7 wp-block-columns-is-layout-flex\">\n<div class=\"wp-block-column is-layout-flow wp-block-column-is-layout-flow\"><div class=\"wp-block-image\">\n<figure class=\"aligncenter size-full\"><a href=\"https:\/\/countyhousing.org\/wp-content\/uploads\/2024\/01\/port-out-request-form.pdf\"><img decoding=\"async\" data-src=\"https:\/\/countyhousing.org\/wp-content\/uploads\/2023\/12\/Document_Yellow.svg\" alt=\"\" class=\"wp-image-522 lazyload\" src=\"data:image\/svg+xml;base64,PHN2ZyB3aWR0aD0iMSIgaGVpZ2h0PSIxIiB4bWxucz0iaHR0cDovL3d3dy53My5vcmcvMjAwMC9zdmciPjwvc3ZnPg==\" \/><\/a><\/figure>\n<\/div>\n\n\n<div style=\"height:10px\" aria-hidden=\"true\" class=\"wp-block-spacer\"><\/div>\n\n\n\n<p class=\"has-text-align-center has-body-copy-color has-text-color has-link-color has-small-font-size wp-elements-88fc145f89a295a43dd31b03ea2f02c3\">Porodi\u010dna samodovoljnost<br\/>Akcioni plan<\/p>\n<\/div>\n\n\n\n<div class=\"wp-block-column is-layout-flow wp-block-column-is-layout-flow\"><\/div>\n\n\n\n<div class=\"wp-block-column is-layout-flow wp-block-column-is-layout-flow\"><\/div>\n\n\n\n<div class=\"wp-block-column is-layout-flow wp-block-column-is-layout-flow\"><\/div>\n<\/div>\n","protected":false},"excerpt":{"rendered":"<p>U nastavku \u0107ete prona\u0107i klju\u010dne dokumente i obrasce za stanovnike javnog stanovanja. Neformalno saslu\u0161anje Zahtjev Obrazac zahtjeva Port-Out Informacije o listi \u010dekanjaA\u017euriraj obrazac Administrativni plan Porodi\u010dna samodovoljnostAkcioni plan<\/p>\n","protected":false},"author":1,"featured_media":2016,"parent":2071,"menu_order":0,"comment_status":"closed","ping_status":"closed","template":"","meta":{"_acf_changed":false,"footnotes":""},"class_list":["post-2073","page","type-page","status-publish","has-post-thumbnail","hentry"],"acf":[],"yoast_head":"<!-- This site is optimized with the Yoast SEO plugin v27.5 - https:\/\/yoast.com\/product\/yoast-seo-wordpress\/ -->\n<title>Dokumenti i obrasci - County Housing<\/title>\n<meta name=\"robots\" content=\"index, follow, max-snippet:-1, max-image-preview:large, max-video-preview:-1\" \/>\n<link rel=\"canonical\" href=\"https:\/\/countyhousing.org\/bs\/public-housing\/dokumenti-i-obrasci\/\" \/>\n<meta property=\"og:locale\" content=\"bs_BA\" \/>\n<meta property=\"og:type\" content=\"article\" \/>\n<meta property=\"og:title\" content=\"Dokumenti i obrasci - County Housing\" \/>\n<meta property=\"og:description\" content=\"U nastavku \u0107ete prona\u0107i klju\u010dne dokumente i obrasce za stanovnike javnog stanovanja. Neformalno saslu\u0161anje Zahtjev Obrazac zahtjeva Port-Out Informacije o listi \u010dekanjaA\u017euriraj obrazac Administrativni plan Porodi\u010dna samodovoljnostAkcioni plan\" \/>\n<meta property=\"og:url\" content=\"https:\/\/countyhousing.org\/bs\/public-housing\/dokumenti-i-obrasci\/\" \/>\n<meta property=\"og:site_name\" content=\"County Housing\" \/>\n<meta property=\"article:modified_time\" content=\"2024-03-09T05:37:52+00:00\" \/>\n<meta property=\"og:image\" content=\"https:\/\/countyhousing.org\/wp-content\/uploads\/2024\/02\/CH_HeaderBanners_ALT_10.jpg\" \/>\n\t<meta property=\"og:image:width\" content=\"1920\" \/>\n\t<meta property=\"og:image:height\" content=\"279\" \/>\n\t<meta property=\"og:image:type\" content=\"image\/jpeg\" \/>\n<meta name=\"twitter:card\" content=\"summary_large_image\" \/>\n<script type=\"application\/ld+json\" class=\"yoast-schema-graph\">{\"@context\":\"https:\\\/\\\/schema.org\",\"@graph\":[{\"@type\":\"WebPage\",\"@id\":\"https:\\\/\\\/countyhousing.org\\\/bs\\\/public-housing\\\/dokumenti-i-obrasci\\\/\",\"url\":\"https:\\\/\\\/countyhousing.org\\\/bs\\\/public-housing\\\/dokumenti-i-obrasci\\\/\",\"name\":\"Dokumenti i obrasci - County Housing\",\"isPartOf\":{\"@id\":\"https:\\\/\\\/countyhousing.org\\\/bs\\\/#website\"},\"primaryImageOfPage\":{\"@id\":\"https:\\\/\\\/countyhousing.org\\\/bs\\\/public-housing\\\/dokumenti-i-obrasci\\\/#primaryimage\"},\"image\":{\"@id\":\"https:\\\/\\\/countyhousing.org\\\/bs\\\/public-housing\\\/dokumenti-i-obrasci\\\/#primaryimage\"},\"thumbnailUrl\":\"https:\\\/\\\/countyhousing.org\\\/wp-content\\\/uploads\\\/2024\\\/02\\\/CH_HeaderBanners_ALT_10.jpg\",\"datePublished\":\"2023-11-16T14:34:35+00:00\",\"dateModified\":\"2024-03-09T05:37:52+00:00\",\"breadcrumb\":{\"@id\":\"https:\\\/\\\/countyhousing.org\\\/bs\\\/public-housing\\\/dokumenti-i-obrasci\\\/#breadcrumb\"},\"inLanguage\":\"bs-BA\",\"potentialAction\":[{\"@type\":\"ReadAction\",\"target\":[\"https:\\\/\\\/countyhousing.org\\\/bs\\\/public-housing\\\/dokumenti-i-obrasci\\\/\"]}]},{\"@type\":\"ImageObject\",\"inLanguage\":\"bs-BA\",\"@id\":\"https:\\\/\\\/countyhousing.org\\\/bs\\\/public-housing\\\/dokumenti-i-obrasci\\\/#primaryimage\",\"url\":\"https:\\\/\\\/countyhousing.org\\\/wp-content\\\/uploads\\\/2024\\\/02\\\/CH_HeaderBanners_ALT_10.jpg\",\"contentUrl\":\"https:\\\/\\\/countyhousing.org\\\/wp-content\\\/uploads\\\/2024\\\/02\\\/CH_HeaderBanners_ALT_10.jpg\",\"width\":1920,\"height\":279},{\"@type\":\"BreadcrumbList\",\"@id\":\"https:\\\/\\\/countyhousing.org\\\/bs\\\/public-housing\\\/dokumenti-i-obrasci\\\/#breadcrumb\",\"itemListElement\":[{\"@type\":\"ListItem\",\"position\":1,\"name\":\"Home\",\"item\":\"https:\\\/\\\/countyhousing.org\\\/bs\\\/pocetna-stranica\\\/\"},{\"@type\":\"ListItem\",\"position\":2,\"name\":\"Dokumenti i obrasci\"}]},{\"@type\":\"WebSite\",\"@id\":\"https:\\\/\\\/countyhousing.org\\\/bs\\\/#website\",\"url\":\"https:\\\/\\\/countyhousing.org\\\/bs\\\/\",\"name\":\"County Housing\",\"description\":\"The Housing Authority of St. Louis County\",\"publisher\":{\"@id\":\"https:\\\/\\\/countyhousing.org\\\/bs\\\/#organization\"},\"potentialAction\":[{\"@type\":\"SearchAction\",\"target\":{\"@type\":\"EntryPoint\",\"urlTemplate\":\"https:\\\/\\\/countyhousing.org\\\/bs\\\/?s={search_term_string}\"},\"query-input\":{\"@type\":\"PropertyValueSpecification\",\"valueRequired\":true,\"valueName\":\"search_term_string\"}}],\"inLanguage\":\"bs-BA\"},{\"@type\":\"Organization\",\"@id\":\"https:\\\/\\\/countyhousing.org\\\/bs\\\/#organization\",\"name\":\"County Housing\",\"url\":\"https:\\\/\\\/countyhousing.org\\\/bs\\\/\",\"logo\":{\"@type\":\"ImageObject\",\"inLanguage\":\"bs-BA\",\"@id\":\"https:\\\/\\\/countyhousing.org\\\/bs\\\/#\\\/schema\\\/logo\\\/image\\\/\",\"url\":\"https:\\\/\\\/countyhousing.org\\\/wp-content\\\/uploads\\\/2023\\\/12\\\/CH_Logo_Horizontal_Web_03-1.png\",\"contentUrl\":\"https:\\\/\\\/countyhousing.org\\\/wp-content\\\/uploads\\\/2023\\\/12\\\/CH_Logo_Horizontal_Web_03-1.png\",\"width\":279,\"height\":100,\"caption\":\"County Housing\"},\"image\":{\"@id\":\"https:\\\/\\\/countyhousing.org\\\/bs\\\/#\\\/schema\\\/logo\\\/image\\\/\"}}]}<\/script>\n<!-- \/ Yoast SEO plugin. -->","yoast_head_json":{"title":"Dokumenti i obrasci - County Housing","robots":{"index":"index","follow":"follow","max-snippet":"max-snippet:-1","max-image-preview":"max-image-preview:large","max-video-preview":"max-video-preview:-1"},"canonical":"https:\/\/countyhousing.org\/bs\/public-housing\/dokumenti-i-obrasci\/","og_locale":"bs_BA","og_type":"article","og_title":"Dokumenti i obrasci - County Housing","og_description":"U nastavku \u0107ete prona\u0107i klju\u010dne dokumente i obrasce za stanovnike javnog stanovanja. Neformalno saslu\u0161anje Zahtjev Obrazac zahtjeva Port-Out Informacije o listi \u010dekanjaA\u017euriraj obrazac Administrativni plan Porodi\u010dna samodovoljnostAkcioni plan","og_url":"https:\/\/countyhousing.org\/bs\/public-housing\/dokumenti-i-obrasci\/","og_site_name":"County Housing","article_modified_time":"2024-03-09T05:37:52+00:00","og_image":[{"width":1920,"height":279,"url":"https:\/\/countyhousing.org\/wp-content\/uploads\/2024\/02\/CH_HeaderBanners_ALT_10.jpg","type":"image\/jpeg"}],"twitter_card":"summary_large_image","schema":{"@context":"https:\/\/schema.org","@graph":[{"@type":"WebPage","@id":"https:\/\/countyhousing.org\/bs\/public-housing\/dokumenti-i-obrasci\/","url":"https:\/\/countyhousing.org\/bs\/public-housing\/dokumenti-i-obrasci\/","name":"Dokumenti i obrasci - County Housing","isPartOf":{"@id":"https:\/\/countyhousing.org\/bs\/#website"},"primaryImageOfPage":{"@id":"https:\/\/countyhousing.org\/bs\/public-housing\/dokumenti-i-obrasci\/#primaryimage"},"image":{"@id":"https:\/\/countyhousing.org\/bs\/public-housing\/dokumenti-i-obrasci\/#primaryimage"},"thumbnailUrl":"https:\/\/countyhousing.org\/wp-content\/uploads\/2024\/02\/CH_HeaderBanners_ALT_10.jpg","datePublished":"2023-11-16T14:34:35+00:00","dateModified":"2024-03-09T05:37:52+00:00","breadcrumb":{"@id":"https:\/\/countyhousing.org\/bs\/public-housing\/dokumenti-i-obrasci\/#breadcrumb"},"inLanguage":"bs-BA","potentialAction":[{"@type":"ReadAction","target":["https:\/\/countyhousing.org\/bs\/public-housing\/dokumenti-i-obrasci\/"]}]},{"@type":"ImageObject","inLanguage":"bs-BA","@id":"https:\/\/countyhousing.org\/bs\/public-housing\/dokumenti-i-obrasci\/#primaryimage","url":"https:\/\/countyhousing.org\/wp-content\/uploads\/2024\/02\/CH_HeaderBanners_ALT_10.jpg","contentUrl":"https:\/\/countyhousing.org\/wp-content\/uploads\/2024\/02\/CH_HeaderBanners_ALT_10.jpg","width":1920,"height":279},{"@type":"BreadcrumbList","@id":"https:\/\/countyhousing.org\/bs\/public-housing\/dokumenti-i-obrasci\/#breadcrumb","itemListElement":[{"@type":"ListItem","position":1,"name":"Home","item":"https:\/\/countyhousing.org\/bs\/pocetna-stranica\/"},{"@type":"ListItem","position":2,"name":"Dokumenti i obrasci"}]},{"@type":"WebSite","@id":"https:\/\/countyhousing.org\/bs\/#website","url":"https:\/\/countyhousing.org\/bs\/","name":"County Housing","description":"The Housing Authority of St. Louis County","publisher":{"@id":"https:\/\/countyhousing.org\/bs\/#organization"},"potentialAction":[{"@type":"SearchAction","target":{"@type":"EntryPoint","urlTemplate":"https:\/\/countyhousing.org\/bs\/?s={search_term_string}"},"query-input":{"@type":"PropertyValueSpecification","valueRequired":true,"valueName":"search_term_string"}}],"inLanguage":"bs-BA"},{"@type":"Organization","@id":"https:\/\/countyhousing.org\/bs\/#organization","name":"County Housing","url":"https:\/\/countyhousing.org\/bs\/","logo":{"@type":"ImageObject","inLanguage":"bs-BA","@id":"https:\/\/countyhousing.org\/bs\/#\/schema\/logo\/image\/","url":"https:\/\/countyhousing.org\/wp-content\/uploads\/2023\/12\/CH_Logo_Horizontal_Web_03-1.png","contentUrl":"https:\/\/countyhousing.org\/wp-content\/uploads\/2023\/12\/CH_Logo_Horizontal_Web_03-1.png","width":279,"height":100,"caption":"County Housing"},"image":{"@id":"https:\/\/countyhousing.org\/bs\/#\/schema\/logo\/image\/"}}]}},"_links":{"self":[{"href":"https:\/\/countyhousing.org\/bs\/wp-json\/wp\/v2\/pages\/2073","targetHints":{"allow":["GET"]}}],"collection":[{"href":"https:\/\/countyhousing.org\/bs\/wp-json\/wp\/v2\/pages"}],"about":[{"href":"https:\/\/countyhousing.org\/bs\/wp-json\/wp\/v2\/types\/page"}],"author":[{"embeddable":true,"href":"https:\/\/countyhousing.org\/bs\/wp-json\/wp\/v2\/users\/1"}],"replies":[{"embeddable":true,"href":"https:\/\/countyhousing.org\/bs\/wp-json\/wp\/v2\/comments?post=2073"}],"version-history":[{"count":0,"href":"https:\/\/countyhousing.org\/bs\/wp-json\/wp\/v2\/pages\/2073\/revisions"}],"up":[{"embeddable":true,"href":"https:\/\/countyhousing.org\/bs\/wp-json\/wp\/v2\/pages\/2071"}],"wp:featuredmedia":[{"embeddable":true,"href":"https:\/\/countyhousing.org\/bs\/wp-json\/wp\/v2\/media\/2016"}],"wp:attachment":[{"href":"https:\/\/countyhousing.org\/bs\/wp-json\/wp\/v2\/media?parent=2073"}],"curies":[{"name":"wp","href":"https:\/\/api.w.org\/{rel}","templated":true}]}}