{"id":2066,"date":"2023-11-16T14:36:56","date_gmt":"2023-11-16T14:36:56","guid":{"rendered":"https:\/\/countyhousing.org\/program-porodicne-samodovoljnosti\/"},"modified":"2024-03-09T05:37:52","modified_gmt":"2024-03-09T05:37:52","slug":"program-porodicne-samodovoljnosti","status":"publish","type":"page","link":"https:\/\/countyhousing.org\/bs\/program-porodicne-samodovoljnosti\/","title":{"rendered":"Program porodi\u010dne samodovoljnosti"},"content":{"rendered":"\n<p>HUD-ov program porodi\u010dne samodovoljnosti (FSS) je dizajniran da pomogne pojedincima i porodicama koji dobiju vau\u010dere za izbor smje\u0161taja da steknu ekonomsku samodovoljnost. U ovom programu, porodice rade s predanim koordinatorima FSS-a u osoblju u \u017eupanijskom stambenom zbrinjavanju kako bi postavili i radili na konkretnim ciljevima koji vode pove\u0107anju financijske neovisnosti i stabilnosti.<\/p>\n\n<div class=\"wp-block-group\"><div class=\"wp-block-group__inner-container is-layout-constrained wp-block-group-is-layout-constrained\">\n<h2 class=\"wp-block-heading has-body-copy-color has-text-color has-link-color wp-elements-92ef4f6b95f585a6994b73c3b4742957\">Pregled programa<\/h2>\n\n\n\n<h3 class=\"wp-block-heading has-medium-dark-blue-color has-text-color has-link-color wp-elements-1ec4c4b8f701a00305519c6c6121c741\">Podobnost<\/h3>\n\n\n\n<p>Da bi u\u010destvovali u programu FSS, pojedinci ili porodice moraju biti aktivni u\u010desnici u programu Housing Choice Voucher. Uslovi za kvalifikovanje uklju\u010duju postojanje provjerljivog izvora prihoda i uskla\u0111enost sa pravilima programa.<\/p>\n\n\n\n<h3 class=\"wp-block-heading has-medium-green-color has-text-color has-link-color wp-elements-2024de7b3a12d4a2b18c8acb0abc4503\">Dobrovoljno u\u010de\u0161\u0107e<\/h3>\n\n\n\n<p>U\u010de\u0161\u0107e u programu FSS je u potpunosti dobrovoljno. U\u010desnici biraju da se upi\u0161u i postavljaju svoje ciljeve za samodovoljnost.<\/p>\n\n\n\n<h3 class=\"wp-block-heading has-pink-color has-text-color has-link-color wp-elements-72d20aaaa9825929228408de9a1ef284\">Upravljanje slu\u010dajevima<\/h3>\n\n\n\n<p>Svakom u\u010desniku je dodijeljen koordinator koji blisko sara\u0111uje s njima na izradi individualnog plana obuke i usluga (ITSP). ITSP navodi ciljeve u\u010desnika, korake koje treba da preduzmu da bi postigli te ciljeve, kao i usluge i resurse potrebne da podr\u017ee njihove napore.<\/p>\n\n\n\n<h3 class=\"wp-block-heading has-teal-color has-text-color has-link-color wp-elements-ff0649eb3c44f2c8a15ffee74ffd613c\">Postavljanje ciljeva<\/h3>\n\n\n\n<p>U\u010desnici rade sa svojim voditeljem slu\u010daja kako bi identifikovali li\u010dne i porodi\u010dne ciljeve. Ovi ciljevi mogu se uvelike razlikovati i mogu uklju\u010divati \u200b\u200bzavr\u0161etak obrazovanja ili obuku za posao, pronala\u017eenje stabilnog zaposlenja, pobolj\u0161anje finansijske pismenosti, smanjenje dugova i postizanje vlasni\u0161tva nad ku\u0107om.<\/p>\n\n\n\n<h3 class=\"wp-block-heading has-medium-dark-blue-color has-text-color has-link-color wp-elements-665917eb938550515831cf1028e6c8cd\">Finansijski podsticaji<\/h3>\n\n\n\n<p>Jedna od jedinstvenih karakteristika FSS programa je escrow ra\u010dun. Kako se prihod u\u010desnika pove\u0107ava zbog zaposlenja ili drugih izvora, dio tog pove\u0107anja se deponuje na escrow ra\u010dun. Ako u\u010desnici uspje\u0161no zavr\u0161e svoje ciljeve i zavr\u0161e program, oni primaju sredstva na escrow ra\u010dun kao pau\u0161alnu isplatu. Ovo mo\u017ee pru\u017eiti zna\u010dajan finansijski podsticaj kako bi se pomoglo u\u010desnicima da ostvare svoje dugoro\u010dne ciljeve.<\/p>\n\n\n\n<h3 class=\"wp-block-heading has-medium-green-color has-text-color has-link-color wp-elements-969f86a19ba7c5f7fa1e6a51685511fa\">Usluge podr\u0161ke<\/h3>\n\n\n\n<p>Sudionici imaju pristup raznim uslugama podr\u0161ke koje pru\u017eaju partnerske agencije County Housinga, a koje mogu uklju\u010divati \u200b\u200bobuku za posao, pomo\u0107 u obrazovanju, usluge brige o djeci, pomo\u0107 u prijevozu i savjetovanje. Ove usluge su dizajnirane da pomognu u\u010desnicima da prevazi\u0111u prepreke samodovoljnosti.<\/p>\n\n\n\n<h3 class=\"wp-block-heading has-pink-color has-text-color has-link-color wp-elements-fe48ac0fd05722bda3700883824e927a\">Pra\u0107enje i pra\u0107enje napretka<\/h3>\n\n\n\n<p>U\u010desnici se redovno sastaju sa svojim menad\u017eerima slu\u010daja kako bi pratili napredak ka svojim ciljevima i prilagodili svoje planove po potrebi. Voditelji slu\u010dajeva pru\u017eaju smjernice, podr\u0161ku i upu\u0107ivanje na resurse po potrebi.<\/p>\n\n\n\n<h3 class=\"wp-block-heading has-teal-color has-text-color has-link-color wp-elements-8da0afe45d9f52fcb0d4115ec62a98e3\">Diplomiranje<\/h3>\n\n\n\n<p>Da bi uspje\u0161no zavr\u0161ili program, u\u010desnici moraju ispuniti svoje postavljene ciljeve i pokazati ekonomsku samodovoljnost.<\/p>\n\n\n\n<h3 class=\"wp-block-heading has-medium-dark-blue-color has-text-color has-link-color wp-elements-3ba547c81620bdb6b963e6ea39bb8c5b\">Nastavak stambene pomo\u0107i<\/h3>\n\n\n\n<p>Nakon zavr\u0161etka programa, u\u010desnici mogu nastaviti primati pomo\u0107 za iznajmljivanje Housing Choice Voucher-a sve dok ispunjavaju uslove.<\/p>\n\n\n\n<h3 class=\"wp-block-heading has-medium-green-color has-text-color has-link-color wp-elements-cf792ae4d9bb878bb1f39d094c722c4f\">Po\u010dinjemo<\/h3>\n\n\n\n<p>Obratite se svom slu\u017ebeniku za slu\u010dajeve kako biste saznali kako zapo\u010deti s programom.<\/p>\n<\/div><\/div>\n","protected":false},"excerpt":{"rendered":"<p>HUD-ov program porodi\u010dne samodovoljnosti (FSS) je dizajniran da pomogne pojedincima i porodicama koji dobiju vau\u010dere za izbor smje\u0161taja da steknu ekonomsku samodovoljnost. U ovom programu, porodice rade s predanim koordinatorima FSS-a u osoblju u \u017eupanijskom stambenom zbrinjavanju kako bi postavili i radili na konkretnim ciljevima koji vode pove\u0107anju financijske neovisnosti i stabilnosti. Pregled programa Podobnost [&hellip;]<\/p>\n","protected":false},"author":1,"featured_media":0,"parent":0,"menu_order":0,"comment_status":"closed","ping_status":"closed","template":"","meta":{"_acf_changed":false,"footnotes":""},"class_list":["post-2066","page","type-page","status-publish","hentry"],"acf":[],"yoast_head":"<!-- This site is optimized with the Yoast SEO plugin v27.5 - https:\/\/yoast.com\/product\/yoast-seo-wordpress\/ -->\n<title>Program porodi\u010dne samodovoljnosti - County Housing<\/title>\n<meta name=\"description\" content=\"HUD-ov program porodi\u010dne samodovoljnosti (FSS) je dizajniran da pomogne pojedincima i porodicama koji dobiju vau\u010dere za izbor smje\u0161taja da steknu ekonomsku samodovoljnost. U ovom programu, porodice rade s predanim koordinatorima FSS-a u osoblju u \u017eupanijskom stambenom zbrinjavanju kako bi postavili i radili na konkretnim ciljevima koji vode pove\u0107anju financijske neovisnosti i stabilnosti.\" \/>\n<meta name=\"robots\" content=\"index, follow, max-snippet:-1, max-image-preview:large, max-video-preview:-1\" \/>\n<link rel=\"canonical\" href=\"https:\/\/countyhousing.org\/bs\/program-porodicne-samodovoljnosti\/\" \/>\n<meta property=\"og:locale\" content=\"bs_BA\" \/>\n<meta property=\"og:type\" content=\"article\" \/>\n<meta property=\"og:title\" content=\"Program porodi\u010dne samodovoljnosti\" \/>\n<meta property=\"og:description\" content=\"HUD-ov program porodi\u010dne samodovoljnosti (FSS) je dizajniran da pomogne pojedincima i porodicama koji dobiju vau\u010dere za izbor smje\u0161taja da steknu ekonomsku samodovoljnost. U ovom programu, porodice rade s predanim koordinatorima FSS-a u osoblju u \u017eupanijskom stambenom zbrinjavanju kako bi postavili i radili na konkretnim ciljevima koji vode pove\u0107anju financijske neovisnosti i stabilnosti.\" \/>\n<meta property=\"og:url\" content=\"https:\/\/countyhousing.org\/bs\/program-porodicne-samodovoljnosti\/\" \/>\n<meta property=\"og:site_name\" content=\"County Housing\" \/>\n<meta property=\"article:modified_time\" content=\"2024-03-09T05:37:52+00:00\" \/>\n<meta property=\"og:image\" content=\"https:\/\/countyhousing.org\/wp-content\/uploads\/2024\/02\/CountyHousing_SocialShare_crop-1024x538.jpg\" \/>\n<meta name=\"twitter:card\" content=\"summary_large_image\" \/>\n<meta name=\"twitter:title\" content=\"Program porodi\u010dne samodovoljnosti\" \/>\n<meta name=\"twitter:description\" content=\"HUD-ov program porodi\u010dne samodovoljnosti (FSS) je dizajniran da pomogne pojedincima i porodicama koji dobiju vau\u010dere za izbor smje\u0161taja da steknu ekonomsku samodovoljnost. U ovom programu, porodice rade s predanim koordinatorima FSS-a u osoblju u \u017eupanijskom stambenom zbrinjavanju kako bi postavili i radili na konkretnim ciljevima koji vode pove\u0107anju financijske neovisnosti i stabilnosti.\" \/>\n<meta name=\"twitter:image\" content=\"https:\/\/countyhousing.org\/wp-content\/uploads\/2024\/02\/CountyHousing_SocialShare_crop-1024x538.jpg\" \/>\n<meta name=\"twitter:label1\" content=\"Est. reading time\" \/>\n\t<meta name=\"twitter:data1\" content=\"2 minute\" \/>\n<script type=\"application\/ld+json\" class=\"yoast-schema-graph\">{\"@context\":\"https:\\\/\\\/schema.org\",\"@graph\":[{\"@type\":\"WebPage\",\"@id\":\"https:\\\/\\\/countyhousing.org\\\/bs\\\/program-porodicne-samodovoljnosti\\\/\",\"url\":\"https:\\\/\\\/countyhousing.org\\\/bs\\\/program-porodicne-samodovoljnosti\\\/\",\"name\":\"Program porodi\u010dne samodovoljnosti - County Housing\",\"isPartOf\":{\"@id\":\"https:\\\/\\\/countyhousing.org\\\/bs\\\/#website\"},\"datePublished\":\"2023-11-16T14:36:56+00:00\",\"dateModified\":\"2024-03-09T05:37:52+00:00\",\"description\":\"HUD-ov program porodi\u010dne samodovoljnosti (FSS) je dizajniran da pomogne pojedincima i porodicama koji dobiju vau\u010dere za izbor smje\u0161taja da steknu ekonomsku samodovoljnost. U ovom programu, porodice rade s predanim koordinatorima FSS-a u osoblju u \u017eupanijskom stambenom zbrinjavanju kako bi postavili i radili na konkretnim ciljevima koji vode pove\u0107anju financijske neovisnosti i stabilnosti.\",\"breadcrumb\":{\"@id\":\"https:\\\/\\\/countyhousing.org\\\/bs\\\/program-porodicne-samodovoljnosti\\\/#breadcrumb\"},\"inLanguage\":\"bs-BA\",\"potentialAction\":[{\"@type\":\"ReadAction\",\"target\":[\"https:\\\/\\\/countyhousing.org\\\/bs\\\/program-porodicne-samodovoljnosti\\\/\"]}]},{\"@type\":\"BreadcrumbList\",\"@id\":\"https:\\\/\\\/countyhousing.org\\\/bs\\\/program-porodicne-samodovoljnosti\\\/#breadcrumb\",\"itemListElement\":[{\"@type\":\"ListItem\",\"position\":1,\"name\":\"Home\",\"item\":\"https:\\\/\\\/countyhousing.org\\\/bs\\\/pocetna-stranica\\\/\"},{\"@type\":\"ListItem\",\"position\":2,\"name\":\"Program porodi\u010dne samodovoljnosti\"}]},{\"@type\":\"WebSite\",\"@id\":\"https:\\\/\\\/countyhousing.org\\\/bs\\\/#website\",\"url\":\"https:\\\/\\\/countyhousing.org\\\/bs\\\/\",\"name\":\"County Housing\",\"description\":\"The Housing Authority of St. Louis County\",\"publisher\":{\"@id\":\"https:\\\/\\\/countyhousing.org\\\/bs\\\/#organization\"},\"potentialAction\":[{\"@type\":\"SearchAction\",\"target\":{\"@type\":\"EntryPoint\",\"urlTemplate\":\"https:\\\/\\\/countyhousing.org\\\/bs\\\/?s={search_term_string}\"},\"query-input\":{\"@type\":\"PropertyValueSpecification\",\"valueRequired\":true,\"valueName\":\"search_term_string\"}}],\"inLanguage\":\"bs-BA\"},{\"@type\":\"Organization\",\"@id\":\"https:\\\/\\\/countyhousing.org\\\/bs\\\/#organization\",\"name\":\"County Housing\",\"url\":\"https:\\\/\\\/countyhousing.org\\\/bs\\\/\",\"logo\":{\"@type\":\"ImageObject\",\"inLanguage\":\"bs-BA\",\"@id\":\"https:\\\/\\\/countyhousing.org\\\/bs\\\/#\\\/schema\\\/logo\\\/image\\\/\",\"url\":\"https:\\\/\\\/countyhousing.org\\\/wp-content\\\/uploads\\\/2023\\\/12\\\/CH_Logo_Horizontal_Web_03-1.png\",\"contentUrl\":\"https:\\\/\\\/countyhousing.org\\\/wp-content\\\/uploads\\\/2023\\\/12\\\/CH_Logo_Horizontal_Web_03-1.png\",\"width\":279,\"height\":100,\"caption\":\"County Housing\"},\"image\":{\"@id\":\"https:\\\/\\\/countyhousing.org\\\/bs\\\/#\\\/schema\\\/logo\\\/image\\\/\"}}]}<\/script>\n<!-- \/ Yoast SEO plugin. -->","yoast_head_json":{"title":"Program porodi\u010dne samodovoljnosti - County Housing","description":"HUD-ov program porodi\u010dne samodovoljnosti (FSS) je dizajniran da pomogne pojedincima i porodicama koji dobiju vau\u010dere za izbor smje\u0161taja da steknu ekonomsku samodovoljnost. U ovom programu, porodice rade s predanim koordinatorima FSS-a u osoblju u \u017eupanijskom stambenom zbrinjavanju kako bi postavili i radili na konkretnim ciljevima koji vode pove\u0107anju financijske neovisnosti i stabilnosti.","robots":{"index":"index","follow":"follow","max-snippet":"max-snippet:-1","max-image-preview":"max-image-preview:large","max-video-preview":"max-video-preview:-1"},"canonical":"https:\/\/countyhousing.org\/bs\/program-porodicne-samodovoljnosti\/","og_locale":"bs_BA","og_type":"article","og_title":"Program porodi\u010dne samodovoljnosti","og_description":"HUD-ov program porodi\u010dne samodovoljnosti (FSS) je dizajniran da pomogne pojedincima i porodicama koji dobiju vau\u010dere za izbor smje\u0161taja da steknu ekonomsku samodovoljnost. U ovom programu, porodice rade s predanim koordinatorima FSS-a u osoblju u \u017eupanijskom stambenom zbrinjavanju kako bi postavili i radili na konkretnim ciljevima koji vode pove\u0107anju financijske neovisnosti i stabilnosti.","og_url":"https:\/\/countyhousing.org\/bs\/program-porodicne-samodovoljnosti\/","og_site_name":"County Housing","article_modified_time":"2024-03-09T05:37:52+00:00","og_image":[{"url":"https:\/\/countyhousing.org\/wp-content\/uploads\/2024\/02\/CountyHousing_SocialShare_crop-1024x538.jpg","type":"","width":"","height":""}],"twitter_card":"summary_large_image","twitter_title":"Program porodi\u010dne samodovoljnosti","twitter_description":"HUD-ov program porodi\u010dne samodovoljnosti (FSS) je dizajniran da pomogne pojedincima i porodicama koji dobiju vau\u010dere za izbor smje\u0161taja da steknu ekonomsku samodovoljnost. U ovom programu, porodice rade s predanim koordinatorima FSS-a u osoblju u \u017eupanijskom stambenom zbrinjavanju kako bi postavili i radili na konkretnim ciljevima koji vode pove\u0107anju financijske neovisnosti i stabilnosti.","twitter_image":"https:\/\/countyhousing.org\/wp-content\/uploads\/2024\/02\/CountyHousing_SocialShare_crop-1024x538.jpg","twitter_misc":{"Est. reading time":"2 minute"},"schema":{"@context":"https:\/\/schema.org","@graph":[{"@type":"WebPage","@id":"https:\/\/countyhousing.org\/bs\/program-porodicne-samodovoljnosti\/","url":"https:\/\/countyhousing.org\/bs\/program-porodicne-samodovoljnosti\/","name":"Program porodi\u010dne samodovoljnosti - County Housing","isPartOf":{"@id":"https:\/\/countyhousing.org\/bs\/#website"},"datePublished":"2023-11-16T14:36:56+00:00","dateModified":"2024-03-09T05:37:52+00:00","description":"HUD-ov program porodi\u010dne samodovoljnosti (FSS) je dizajniran da pomogne pojedincima i porodicama koji dobiju vau\u010dere za izbor smje\u0161taja da steknu ekonomsku samodovoljnost. U ovom programu, porodice rade s predanim koordinatorima FSS-a u osoblju u \u017eupanijskom stambenom zbrinjavanju kako bi postavili i radili na konkretnim ciljevima koji vode pove\u0107anju financijske neovisnosti i stabilnosti.","breadcrumb":{"@id":"https:\/\/countyhousing.org\/bs\/program-porodicne-samodovoljnosti\/#breadcrumb"},"inLanguage":"bs-BA","potentialAction":[{"@type":"ReadAction","target":["https:\/\/countyhousing.org\/bs\/program-porodicne-samodovoljnosti\/"]}]},{"@type":"BreadcrumbList","@id":"https:\/\/countyhousing.org\/bs\/program-porodicne-samodovoljnosti\/#breadcrumb","itemListElement":[{"@type":"ListItem","position":1,"name":"Home","item":"https:\/\/countyhousing.org\/bs\/pocetna-stranica\/"},{"@type":"ListItem","position":2,"name":"Program porodi\u010dne samodovoljnosti"}]},{"@type":"WebSite","@id":"https:\/\/countyhousing.org\/bs\/#website","url":"https:\/\/countyhousing.org\/bs\/","name":"County Housing","description":"The Housing Authority of St. Louis County","publisher":{"@id":"https:\/\/countyhousing.org\/bs\/#organization"},"potentialAction":[{"@type":"SearchAction","target":{"@type":"EntryPoint","urlTemplate":"https:\/\/countyhousing.org\/bs\/?s={search_term_string}"},"query-input":{"@type":"PropertyValueSpecification","valueRequired":true,"valueName":"search_term_string"}}],"inLanguage":"bs-BA"},{"@type":"Organization","@id":"https:\/\/countyhousing.org\/bs\/#organization","name":"County Housing","url":"https:\/\/countyhousing.org\/bs\/","logo":{"@type":"ImageObject","inLanguage":"bs-BA","@id":"https:\/\/countyhousing.org\/bs\/#\/schema\/logo\/image\/","url":"https:\/\/countyhousing.org\/wp-content\/uploads\/2023\/12\/CH_Logo_Horizontal_Web_03-1.png","contentUrl":"https:\/\/countyhousing.org\/wp-content\/uploads\/2023\/12\/CH_Logo_Horizontal_Web_03-1.png","width":279,"height":100,"caption":"County Housing"},"image":{"@id":"https:\/\/countyhousing.org\/bs\/#\/schema\/logo\/image\/"}}]}},"_links":{"self":[{"href":"https:\/\/countyhousing.org\/bs\/wp-json\/wp\/v2\/pages\/2066","targetHints":{"allow":["GET"]}}],"collection":[{"href":"https:\/\/countyhousing.org\/bs\/wp-json\/wp\/v2\/pages"}],"about":[{"href":"https:\/\/countyhousing.org\/bs\/wp-json\/wp\/v2\/types\/page"}],"author":[{"embeddable":true,"href":"https:\/\/countyhousing.org\/bs\/wp-json\/wp\/v2\/users\/1"}],"replies":[{"embeddable":true,"href":"https:\/\/countyhousing.org\/bs\/wp-json\/wp\/v2\/comments?post=2066"}],"version-history":[{"count":0,"href":"https:\/\/countyhousing.org\/bs\/wp-json\/wp\/v2\/pages\/2066\/revisions"}],"wp:attachment":[{"href":"https:\/\/countyhousing.org\/bs\/wp-json\/wp\/v2\/media?parent=2066"}],"curies":[{"name":"wp","href":"https:\/\/api.w.org\/{rel}","templated":true}]}}