{"id":2063,"date":"2023-11-16T14:35:04","date_gmt":"2023-11-16T20:35:04","guid":{"rendered":"https:\/\/countyhousing.org\/godisnja-recertifikacija\/"},"modified":"2026-03-06T15:33:07","modified_gmt":"2026-03-06T21:33:07","slug":"godisnja-recertifikacija","status":"publish","type":"page","link":"https:\/\/countyhousing.org\/bs\/godisnja-recertifikacija\/","title":{"rendered":"Godi\u0161nja recertifikacija"},"content":{"rendered":"\n<p><strong>Stanari koji koriste vau\u010dere za izbor stanovanja moraju svake godine podnijeti potvrdu o ponovnom ovjeravanju svom specijalistu za stambeni program.<\/strong><\/p>\n\n<p>Svake godine na godi\u0161njicu datuma va\u0161eg zakupa, County Housing provodi proces pod nazivom Recertifikacija kako bi osigurao da sudionici i dalje ispunjavaju uvjete za pomo\u0107 i prilagodili subvenciju za najam ako je potrebno. Ako ne odgovorite na godi\u0161nju recertifikaciju, to \u0107e rezultirati ukidanjem pomo\u0107i.  <\/p>\n\n<div style=\"height:20px\" aria-hidden=\"true\" class=\"wp-block-spacer\"><\/div>\n\n<div class=\"wp-block-buttons is-layout-flex wp-block-buttons-is-layout-flex\">\n<div class=\"wp-block-button\"><a class=\"wp-block-button__link wp-element-button\" href=\"https:\/\/hub-haslc.securecafe.com\/residentservices\/st-louis-live\/userlogin.aspx\" target=\"_blank\" rel=\"noreferrer noopener\">Recertifikacija se mo\u017ee izvr\u0161iti putem RentCafe-a<\/a><\/div>\n<\/div>\n\n<div style=\"height:30px\" aria-hidden=\"true\" class=\"wp-block-spacer\"><\/div>\n\n<div class=\"wp-block-group\"><div class=\"wp-block-group__inner-container is-layout-constrained wp-block-group-is-layout-constrained\">\n<h2 class=\"wp-block-heading has-body-copy-color has-text-color has-link-color wp-elements-8f8d64fdd832f3954e3967208085ff9e\">\u0160ta je proces ponovne certifikacije?<\/h2>\n\n\n\n<h3 class=\"wp-block-heading\">Korak 1: Obavijest<\/h3>\n\n\n\n<p>Vlasnici vau\u010dera su obavije\u0161teni unaprijed, obi\u010dno 60-120 dana prije isteka njihove godi\u0161nje recertifikacije. Ovo obavje\u0161tenje uklju\u010duje upute o tome koji su obrasci potrebni za zavr\u0161etak procesa, metode kako ga popuniti i rok.<\/p>\n\n\n\n<h3 class=\"wp-block-heading has-medium-green-color has-text-color has-link-color wp-elements-ad4b0174c0d4178b3be431a7e1364d62\">Korak 2: Prikupljanje dokumentacije<\/h3>\n\n\n\n<p>U\u010desnici programa prikupljaju potrebnu dokumentaciju za proces recertifikacije i postavljaju je na RentCafe portal. Ovi dokumenti obi\u010dno uklju\u010duju platne listove i drugu dokumentaciju koja se odnosi na sastav doma\u0107instva i imovinu.<\/p>\n\n\n\n<h3 class=\"wp-block-heading has-pink-color has-text-color has-link-color wp-elements-fcf884932641fc192331d748929a8c08\">Korak 3: Zaka\u017eite termin (opcionalno)<\/h3>\n\n\n\n<p>Ako vlasnik vau\u010dera nema pristup ra\u010dunaru ili \u017eeli li\u010dno da se sastane sa svojim Specijalistom za Stambeni program, mo\u017ee se direktno obratiti Specijalistu za Stambeni program kako bi zakazao sastanak za dovr\u0161etak procesa ponovne certifikacije.<\/p>\n\n\n\n<h3 class=\"wp-block-heading has-teal-color has-text-color has-link-color wp-elements-17f643d9ca42dd5ff37b5d8eeb291ba7\">Korak 4: Verifikacija prihoda<\/h3>\n\n\n\n<p>County Housing provjerava sve prihode sudionika kod poslodavaca, financijskih institucija i vladinih agencija prema potrebi, kako bi se osigurala to\u010dnost.<\/p>\n\n\n\n<h3 class=\"wp-block-heading has-medium-dark-blue-color has-text-color has-link-color wp-elements-504f09af6b3305731e56dd1b65aaaf2c\">Korak 5: Obra\u010dun pomo\u0107i za iznajmljivanje<\/h3>\n\n\n\n<p>Na temelju dostavljenih informacija, County Housing prera\u010dunava pomo\u0107 sudionika za iznajmljivanje. Izra\u010dun uzima u obzir prihod, veli\u010dinu doma\u0107instva i druge faktore kako bi se odredio udio stanara u zakupnini i iznos pomo\u0107i za iznajmljivanje. \u0160to se prije podnesu svi dokumenti, to \u0107e stambena uprava br\u017ee obavijestiti vlasnike vau\u010dera o kiriju koju o\u010dekuju da plate.<\/p>\n<\/div><\/div>\n","protected":false},"excerpt":{"rendered":"<p>Stanari koji koriste vau\u010dere za izbor stanovanja moraju svake godine podnijeti potvrdu o ponovnom ovjeravanju svom specijalistu za stambeni program. Svake godine na godi\u0161njicu datuma va\u0161eg zakupa, County Housing provodi proces pod nazivom Recertifikacija kako bi osigurao da sudionici i dalje ispunjavaju uvjete za pomo\u0107 i prilagodili subvenciju za najam ako je potrebno. Ako ne [&hellip;]<\/p>\n","protected":false},"author":1,"featured_media":1829,"parent":0,"menu_order":0,"comment_status":"closed","ping_status":"closed","template":"","meta":{"_acf_changed":false,"footnotes":""},"class_list":["post-2063","page","type-page","status-publish","has-post-thumbnail","hentry"],"acf":[],"yoast_head":"<!-- This site is optimized with the Yoast SEO plugin v27.4 - https:\/\/yoast.com\/product\/yoast-seo-wordpress\/ -->\n<title>Godi\u0161nja recertifikacija za Housing Choice Voucher Program Residents - County Housing<\/title>\n<meta name=\"description\" content=\"Svake godine na godi\u0161njicu izdavanja vau\u010dera, County Housing provodi proces pod nazivom Recertifikacija kako bi osigurao da sudionici i dalje ispunjavaju uvjete za pomo\u0107 i prilagodili subvenciju za najam ako je potrebno. Ako ne odgovorite na godi\u0161nju recertifikaciju, vau\u010der \u0107e iste\u0107i.\" \/>\n<meta name=\"robots\" content=\"index, follow, max-snippet:-1, max-image-preview:large, max-video-preview:-1\" \/>\n<link rel=\"canonical\" href=\"https:\/\/countyhousing.org\/bs\/godisnja-recertifikacija\/\" \/>\n<meta property=\"og:locale\" content=\"bs_BA\" \/>\n<meta property=\"og:type\" content=\"article\" \/>\n<meta property=\"og:title\" content=\"Godi\u0161nja recertifikacija za rezidente programa Housing Choice Voucher Program - County Housing\" \/>\n<meta property=\"og:description\" content=\"Svake godine na godi\u0161njicu izdavanja vau\u010dera, County Housing provodi proces pod nazivom Recertifikacija kako bi osigurao da sudionici i dalje ispunjavaju uvjete za pomo\u0107 i prilagodili subvenciju za najam ako je potrebno. Ako ne odgovorite na godi\u0161nju recertifikaciju, vau\u010der \u0107e iste\u0107i.\" \/>\n<meta property=\"og:url\" content=\"https:\/\/countyhousing.org\/bs\/godisnja-recertifikacija\/\" \/>\n<meta property=\"og:site_name\" content=\"County Housing\" \/>\n<meta property=\"article:modified_time\" content=\"2026-03-06T21:33:07+00:00\" \/>\n<meta property=\"og:image\" content=\"https:\/\/countyhousing.org\/wp-content\/uploads\/2024\/02\/CountyHousing_SocialShare_crop-1024x538.jpg\" \/>\n<meta name=\"twitter:card\" content=\"summary_large_image\" \/>\n<meta name=\"twitter:title\" content=\"Godi\u0161nja recertifikacija za rezidente programa Housing Choice Voucher Program - County Housing\" \/>\n<meta name=\"twitter:description\" content=\"Svake godine na godi\u0161njicu izdavanja vau\u010dera, County Housing provodi proces pod nazivom Recertifikacija kako bi osigurao da sudionici i dalje ispunjavaju uvjete za pomo\u0107 i prilagodili subvenciju za najam ako je potrebno. Ako ne odgovorite na godi\u0161nju recertifikaciju, vau\u010der \u0107e iste\u0107i.\" \/>\n<meta name=\"twitter:image\" content=\"https:\/\/countyhousing.org\/wp-content\/uploads\/2024\/02\/CountyHousing_SocialShare_crop-1024x538.jpg\" \/>\n<meta name=\"twitter:label1\" content=\"Est. reading time\" \/>\n\t<meta name=\"twitter:data1\" content=\"1 minuta\" \/>\n<script type=\"application\/ld+json\" class=\"yoast-schema-graph\">{\"@context\":\"https:\\\/\\\/schema.org\",\"@graph\":[{\"@type\":\"WebPage\",\"@id\":\"https:\\\/\\\/countyhousing.org\\\/bs\\\/godisnja-recertifikacija\\\/\",\"url\":\"https:\\\/\\\/countyhousing.org\\\/bs\\\/godisnja-recertifikacija\\\/\",\"name\":\"Godi\u0161nja recertifikacija za Housing Choice Voucher Program Residents - County Housing\",\"isPartOf\":{\"@id\":\"https:\\\/\\\/countyhousing.org\\\/bs\\\/#website\"},\"primaryImageOfPage\":{\"@id\":\"https:\\\/\\\/countyhousing.org\\\/bs\\\/godisnja-recertifikacija\\\/#primaryimage\"},\"image\":{\"@id\":\"https:\\\/\\\/countyhousing.org\\\/bs\\\/godisnja-recertifikacija\\\/#primaryimage\"},\"thumbnailUrl\":\"https:\\\/\\\/countyhousing.org\\\/wp-content\\\/uploads\\\/2024\\\/03\\\/CH_HeaderBanners_full_2.webp\",\"datePublished\":\"2023-11-16T20:35:04+00:00\",\"dateModified\":\"2026-03-06T21:33:07+00:00\",\"description\":\"Svake godine na godi\u0161njicu izdavanja vau\u010dera, County Housing provodi proces pod nazivom Recertifikacija kako bi osigurao da sudionici i dalje ispunjavaju uvjete za pomo\u0107 i prilagodili subvenciju za najam ako je potrebno. Ako ne odgovorite na godi\u0161nju recertifikaciju, vau\u010der \u0107e iste\u0107i.\",\"breadcrumb\":{\"@id\":\"https:\\\/\\\/countyhousing.org\\\/bs\\\/godisnja-recertifikacija\\\/#breadcrumb\"},\"inLanguage\":\"bs-BA\",\"potentialAction\":[{\"@type\":\"ReadAction\",\"target\":[\"https:\\\/\\\/countyhousing.org\\\/bs\\\/godisnja-recertifikacija\\\/\"]}]},{\"@type\":\"ImageObject\",\"inLanguage\":\"bs-BA\",\"@id\":\"https:\\\/\\\/countyhousing.org\\\/bs\\\/godisnja-recertifikacija\\\/#primaryimage\",\"url\":\"https:\\\/\\\/countyhousing.org\\\/wp-content\\\/uploads\\\/2024\\\/03\\\/CH_HeaderBanners_full_2.webp\",\"contentUrl\":\"https:\\\/\\\/countyhousing.org\\\/wp-content\\\/uploads\\\/2024\\\/03\\\/CH_HeaderBanners_full_2.webp\",\"width\":1920,\"height\":279},{\"@type\":\"BreadcrumbList\",\"@id\":\"https:\\\/\\\/countyhousing.org\\\/bs\\\/godisnja-recertifikacija\\\/#breadcrumb\",\"itemListElement\":[{\"@type\":\"ListItem\",\"position\":1,\"name\":\"Home\",\"item\":\"https:\\\/\\\/countyhousing.org\\\/bs\\\/pocetna-stranica\\\/\"},{\"@type\":\"ListItem\",\"position\":2,\"name\":\"Godi\u0161nja recertifikacija\"}]},{\"@type\":\"WebSite\",\"@id\":\"https:\\\/\\\/countyhousing.org\\\/bs\\\/#website\",\"url\":\"https:\\\/\\\/countyhousing.org\\\/bs\\\/\",\"name\":\"County Housing\",\"description\":\"The Housing Authority of St. Louis County\",\"publisher\":{\"@id\":\"https:\\\/\\\/countyhousing.org\\\/bs\\\/#organization\"},\"potentialAction\":[{\"@type\":\"SearchAction\",\"target\":{\"@type\":\"EntryPoint\",\"urlTemplate\":\"https:\\\/\\\/countyhousing.org\\\/bs\\\/?s={search_term_string}\"},\"query-input\":{\"@type\":\"PropertyValueSpecification\",\"valueRequired\":true,\"valueName\":\"search_term_string\"}}],\"inLanguage\":\"bs-BA\"},{\"@type\":\"Organization\",\"@id\":\"https:\\\/\\\/countyhousing.org\\\/bs\\\/#organization\",\"name\":\"County Housing\",\"url\":\"https:\\\/\\\/countyhousing.org\\\/bs\\\/\",\"logo\":{\"@type\":\"ImageObject\",\"inLanguage\":\"bs-BA\",\"@id\":\"https:\\\/\\\/countyhousing.org\\\/bs\\\/#\\\/schema\\\/logo\\\/image\\\/\",\"url\":\"https:\\\/\\\/countyhousing.org\\\/wp-content\\\/uploads\\\/2023\\\/12\\\/CH_Logo_Horizontal_Web_03-1.png\",\"contentUrl\":\"https:\\\/\\\/countyhousing.org\\\/wp-content\\\/uploads\\\/2023\\\/12\\\/CH_Logo_Horizontal_Web_03-1.png\",\"width\":279,\"height\":100,\"caption\":\"County Housing\"},\"image\":{\"@id\":\"https:\\\/\\\/countyhousing.org\\\/bs\\\/#\\\/schema\\\/logo\\\/image\\\/\"}}]}<\/script>\n<!-- \/ Yoast SEO plugin. -->","yoast_head_json":{"title":"Godi\u0161nja recertifikacija za Housing Choice Voucher Program Residents - County Housing","description":"Svake godine na godi\u0161njicu izdavanja vau\u010dera, County Housing provodi proces pod nazivom Recertifikacija kako bi osigurao da sudionici i dalje ispunjavaju uvjete za pomo\u0107 i prilagodili subvenciju za najam ako je potrebno. Ako ne odgovorite na godi\u0161nju recertifikaciju, vau\u010der \u0107e iste\u0107i.","robots":{"index":"index","follow":"follow","max-snippet":"max-snippet:-1","max-image-preview":"max-image-preview:large","max-video-preview":"max-video-preview:-1"},"canonical":"https:\/\/countyhousing.org\/bs\/godisnja-recertifikacija\/","og_locale":"bs_BA","og_type":"article","og_title":"Godi\u0161nja recertifikacija za rezidente programa Housing Choice Voucher Program - County Housing","og_description":"Svake godine na godi\u0161njicu izdavanja vau\u010dera, County Housing provodi proces pod nazivom Recertifikacija kako bi osigurao da sudionici i dalje ispunjavaju uvjete za pomo\u0107 i prilagodili subvenciju za najam ako je potrebno. Ako ne odgovorite na godi\u0161nju recertifikaciju, vau\u010der \u0107e iste\u0107i.","og_url":"https:\/\/countyhousing.org\/bs\/godisnja-recertifikacija\/","og_site_name":"County Housing","article_modified_time":"2026-03-06T21:33:07+00:00","og_image":[{"url":"https:\/\/countyhousing.org\/wp-content\/uploads\/2024\/02\/CountyHousing_SocialShare_crop-1024x538.jpg","type":"","width":"","height":""}],"twitter_card":"summary_large_image","twitter_title":"Godi\u0161nja recertifikacija za rezidente programa Housing Choice Voucher Program - County Housing","twitter_description":"Svake godine na godi\u0161njicu izdavanja vau\u010dera, County Housing provodi proces pod nazivom Recertifikacija kako bi osigurao da sudionici i dalje ispunjavaju uvjete za pomo\u0107 i prilagodili subvenciju za najam ako je potrebno. Ako ne odgovorite na godi\u0161nju recertifikaciju, vau\u010der \u0107e iste\u0107i.","twitter_image":"https:\/\/countyhousing.org\/wp-content\/uploads\/2024\/02\/CountyHousing_SocialShare_crop-1024x538.jpg","twitter_misc":{"Est. reading time":"1 minuta"},"schema":{"@context":"https:\/\/schema.org","@graph":[{"@type":"WebPage","@id":"https:\/\/countyhousing.org\/bs\/godisnja-recertifikacija\/","url":"https:\/\/countyhousing.org\/bs\/godisnja-recertifikacija\/","name":"Godi\u0161nja recertifikacija za Housing Choice Voucher Program Residents - County Housing","isPartOf":{"@id":"https:\/\/countyhousing.org\/bs\/#website"},"primaryImageOfPage":{"@id":"https:\/\/countyhousing.org\/bs\/godisnja-recertifikacija\/#primaryimage"},"image":{"@id":"https:\/\/countyhousing.org\/bs\/godisnja-recertifikacija\/#primaryimage"},"thumbnailUrl":"https:\/\/countyhousing.org\/wp-content\/uploads\/2024\/03\/CH_HeaderBanners_full_2.webp","datePublished":"2023-11-16T20:35:04+00:00","dateModified":"2026-03-06T21:33:07+00:00","description":"Svake godine na godi\u0161njicu izdavanja vau\u010dera, County Housing provodi proces pod nazivom Recertifikacija kako bi osigurao da sudionici i dalje ispunjavaju uvjete za pomo\u0107 i prilagodili subvenciju za najam ako je potrebno. Ako ne odgovorite na godi\u0161nju recertifikaciju, vau\u010der \u0107e iste\u0107i.","breadcrumb":{"@id":"https:\/\/countyhousing.org\/bs\/godisnja-recertifikacija\/#breadcrumb"},"inLanguage":"bs-BA","potentialAction":[{"@type":"ReadAction","target":["https:\/\/countyhousing.org\/bs\/godisnja-recertifikacija\/"]}]},{"@type":"ImageObject","inLanguage":"bs-BA","@id":"https:\/\/countyhousing.org\/bs\/godisnja-recertifikacija\/#primaryimage","url":"https:\/\/countyhousing.org\/wp-content\/uploads\/2024\/03\/CH_HeaderBanners_full_2.webp","contentUrl":"https:\/\/countyhousing.org\/wp-content\/uploads\/2024\/03\/CH_HeaderBanners_full_2.webp","width":1920,"height":279},{"@type":"BreadcrumbList","@id":"https:\/\/countyhousing.org\/bs\/godisnja-recertifikacija\/#breadcrumb","itemListElement":[{"@type":"ListItem","position":1,"name":"Home","item":"https:\/\/countyhousing.org\/bs\/pocetna-stranica\/"},{"@type":"ListItem","position":2,"name":"Godi\u0161nja recertifikacija"}]},{"@type":"WebSite","@id":"https:\/\/countyhousing.org\/bs\/#website","url":"https:\/\/countyhousing.org\/bs\/","name":"County Housing","description":"The Housing Authority of St. Louis County","publisher":{"@id":"https:\/\/countyhousing.org\/bs\/#organization"},"potentialAction":[{"@type":"SearchAction","target":{"@type":"EntryPoint","urlTemplate":"https:\/\/countyhousing.org\/bs\/?s={search_term_string}"},"query-input":{"@type":"PropertyValueSpecification","valueRequired":true,"valueName":"search_term_string"}}],"inLanguage":"bs-BA"},{"@type":"Organization","@id":"https:\/\/countyhousing.org\/bs\/#organization","name":"County Housing","url":"https:\/\/countyhousing.org\/bs\/","logo":{"@type":"ImageObject","inLanguage":"bs-BA","@id":"https:\/\/countyhousing.org\/bs\/#\/schema\/logo\/image\/","url":"https:\/\/countyhousing.org\/wp-content\/uploads\/2023\/12\/CH_Logo_Horizontal_Web_03-1.png","contentUrl":"https:\/\/countyhousing.org\/wp-content\/uploads\/2023\/12\/CH_Logo_Horizontal_Web_03-1.png","width":279,"height":100,"caption":"County Housing"},"image":{"@id":"https:\/\/countyhousing.org\/bs\/#\/schema\/logo\/image\/"}}]}},"_links":{"self":[{"href":"https:\/\/countyhousing.org\/bs\/wp-json\/wp\/v2\/pages\/2063","targetHints":{"allow":["GET"]}}],"collection":[{"href":"https:\/\/countyhousing.org\/bs\/wp-json\/wp\/v2\/pages"}],"about":[{"href":"https:\/\/countyhousing.org\/bs\/wp-json\/wp\/v2\/types\/page"}],"author":[{"embeddable":true,"href":"https:\/\/countyhousing.org\/bs\/wp-json\/wp\/v2\/users\/1"}],"replies":[{"embeddable":true,"href":"https:\/\/countyhousing.org\/bs\/wp-json\/wp\/v2\/comments?post=2063"}],"version-history":[{"count":0,"href":"https:\/\/countyhousing.org\/bs\/wp-json\/wp\/v2\/pages\/2063\/revisions"}],"wp:featuredmedia":[{"embeddable":true,"href":"https:\/\/countyhousing.org\/bs\/wp-json\/wp\/v2\/media\/1829"}],"wp:attachment":[{"href":"https:\/\/countyhousing.org\/bs\/wp-json\/wp\/v2\/media?parent=2063"}],"curies":[{"name":"wp","href":"https:\/\/api.w.org\/{rel}","templated":true}]}}