{"id":2056,"date":"2023-11-16T14:41:03","date_gmt":"2023-11-16T14:41:03","guid":{"rendered":"https:\/\/countyhousing.org\/godisnja-recertifikacija-za-javno-stanovanje\/"},"modified":"2024-03-09T05:37:54","modified_gmt":"2024-03-09T05:37:54","slug":"godisnja-recertifikacija-za-javno-stanovanje","status":"publish","type":"page","link":"https:\/\/countyhousing.org\/bs\/public-housing\/godisnja-recertifikacija-za-javno-stanovanje\/","title":{"rendered":"Godi\u0161nja recertifikacija za javno stanovanje"},"content":{"rendered":"\n<p>Svake godine, stanovnici \u0107e zavr\u0161iti godi\u0161nju recertifikaciju sa svojim upraviteljem imovine kako bi pregledali svoje prihode, sastav doma\u0107instva i druge detalje relevantne za a\u017euriranje njihovog zakupa.<\/p>\n\n<p>Ovo je prilika da postavite sva pitanja, pru\u017eite potrebnu dokumentaciju i osigurate da su va\u0161e stambene potrebe zadovoljene.<\/p>\n\n<p><strong>Osoblje za upravljanje imovinom \u0107e vam se obratiti po\u0161tom i e-po\u0161tom kako bi zakazali sastanak s vama kako biste zavr\u0161ili godi\u0161nju recertifikaciju.<\/strong><\/p>\n","protected":false},"excerpt":{"rendered":"<p>Svake godine, stanovnici \u0107e zavr\u0161iti godi\u0161nju recertifikaciju sa svojim upraviteljem imovine kako bi pregledali svoje prihode, sastav doma\u0107instva i druge detalje relevantne za a\u017euriranje njihovog zakupa. Ovo je prilika da postavite sva pitanja, pru\u017eite potrebnu dokumentaciju i osigurate da su va\u0161e stambene potrebe zadovoljene. Osoblje za upravljanje imovinom \u0107e vam se obratiti po\u0161tom i e-po\u0161tom [&hellip;]<\/p>\n","protected":false},"author":1,"featured_media":2016,"parent":2071,"menu_order":0,"comment_status":"closed","ping_status":"closed","template":"","meta":{"_acf_changed":false,"footnotes":""},"class_list":["post-2056","page","type-page","status-publish","has-post-thumbnail","hentry"],"acf":[],"yoast_head":"<!-- This site is optimized with the Yoast SEO plugin v27.5 - https:\/\/yoast.com\/product\/yoast-seo-wordpress\/ -->\n<title>Godi\u0161nja recertifikacija za javno stanovanje - County Housing<\/title>\n<meta name=\"robots\" content=\"index, follow, max-snippet:-1, max-image-preview:large, max-video-preview:-1\" \/>\n<link rel=\"canonical\" href=\"https:\/\/countyhousing.org\/bs\/public-housing\/godisnja-recertifikacija-za-javno-stanovanje\/\" \/>\n<meta property=\"og:locale\" content=\"bs_BA\" \/>\n<meta property=\"og:type\" content=\"article\" \/>\n<meta property=\"og:title\" content=\"Godi\u0161nja recertifikacija za javno stanovanje - County Housing\" \/>\n<meta property=\"og:description\" content=\"Svake godine, stanovnici \u0107e zavr\u0161iti godi\u0161nju recertifikaciju sa svojim upraviteljem imovine kako bi pregledali svoje prihode, sastav doma\u0107instva i druge detalje relevantne za a\u017euriranje njihovog zakupa. Ovo je prilika da postavite sva pitanja, pru\u017eite potrebnu dokumentaciju i osigurate da su va\u0161e stambene potrebe zadovoljene. Osoblje za upravljanje imovinom \u0107e vam se obratiti po\u0161tom i e-po\u0161tom [&hellip;]\" \/>\n<meta property=\"og:url\" content=\"https:\/\/countyhousing.org\/bs\/public-housing\/godisnja-recertifikacija-za-javno-stanovanje\/\" \/>\n<meta property=\"og:site_name\" content=\"County Housing\" \/>\n<meta property=\"article:modified_time\" content=\"2024-03-09T05:37:54+00:00\" \/>\n<meta property=\"og:image\" content=\"https:\/\/countyhousing.org\/wp-content\/uploads\/2024\/02\/CH_HeaderBanners_ALT_10.jpg\" \/>\n\t<meta property=\"og:image:width\" content=\"1920\" \/>\n\t<meta property=\"og:image:height\" content=\"279\" \/>\n\t<meta property=\"og:image:type\" content=\"image\/jpeg\" \/>\n<meta name=\"twitter:card\" content=\"summary_large_image\" \/>\n<script type=\"application\/ld+json\" class=\"yoast-schema-graph\">{\"@context\":\"https:\\\/\\\/schema.org\",\"@graph\":[{\"@type\":\"WebPage\",\"@id\":\"https:\\\/\\\/countyhousing.org\\\/bs\\\/public-housing\\\/godisnja-recertifikacija-za-javno-stanovanje\\\/\",\"url\":\"https:\\\/\\\/countyhousing.org\\\/bs\\\/public-housing\\\/godisnja-recertifikacija-za-javno-stanovanje\\\/\",\"name\":\"Godi\u0161nja recertifikacija za javno stanovanje - County Housing\",\"isPartOf\":{\"@id\":\"https:\\\/\\\/countyhousing.org\\\/bs\\\/#website\"},\"primaryImageOfPage\":{\"@id\":\"https:\\\/\\\/countyhousing.org\\\/bs\\\/public-housing\\\/godisnja-recertifikacija-za-javno-stanovanje\\\/#primaryimage\"},\"image\":{\"@id\":\"https:\\\/\\\/countyhousing.org\\\/bs\\\/public-housing\\\/godisnja-recertifikacija-za-javno-stanovanje\\\/#primaryimage\"},\"thumbnailUrl\":\"https:\\\/\\\/countyhousing.org\\\/wp-content\\\/uploads\\\/2024\\\/02\\\/CH_HeaderBanners_ALT_10.jpg\",\"datePublished\":\"2023-11-16T14:41:03+00:00\",\"dateModified\":\"2024-03-09T05:37:54+00:00\",\"breadcrumb\":{\"@id\":\"https:\\\/\\\/countyhousing.org\\\/bs\\\/public-housing\\\/godisnja-recertifikacija-za-javno-stanovanje\\\/#breadcrumb\"},\"inLanguage\":\"bs-BA\",\"potentialAction\":[{\"@type\":\"ReadAction\",\"target\":[\"https:\\\/\\\/countyhousing.org\\\/bs\\\/public-housing\\\/godisnja-recertifikacija-za-javno-stanovanje\\\/\"]}]},{\"@type\":\"ImageObject\",\"inLanguage\":\"bs-BA\",\"@id\":\"https:\\\/\\\/countyhousing.org\\\/bs\\\/public-housing\\\/godisnja-recertifikacija-za-javno-stanovanje\\\/#primaryimage\",\"url\":\"https:\\\/\\\/countyhousing.org\\\/wp-content\\\/uploads\\\/2024\\\/02\\\/CH_HeaderBanners_ALT_10.jpg\",\"contentUrl\":\"https:\\\/\\\/countyhousing.org\\\/wp-content\\\/uploads\\\/2024\\\/02\\\/CH_HeaderBanners_ALT_10.jpg\",\"width\":1920,\"height\":279},{\"@type\":\"BreadcrumbList\",\"@id\":\"https:\\\/\\\/countyhousing.org\\\/bs\\\/public-housing\\\/godisnja-recertifikacija-za-javno-stanovanje\\\/#breadcrumb\",\"itemListElement\":[{\"@type\":\"ListItem\",\"position\":1,\"name\":\"Home\",\"item\":\"https:\\\/\\\/countyhousing.org\\\/bs\\\/pocetna-stranica\\\/\"},{\"@type\":\"ListItem\",\"position\":2,\"name\":\"Godi\u0161nja recertifikacija za javno stanovanje\"}]},{\"@type\":\"WebSite\",\"@id\":\"https:\\\/\\\/countyhousing.org\\\/bs\\\/#website\",\"url\":\"https:\\\/\\\/countyhousing.org\\\/bs\\\/\",\"name\":\"County Housing\",\"description\":\"The Housing Authority of St. Louis County\",\"publisher\":{\"@id\":\"https:\\\/\\\/countyhousing.org\\\/bs\\\/#organization\"},\"potentialAction\":[{\"@type\":\"SearchAction\",\"target\":{\"@type\":\"EntryPoint\",\"urlTemplate\":\"https:\\\/\\\/countyhousing.org\\\/bs\\\/?s={search_term_string}\"},\"query-input\":{\"@type\":\"PropertyValueSpecification\",\"valueRequired\":true,\"valueName\":\"search_term_string\"}}],\"inLanguage\":\"bs-BA\"},{\"@type\":\"Organization\",\"@id\":\"https:\\\/\\\/countyhousing.org\\\/bs\\\/#organization\",\"name\":\"County Housing\",\"url\":\"https:\\\/\\\/countyhousing.org\\\/bs\\\/\",\"logo\":{\"@type\":\"ImageObject\",\"inLanguage\":\"bs-BA\",\"@id\":\"https:\\\/\\\/countyhousing.org\\\/bs\\\/#\\\/schema\\\/logo\\\/image\\\/\",\"url\":\"https:\\\/\\\/countyhousing.org\\\/wp-content\\\/uploads\\\/2023\\\/12\\\/CH_Logo_Horizontal_Web_03-1.png\",\"contentUrl\":\"https:\\\/\\\/countyhousing.org\\\/wp-content\\\/uploads\\\/2023\\\/12\\\/CH_Logo_Horizontal_Web_03-1.png\",\"width\":279,\"height\":100,\"caption\":\"County Housing\"},\"image\":{\"@id\":\"https:\\\/\\\/countyhousing.org\\\/bs\\\/#\\\/schema\\\/logo\\\/image\\\/\"}}]}<\/script>\n<!-- \/ Yoast SEO plugin. -->","yoast_head_json":{"title":"Godi\u0161nja recertifikacija za javno stanovanje - County Housing","robots":{"index":"index","follow":"follow","max-snippet":"max-snippet:-1","max-image-preview":"max-image-preview:large","max-video-preview":"max-video-preview:-1"},"canonical":"https:\/\/countyhousing.org\/bs\/public-housing\/godisnja-recertifikacija-za-javno-stanovanje\/","og_locale":"bs_BA","og_type":"article","og_title":"Godi\u0161nja recertifikacija za javno stanovanje - County Housing","og_description":"Svake godine, stanovnici \u0107e zavr\u0161iti godi\u0161nju recertifikaciju sa svojim upraviteljem imovine kako bi pregledali svoje prihode, sastav doma\u0107instva i druge detalje relevantne za a\u017euriranje njihovog zakupa. Ovo je prilika da postavite sva pitanja, pru\u017eite potrebnu dokumentaciju i osigurate da su va\u0161e stambene potrebe zadovoljene. Osoblje za upravljanje imovinom \u0107e vam se obratiti po\u0161tom i e-po\u0161tom [&hellip;]","og_url":"https:\/\/countyhousing.org\/bs\/public-housing\/godisnja-recertifikacija-za-javno-stanovanje\/","og_site_name":"County Housing","article_modified_time":"2024-03-09T05:37:54+00:00","og_image":[{"width":1920,"height":279,"url":"https:\/\/countyhousing.org\/wp-content\/uploads\/2024\/02\/CH_HeaderBanners_ALT_10.jpg","type":"image\/jpeg"}],"twitter_card":"summary_large_image","schema":{"@context":"https:\/\/schema.org","@graph":[{"@type":"WebPage","@id":"https:\/\/countyhousing.org\/bs\/public-housing\/godisnja-recertifikacija-za-javno-stanovanje\/","url":"https:\/\/countyhousing.org\/bs\/public-housing\/godisnja-recertifikacija-za-javno-stanovanje\/","name":"Godi\u0161nja recertifikacija za javno stanovanje - County Housing","isPartOf":{"@id":"https:\/\/countyhousing.org\/bs\/#website"},"primaryImageOfPage":{"@id":"https:\/\/countyhousing.org\/bs\/public-housing\/godisnja-recertifikacija-za-javno-stanovanje\/#primaryimage"},"image":{"@id":"https:\/\/countyhousing.org\/bs\/public-housing\/godisnja-recertifikacija-za-javno-stanovanje\/#primaryimage"},"thumbnailUrl":"https:\/\/countyhousing.org\/wp-content\/uploads\/2024\/02\/CH_HeaderBanners_ALT_10.jpg","datePublished":"2023-11-16T14:41:03+00:00","dateModified":"2024-03-09T05:37:54+00:00","breadcrumb":{"@id":"https:\/\/countyhousing.org\/bs\/public-housing\/godisnja-recertifikacija-za-javno-stanovanje\/#breadcrumb"},"inLanguage":"bs-BA","potentialAction":[{"@type":"ReadAction","target":["https:\/\/countyhousing.org\/bs\/public-housing\/godisnja-recertifikacija-za-javno-stanovanje\/"]}]},{"@type":"ImageObject","inLanguage":"bs-BA","@id":"https:\/\/countyhousing.org\/bs\/public-housing\/godisnja-recertifikacija-za-javno-stanovanje\/#primaryimage","url":"https:\/\/countyhousing.org\/wp-content\/uploads\/2024\/02\/CH_HeaderBanners_ALT_10.jpg","contentUrl":"https:\/\/countyhousing.org\/wp-content\/uploads\/2024\/02\/CH_HeaderBanners_ALT_10.jpg","width":1920,"height":279},{"@type":"BreadcrumbList","@id":"https:\/\/countyhousing.org\/bs\/public-housing\/godisnja-recertifikacija-za-javno-stanovanje\/#breadcrumb","itemListElement":[{"@type":"ListItem","position":1,"name":"Home","item":"https:\/\/countyhousing.org\/bs\/pocetna-stranica\/"},{"@type":"ListItem","position":2,"name":"Godi\u0161nja recertifikacija za javno stanovanje"}]},{"@type":"WebSite","@id":"https:\/\/countyhousing.org\/bs\/#website","url":"https:\/\/countyhousing.org\/bs\/","name":"County Housing","description":"The Housing Authority of St. Louis County","publisher":{"@id":"https:\/\/countyhousing.org\/bs\/#organization"},"potentialAction":[{"@type":"SearchAction","target":{"@type":"EntryPoint","urlTemplate":"https:\/\/countyhousing.org\/bs\/?s={search_term_string}"},"query-input":{"@type":"PropertyValueSpecification","valueRequired":true,"valueName":"search_term_string"}}],"inLanguage":"bs-BA"},{"@type":"Organization","@id":"https:\/\/countyhousing.org\/bs\/#organization","name":"County Housing","url":"https:\/\/countyhousing.org\/bs\/","logo":{"@type":"ImageObject","inLanguage":"bs-BA","@id":"https:\/\/countyhousing.org\/bs\/#\/schema\/logo\/image\/","url":"https:\/\/countyhousing.org\/wp-content\/uploads\/2023\/12\/CH_Logo_Horizontal_Web_03-1.png","contentUrl":"https:\/\/countyhousing.org\/wp-content\/uploads\/2023\/12\/CH_Logo_Horizontal_Web_03-1.png","width":279,"height":100,"caption":"County Housing"},"image":{"@id":"https:\/\/countyhousing.org\/bs\/#\/schema\/logo\/image\/"}}]}},"_links":{"self":[{"href":"https:\/\/countyhousing.org\/bs\/wp-json\/wp\/v2\/pages\/2056","targetHints":{"allow":["GET"]}}],"collection":[{"href":"https:\/\/countyhousing.org\/bs\/wp-json\/wp\/v2\/pages"}],"about":[{"href":"https:\/\/countyhousing.org\/bs\/wp-json\/wp\/v2\/types\/page"}],"author":[{"embeddable":true,"href":"https:\/\/countyhousing.org\/bs\/wp-json\/wp\/v2\/users\/1"}],"replies":[{"embeddable":true,"href":"https:\/\/countyhousing.org\/bs\/wp-json\/wp\/v2\/comments?post=2056"}],"version-history":[{"count":0,"href":"https:\/\/countyhousing.org\/bs\/wp-json\/wp\/v2\/pages\/2056\/revisions"}],"up":[{"embeddable":true,"href":"https:\/\/countyhousing.org\/bs\/wp-json\/wp\/v2\/pages\/2071"}],"wp:featuredmedia":[{"embeddable":true,"href":"https:\/\/countyhousing.org\/bs\/wp-json\/wp\/v2\/media\/2016"}],"wp:attachment":[{"href":"https:\/\/countyhousing.org\/bs\/wp-json\/wp\/v2\/media?parent=2056"}],"curies":[{"name":"wp","href":"https:\/\/api.w.org\/{rel}","templated":true}]}}