{"id":2053,"date":"2023-11-16T14:50:13","date_gmt":"2023-11-16T20:50:13","guid":{"rendered":"https:\/\/countyhousing.org\/mogucnosti-razvoja-i-partnerstva\/"},"modified":"2025-05-07T15:10:41","modified_gmt":"2025-05-07T20:10:41","slug":"mogucnosti-razvoja-i-partnerstva","status":"publish","type":"page","link":"https:\/\/countyhousing.org\/bs\/mogucnosti-razvoja-i-partnerstva\/","title":{"rendered":"Mogu\u0107nosti razvoja i partnerstva"},"content":{"rendered":"\n<p>U Americi postoji nedostatak pristupa\u010dnih stanova. U okrugu St. Louis, potreba za pristupa\u010dnim stanovanjem nikada nije bila ve\u0107a.<\/p>\n\n<p>County Housing je posve\u0107en stvaranju pristupa\u010dnijeg stanovanja u zajednicama kojima slu\u017eimo. Tako\u0111er vjerujemo u snagu partnerstva. Imamo veliko iskustvo u radu sa programerima, stanovnicima zajednice i zvani\u010dnicima, organizacijama i drugim zainteresovanim stranama kako bismo o\u017eivjeli stambene projekte i pobolj\u0161ali rad pristupa\u010dnog stanovanja za na\u0161e partnere i ljude i zajednice kojima slu\u017eimo.<\/p>\n\n<blockquote class=\"wp-block-quote has-gold-background-color has-background is-layout-flow wp-block-quote-is-layout-flow\">\n<p>Ako ste zainteresirani za partnerstvo sa County Housingom na projektu pristupa\u010dnog stanovanja, po\u0161aljite e-mail Kurtu Schulteu na <a href=\"mailto:kschulte@drpartnersllc.com\" target=\"_blank\" rel=\"noreferrer noopener\">kschulte@drpartnersllc.com<\/a> .<\/p>\n<\/blockquote>\n\n<div class=\"wp-block-group\"><div class=\"wp-block-group__inner-container is-layout-constrained wp-block-group-is-layout-constrained\">\n<h2 class=\"wp-block-heading has-body-copy-color has-text-color has-link-color wp-elements-e612f10ab89165154e124b618ec97189\">Na\u0161a partnerstva<\/h2>\n\n\n\n<div style=\"height:10px\" aria-hidden=\"true\" class=\"wp-block-spacer\"><\/div>\n\n\n\n<h3 class=\"wp-block-heading\">Lokalne samouprave i agencije<\/h3>\n\n\n\n<p>Odr\u017eavamo jake odnose sa lokalnim vlastima i agencijama kako bismo svoje napore uskladili sa \u0161irim inicijativama za razvoj zajednice. Ova partnerstva osiguravaju da se na\u0161i stambeni programi integri\u0161u sa lokalnim strategijama za unapre\u0111enje zajednice.<\/p>\n\n\n\n<h3 class=\"wp-block-heading has-medium-green-color has-text-color has-link-color wp-elements-75217113f963f0e8df75dee8ac2f6b6f\">Gra\u0111evinski programeri<\/h3>\n\n\n\n<p>Negujemo produktivne odnose sa investitorima za izgradnju stanova kako bismo pro\u0161irili na\u0161e mogu\u0107nosti pristupa\u010dnog stanovanja. Ova partnerstva nam poma\u017eu da pove\u0107amo dostupnost pristupa\u010dnih stambenih jedinica.<\/p>\n\n\n\n<h3 class=\"wp-block-heading has-pink-color has-text-color has-link-color wp-elements-b402751ec22e0b8597f3c6950ef08c14\">Vlasnici nekretnina<\/h3>\n\n\n\n<p>Aktivno tra\u017eimo nove iznajmljiva\u010de koji dijele na\u0161u posve\u0107enost kvalitetnom i pristupa\u010dnom stanovanju. Saradnjom sa ovim partnerima radimo na diversifikaciji stambenih opcija, pobolj\u0161anju imovinskih uslova i pru\u017eanju ve\u0107eg izbora na\u0161im stanovnicima.<\/p>\n\n\n\n<h3 class=\"wp-block-heading has-teal-color has-text-color has-link-color wp-elements-119f4abe9f7aba519e7560e78584e582\">Organizacije zajednice<\/h3>\n\n\n\n<p>Saradnja sa neprofitnim organizacijama pobolj\u0161ava na\u0161u sposobnost da gra\u0111anima pru\u017eimo pristup osnovnim uslugama. Ova partnerstva nam omogu\u0107avaju da pro\u0161irimo na\u0161 domet i ponudimo sveobuhvatan spektar resursa na\u0161im stanovnicima.<\/p>\n\n\n\n<h3 class=\"wp-block-heading has-medium-dark-blue-color has-text-color has-link-color wp-elements-07c5b1226bd855ce42521cffe886efcf\">Stanovnici i udru\u017eenja stanovnika<\/h3>\n\n\n\n<p>Aktivno se sara\u0111ujemo sa na\u0161im stanovnicima i udru\u017eenjima stanovnika kako bismo osigurali da se njihov glas \u010duje. Ovo partnerstvo poti\u010de povratne informacije, ideje i inicijative koje ja\u010daju osje\u0107aj zajednice i vlasni\u0161tva me\u0111u stanovnicima.<\/p>\n<\/div><\/div>\n","protected":false},"excerpt":{"rendered":"<p>U Americi postoji nedostatak pristupa\u010dnih stanova. U okrugu St. Louis, potreba za pristupa\u010dnim stanovanjem nikada nije bila ve\u0107a. County Housing je posve\u0107en stvaranju pristupa\u010dnijeg stanovanja u zajednicama kojima slu\u017eimo. Tako\u0111er vjerujemo u snagu partnerstva. Imamo veliko iskustvo u radu sa programerima, stanovnicima zajednice i zvani\u010dnicima, organizacijama i drugim zainteresovanim stranama kako bismo o\u017eivjeli stambene projekte [&hellip;]<\/p>\n","protected":false},"author":1,"featured_media":0,"parent":0,"menu_order":0,"comment_status":"closed","ping_status":"closed","template":"","meta":{"_acf_changed":false,"_classifai_error":"","_classifai_text_to_speech_error":"","footnotes":""},"class_list":["post-2053","page","type-page","status-publish","hentry"],"acf":[],"yoast_head":"<!-- This site is optimized with the Yoast SEO plugin v27.3 - https:\/\/yoast.com\/product\/yoast-seo-wordpress\/ -->\n<title>Mogu\u0107nosti razvoja i partnerstva - County Housing<\/title>\n<meta name=\"description\" content=\"County Housing je posve\u0107en stvaranju pristupa\u010dnijeg stanovanja u zajednicama kojima slu\u017eimo. Tako\u0111er vjerujemo u snagu partnerstva. Imamo veliko iskustvo u radu sa programerima, stanovnicima zajednice i zvani\u010dnicima, organizacijama i drugim zainteresovanim stranama kako bismo o\u017eivjeli stambene projekte i pobolj\u0161ali rad pristupa\u010dnog stanovanja za na\u0161e partnere i ljude i zajednice kojima slu\u017eimo.\" \/>\n<meta name=\"robots\" content=\"index, follow, max-snippet:-1, max-image-preview:large, max-video-preview:-1\" \/>\n<link rel=\"canonical\" href=\"https:\/\/countyhousing.org\/bs\/mogucnosti-razvoja-i-partnerstva\/\" \/>\n<meta property=\"og:locale\" content=\"bs_BA\" \/>\n<meta property=\"og:type\" content=\"article\" \/>\n<meta property=\"og:title\" content=\"Mogu\u0107nosti razvoja i partnerstva - \u017dupanijsko stanovanje\" \/>\n<meta property=\"og:description\" content=\"County Housing je posve\u0107en stvaranju pristupa\u010dnijeg stanovanja u zajednicama kojima slu\u017eimo. Tako\u0111er vjerujemo u snagu partnerstva. Imamo veliko iskustvo u radu sa programerima, stanovnicima zajednice i zvani\u010dnicima, organizacijama i drugim zainteresovanim stranama kako bismo o\u017eivjeli stambene projekte i pobolj\u0161ali rad pristupa\u010dnog stanovanja za na\u0161e partnere i ljude i zajednice kojima slu\u017eimo.\" \/>\n<meta property=\"og:url\" content=\"https:\/\/countyhousing.org\/bs\/mogucnosti-razvoja-i-partnerstva\/\" \/>\n<meta property=\"og:site_name\" content=\"County Housing\" \/>\n<meta property=\"article:modified_time\" content=\"2025-05-07T20:10:41+00:00\" \/>\n<meta property=\"og:image\" content=\"https:\/\/countyhousing.org\/wp-content\/uploads\/2024\/02\/CountyHousing_SocialShare_crop-1024x538.jpg\" \/>\n<meta name=\"twitter:card\" content=\"summary_large_image\" \/>\n<meta name=\"twitter:title\" content=\"Mogu\u0107nosti razvoja i partnerstva - \u017dupanijsko stanovanje\" \/>\n<meta name=\"twitter:description\" content=\"County Housing je posve\u0107en stvaranju pristupa\u010dnijeg stanovanja u zajednicama kojima slu\u017eimo. Tako\u0111er vjerujemo u snagu partnerstva. Imamo veliko iskustvo u radu sa programerima, stanovnicima zajednice i zvani\u010dnicima, organizacijama i drugim zainteresovanim stranama kako bismo o\u017eivjeli stambene projekte i pobolj\u0161ali rad pristupa\u010dnog stanovanja za na\u0161e partnere i ljude i zajednice kojima slu\u017eimo.\" \/>\n<meta name=\"twitter:image\" content=\"https:\/\/countyhousing.org\/wp-content\/uploads\/2024\/02\/CountyHousing_SocialShare_crop-1024x538.jpg\" \/>\n<meta name=\"twitter:label1\" content=\"Est. reading time\" \/>\n\t<meta name=\"twitter:data1\" content=\"2 minute\" \/>\n<script type=\"application\/ld+json\" class=\"yoast-schema-graph\">{\"@context\":\"https:\\\/\\\/schema.org\",\"@graph\":[{\"@type\":\"WebPage\",\"@id\":\"https:\\\/\\\/countyhousing.org\\\/bs\\\/mogucnosti-razvoja-i-partnerstva\\\/\",\"url\":\"https:\\\/\\\/countyhousing.org\\\/bs\\\/mogucnosti-razvoja-i-partnerstva\\\/\",\"name\":\"Mogu\u0107nosti razvoja i partnerstva - County Housing\",\"isPartOf\":{\"@id\":\"https:\\\/\\\/countyhousing.org\\\/bs\\\/#website\"},\"datePublished\":\"2023-11-16T20:50:13+00:00\",\"dateModified\":\"2025-05-07T20:10:41+00:00\",\"description\":\"County Housing je posve\u0107en stvaranju pristupa\u010dnijeg stanovanja u zajednicama kojima slu\u017eimo. Tako\u0111er vjerujemo u snagu partnerstva. Imamo veliko iskustvo u radu sa programerima, stanovnicima zajednice i zvani\u010dnicima, organizacijama i drugim zainteresovanim stranama kako bismo o\u017eivjeli stambene projekte i pobolj\u0161ali rad pristupa\u010dnog stanovanja za na\u0161e partnere i ljude i zajednice kojima slu\u017eimo.\",\"breadcrumb\":{\"@id\":\"https:\\\/\\\/countyhousing.org\\\/bs\\\/mogucnosti-razvoja-i-partnerstva\\\/#breadcrumb\"},\"inLanguage\":\"bs-BA\",\"potentialAction\":[{\"@type\":\"ReadAction\",\"target\":[\"https:\\\/\\\/countyhousing.org\\\/bs\\\/mogucnosti-razvoja-i-partnerstva\\\/\"]}]},{\"@type\":\"BreadcrumbList\",\"@id\":\"https:\\\/\\\/countyhousing.org\\\/bs\\\/mogucnosti-razvoja-i-partnerstva\\\/#breadcrumb\",\"itemListElement\":[{\"@type\":\"ListItem\",\"position\":1,\"name\":\"Home\",\"item\":\"https:\\\/\\\/countyhousing.org\\\/bs\\\/pocetna-stranica\\\/\"},{\"@type\":\"ListItem\",\"position\":2,\"name\":\"Mogu\u0107nosti razvoja i partnerstva\"}]},{\"@type\":\"WebSite\",\"@id\":\"https:\\\/\\\/countyhousing.org\\\/bs\\\/#website\",\"url\":\"https:\\\/\\\/countyhousing.org\\\/bs\\\/\",\"name\":\"County Housing\",\"description\":\"The Housing Authority of St. Louis County\",\"publisher\":{\"@id\":\"https:\\\/\\\/countyhousing.org\\\/bs\\\/#organization\"},\"potentialAction\":[{\"@type\":\"SearchAction\",\"target\":{\"@type\":\"EntryPoint\",\"urlTemplate\":\"https:\\\/\\\/countyhousing.org\\\/bs\\\/?s={search_term_string}\"},\"query-input\":{\"@type\":\"PropertyValueSpecification\",\"valueRequired\":true,\"valueName\":\"search_term_string\"}}],\"inLanguage\":\"bs-BA\"},{\"@type\":\"Organization\",\"@id\":\"https:\\\/\\\/countyhousing.org\\\/bs\\\/#organization\",\"name\":\"County Housing\",\"url\":\"https:\\\/\\\/countyhousing.org\\\/bs\\\/\",\"logo\":{\"@type\":\"ImageObject\",\"inLanguage\":\"bs-BA\",\"@id\":\"https:\\\/\\\/countyhousing.org\\\/bs\\\/#\\\/schema\\\/logo\\\/image\\\/\",\"url\":\"https:\\\/\\\/countyhousing.org\\\/wp-content\\\/uploads\\\/2023\\\/12\\\/CH_Logo_Horizontal_Web_03-1.png\",\"contentUrl\":\"https:\\\/\\\/countyhousing.org\\\/wp-content\\\/uploads\\\/2023\\\/12\\\/CH_Logo_Horizontal_Web_03-1.png\",\"width\":279,\"height\":100,\"caption\":\"County Housing\"},\"image\":{\"@id\":\"https:\\\/\\\/countyhousing.org\\\/bs\\\/#\\\/schema\\\/logo\\\/image\\\/\"}}]}<\/script>\n<!-- \/ Yoast SEO plugin. -->","yoast_head_json":{"title":"Mogu\u0107nosti razvoja i partnerstva - County Housing","description":"County Housing je posve\u0107en stvaranju pristupa\u010dnijeg stanovanja u zajednicama kojima slu\u017eimo. Tako\u0111er vjerujemo u snagu partnerstva. Imamo veliko iskustvo u radu sa programerima, stanovnicima zajednice i zvani\u010dnicima, organizacijama i drugim zainteresovanim stranama kako bismo o\u017eivjeli stambene projekte i pobolj\u0161ali rad pristupa\u010dnog stanovanja za na\u0161e partnere i ljude i zajednice kojima slu\u017eimo.","robots":{"index":"index","follow":"follow","max-snippet":"max-snippet:-1","max-image-preview":"max-image-preview:large","max-video-preview":"max-video-preview:-1"},"canonical":"https:\/\/countyhousing.org\/bs\/mogucnosti-razvoja-i-partnerstva\/","og_locale":"bs_BA","og_type":"article","og_title":"Mogu\u0107nosti razvoja i partnerstva - \u017dupanijsko stanovanje","og_description":"County Housing je posve\u0107en stvaranju pristupa\u010dnijeg stanovanja u zajednicama kojima slu\u017eimo. Tako\u0111er vjerujemo u snagu partnerstva. Imamo veliko iskustvo u radu sa programerima, stanovnicima zajednice i zvani\u010dnicima, organizacijama i drugim zainteresovanim stranama kako bismo o\u017eivjeli stambene projekte i pobolj\u0161ali rad pristupa\u010dnog stanovanja za na\u0161e partnere i ljude i zajednice kojima slu\u017eimo.","og_url":"https:\/\/countyhousing.org\/bs\/mogucnosti-razvoja-i-partnerstva\/","og_site_name":"County Housing","article_modified_time":"2025-05-07T20:10:41+00:00","og_image":[{"url":"https:\/\/countyhousing.org\/wp-content\/uploads\/2024\/02\/CountyHousing_SocialShare_crop-1024x538.jpg","type":"","width":"","height":""}],"twitter_card":"summary_large_image","twitter_title":"Mogu\u0107nosti razvoja i partnerstva - \u017dupanijsko stanovanje","twitter_description":"County Housing je posve\u0107en stvaranju pristupa\u010dnijeg stanovanja u zajednicama kojima slu\u017eimo. Tako\u0111er vjerujemo u snagu partnerstva. Imamo veliko iskustvo u radu sa programerima, stanovnicima zajednice i zvani\u010dnicima, organizacijama i drugim zainteresovanim stranama kako bismo o\u017eivjeli stambene projekte i pobolj\u0161ali rad pristupa\u010dnog stanovanja za na\u0161e partnere i ljude i zajednice kojima slu\u017eimo.","twitter_image":"https:\/\/countyhousing.org\/wp-content\/uploads\/2024\/02\/CountyHousing_SocialShare_crop-1024x538.jpg","twitter_misc":{"Est. reading time":"2 minute"},"schema":{"@context":"https:\/\/schema.org","@graph":[{"@type":"WebPage","@id":"https:\/\/countyhousing.org\/bs\/mogucnosti-razvoja-i-partnerstva\/","url":"https:\/\/countyhousing.org\/bs\/mogucnosti-razvoja-i-partnerstva\/","name":"Mogu\u0107nosti razvoja i partnerstva - County Housing","isPartOf":{"@id":"https:\/\/countyhousing.org\/bs\/#website"},"datePublished":"2023-11-16T20:50:13+00:00","dateModified":"2025-05-07T20:10:41+00:00","description":"County Housing je posve\u0107en stvaranju pristupa\u010dnijeg stanovanja u zajednicama kojima slu\u017eimo. Tako\u0111er vjerujemo u snagu partnerstva. Imamo veliko iskustvo u radu sa programerima, stanovnicima zajednice i zvani\u010dnicima, organizacijama i drugim zainteresovanim stranama kako bismo o\u017eivjeli stambene projekte i pobolj\u0161ali rad pristupa\u010dnog stanovanja za na\u0161e partnere i ljude i zajednice kojima slu\u017eimo.","breadcrumb":{"@id":"https:\/\/countyhousing.org\/bs\/mogucnosti-razvoja-i-partnerstva\/#breadcrumb"},"inLanguage":"bs-BA","potentialAction":[{"@type":"ReadAction","target":["https:\/\/countyhousing.org\/bs\/mogucnosti-razvoja-i-partnerstva\/"]}]},{"@type":"BreadcrumbList","@id":"https:\/\/countyhousing.org\/bs\/mogucnosti-razvoja-i-partnerstva\/#breadcrumb","itemListElement":[{"@type":"ListItem","position":1,"name":"Home","item":"https:\/\/countyhousing.org\/bs\/pocetna-stranica\/"},{"@type":"ListItem","position":2,"name":"Mogu\u0107nosti razvoja i partnerstva"}]},{"@type":"WebSite","@id":"https:\/\/countyhousing.org\/bs\/#website","url":"https:\/\/countyhousing.org\/bs\/","name":"County Housing","description":"The Housing Authority of St. Louis County","publisher":{"@id":"https:\/\/countyhousing.org\/bs\/#organization"},"potentialAction":[{"@type":"SearchAction","target":{"@type":"EntryPoint","urlTemplate":"https:\/\/countyhousing.org\/bs\/?s={search_term_string}"},"query-input":{"@type":"PropertyValueSpecification","valueRequired":true,"valueName":"search_term_string"}}],"inLanguage":"bs-BA"},{"@type":"Organization","@id":"https:\/\/countyhousing.org\/bs\/#organization","name":"County Housing","url":"https:\/\/countyhousing.org\/bs\/","logo":{"@type":"ImageObject","inLanguage":"bs-BA","@id":"https:\/\/countyhousing.org\/bs\/#\/schema\/logo\/image\/","url":"https:\/\/countyhousing.org\/wp-content\/uploads\/2023\/12\/CH_Logo_Horizontal_Web_03-1.png","contentUrl":"https:\/\/countyhousing.org\/wp-content\/uploads\/2023\/12\/CH_Logo_Horizontal_Web_03-1.png","width":279,"height":100,"caption":"County Housing"},"image":{"@id":"https:\/\/countyhousing.org\/bs\/#\/schema\/logo\/image\/"}}]}},"_links":{"self":[{"href":"https:\/\/countyhousing.org\/bs\/wp-json\/wp\/v2\/pages\/2053","targetHints":{"allow":["GET"]}}],"collection":[{"href":"https:\/\/countyhousing.org\/bs\/wp-json\/wp\/v2\/pages"}],"about":[{"href":"https:\/\/countyhousing.org\/bs\/wp-json\/wp\/v2\/types\/page"}],"author":[{"embeddable":true,"href":"https:\/\/countyhousing.org\/bs\/wp-json\/wp\/v2\/users\/1"}],"replies":[{"embeddable":true,"href":"https:\/\/countyhousing.org\/bs\/wp-json\/wp\/v2\/comments?post=2053"}],"version-history":[{"count":0,"href":"https:\/\/countyhousing.org\/bs\/wp-json\/wp\/v2\/pages\/2053\/revisions"}],"wp:attachment":[{"href":"https:\/\/countyhousing.org\/bs\/wp-json\/wp\/v2\/media?parent=2053"}],"curies":[{"name":"wp","href":"https:\/\/api.w.org\/{rel}","templated":true}]}}