{"id":2040,"date":"2023-11-16T14:42:37","date_gmt":"2023-11-16T14:42:37","guid":{"rendered":"https:\/\/countyhousing.org\/zahtjevi-za-prijenos\/"},"modified":"2024-03-09T05:37:50","modified_gmt":"2024-03-09T05:37:50","slug":"zahtjevi-za-prijenos","status":"publish","type":"page","link":"https:\/\/countyhousing.org\/bs\/public-housing\/zahtjevi-za-prijenos\/","title":{"rendered":"Zahtjevi za prijenos"},"content":{"rendered":"\n<p>Po potrebi, County Housing \u0107e omogu\u0107iti premje\u0161taj u novu jedinicu (kada je dostupna) kako bi se uskladila sa standardima popunjenosti, posebnim potrebama ili u skladu sa Zakonom o nasilju protiv \u017eena (VAWA).<br\/><br\/><\/p>\n\n<p class=\"has-text-align-center has-gold-background-color has-background\"><strong>Molimo kontaktirajte svog upravitelja nekretnine da zatra\u017eite prijenos.<\/strong><\/p>\n\n<p><br\/><strong>Transferi \u0107e se obra\u0111ivati \u200b\u200bsljede\u0107im redoslijedom:<\/strong><\/p>\n\n<ol class=\"wp-block-list\">\n<li>Hitni transferi (opasni uslovi odr\u017eavanja, VAWA)<\/li>\n\n\n\n<li>Transferi visokog prioriteta (provjereno zdravstveno stanje, prijetnja od povrede ili kriminalne aktivnosti i razumna prilagodba)<\/li>\n\n\n\n<li>Transferi kako bi dostupne jedinice bile dostupne (ru\u0161enje, renoviranje, itd.)<\/li>\n\n\n\n<li>Standardi popunjenosti<\/li>\n\n\n\n<li>Ostali transferi koji zahtijevaju ovla\u0161tenja<\/li>\n\n\n\n<li>Ostali transferi na zahtjev stanara<\/li>\n<\/ol>\n\n<div style=\"height:20px\" aria-hidden=\"true\" class=\"wp-block-spacer\"><\/div>\n\n<p><strong>Saznajte vi\u0161e u Poglavlju 12<\/strong> Plana prijema i stalnog boravka (ACOP) u nastavku.<\/p>\n\n<div style=\"height:10px\" aria-hidden=\"true\" class=\"wp-block-spacer\"><\/div>\n\n<div class=\"wp-block-group is-vertical is-content-justification-center is-layout-flex wp-container-core-group-is-layout-dae89687 wp-block-group-is-layout-flex\"><div class=\"wp-block-image is-style-default\">\n<figure class=\"aligncenter size-full is-resized\"><a href=\"https:\/\/countyhousing.org\/wp-content\/uploads\/2024\/01\/Admissions-and-Continued-Occupancy-Policy-2023.pdf#page=4\" target=\"_blank\" rel=\"noreferrer noopener\"><img decoding=\"async\" data-src=\"https:\/\/countyhousing.org\/wp-content\/uploads\/2023\/12\/Document_Yellow.svg\" alt=\"\" class=\"wp-image-522 lazyload\" style=\"width:72px;height:auto\" src=\"data:image\/svg+xml;base64,PHN2ZyB3aWR0aD0iMSIgaGVpZ2h0PSIxIiB4bWxucz0iaHR0cDovL3d3dy53My5vcmcvMjAwMC9zdmciPjwvc3ZnPg==\" \/><\/a><\/figure>\n<\/div>\n\n\n<p class=\"has-text-align-center has-body-copy-color has-text-color has-link-color has-small-font-size wp-elements-5d972f2d506e8c8f74791ac07bcbb58d\"><a href=\"https:\/\/countyhousing.org\/wp-content\/uploads\/2024\/01\/Admissions-and-Continued-Occupancy-Policy-2023.pdf#page=4\" target=\"_blank\" rel=\"noreferrer noopener\">Transfer Policy<\/a><\/p>\n<\/div>\n","protected":false},"excerpt":{"rendered":"<p>Po potrebi, County Housing \u0107e omogu\u0107iti premje\u0161taj u novu jedinicu (kada je dostupna) kako bi se uskladila sa standardima popunjenosti, posebnim potrebama ili u skladu sa Zakonom o nasilju protiv \u017eena (VAWA). Molimo kontaktirajte svog upravitelja nekretnine da zatra\u017eite prijenos. Transferi \u0107e se obra\u0111ivati \u200b\u200bsljede\u0107im redoslijedom: Saznajte vi\u0161e u Poglavlju 12 Plana prijema i stalnog [&hellip;]<\/p>\n","protected":false},"author":1,"featured_media":1829,"parent":2071,"menu_order":0,"comment_status":"closed","ping_status":"closed","template":"","meta":{"_acf_changed":false,"_classifai_error":"","_classifai_text_to_speech_error":"","footnotes":""},"class_list":["post-2040","page","type-page","status-publish","has-post-thumbnail","hentry"],"acf":[],"yoast_head":"<!-- This site is optimized with the Yoast SEO plugin v27.3 - https:\/\/yoast.com\/product\/yoast-seo-wordpress\/ -->\n<title>Zahtjevi za prijenos za stanovnike javnih stambenih jedinica - County Housing<\/title>\n<meta name=\"description\" content=\"Po potrebi, County Housing \u0107e omogu\u0107iti premje\u0161taj u novu jedinicu (kada je dostupna) kako bi se uskladila sa standardima popunjenosti, posebnim potrebama ili u skladu sa Zakonom o nasilju protiv \u017eena (VAWA).\" \/>\n<meta name=\"robots\" content=\"index, follow, max-snippet:-1, max-image-preview:large, max-video-preview:-1\" \/>\n<link rel=\"canonical\" href=\"https:\/\/countyhousing.org\/bs\/public-housing\/zahtjevi-za-prijenos\/\" \/>\n<meta property=\"og:locale\" content=\"bs_BA\" \/>\n<meta property=\"og:type\" content=\"article\" \/>\n<meta property=\"og:title\" content=\"Zahtjevi za prijenos javnih stambenih jedinica za stanovnike - \u017dupanijsko stanovanje\" \/>\n<meta property=\"og:description\" content=\"Po potrebi, County Housing \u0107e omogu\u0107iti premje\u0161taj u novu jedinicu (kada je dostupna) kako bi se uskladila sa standardima popunjenosti, posebnim potrebama ili u skladu sa Zakonom o nasilju protiv \u017eena (VAWA).\" \/>\n<meta property=\"og:url\" content=\"https:\/\/countyhousing.org\/bs\/public-housing\/zahtjevi-za-prijenos\/\" \/>\n<meta property=\"og:site_name\" content=\"County Housing\" \/>\n<meta property=\"article:modified_time\" content=\"2024-03-09T05:37:50+00:00\" \/>\n<meta property=\"og:image\" content=\"https:\/\/countyhousing.org\/wp-content\/uploads\/2024\/02\/CountyHousing_SocialShare_crop-1024x538.jpg\" \/>\n<meta name=\"twitter:card\" content=\"summary_large_image\" \/>\n<meta name=\"twitter:title\" content=\"Zahtjevi za prijenos javnih stambenih jedinica za stanovnike - \u017dupanijsko stanovanje\" \/>\n<meta name=\"twitter:description\" content=\"Po potrebi, County Housing \u0107e omogu\u0107iti premje\u0161taj u novu jedinicu (kada je dostupna) kako bi se uskladila sa standardima popunjenosti, posebnim potrebama ili u skladu sa Zakonom o nasilju protiv \u017eena (VAWA).\" \/>\n<meta name=\"twitter:image\" content=\"https:\/\/countyhousing.org\/wp-content\/uploads\/2024\/02\/CountyHousing_SocialShare_crop-1024x538.jpg\" \/>\n<meta name=\"twitter:label1\" content=\"Est. reading time\" \/>\n\t<meta name=\"twitter:data1\" content=\"1 minuta\" \/>\n<script type=\"application\/ld+json\" class=\"yoast-schema-graph\">{\"@context\":\"https:\\\/\\\/schema.org\",\"@graph\":[{\"@type\":\"WebPage\",\"@id\":\"https:\\\/\\\/countyhousing.org\\\/bs\\\/public-housing\\\/zahtjevi-za-prijenos\\\/\",\"url\":\"https:\\\/\\\/countyhousing.org\\\/bs\\\/public-housing\\\/zahtjevi-za-prijenos\\\/\",\"name\":\"Zahtjevi za prijenos za stanovnike javnih stambenih jedinica - County Housing\",\"isPartOf\":{\"@id\":\"https:\\\/\\\/countyhousing.org\\\/bs\\\/#website\"},\"primaryImageOfPage\":{\"@id\":\"https:\\\/\\\/countyhousing.org\\\/bs\\\/public-housing\\\/zahtjevi-za-prijenos\\\/#primaryimage\"},\"image\":{\"@id\":\"https:\\\/\\\/countyhousing.org\\\/bs\\\/public-housing\\\/zahtjevi-za-prijenos\\\/#primaryimage\"},\"thumbnailUrl\":\"https:\\\/\\\/countyhousing.org\\\/wp-content\\\/uploads\\\/2024\\\/03\\\/CH_HeaderBanners_full_2.webp\",\"datePublished\":\"2023-11-16T14:42:37+00:00\",\"dateModified\":\"2024-03-09T05:37:50+00:00\",\"description\":\"Po potrebi, County Housing \u0107e omogu\u0107iti premje\u0161taj u novu jedinicu (kada je dostupna) kako bi se uskladila sa standardima popunjenosti, posebnim potrebama ili u skladu sa Zakonom o nasilju protiv \u017eena (VAWA).\",\"breadcrumb\":{\"@id\":\"https:\\\/\\\/countyhousing.org\\\/bs\\\/public-housing\\\/zahtjevi-za-prijenos\\\/#breadcrumb\"},\"inLanguage\":\"bs-BA\",\"potentialAction\":[{\"@type\":\"ReadAction\",\"target\":[\"https:\\\/\\\/countyhousing.org\\\/bs\\\/public-housing\\\/zahtjevi-za-prijenos\\\/\"]}]},{\"@type\":\"ImageObject\",\"inLanguage\":\"bs-BA\",\"@id\":\"https:\\\/\\\/countyhousing.org\\\/bs\\\/public-housing\\\/zahtjevi-za-prijenos\\\/#primaryimage\",\"url\":\"https:\\\/\\\/countyhousing.org\\\/wp-content\\\/uploads\\\/2024\\\/03\\\/CH_HeaderBanners_full_2.webp\",\"contentUrl\":\"https:\\\/\\\/countyhousing.org\\\/wp-content\\\/uploads\\\/2024\\\/03\\\/CH_HeaderBanners_full_2.webp\",\"width\":1920,\"height\":279},{\"@type\":\"BreadcrumbList\",\"@id\":\"https:\\\/\\\/countyhousing.org\\\/bs\\\/public-housing\\\/zahtjevi-za-prijenos\\\/#breadcrumb\",\"itemListElement\":[{\"@type\":\"ListItem\",\"position\":1,\"name\":\"Home\",\"item\":\"https:\\\/\\\/countyhousing.org\\\/bs\\\/pocetna-stranica\\\/\"},{\"@type\":\"ListItem\",\"position\":2,\"name\":\"Public Housing\",\"item\":\"https:\\\/\\\/countyhousing.org\\\/bs\\\/public-housing\\\/\"},{\"@type\":\"ListItem\",\"position\":3,\"name\":\"Zahtjevi za prijenos\"}]},{\"@type\":\"WebSite\",\"@id\":\"https:\\\/\\\/countyhousing.org\\\/bs\\\/#website\",\"url\":\"https:\\\/\\\/countyhousing.org\\\/bs\\\/\",\"name\":\"County Housing\",\"description\":\"The Housing Authority of St. Louis County\",\"publisher\":{\"@id\":\"https:\\\/\\\/countyhousing.org\\\/bs\\\/#organization\"},\"potentialAction\":[{\"@type\":\"SearchAction\",\"target\":{\"@type\":\"EntryPoint\",\"urlTemplate\":\"https:\\\/\\\/countyhousing.org\\\/bs\\\/?s={search_term_string}\"},\"query-input\":{\"@type\":\"PropertyValueSpecification\",\"valueRequired\":true,\"valueName\":\"search_term_string\"}}],\"inLanguage\":\"bs-BA\"},{\"@type\":\"Organization\",\"@id\":\"https:\\\/\\\/countyhousing.org\\\/bs\\\/#organization\",\"name\":\"County Housing\",\"url\":\"https:\\\/\\\/countyhousing.org\\\/bs\\\/\",\"logo\":{\"@type\":\"ImageObject\",\"inLanguage\":\"bs-BA\",\"@id\":\"https:\\\/\\\/countyhousing.org\\\/bs\\\/#\\\/schema\\\/logo\\\/image\\\/\",\"url\":\"https:\\\/\\\/countyhousing.org\\\/wp-content\\\/uploads\\\/2023\\\/12\\\/CH_Logo_Horizontal_Web_03-1.png\",\"contentUrl\":\"https:\\\/\\\/countyhousing.org\\\/wp-content\\\/uploads\\\/2023\\\/12\\\/CH_Logo_Horizontal_Web_03-1.png\",\"width\":279,\"height\":100,\"caption\":\"County Housing\"},\"image\":{\"@id\":\"https:\\\/\\\/countyhousing.org\\\/bs\\\/#\\\/schema\\\/logo\\\/image\\\/\"}}]}<\/script>\n<!-- \/ Yoast SEO plugin. -->","yoast_head_json":{"title":"Zahtjevi za prijenos za stanovnike javnih stambenih jedinica - County Housing","description":"Po potrebi, County Housing \u0107e omogu\u0107iti premje\u0161taj u novu jedinicu (kada je dostupna) kako bi se uskladila sa standardima popunjenosti, posebnim potrebama ili u skladu sa Zakonom o nasilju protiv \u017eena (VAWA).","robots":{"index":"index","follow":"follow","max-snippet":"max-snippet:-1","max-image-preview":"max-image-preview:large","max-video-preview":"max-video-preview:-1"},"canonical":"https:\/\/countyhousing.org\/bs\/public-housing\/zahtjevi-za-prijenos\/","og_locale":"bs_BA","og_type":"article","og_title":"Zahtjevi za prijenos javnih stambenih jedinica za stanovnike - \u017dupanijsko stanovanje","og_description":"Po potrebi, County Housing \u0107e omogu\u0107iti premje\u0161taj u novu jedinicu (kada je dostupna) kako bi se uskladila sa standardima popunjenosti, posebnim potrebama ili u skladu sa Zakonom o nasilju protiv \u017eena (VAWA).","og_url":"https:\/\/countyhousing.org\/bs\/public-housing\/zahtjevi-za-prijenos\/","og_site_name":"County Housing","article_modified_time":"2024-03-09T05:37:50+00:00","og_image":[{"url":"https:\/\/countyhousing.org\/wp-content\/uploads\/2024\/02\/CountyHousing_SocialShare_crop-1024x538.jpg","type":"","width":"","height":""}],"twitter_card":"summary_large_image","twitter_title":"Zahtjevi za prijenos javnih stambenih jedinica za stanovnike - \u017dupanijsko stanovanje","twitter_description":"Po potrebi, County Housing \u0107e omogu\u0107iti premje\u0161taj u novu jedinicu (kada je dostupna) kako bi se uskladila sa standardima popunjenosti, posebnim potrebama ili u skladu sa Zakonom o nasilju protiv \u017eena (VAWA).","twitter_image":"https:\/\/countyhousing.org\/wp-content\/uploads\/2024\/02\/CountyHousing_SocialShare_crop-1024x538.jpg","twitter_misc":{"Est. reading time":"1 minuta"},"schema":{"@context":"https:\/\/schema.org","@graph":[{"@type":"WebPage","@id":"https:\/\/countyhousing.org\/bs\/public-housing\/zahtjevi-za-prijenos\/","url":"https:\/\/countyhousing.org\/bs\/public-housing\/zahtjevi-za-prijenos\/","name":"Zahtjevi za prijenos za stanovnike javnih stambenih jedinica - County Housing","isPartOf":{"@id":"https:\/\/countyhousing.org\/bs\/#website"},"primaryImageOfPage":{"@id":"https:\/\/countyhousing.org\/bs\/public-housing\/zahtjevi-za-prijenos\/#primaryimage"},"image":{"@id":"https:\/\/countyhousing.org\/bs\/public-housing\/zahtjevi-za-prijenos\/#primaryimage"},"thumbnailUrl":"https:\/\/countyhousing.org\/wp-content\/uploads\/2024\/03\/CH_HeaderBanners_full_2.webp","datePublished":"2023-11-16T14:42:37+00:00","dateModified":"2024-03-09T05:37:50+00:00","description":"Po potrebi, County Housing \u0107e omogu\u0107iti premje\u0161taj u novu jedinicu (kada je dostupna) kako bi se uskladila sa standardima popunjenosti, posebnim potrebama ili u skladu sa Zakonom o nasilju protiv \u017eena (VAWA).","breadcrumb":{"@id":"https:\/\/countyhousing.org\/bs\/public-housing\/zahtjevi-za-prijenos\/#breadcrumb"},"inLanguage":"bs-BA","potentialAction":[{"@type":"ReadAction","target":["https:\/\/countyhousing.org\/bs\/public-housing\/zahtjevi-za-prijenos\/"]}]},{"@type":"ImageObject","inLanguage":"bs-BA","@id":"https:\/\/countyhousing.org\/bs\/public-housing\/zahtjevi-za-prijenos\/#primaryimage","url":"https:\/\/countyhousing.org\/wp-content\/uploads\/2024\/03\/CH_HeaderBanners_full_2.webp","contentUrl":"https:\/\/countyhousing.org\/wp-content\/uploads\/2024\/03\/CH_HeaderBanners_full_2.webp","width":1920,"height":279},{"@type":"BreadcrumbList","@id":"https:\/\/countyhousing.org\/bs\/public-housing\/zahtjevi-za-prijenos\/#breadcrumb","itemListElement":[{"@type":"ListItem","position":1,"name":"Home","item":"https:\/\/countyhousing.org\/bs\/pocetna-stranica\/"},{"@type":"ListItem","position":2,"name":"Public Housing","item":"https:\/\/countyhousing.org\/bs\/public-housing\/"},{"@type":"ListItem","position":3,"name":"Zahtjevi za prijenos"}]},{"@type":"WebSite","@id":"https:\/\/countyhousing.org\/bs\/#website","url":"https:\/\/countyhousing.org\/bs\/","name":"County Housing","description":"The Housing Authority of St. Louis County","publisher":{"@id":"https:\/\/countyhousing.org\/bs\/#organization"},"potentialAction":[{"@type":"SearchAction","target":{"@type":"EntryPoint","urlTemplate":"https:\/\/countyhousing.org\/bs\/?s={search_term_string}"},"query-input":{"@type":"PropertyValueSpecification","valueRequired":true,"valueName":"search_term_string"}}],"inLanguage":"bs-BA"},{"@type":"Organization","@id":"https:\/\/countyhousing.org\/bs\/#organization","name":"County Housing","url":"https:\/\/countyhousing.org\/bs\/","logo":{"@type":"ImageObject","inLanguage":"bs-BA","@id":"https:\/\/countyhousing.org\/bs\/#\/schema\/logo\/image\/","url":"https:\/\/countyhousing.org\/wp-content\/uploads\/2023\/12\/CH_Logo_Horizontal_Web_03-1.png","contentUrl":"https:\/\/countyhousing.org\/wp-content\/uploads\/2023\/12\/CH_Logo_Horizontal_Web_03-1.png","width":279,"height":100,"caption":"County Housing"},"image":{"@id":"https:\/\/countyhousing.org\/bs\/#\/schema\/logo\/image\/"}}]}},"_links":{"self":[{"href":"https:\/\/countyhousing.org\/bs\/wp-json\/wp\/v2\/pages\/2040","targetHints":{"allow":["GET"]}}],"collection":[{"href":"https:\/\/countyhousing.org\/bs\/wp-json\/wp\/v2\/pages"}],"about":[{"href":"https:\/\/countyhousing.org\/bs\/wp-json\/wp\/v2\/types\/page"}],"author":[{"embeddable":true,"href":"https:\/\/countyhousing.org\/bs\/wp-json\/wp\/v2\/users\/1"}],"replies":[{"embeddable":true,"href":"https:\/\/countyhousing.org\/bs\/wp-json\/wp\/v2\/comments?post=2040"}],"version-history":[{"count":0,"href":"https:\/\/countyhousing.org\/bs\/wp-json\/wp\/v2\/pages\/2040\/revisions"}],"up":[{"embeddable":true,"href":"https:\/\/countyhousing.org\/bs\/wp-json\/wp\/v2\/pages\/2071"}],"wp:featuredmedia":[{"embeddable":true,"href":"https:\/\/countyhousing.org\/bs\/wp-json\/wp\/v2\/media\/1829"}],"wp:attachment":[{"href":"https:\/\/countyhousing.org\/bs\/wp-json\/wp\/v2\/media?parent=2040"}],"curies":[{"name":"wp","href":"https:\/\/api.w.org\/{rel}","templated":true}]}}