{"id":2037,"date":"2023-11-16T14:46:07","date_gmt":"2023-11-16T14:46:07","guid":{"rendered":"https:\/\/countyhousing.org\/pravila-i-odgovornosti\/"},"modified":"2024-03-09T05:36:57","modified_gmt":"2024-03-09T05:36:57","slug":"pravila-i-odgovornosti","status":"publish","type":"page","link":"https:\/\/countyhousing.org\/bs\/pravila-i-odgovornosti\/","title":{"rendered":"Pravila i odgovornosti"},"content":{"rendered":"\n<p>Uspjeh na\u0161ih stanodavaca je od vitalnog zna\u010daja za misiju County Housinga. Sljede\u0107i zahtjevi su navedeni kako bi osigurali va\u0161 uspjeh.<\/p>\n\n<div class=\"wp-block-group\"><div class=\"wp-block-group__inner-container is-layout-constrained wp-block-group-is-layout-constrained\">\n<h2 class=\"wp-block-heading has-medium-green-color has-text-color has-link-color has-large-font-size wp-elements-b70a4c5c7d23b2e738fd1969d6a9cb2a\">Odr\u017eavajte imovinske standarde<\/h2>\n\n\n\n<p>Stanodavci se moraju pridr\u017eavati svih standarda kvalitete stanovanja postavljenih od strane County Housing. Ovo uklju\u010duje osiguranje da jedinica za iznajmljivanje ispunjava specifi\u010dne zdravstvene i sigurnosne zahtjeve, kao \u0161to su adekvatno grijanje, vodovod i strukturalni integritet.<\/p>\n<\/div><\/div>\n\n<div class=\"wp-block-group\"><div class=\"wp-block-group__inner-container is-layout-constrained wp-block-group-is-layout-constrained\">\n<h2 class=\"wp-block-heading has-pink-color has-text-color has-link-color has-large-font-size wp-elements-fbd2338f9abbffa166403f81348efdf2\">Pravovremene popravke i odr\u017eavanje<\/h2>\n\n\n\n<p>Stanodavci su odgovorni za brzo rje\u0161avanje svih potrebnih popravki i pitanja odr\u017eavanja koja nastanu tokom zakupa. Neophodno je redovno odr\u017eavanje imovine, uklju\u010duju\u0107i rje\u0161avanje pitanja vezanih za sanitaciju, sigurnost i integritet strukture. Propust da se to u\u010dini mo\u017ee rezultirati smanjenjem (obustavom) pla\u0107anja.<\/p>\n<\/div><\/div>\n\n<div class=\"wp-block-group\"><div class=\"wp-block-group__inner-container is-layout-constrained wp-block-group-is-layout-constrained\">\n<h2 class=\"wp-block-heading has-light-blue-color has-text-color has-link-color has-large-font-size wp-elements-4819aeed43f249c5dc6bec52a984d58f\">Izvje\u0161tavanje o naplati i pla\u0107anju zakupnine<\/h2>\n\n\n\n<p>Stanodavci moraju naplatiti dio zakupnine koji duguje zakupcu i odmah prijaviti sve promjene u najamnini, ugovorima o zakupu ili statusu stanovanja u okrugu.<\/p>\n<\/div><\/div>\n\n<div class=\"wp-block-group\"><div class=\"wp-block-group__inner-container is-layout-constrained wp-block-group-is-layout-constrained\">\n<h2 class=\"wp-block-heading has-gold-color has-text-color has-link-color has-large-font-size wp-elements-36f9824c9800708c3776b39208ec9221\">Saradnja sa inspekcijama<\/h2>\n\n\n\n<p>Iznajmljiva\u010di su du\u017eni sura\u0111ivati \u200b\u200bs planiranim inspekcijama koje provodi County Housing. Ove inspekcije osiguravaju da imovina i dalje ispunjava potrebne stambene standarde tokom trajanja najma.<\/p>\n<\/div><\/div>\n\n<div class=\"wp-block-group\"><div class=\"wp-block-group__inner-container is-layout-constrained wp-block-group-is-layout-constrained\">\n<h2 class=\"wp-block-heading has-teal-color has-text-color has-link-color has-large-font-size wp-elements-f22202c51830d4ecfeb72b61b8579813\">Uskla\u0111enost sa zakonima o pravednom stanovanju<\/h2>\n\n\n\n<p>Stanodavci moraju po\u0161tovati sve zakone i propise o pravednom stanovanju, tretiraju\u0107i u\u010desnike HCV programa na isti na\u010din kao i svaki drugi stanar. Ovo uklju\u010duje zabranu bilo kojeg oblika diskriminacije na osnovu rase, boje ko\u017ee, vjere, spola, invaliditeta, porodi\u010dnog statusa ili nacionalnog porijekla.<\/p>\n<\/div><\/div>\n\n<div class=\"wp-block-group\"><div class=\"wp-block-group__inner-container is-layout-constrained wp-block-group-is-layout-constrained\">\n<h2 class=\"wp-block-heading has-medium-blue-color has-text-color has-link-color has-large-font-size wp-elements-62f058863cc28e552e0589ae0c588a11\">Odr\u017eavanje komunikacije<\/h2>\n\n\n\n<p>Odr\u017eavanje otvorene komunikacije s \u017eupanijskim stambenim jedinicama i va\u0161im stanarom je klju\u010dno. Ovo osigurava da su sve strane obavije\u0161tene o svim promjenama, problemima ili nedoumicama u vezi sa zakupom i imovinom.<\/p>\n<\/div><\/div>\n","protected":false},"excerpt":{"rendered":"<p>Uspjeh na\u0161ih stanodavaca je od vitalnog zna\u010daja za misiju County Housinga. Sljede\u0107i zahtjevi su navedeni kako bi osigurali va\u0161 uspjeh. Odr\u017eavajte imovinske standarde Stanodavci se moraju pridr\u017eavati svih standarda kvalitete stanovanja postavljenih od strane County Housing. Ovo uklju\u010duje osiguranje da jedinica za iznajmljivanje ispunjava specifi\u010dne zdravstvene i sigurnosne zahtjeve, kao \u0161to su adekvatno grijanje, vodovod [&hellip;]<\/p>\n","protected":false},"author":1,"featured_media":0,"parent":0,"menu_order":0,"comment_status":"closed","ping_status":"closed","template":"","meta":{"_acf_changed":false,"footnotes":""},"class_list":["post-2037","page","type-page","status-publish","hentry"],"acf":[],"yoast_head":"<!-- This site is optimized with the Yoast SEO plugin v27.4 - https:\/\/yoast.com\/product\/yoast-seo-wordpress\/ -->\n<title>Pravila i odgovornosti za stanodavce - County Housing<\/title>\n<meta name=\"description\" content=\"Uspjeh na\u0161ih stanodavaca je od vitalnog zna\u010daja za misiju County Housinga. Sljede\u0107i zahtjevi su navedeni kako bi osigurali va\u0161 uspjeh.\" \/>\n<meta name=\"robots\" content=\"index, follow, max-snippet:-1, max-image-preview:large, max-video-preview:-1\" \/>\n<link rel=\"canonical\" href=\"https:\/\/countyhousing.org\/bs\/pravila-i-odgovornosti\/\" \/>\n<meta property=\"og:locale\" content=\"bs_BA\" \/>\n<meta property=\"og:type\" content=\"article\" \/>\n<meta property=\"og:title\" content=\"Pravila i odgovornosti za stanodavce - \u017eupanijsko stanovanje\" \/>\n<meta property=\"og:description\" content=\"Uspjeh na\u0161ih stanodavaca je od vitalnog zna\u010daja za misiju County Housinga. Sljede\u0107i zahtjevi su navedeni kako bi osigurali va\u0161 uspjeh.\" \/>\n<meta property=\"og:url\" content=\"https:\/\/countyhousing.org\/bs\/pravila-i-odgovornosti\/\" \/>\n<meta property=\"og:site_name\" content=\"County Housing\" \/>\n<meta property=\"article:modified_time\" content=\"2024-03-09T05:36:57+00:00\" \/>\n<meta property=\"og:image\" content=\"https:\/\/countyhousing.org\/wp-content\/uploads\/2024\/02\/CountyHousing_SocialShare_crop-1024x538.jpg\" \/>\n<meta name=\"twitter:card\" content=\"summary_large_image\" \/>\n<meta name=\"twitter:title\" content=\"Pravila i odgovornosti za stanodavce - \u017eupanijsko stanovanje\" \/>\n<meta name=\"twitter:description\" content=\"Uspjeh na\u0161ih stanodavaca je od vitalnog zna\u010daja za misiju County Housinga. Sljede\u0107i zahtjevi su navedeni kako bi osigurali va\u0161 uspjeh.\" \/>\n<meta name=\"twitter:image\" content=\"https:\/\/countyhousing.org\/wp-content\/uploads\/2024\/02\/CountyHousing_SocialShare_crop-1024x538.jpg\" \/>\n<meta name=\"twitter:label1\" content=\"Est. reading time\" \/>\n\t<meta name=\"twitter:data1\" content=\"1 minuta\" \/>\n<script type=\"application\/ld+json\" class=\"yoast-schema-graph\">{\"@context\":\"https:\\\/\\\/schema.org\",\"@graph\":[{\"@type\":\"WebPage\",\"@id\":\"https:\\\/\\\/countyhousing.org\\\/bs\\\/pravila-i-odgovornosti\\\/\",\"url\":\"https:\\\/\\\/countyhousing.org\\\/bs\\\/pravila-i-odgovornosti\\\/\",\"name\":\"Pravila i odgovornosti za stanodavce - County Housing\",\"isPartOf\":{\"@id\":\"https:\\\/\\\/countyhousing.org\\\/bs\\\/#website\"},\"datePublished\":\"2023-11-16T14:46:07+00:00\",\"dateModified\":\"2024-03-09T05:36:57+00:00\",\"description\":\"Uspjeh na\u0161ih stanodavaca je od vitalnog zna\u010daja za misiju County Housinga. Sljede\u0107i zahtjevi su navedeni kako bi osigurali va\u0161 uspjeh.\",\"breadcrumb\":{\"@id\":\"https:\\\/\\\/countyhousing.org\\\/bs\\\/pravila-i-odgovornosti\\\/#breadcrumb\"},\"inLanguage\":\"bs-BA\",\"potentialAction\":[{\"@type\":\"ReadAction\",\"target\":[\"https:\\\/\\\/countyhousing.org\\\/bs\\\/pravila-i-odgovornosti\\\/\"]}]},{\"@type\":\"BreadcrumbList\",\"@id\":\"https:\\\/\\\/countyhousing.org\\\/bs\\\/pravila-i-odgovornosti\\\/#breadcrumb\",\"itemListElement\":[{\"@type\":\"ListItem\",\"position\":1,\"name\":\"Home\",\"item\":\"https:\\\/\\\/countyhousing.org\\\/bs\\\/pocetna-stranica\\\/\"},{\"@type\":\"ListItem\",\"position\":2,\"name\":\"Pravila i odgovornosti\"}]},{\"@type\":\"WebSite\",\"@id\":\"https:\\\/\\\/countyhousing.org\\\/bs\\\/#website\",\"url\":\"https:\\\/\\\/countyhousing.org\\\/bs\\\/\",\"name\":\"County Housing\",\"description\":\"The Housing Authority of St. Louis County\",\"publisher\":{\"@id\":\"https:\\\/\\\/countyhousing.org\\\/bs\\\/#organization\"},\"potentialAction\":[{\"@type\":\"SearchAction\",\"target\":{\"@type\":\"EntryPoint\",\"urlTemplate\":\"https:\\\/\\\/countyhousing.org\\\/bs\\\/?s={search_term_string}\"},\"query-input\":{\"@type\":\"PropertyValueSpecification\",\"valueRequired\":true,\"valueName\":\"search_term_string\"}}],\"inLanguage\":\"bs-BA\"},{\"@type\":\"Organization\",\"@id\":\"https:\\\/\\\/countyhousing.org\\\/bs\\\/#organization\",\"name\":\"County Housing\",\"url\":\"https:\\\/\\\/countyhousing.org\\\/bs\\\/\",\"logo\":{\"@type\":\"ImageObject\",\"inLanguage\":\"bs-BA\",\"@id\":\"https:\\\/\\\/countyhousing.org\\\/bs\\\/#\\\/schema\\\/logo\\\/image\\\/\",\"url\":\"https:\\\/\\\/countyhousing.org\\\/wp-content\\\/uploads\\\/2023\\\/12\\\/CH_Logo_Horizontal_Web_03-1.png\",\"contentUrl\":\"https:\\\/\\\/countyhousing.org\\\/wp-content\\\/uploads\\\/2023\\\/12\\\/CH_Logo_Horizontal_Web_03-1.png\",\"width\":279,\"height\":100,\"caption\":\"County Housing\"},\"image\":{\"@id\":\"https:\\\/\\\/countyhousing.org\\\/bs\\\/#\\\/schema\\\/logo\\\/image\\\/\"}}]}<\/script>\n<!-- \/ Yoast SEO plugin. -->","yoast_head_json":{"title":"Pravila i odgovornosti za stanodavce - County Housing","description":"Uspjeh na\u0161ih stanodavaca je od vitalnog zna\u010daja za misiju County Housinga. Sljede\u0107i zahtjevi su navedeni kako bi osigurali va\u0161 uspjeh.","robots":{"index":"index","follow":"follow","max-snippet":"max-snippet:-1","max-image-preview":"max-image-preview:large","max-video-preview":"max-video-preview:-1"},"canonical":"https:\/\/countyhousing.org\/bs\/pravila-i-odgovornosti\/","og_locale":"bs_BA","og_type":"article","og_title":"Pravila i odgovornosti za stanodavce - \u017eupanijsko stanovanje","og_description":"Uspjeh na\u0161ih stanodavaca je od vitalnog zna\u010daja za misiju County Housinga. Sljede\u0107i zahtjevi su navedeni kako bi osigurali va\u0161 uspjeh.","og_url":"https:\/\/countyhousing.org\/bs\/pravila-i-odgovornosti\/","og_site_name":"County Housing","article_modified_time":"2024-03-09T05:36:57+00:00","og_image":[{"url":"https:\/\/countyhousing.org\/wp-content\/uploads\/2024\/02\/CountyHousing_SocialShare_crop-1024x538.jpg","type":"","width":"","height":""}],"twitter_card":"summary_large_image","twitter_title":"Pravila i odgovornosti za stanodavce - \u017eupanijsko stanovanje","twitter_description":"Uspjeh na\u0161ih stanodavaca je od vitalnog zna\u010daja za misiju County Housinga. Sljede\u0107i zahtjevi su navedeni kako bi osigurali va\u0161 uspjeh.","twitter_image":"https:\/\/countyhousing.org\/wp-content\/uploads\/2024\/02\/CountyHousing_SocialShare_crop-1024x538.jpg","twitter_misc":{"Est. reading time":"1 minuta"},"schema":{"@context":"https:\/\/schema.org","@graph":[{"@type":"WebPage","@id":"https:\/\/countyhousing.org\/bs\/pravila-i-odgovornosti\/","url":"https:\/\/countyhousing.org\/bs\/pravila-i-odgovornosti\/","name":"Pravila i odgovornosti za stanodavce - County Housing","isPartOf":{"@id":"https:\/\/countyhousing.org\/bs\/#website"},"datePublished":"2023-11-16T14:46:07+00:00","dateModified":"2024-03-09T05:36:57+00:00","description":"Uspjeh na\u0161ih stanodavaca je od vitalnog zna\u010daja za misiju County Housinga. Sljede\u0107i zahtjevi su navedeni kako bi osigurali va\u0161 uspjeh.","breadcrumb":{"@id":"https:\/\/countyhousing.org\/bs\/pravila-i-odgovornosti\/#breadcrumb"},"inLanguage":"bs-BA","potentialAction":[{"@type":"ReadAction","target":["https:\/\/countyhousing.org\/bs\/pravila-i-odgovornosti\/"]}]},{"@type":"BreadcrumbList","@id":"https:\/\/countyhousing.org\/bs\/pravila-i-odgovornosti\/#breadcrumb","itemListElement":[{"@type":"ListItem","position":1,"name":"Home","item":"https:\/\/countyhousing.org\/bs\/pocetna-stranica\/"},{"@type":"ListItem","position":2,"name":"Pravila i odgovornosti"}]},{"@type":"WebSite","@id":"https:\/\/countyhousing.org\/bs\/#website","url":"https:\/\/countyhousing.org\/bs\/","name":"County Housing","description":"The Housing Authority of St. Louis County","publisher":{"@id":"https:\/\/countyhousing.org\/bs\/#organization"},"potentialAction":[{"@type":"SearchAction","target":{"@type":"EntryPoint","urlTemplate":"https:\/\/countyhousing.org\/bs\/?s={search_term_string}"},"query-input":{"@type":"PropertyValueSpecification","valueRequired":true,"valueName":"search_term_string"}}],"inLanguage":"bs-BA"},{"@type":"Organization","@id":"https:\/\/countyhousing.org\/bs\/#organization","name":"County Housing","url":"https:\/\/countyhousing.org\/bs\/","logo":{"@type":"ImageObject","inLanguage":"bs-BA","@id":"https:\/\/countyhousing.org\/bs\/#\/schema\/logo\/image\/","url":"https:\/\/countyhousing.org\/wp-content\/uploads\/2023\/12\/CH_Logo_Horizontal_Web_03-1.png","contentUrl":"https:\/\/countyhousing.org\/wp-content\/uploads\/2023\/12\/CH_Logo_Horizontal_Web_03-1.png","width":279,"height":100,"caption":"County Housing"},"image":{"@id":"https:\/\/countyhousing.org\/bs\/#\/schema\/logo\/image\/"}}]}},"_links":{"self":[{"href":"https:\/\/countyhousing.org\/bs\/wp-json\/wp\/v2\/pages\/2037","targetHints":{"allow":["GET"]}}],"collection":[{"href":"https:\/\/countyhousing.org\/bs\/wp-json\/wp\/v2\/pages"}],"about":[{"href":"https:\/\/countyhousing.org\/bs\/wp-json\/wp\/v2\/types\/page"}],"author":[{"embeddable":true,"href":"https:\/\/countyhousing.org\/bs\/wp-json\/wp\/v2\/users\/1"}],"replies":[{"embeddable":true,"href":"https:\/\/countyhousing.org\/bs\/wp-json\/wp\/v2\/comments?post=2037"}],"version-history":[{"count":0,"href":"https:\/\/countyhousing.org\/bs\/wp-json\/wp\/v2\/pages\/2037\/revisions"}],"wp:attachment":[{"href":"https:\/\/countyhousing.org\/bs\/wp-json\/wp\/v2\/media?parent=2037"}],"curies":[{"name":"wp","href":"https:\/\/api.w.org\/{rel}","templated":true}]}}