{"id":2031,"date":"2023-11-16T14:54:34","date_gmt":"2023-11-16T14:54:34","guid":{"rendered":"https:\/\/countyhousing.org\/karijere\/proces-zaposljavanja-i-savjeti\/"},"modified":"2024-03-09T05:36:58","modified_gmt":"2024-03-09T05:36:58","slug":"proces-zaposljavanja-i-savjeti","status":"publish","type":"page","link":"https:\/\/countyhousing.org\/bs\/karijere\/proces-zaposljavanja-i-savjeti\/","title":{"rendered":"Proces zapo\u0161ljavanja i savjeti"},"content":{"rendered":"\n<p>U County Housingu vjerujemo u pronala\u017eenje pravih talenata koji odgovaraju na\u0161oj misiji i vrijednostima. Na\u0161 proces zapo\u0161ljavanja je osmi\u0161ljen tako da osigura fer, inkluzivnu i temeljnu evaluaciju svakog kandidata.<\/p>\n\n<div class=\"wp-block-group\"><div class=\"wp-block-group__inner-container is-layout-constrained wp-block-group-is-layout-constrained\">\n<h2 class=\"wp-block-heading has-medium-green-color has-text-color has-link-color has-large-font-size wp-elements-c818be52f6d331395765730c97ba8fad\">Evo pregleda \u0161ta mo\u017eete o\u010dekivati \u200b\u200bkada se prijavite za poziciju kod nas:<\/h2>\n\n\n\n<p class=\"has-body-copy-color has-text-color has-link-color wp-elements-b60ee8d47e240b7ba717202c46fc5da4\"><strong>1. Online aplikacija<\/strong><br\/>Zapo\u010dnite pregledavanjem na\u0161ih trenutnih slobodnih radnih mjesta i podno\u0161enjem prijave putem interneta. Pobrinite se da prilagodite svoj \u017eivotopis kako biste istakli svoje relevantne vje\u0161tine i iskustva.<\/p>\n\n\n\n<p><strong>2. Pregled nastavka<\/strong><br\/>Na\u0161 tim za ljudske resurse pa\u017eljivo pregledava svaku prijavu kako bi procijenio kvalifikacije i pogodnost za tu ulogu.<\/p>\n\n\n\n<p><strong>3. Intervju<\/strong><br\/>Ako se \u010dini da biste dobro odgovarali zahtjevima pozicije i na\u0161oj organizaciji, mo\u017eda \u0107ete biti pozvani na intervju. Budite spremni razgovarati o svom porijeklu, iskustvu i za\u0161to ste uzbu\u0111eni zbog pridru\u017eivanja County Housingu!<\/p>\n\n\n\n<p><strong>4. Provjera pro\u0161losti<\/strong><br\/>Posve\u0107eni smo sigurnosti i povjerenju na\u0161e zajednice. Kao dio na\u0161eg procesa zapo\u0161ljavanja, provodimo provjere pro\u0161losti i preglede droga kako bismo osigurali sigurnost i integritet na\u0161eg tima.<\/p>\n\n\n\n<p><strong>5. Referentne provjere<\/strong><br\/>Cijenimo va\u0161e profesionalne odnose, a provjere referenci su bitan dio na\u0161eg procesa.<\/p>\n\n\n\n<p><strong>6. Ponuda<\/strong><br\/>\u010cestitamo! Ako budete izabrani za poziciju, dobit \u0107ete ponudu za posao s detaljima o va\u0161oj ulozi, naknadi i beneficijama.<\/p>\n<\/div><\/div>\n\n<h2 class=\"wp-block-heading has-pink-color has-text-color has-link-color has-large-font-size wp-elements-a1ba4f7341832102ab5db64d8056eaf9\">Savjeti za uspje\u0161nu aplikaciju<\/h2>\n\n<p><strong>1. Istra\u017eivanje \u017eupanijskih stambenih jedinica<\/strong><br\/>Upoznajte se s na\u0161om organizacijom, na\u0161om misijom i na\u0161im vrijednostima kako biste pokazali svoj istinski interes za rad s nama.<\/p>\n\n<p><strong>2. Prilagodite svoju aplikaciju<\/strong><br\/>Prilagodite svoj \u017eivotopis i propratno pismo kako biste prikazali kako su va\u0161e vje\u0161tine i iskustva u skladu sa specifi\u010dnim zahtjevima posla.<\/p>\n\n<p><strong>3. Istaknite svoja postignu\u0107a<\/strong><br\/>Naglasite svoja postignu\u0107a i kako su ona doprinijela uspjehu va\u0161ih prethodnih poslodavaca.<\/p>\n\n<p><strong>4. Pripremite se za intervju<\/strong><br\/>Vje\u017ebajte odgovaranje na uobi\u010dajena pitanja za intervju i budite spremni da razgovarate o svojim kvalifikacijama i strasti za poziciju.<\/p>\n\n<p><strong>5. Stru\u010dne reference<\/strong><br\/>Osigurajte da imate listu profesionalnih referenci koje mogu govoriti o va\u0161im vje\u0161tinama i karakteru.<\/p>\n\n<p><strong>6. Pra\u0107enje<\/strong><br\/>Nakon intervjua, nikada ne \u0161kodi da po\u0161aljete zahvalnicu osoblju Ljudskih resursa i menad\u017eeru za zapo\u0161ljavanje i ponovite svoje interesovanje za tu ulogu.<\/p>\n","protected":false},"excerpt":{"rendered":"<p>U County Housingu vjerujemo u pronala\u017eenje pravih talenata koji odgovaraju na\u0161oj misiji i vrijednostima. Na\u0161 proces zapo\u0161ljavanja je osmi\u0161ljen tako da osigura fer, inkluzivnu i temeljnu evaluaciju svakog kandidata. Evo pregleda \u0161ta mo\u017eete o\u010dekivati \u200b\u200bkada se prijavite za poziciju kod nas: 1. Online aplikacijaZapo\u010dnite pregledavanjem na\u0161ih trenutnih slobodnih radnih mjesta i podno\u0161enjem prijave putem interneta. [&hellip;]<\/p>\n","protected":false},"author":1,"featured_media":1856,"parent":2000,"menu_order":0,"comment_status":"closed","ping_status":"closed","template":"","meta":{"_acf_changed":false,"footnotes":""},"class_list":["post-2031","page","type-page","status-publish","has-post-thumbnail","hentry"],"acf":[],"yoast_head":"<!-- This site is optimized with the Yoast SEO plugin v27.4 - https:\/\/yoast.com\/product\/yoast-seo-wordpress\/ -->\n<title>Proces zapo\u0161ljavanja i savjeti - County Housing<\/title>\n<meta name=\"description\" content=\"U County Housingu vjerujemo u pronala\u017eenje pravih talenata koji odgovaraju na\u0161oj misiji i vrijednostima. Na\u0161 proces zapo\u0161ljavanja je osmi\u0161ljen tako da osigura fer, inkluzivnu i temeljnu evaluaciju svakog kandidata.\" \/>\n<meta name=\"robots\" content=\"index, follow, max-snippet:-1, max-image-preview:large, max-video-preview:-1\" \/>\n<link rel=\"canonical\" href=\"https:\/\/countyhousing.org\/bs\/karijere\/proces-zaposljavanja-i-savjeti\/\" \/>\n<meta property=\"og:locale\" content=\"bs_BA\" \/>\n<meta property=\"og:type\" content=\"article\" \/>\n<meta property=\"og:title\" content=\"Proces zapo\u0161ljavanja i savjeti - \u017dupanijsko stanovanje\" \/>\n<meta property=\"og:description\" content=\"U County Housingu vjerujemo u pronala\u017eenje pravih talenata koji odgovaraju na\u0161oj misiji i vrijednostima. Na\u0161 proces zapo\u0161ljavanja je osmi\u0161ljen tako da osigura fer, inkluzivnu i temeljnu evaluaciju svakog kandidata.\" \/>\n<meta property=\"og:url\" content=\"https:\/\/countyhousing.org\/bs\/karijere\/proces-zaposljavanja-i-savjeti\/\" \/>\n<meta property=\"og:site_name\" content=\"County Housing\" \/>\n<meta property=\"article:modified_time\" content=\"2024-03-09T05:36:58+00:00\" \/>\n<meta property=\"og:image\" content=\"https:\/\/countyhousing.org\/wp-content\/uploads\/2024\/02\/CountyHousing_SocialShare_Blue-1024x538.jpg\" \/>\n<meta name=\"twitter:card\" content=\"summary_large_image\" \/>\n<meta name=\"twitter:title\" content=\"Proces zapo\u0161ljavanja i savjeti - \u017dupanijsko stanovanje\" \/>\n<meta name=\"twitter:description\" content=\"U County Housingu vjerujemo u pronala\u017eenje pravih talenata koji odgovaraju na\u0161oj misiji i vrijednostima. Na\u0161 proces zapo\u0161ljavanja je osmi\u0161ljen tako da osigura fer, inkluzivnu i temeljnu evaluaciju svakog kandidata.\" \/>\n<meta name=\"twitter:image\" content=\"https:\/\/countyhousing.org\/wp-content\/uploads\/2024\/02\/CountyHousing_SocialShare_Blue-1024x538.jpg\" \/>\n<meta name=\"twitter:label1\" content=\"Est. reading time\" \/>\n\t<meta name=\"twitter:data1\" content=\"2 minute\" \/>\n<script type=\"application\/ld+json\" class=\"yoast-schema-graph\">{\"@context\":\"https:\\\/\\\/schema.org\",\"@graph\":[{\"@type\":\"WebPage\",\"@id\":\"https:\\\/\\\/countyhousing.org\\\/bs\\\/karijere\\\/proces-zaposljavanja-i-savjeti\\\/\",\"url\":\"https:\\\/\\\/countyhousing.org\\\/bs\\\/karijere\\\/proces-zaposljavanja-i-savjeti\\\/\",\"name\":\"Proces zapo\u0161ljavanja i savjeti - County Housing\",\"isPartOf\":{\"@id\":\"https:\\\/\\\/countyhousing.org\\\/bs\\\/#website\"},\"primaryImageOfPage\":{\"@id\":\"https:\\\/\\\/countyhousing.org\\\/bs\\\/karijere\\\/proces-zaposljavanja-i-savjeti\\\/#primaryimage\"},\"image\":{\"@id\":\"https:\\\/\\\/countyhousing.org\\\/bs\\\/karijere\\\/proces-zaposljavanja-i-savjeti\\\/#primaryimage\"},\"thumbnailUrl\":\"https:\\\/\\\/countyhousing.org\\\/wp-content\\\/uploads\\\/2024\\\/03\\\/CH_3Houses_08_blue.webp\",\"datePublished\":\"2023-11-16T14:54:34+00:00\",\"dateModified\":\"2024-03-09T05:36:58+00:00\",\"description\":\"U County Housingu vjerujemo u pronala\u017eenje pravih talenata koji odgovaraju na\u0161oj misiji i vrijednostima. Na\u0161 proces zapo\u0161ljavanja je osmi\u0161ljen tako da osigura fer, inkluzivnu i temeljnu evaluaciju svakog kandidata.\",\"breadcrumb\":{\"@id\":\"https:\\\/\\\/countyhousing.org\\\/bs\\\/karijere\\\/proces-zaposljavanja-i-savjeti\\\/#breadcrumb\"},\"inLanguage\":\"bs-BA\",\"potentialAction\":[{\"@type\":\"ReadAction\",\"target\":[\"https:\\\/\\\/countyhousing.org\\\/bs\\\/karijere\\\/proces-zaposljavanja-i-savjeti\\\/\"]}]},{\"@type\":\"ImageObject\",\"inLanguage\":\"bs-BA\",\"@id\":\"https:\\\/\\\/countyhousing.org\\\/bs\\\/karijere\\\/proces-zaposljavanja-i-savjeti\\\/#primaryimage\",\"url\":\"https:\\\/\\\/countyhousing.org\\\/wp-content\\\/uploads\\\/2024\\\/03\\\/CH_3Houses_08_blue.webp\",\"contentUrl\":\"https:\\\/\\\/countyhousing.org\\\/wp-content\\\/uploads\\\/2024\\\/03\\\/CH_3Houses_08_blue.webp\",\"width\":1920,\"height\":279},{\"@type\":\"BreadcrumbList\",\"@id\":\"https:\\\/\\\/countyhousing.org\\\/bs\\\/karijere\\\/proces-zaposljavanja-i-savjeti\\\/#breadcrumb\",\"itemListElement\":[{\"@type\":\"ListItem\",\"position\":1,\"name\":\"Home\",\"item\":\"https:\\\/\\\/countyhousing.org\\\/bs\\\/pocetna-stranica\\\/\"},{\"@type\":\"ListItem\",\"position\":2,\"name\":\"Karijere\",\"item\":\"https:\\\/\\\/countyhousing.org\\\/bs\\\/karijere\\\/\"},{\"@type\":\"ListItem\",\"position\":3,\"name\":\"Proces zapo\u0161ljavanja i savjeti\"}]},{\"@type\":\"WebSite\",\"@id\":\"https:\\\/\\\/countyhousing.org\\\/bs\\\/#website\",\"url\":\"https:\\\/\\\/countyhousing.org\\\/bs\\\/\",\"name\":\"County Housing\",\"description\":\"The Housing Authority of St. Louis County\",\"publisher\":{\"@id\":\"https:\\\/\\\/countyhousing.org\\\/bs\\\/#organization\"},\"potentialAction\":[{\"@type\":\"SearchAction\",\"target\":{\"@type\":\"EntryPoint\",\"urlTemplate\":\"https:\\\/\\\/countyhousing.org\\\/bs\\\/?s={search_term_string}\"},\"query-input\":{\"@type\":\"PropertyValueSpecification\",\"valueRequired\":true,\"valueName\":\"search_term_string\"}}],\"inLanguage\":\"bs-BA\"},{\"@type\":\"Organization\",\"@id\":\"https:\\\/\\\/countyhousing.org\\\/bs\\\/#organization\",\"name\":\"County Housing\",\"url\":\"https:\\\/\\\/countyhousing.org\\\/bs\\\/\",\"logo\":{\"@type\":\"ImageObject\",\"inLanguage\":\"bs-BA\",\"@id\":\"https:\\\/\\\/countyhousing.org\\\/bs\\\/#\\\/schema\\\/logo\\\/image\\\/\",\"url\":\"https:\\\/\\\/countyhousing.org\\\/wp-content\\\/uploads\\\/2023\\\/12\\\/CH_Logo_Horizontal_Web_03-1.png\",\"contentUrl\":\"https:\\\/\\\/countyhousing.org\\\/wp-content\\\/uploads\\\/2023\\\/12\\\/CH_Logo_Horizontal_Web_03-1.png\",\"width\":279,\"height\":100,\"caption\":\"County Housing\"},\"image\":{\"@id\":\"https:\\\/\\\/countyhousing.org\\\/bs\\\/#\\\/schema\\\/logo\\\/image\\\/\"}}]}<\/script>\n<!-- \/ Yoast SEO plugin. -->","yoast_head_json":{"title":"Proces zapo\u0161ljavanja i savjeti - County Housing","description":"U County Housingu vjerujemo u pronala\u017eenje pravih talenata koji odgovaraju na\u0161oj misiji i vrijednostima. Na\u0161 proces zapo\u0161ljavanja je osmi\u0161ljen tako da osigura fer, inkluzivnu i temeljnu evaluaciju svakog kandidata.","robots":{"index":"index","follow":"follow","max-snippet":"max-snippet:-1","max-image-preview":"max-image-preview:large","max-video-preview":"max-video-preview:-1"},"canonical":"https:\/\/countyhousing.org\/bs\/karijere\/proces-zaposljavanja-i-savjeti\/","og_locale":"bs_BA","og_type":"article","og_title":"Proces zapo\u0161ljavanja i savjeti - \u017dupanijsko stanovanje","og_description":"U County Housingu vjerujemo u pronala\u017eenje pravih talenata koji odgovaraju na\u0161oj misiji i vrijednostima. Na\u0161 proces zapo\u0161ljavanja je osmi\u0161ljen tako da osigura fer, inkluzivnu i temeljnu evaluaciju svakog kandidata.","og_url":"https:\/\/countyhousing.org\/bs\/karijere\/proces-zaposljavanja-i-savjeti\/","og_site_name":"County Housing","article_modified_time":"2024-03-09T05:36:58+00:00","og_image":[{"url":"https:\/\/countyhousing.org\/wp-content\/uploads\/2024\/02\/CountyHousing_SocialShare_Blue-1024x538.jpg","type":"","width":"","height":""}],"twitter_card":"summary_large_image","twitter_title":"Proces zapo\u0161ljavanja i savjeti - \u017dupanijsko stanovanje","twitter_description":"U County Housingu vjerujemo u pronala\u017eenje pravih talenata koji odgovaraju na\u0161oj misiji i vrijednostima. Na\u0161 proces zapo\u0161ljavanja je osmi\u0161ljen tako da osigura fer, inkluzivnu i temeljnu evaluaciju svakog kandidata.","twitter_image":"https:\/\/countyhousing.org\/wp-content\/uploads\/2024\/02\/CountyHousing_SocialShare_Blue-1024x538.jpg","twitter_misc":{"Est. reading time":"2 minute"},"schema":{"@context":"https:\/\/schema.org","@graph":[{"@type":"WebPage","@id":"https:\/\/countyhousing.org\/bs\/karijere\/proces-zaposljavanja-i-savjeti\/","url":"https:\/\/countyhousing.org\/bs\/karijere\/proces-zaposljavanja-i-savjeti\/","name":"Proces zapo\u0161ljavanja i savjeti - County Housing","isPartOf":{"@id":"https:\/\/countyhousing.org\/bs\/#website"},"primaryImageOfPage":{"@id":"https:\/\/countyhousing.org\/bs\/karijere\/proces-zaposljavanja-i-savjeti\/#primaryimage"},"image":{"@id":"https:\/\/countyhousing.org\/bs\/karijere\/proces-zaposljavanja-i-savjeti\/#primaryimage"},"thumbnailUrl":"https:\/\/countyhousing.org\/wp-content\/uploads\/2024\/03\/CH_3Houses_08_blue.webp","datePublished":"2023-11-16T14:54:34+00:00","dateModified":"2024-03-09T05:36:58+00:00","description":"U County Housingu vjerujemo u pronala\u017eenje pravih talenata koji odgovaraju na\u0161oj misiji i vrijednostima. Na\u0161 proces zapo\u0161ljavanja je osmi\u0161ljen tako da osigura fer, inkluzivnu i temeljnu evaluaciju svakog kandidata.","breadcrumb":{"@id":"https:\/\/countyhousing.org\/bs\/karijere\/proces-zaposljavanja-i-savjeti\/#breadcrumb"},"inLanguage":"bs-BA","potentialAction":[{"@type":"ReadAction","target":["https:\/\/countyhousing.org\/bs\/karijere\/proces-zaposljavanja-i-savjeti\/"]}]},{"@type":"ImageObject","inLanguage":"bs-BA","@id":"https:\/\/countyhousing.org\/bs\/karijere\/proces-zaposljavanja-i-savjeti\/#primaryimage","url":"https:\/\/countyhousing.org\/wp-content\/uploads\/2024\/03\/CH_3Houses_08_blue.webp","contentUrl":"https:\/\/countyhousing.org\/wp-content\/uploads\/2024\/03\/CH_3Houses_08_blue.webp","width":1920,"height":279},{"@type":"BreadcrumbList","@id":"https:\/\/countyhousing.org\/bs\/karijere\/proces-zaposljavanja-i-savjeti\/#breadcrumb","itemListElement":[{"@type":"ListItem","position":1,"name":"Home","item":"https:\/\/countyhousing.org\/bs\/pocetna-stranica\/"},{"@type":"ListItem","position":2,"name":"Karijere","item":"https:\/\/countyhousing.org\/bs\/karijere\/"},{"@type":"ListItem","position":3,"name":"Proces zapo\u0161ljavanja i savjeti"}]},{"@type":"WebSite","@id":"https:\/\/countyhousing.org\/bs\/#website","url":"https:\/\/countyhousing.org\/bs\/","name":"County Housing","description":"The Housing Authority of St. Louis County","publisher":{"@id":"https:\/\/countyhousing.org\/bs\/#organization"},"potentialAction":[{"@type":"SearchAction","target":{"@type":"EntryPoint","urlTemplate":"https:\/\/countyhousing.org\/bs\/?s={search_term_string}"},"query-input":{"@type":"PropertyValueSpecification","valueRequired":true,"valueName":"search_term_string"}}],"inLanguage":"bs-BA"},{"@type":"Organization","@id":"https:\/\/countyhousing.org\/bs\/#organization","name":"County Housing","url":"https:\/\/countyhousing.org\/bs\/","logo":{"@type":"ImageObject","inLanguage":"bs-BA","@id":"https:\/\/countyhousing.org\/bs\/#\/schema\/logo\/image\/","url":"https:\/\/countyhousing.org\/wp-content\/uploads\/2023\/12\/CH_Logo_Horizontal_Web_03-1.png","contentUrl":"https:\/\/countyhousing.org\/wp-content\/uploads\/2023\/12\/CH_Logo_Horizontal_Web_03-1.png","width":279,"height":100,"caption":"County Housing"},"image":{"@id":"https:\/\/countyhousing.org\/bs\/#\/schema\/logo\/image\/"}}]}},"_links":{"self":[{"href":"https:\/\/countyhousing.org\/bs\/wp-json\/wp\/v2\/pages\/2031","targetHints":{"allow":["GET"]}}],"collection":[{"href":"https:\/\/countyhousing.org\/bs\/wp-json\/wp\/v2\/pages"}],"about":[{"href":"https:\/\/countyhousing.org\/bs\/wp-json\/wp\/v2\/types\/page"}],"author":[{"embeddable":true,"href":"https:\/\/countyhousing.org\/bs\/wp-json\/wp\/v2\/users\/1"}],"replies":[{"embeddable":true,"href":"https:\/\/countyhousing.org\/bs\/wp-json\/wp\/v2\/comments?post=2031"}],"version-history":[{"count":0,"href":"https:\/\/countyhousing.org\/bs\/wp-json\/wp\/v2\/pages\/2031\/revisions"}],"up":[{"embeddable":true,"href":"https:\/\/countyhousing.org\/bs\/wp-json\/wp\/v2\/pages\/2000"}],"wp:featuredmedia":[{"embeddable":true,"href":"https:\/\/countyhousing.org\/bs\/wp-json\/wp\/v2\/media\/1856"}],"wp:attachment":[{"href":"https:\/\/countyhousing.org\/bs\/wp-json\/wp\/v2\/media?parent=2031"}],"curies":[{"name":"wp","href":"https:\/\/api.w.org\/{rel}","templated":true}]}}