{"id":2020,"date":"2023-11-16T14:47:23","date_gmt":"2023-11-16T14:47:23","guid":{"rendered":"https:\/\/countyhousing.org\/stanodavci\/dobar-zakup\/"},"modified":"2024-03-09T05:36:57","modified_gmt":"2024-03-09T05:36:57","slug":"dobar-zakup","status":"publish","type":"page","link":"https:\/\/countyhousing.org\/bs\/stanodavci\/dobar-zakup\/","title":{"rendered":"Dobar zakup"},"content":{"rendered":"\n<p>Kao stanodavac u Housing Choice Voucher programu, va\u0161a je odgovornost da sastavite i izvr\u0161ite ugovor o zakupu izme\u0111u vas i va\u0161eg stanara. Nekoliko online platformi mo\u017ee vam pomo\u0107i da izradite ugovor o zakupu prilago\u0111en va\u0161im specifi\u010dnim zahtjevima.  <\/p>\n\n<p><strong>Ove online platforme uklju\u010duju:<\/strong><\/p>\n\n<p><strong><a href=\"https:\/\/www.rocketlawyer.com\/\" target=\"_blank\" rel=\"noreferrer noopener\">Rocket Lawyer<\/a><\/strong><br\/>Nudi prilagodljive \u0161ablone ugovora o zakupu zajedno s pravnim savjetima i smjernicama od strane advokata ako je potrebno.<\/p>\n\n<p><strong><a href=\"https:\/\/www.legalzoom.com\/\" target=\"_blank\" rel=\"noreferrer noopener\">LegalZoom<\/a><\/strong><br\/>Omogu\u0107ava pristup profesionalnim pravnim dokumentima, uklju\u010duju\u0107i ugovore o zakupu, koji se mogu prilagoditi va\u0161im specifi\u010dnim potrebama i dr\u017eavnim propisima.<\/p>\n\n<p><a href=\"https:\/\/www.lawdepot.com\/\" target=\"_blank\" rel=\"noreferrer noopener\"><strong>LawDepot<\/strong><\/a><br\/>Nudi korisni\u010dko su\u010delje za kreiranje prilago\u0111enih ugovora o zakupu s raznim opcijama i klauzulama prilago\u0111enim zakonima va\u0161e dr\u017eave ili regije.<\/p>\n\n<hr class=\"wp-block-separator has-text-color has-pink-color has-alpha-channel-opacity has-pink-background-color has-background\"\/>\n\n<h2 class=\"wp-block-heading has-body-copy-color has-text-color has-link-color wp-elements-b7fdb5aa0190610c3965438dac03f37d\">Klju\u010dni elementi ugovora o zakupu<\/h2>\n\n<div style=\"height:20px\" aria-hidden=\"true\" class=\"wp-block-spacer\"><\/div>\n\n<h3 class=\"wp-block-heading has-medium-green-color has-text-color has-link-color wp-elements-5cb6384f02439918530065515566630a\">Uklju\u010dene strane<\/h3>\n\n<p>Jasno navedite imena svih uklju\u010denih strana, uklju\u010duju\u0107i stanodavca, stanare i sve upravitelje imovine.  <\/p>\n\n<h3 class=\"wp-block-heading has-pink-color has-text-color has-link-color wp-elements-4d3577bab0a36e92dda0c792e44ebba4\">Opis nekretnine<\/h3>\n\n<p>Navedite detaljan opis nekretnine za iznajmljivanje, uklju\u010duju\u0107i adresu, broj jedinice (ako je primjenjivo) i sve uklju\u010dene specifi\u010dne karakteristike ili pogodnosti.<\/p>\n\n<h3 class=\"wp-block-heading has-light-blue-color has-text-color has-link-color wp-elements-081f1b6b6db8df612a5a9b1c266171b8\">Rok zakupa<\/h3>\n\n<p>Definirajte trajanje zakupa, uklju\u010duju\u0107i datum po\u010detka i zavr\u0161etka zakupa, kao i sve odredbe za obnovu ili raskid.<\/p>\n\n<h3 class=\"wp-block-heading has-teal-color has-text-color has-link-color wp-elements-b201ed0fc946d2e18db5203ea6b87846\">Detalji pla\u0107anja zakupnine<\/h3>\n\n<p>Jasno ocrtajte iznos dospjele zakupnine, datum dospije\u0107a za svaku uplatu, prihvatljive na\u010dine pla\u0107anja i sve naknade ili kazne za ka\u0161njenje zakupnine.<\/p>\n\n<h3 class=\"wp-block-heading has-gold-color has-text-color has-link-color wp-elements-364adbd1abc5cb1fc7615338a6cf8589\">Sigurnosni depozit<\/h3>\n\n<p>Navedite iznos potrebnog sigurnosnog depozita, uslove za njegov povrat ili zadr\u017eavanje i vremenski okvir za vra\u0107anje nakon isteka zakupa.<\/p>\n\n<h3 class=\"wp-block-heading has-dark-blue-color has-text-color has-link-color wp-elements-d03e7122db388ccf7084364718069624\">Odgovornosti za odr\u017eavanje<\/h3>\n\n<p>Jasno definisati odgovornosti i stanodavca i zakupca u vezi sa odr\u017eavanjem, popravkama i odr\u017eavanjem imovine.<\/p>\n\n<h3 class=\"wp-block-heading has-medium-green-color has-text-color has-link-color wp-elements-bdec21fbdb3e9e972a648635b2f30fe3\">Komunalne usluge i usluge<\/h3>\n\n<p>Pojasnite koje komunalije i usluge (kao \u0161to su voda, struja, plin, internet ili kablovska) su uklju\u010dene u najam i koje su odgovornost zakupca.<\/p>\n\n<h3 class=\"wp-block-heading has-pink-color has-text-color has-link-color wp-elements-572f450a3e20804fe9feb41871bfd2f9\">Kori\u0161tenje imovine<\/h3>\n\n<p>Navedite sva ograni\u010denja u kori\u0161tenju imovine, kao \u0161to su ograni\u010denja u podzakupu, zabranjene aktivnosti ili pravila koja se odnose na izmjene imovine.<\/p>\n\n<h3 class=\"wp-block-heading has-light-blue-color has-text-color has-link-color wp-elements-958183d887a08307cbb478f95791b0d7\">Klauzula o prekidu<\/h3>\n\n<p>Uklju\u010dite odredbe za raskid zakupa, kao \u0161to su uslovi za prijevremeni raskid, otkazni rokovi koje zahtijevaju obje strane, i sve povezane naknade ili kazne.<\/p>\n\n<h3 class=\"wp-block-heading has-teal-color has-text-color has-link-color wp-elements-b34bf57b185860a1f58fd29bdfea5fea\">Rje\u0161avanje sporova<\/h3>\n\n<p>Uspostavite proces za rje\u0161avanje sporova izme\u0111u stanodavca i zakupca, uklju\u010duju\u0107i postupke posredovanja ili arbitra\u017ee, kako biste rije\u0161ili sve nesuglasice koje mogu nastati tokom zakupa.<\/p>\n\n<h3 class=\"wp-block-heading has-gold-color has-text-color has-link-color wp-elements-01de6ae284bb2e720d5773e267d21c28\">Uskla\u0111enost sa zakonima<\/h3>\n\n<p>Osigurajte da je ugovor o zakupu u skladu sa svim relevantnim lokalnim, dr\u017eavnim i saveznim zakonima i propisima, uklju\u010duju\u0107i zakone o pravednom stanovanju i prava stanara.<\/p>\n","protected":false},"excerpt":{"rendered":"<p>Kao stanodavac u Housing Choice Voucher programu, va\u0161a je odgovornost da sastavite i izvr\u0161ite ugovor o zakupu izme\u0111u vas i va\u0161eg stanara. Nekoliko online platformi mo\u017ee vam pomo\u0107i da izradite ugovor o zakupu prilago\u0111en va\u0161im specifi\u010dnim zahtjevima. Ove online platforme uklju\u010duju: Rocket LawyerNudi prilagodljive \u0161ablone ugovora o zakupu zajedno s pravnim savjetima i smjernicama od [&hellip;]<\/p>\n","protected":false},"author":1,"featured_media":1812,"parent":1886,"menu_order":0,"comment_status":"closed","ping_status":"closed","template":"","meta":{"_acf_changed":false,"footnotes":""},"class_list":["post-2020","page","type-page","status-publish","has-post-thumbnail","hentry"],"acf":[],"yoast_head":"<!-- This site is optimized with the Yoast SEO plugin v27.4 - https:\/\/yoast.com\/product\/yoast-seo-wordpress\/ -->\n<title>Dobar zakup - Informacije za za stanodavce - County Housing<\/title>\n<meta name=\"description\" content=\"Kao stanodavac u Housing Choice Voucher programu, va\u0161a je odgovornost da sastavite i izvr\u0161ite ugovor o zakupu izme\u0111u vas i va\u0161eg stanara. Nekoliko online platformi mo\u017ee vam pomo\u0107i da izradite ugovor o zakupu prilago\u0111en va\u0161im specifi\u010dnim zahtjevima.\" \/>\n<meta name=\"robots\" content=\"index, follow, max-snippet:-1, max-image-preview:large, max-video-preview:-1\" \/>\n<link rel=\"canonical\" href=\"https:\/\/countyhousing.org\/bs\/stanodavci\/dobar-zakup\/\" \/>\n<meta property=\"og:locale\" content=\"bs_BA\" \/>\n<meta property=\"og:type\" content=\"article\" \/>\n<meta property=\"og:title\" content=\"Dobar zakup - informacije za stanodavce - \u017eupanijsko stanovanje\" \/>\n<meta property=\"og:description\" content=\"Kao stanodavac u Housing Choice Voucher programu, va\u0161a je odgovornost da sastavite i izvr\u0161ite ugovor o zakupu izme\u0111u vas i va\u0161eg stanara. Nekoliko online platformi mo\u017ee vam pomo\u0107i da izradite ugovor o zakupu prilago\u0111en va\u0161im specifi\u010dnim zahtjevima.\" \/>\n<meta property=\"og:url\" content=\"https:\/\/countyhousing.org\/bs\/stanodavci\/dobar-zakup\/\" \/>\n<meta property=\"og:site_name\" content=\"County Housing\" \/>\n<meta property=\"article:modified_time\" content=\"2024-03-09T05:36:57+00:00\" \/>\n<meta property=\"og:image\" content=\"https:\/\/countyhousing.org\/wp-content\/uploads\/2024\/02\/CountyHousing_SocialShare_Green-1024x538.jpg\" \/>\n<meta name=\"twitter:card\" content=\"summary_large_image\" \/>\n<meta name=\"twitter:title\" content=\"Dobar zakup - informacije za stanodavce - \u017eupanijsko stanovanje\" \/>\n<meta name=\"twitter:description\" content=\"Kao stanodavac u Housing Choice Voucher programu, va\u0161a je odgovornost da sastavite i izvr\u0161ite ugovor o zakupu izme\u0111u vas i va\u0161eg stanara. Nekoliko online platformi mo\u017ee vam pomo\u0107i da izradite ugovor o zakupu prilago\u0111en va\u0161im specifi\u010dnim zahtjevima.\" \/>\n<meta name=\"twitter:image\" content=\"https:\/\/countyhousing.org\/wp-content\/uploads\/2024\/02\/CountyHousing_SocialShare_Green-1024x538.jpg\" \/>\n<meta name=\"twitter:label1\" content=\"Est. reading time\" \/>\n\t<meta name=\"twitter:data1\" content=\"2 minute\" \/>\n<script type=\"application\/ld+json\" class=\"yoast-schema-graph\">{\"@context\":\"https:\\\/\\\/schema.org\",\"@graph\":[{\"@type\":\"WebPage\",\"@id\":\"https:\\\/\\\/countyhousing.org\\\/bs\\\/stanodavci\\\/dobar-zakup\\\/\",\"url\":\"https:\\\/\\\/countyhousing.org\\\/bs\\\/stanodavci\\\/dobar-zakup\\\/\",\"name\":\"Dobar zakup - Informacije za za stanodavce - County Housing\",\"isPartOf\":{\"@id\":\"https:\\\/\\\/countyhousing.org\\\/bs\\\/#website\"},\"primaryImageOfPage\":{\"@id\":\"https:\\\/\\\/countyhousing.org\\\/bs\\\/stanodavci\\\/dobar-zakup\\\/#primaryimage\"},\"image\":{\"@id\":\"https:\\\/\\\/countyhousing.org\\\/bs\\\/stanodavci\\\/dobar-zakup\\\/#primaryimage\"},\"thumbnailUrl\":\"https:\\\/\\\/countyhousing.org\\\/wp-content\\\/uploads\\\/2024\\\/03\\\/CH_3Houses_08.jpg\",\"datePublished\":\"2023-11-16T14:47:23+00:00\",\"dateModified\":\"2024-03-09T05:36:57+00:00\",\"description\":\"Kao stanodavac u Housing Choice Voucher programu, va\u0161a je odgovornost da sastavite i izvr\u0161ite ugovor o zakupu izme\u0111u vas i va\u0161eg stanara. Nekoliko online platformi mo\u017ee vam pomo\u0107i da izradite ugovor o zakupu prilago\u0111en va\u0161im specifi\u010dnim zahtjevima.\",\"breadcrumb\":{\"@id\":\"https:\\\/\\\/countyhousing.org\\\/bs\\\/stanodavci\\\/dobar-zakup\\\/#breadcrumb\"},\"inLanguage\":\"bs-BA\",\"potentialAction\":[{\"@type\":\"ReadAction\",\"target\":[\"https:\\\/\\\/countyhousing.org\\\/bs\\\/stanodavci\\\/dobar-zakup\\\/\"]}]},{\"@type\":\"ImageObject\",\"inLanguage\":\"bs-BA\",\"@id\":\"https:\\\/\\\/countyhousing.org\\\/bs\\\/stanodavci\\\/dobar-zakup\\\/#primaryimage\",\"url\":\"https:\\\/\\\/countyhousing.org\\\/wp-content\\\/uploads\\\/2024\\\/03\\\/CH_3Houses_08.jpg\",\"contentUrl\":\"https:\\\/\\\/countyhousing.org\\\/wp-content\\\/uploads\\\/2024\\\/03\\\/CH_3Houses_08.jpg\",\"width\":1920,\"height\":279},{\"@type\":\"BreadcrumbList\",\"@id\":\"https:\\\/\\\/countyhousing.org\\\/bs\\\/stanodavci\\\/dobar-zakup\\\/#breadcrumb\",\"itemListElement\":[{\"@type\":\"ListItem\",\"position\":1,\"name\":\"Home\",\"item\":\"https:\\\/\\\/countyhousing.org\\\/bs\\\/pocetna-stranica\\\/\"},{\"@type\":\"ListItem\",\"position\":2,\"name\":\"Stanodavci\",\"item\":\"https:\\\/\\\/countyhousing.org\\\/bs\\\/stanodavci\\\/\"},{\"@type\":\"ListItem\",\"position\":3,\"name\":\"Dobar zakup\"}]},{\"@type\":\"WebSite\",\"@id\":\"https:\\\/\\\/countyhousing.org\\\/bs\\\/#website\",\"url\":\"https:\\\/\\\/countyhousing.org\\\/bs\\\/\",\"name\":\"County Housing\",\"description\":\"The Housing Authority of St. Louis County\",\"publisher\":{\"@id\":\"https:\\\/\\\/countyhousing.org\\\/bs\\\/#organization\"},\"potentialAction\":[{\"@type\":\"SearchAction\",\"target\":{\"@type\":\"EntryPoint\",\"urlTemplate\":\"https:\\\/\\\/countyhousing.org\\\/bs\\\/?s={search_term_string}\"},\"query-input\":{\"@type\":\"PropertyValueSpecification\",\"valueRequired\":true,\"valueName\":\"search_term_string\"}}],\"inLanguage\":\"bs-BA\"},{\"@type\":\"Organization\",\"@id\":\"https:\\\/\\\/countyhousing.org\\\/bs\\\/#organization\",\"name\":\"County Housing\",\"url\":\"https:\\\/\\\/countyhousing.org\\\/bs\\\/\",\"logo\":{\"@type\":\"ImageObject\",\"inLanguage\":\"bs-BA\",\"@id\":\"https:\\\/\\\/countyhousing.org\\\/bs\\\/#\\\/schema\\\/logo\\\/image\\\/\",\"url\":\"https:\\\/\\\/countyhousing.org\\\/wp-content\\\/uploads\\\/2023\\\/12\\\/CH_Logo_Horizontal_Web_03-1.png\",\"contentUrl\":\"https:\\\/\\\/countyhousing.org\\\/wp-content\\\/uploads\\\/2023\\\/12\\\/CH_Logo_Horizontal_Web_03-1.png\",\"width\":279,\"height\":100,\"caption\":\"County Housing\"},\"image\":{\"@id\":\"https:\\\/\\\/countyhousing.org\\\/bs\\\/#\\\/schema\\\/logo\\\/image\\\/\"}}]}<\/script>\n<!-- \/ Yoast SEO plugin. -->","yoast_head_json":{"title":"Dobar zakup - Informacije za za stanodavce - County Housing","description":"Kao stanodavac u Housing Choice Voucher programu, va\u0161a je odgovornost da sastavite i izvr\u0161ite ugovor o zakupu izme\u0111u vas i va\u0161eg stanara. Nekoliko online platformi mo\u017ee vam pomo\u0107i da izradite ugovor o zakupu prilago\u0111en va\u0161im specifi\u010dnim zahtjevima.","robots":{"index":"index","follow":"follow","max-snippet":"max-snippet:-1","max-image-preview":"max-image-preview:large","max-video-preview":"max-video-preview:-1"},"canonical":"https:\/\/countyhousing.org\/bs\/stanodavci\/dobar-zakup\/","og_locale":"bs_BA","og_type":"article","og_title":"Dobar zakup - informacije za stanodavce - \u017eupanijsko stanovanje","og_description":"Kao stanodavac u Housing Choice Voucher programu, va\u0161a je odgovornost da sastavite i izvr\u0161ite ugovor o zakupu izme\u0111u vas i va\u0161eg stanara. Nekoliko online platformi mo\u017ee vam pomo\u0107i da izradite ugovor o zakupu prilago\u0111en va\u0161im specifi\u010dnim zahtjevima.","og_url":"https:\/\/countyhousing.org\/bs\/stanodavci\/dobar-zakup\/","og_site_name":"County Housing","article_modified_time":"2024-03-09T05:36:57+00:00","og_image":[{"url":"https:\/\/countyhousing.org\/wp-content\/uploads\/2024\/02\/CountyHousing_SocialShare_Green-1024x538.jpg","type":"","width":"","height":""}],"twitter_card":"summary_large_image","twitter_title":"Dobar zakup - informacije za stanodavce - \u017eupanijsko stanovanje","twitter_description":"Kao stanodavac u Housing Choice Voucher programu, va\u0161a je odgovornost da sastavite i izvr\u0161ite ugovor o zakupu izme\u0111u vas i va\u0161eg stanara. Nekoliko online platformi mo\u017ee vam pomo\u0107i da izradite ugovor o zakupu prilago\u0111en va\u0161im specifi\u010dnim zahtjevima.","twitter_image":"https:\/\/countyhousing.org\/wp-content\/uploads\/2024\/02\/CountyHousing_SocialShare_Green-1024x538.jpg","twitter_misc":{"Est. reading time":"2 minute"},"schema":{"@context":"https:\/\/schema.org","@graph":[{"@type":"WebPage","@id":"https:\/\/countyhousing.org\/bs\/stanodavci\/dobar-zakup\/","url":"https:\/\/countyhousing.org\/bs\/stanodavci\/dobar-zakup\/","name":"Dobar zakup - Informacije za za stanodavce - County Housing","isPartOf":{"@id":"https:\/\/countyhousing.org\/bs\/#website"},"primaryImageOfPage":{"@id":"https:\/\/countyhousing.org\/bs\/stanodavci\/dobar-zakup\/#primaryimage"},"image":{"@id":"https:\/\/countyhousing.org\/bs\/stanodavci\/dobar-zakup\/#primaryimage"},"thumbnailUrl":"https:\/\/countyhousing.org\/wp-content\/uploads\/2024\/03\/CH_3Houses_08.jpg","datePublished":"2023-11-16T14:47:23+00:00","dateModified":"2024-03-09T05:36:57+00:00","description":"Kao stanodavac u Housing Choice Voucher programu, va\u0161a je odgovornost da sastavite i izvr\u0161ite ugovor o zakupu izme\u0111u vas i va\u0161eg stanara. Nekoliko online platformi mo\u017ee vam pomo\u0107i da izradite ugovor o zakupu prilago\u0111en va\u0161im specifi\u010dnim zahtjevima.","breadcrumb":{"@id":"https:\/\/countyhousing.org\/bs\/stanodavci\/dobar-zakup\/#breadcrumb"},"inLanguage":"bs-BA","potentialAction":[{"@type":"ReadAction","target":["https:\/\/countyhousing.org\/bs\/stanodavci\/dobar-zakup\/"]}]},{"@type":"ImageObject","inLanguage":"bs-BA","@id":"https:\/\/countyhousing.org\/bs\/stanodavci\/dobar-zakup\/#primaryimage","url":"https:\/\/countyhousing.org\/wp-content\/uploads\/2024\/03\/CH_3Houses_08.jpg","contentUrl":"https:\/\/countyhousing.org\/wp-content\/uploads\/2024\/03\/CH_3Houses_08.jpg","width":1920,"height":279},{"@type":"BreadcrumbList","@id":"https:\/\/countyhousing.org\/bs\/stanodavci\/dobar-zakup\/#breadcrumb","itemListElement":[{"@type":"ListItem","position":1,"name":"Home","item":"https:\/\/countyhousing.org\/bs\/pocetna-stranica\/"},{"@type":"ListItem","position":2,"name":"Stanodavci","item":"https:\/\/countyhousing.org\/bs\/stanodavci\/"},{"@type":"ListItem","position":3,"name":"Dobar zakup"}]},{"@type":"WebSite","@id":"https:\/\/countyhousing.org\/bs\/#website","url":"https:\/\/countyhousing.org\/bs\/","name":"County Housing","description":"The Housing Authority of St. Louis County","publisher":{"@id":"https:\/\/countyhousing.org\/bs\/#organization"},"potentialAction":[{"@type":"SearchAction","target":{"@type":"EntryPoint","urlTemplate":"https:\/\/countyhousing.org\/bs\/?s={search_term_string}"},"query-input":{"@type":"PropertyValueSpecification","valueRequired":true,"valueName":"search_term_string"}}],"inLanguage":"bs-BA"},{"@type":"Organization","@id":"https:\/\/countyhousing.org\/bs\/#organization","name":"County Housing","url":"https:\/\/countyhousing.org\/bs\/","logo":{"@type":"ImageObject","inLanguage":"bs-BA","@id":"https:\/\/countyhousing.org\/bs\/#\/schema\/logo\/image\/","url":"https:\/\/countyhousing.org\/wp-content\/uploads\/2023\/12\/CH_Logo_Horizontal_Web_03-1.png","contentUrl":"https:\/\/countyhousing.org\/wp-content\/uploads\/2023\/12\/CH_Logo_Horizontal_Web_03-1.png","width":279,"height":100,"caption":"County Housing"},"image":{"@id":"https:\/\/countyhousing.org\/bs\/#\/schema\/logo\/image\/"}}]}},"_links":{"self":[{"href":"https:\/\/countyhousing.org\/bs\/wp-json\/wp\/v2\/pages\/2020","targetHints":{"allow":["GET"]}}],"collection":[{"href":"https:\/\/countyhousing.org\/bs\/wp-json\/wp\/v2\/pages"}],"about":[{"href":"https:\/\/countyhousing.org\/bs\/wp-json\/wp\/v2\/types\/page"}],"author":[{"embeddable":true,"href":"https:\/\/countyhousing.org\/bs\/wp-json\/wp\/v2\/users\/1"}],"replies":[{"embeddable":true,"href":"https:\/\/countyhousing.org\/bs\/wp-json\/wp\/v2\/comments?post=2020"}],"version-history":[{"count":0,"href":"https:\/\/countyhousing.org\/bs\/wp-json\/wp\/v2\/pages\/2020\/revisions"}],"up":[{"embeddable":true,"href":"https:\/\/countyhousing.org\/bs\/wp-json\/wp\/v2\/pages\/1886"}],"wp:featuredmedia":[{"embeddable":true,"href":"https:\/\/countyhousing.org\/bs\/wp-json\/wp\/v2\/media\/1812"}],"wp:attachment":[{"href":"https:\/\/countyhousing.org\/bs\/wp-json\/wp\/v2\/media?parent=2020"}],"curies":[{"name":"wp","href":"https:\/\/api.w.org\/{rel}","templated":true}]}}