{"id":2008,"date":"2023-11-16T14:55:33","date_gmt":"2023-11-16T14:55:33","guid":{"rendered":"https:\/\/countyhousing.org\/karijere\/raznolikost\/"},"modified":"2024-03-09T05:36:57","modified_gmt":"2024-03-09T05:36:57","slug":"raznolikost","status":"publish","type":"page","link":"https:\/\/countyhousing.org\/bs\/karijere\/raznolikost\/","title":{"rendered":"Raznolikost"},"content":{"rendered":"\n<div class=\"wp-block-group\"><div class=\"wp-block-group__inner-container is-layout-constrained wp-block-group-is-layout-constrained\">\n<h2 class=\"wp-block-heading has-medium-green-color has-text-color has-link-color has-large-font-size wp-elements-84447090428ebc21cc56652396bb69cf\">Izvr\u0161ni sa\u017eetak plana afirmativne akcije  <\/h2>\n\n\n\n<ul class=\"wp-block-list\">\n<li>County Housing je posve\u0107en poticanju inkluzivnog i podr\u017eavaju\u0107eg okru\u017eenja koje podr\u017eava principe afirmativne akcije i jednakih mogu\u0107nosti zapo\u0161ljavanja. Ova obaveza se odnosi na sve kvalifikovane pojedince, bez obzira na njihovu rasu, boju ko\u017ee, vjeru, spol, seksualnu orijentaciju, rodni identitet, genetske informacije, nacionalno porijeklo, godine, invaliditet ili status bora\u010dkog invalida.<\/li>\n\n\n\n<li>Ovaj sa\u017eetak opisuje Plan afirmativne akcije (AAP) koji je razvio County Housing, nagla\u0161avaju\u0107i na\u0161e namjerne akcije za uspostavljanje organizacije koja daje prioritet raznolikosti, jednakosti, uklju\u010denosti i pripadnosti.<\/li>\n\n\n\n<li>Primarni cilj AAP-a je implementacija sveobuhvatnog programa uskla\u0111enog s politikama, procedurama i osnovnim vrijednostima \u017eupanijskog stambenog sektora. Uklju\u010duje skup specifi\u010dnih inicijativa osmi\u0161ljenih da elimini\u0161e pristrasnost u procesu zapo\u0161ljavanja i stvori fer i pravi\u010dno radno mjesto koje promovi\u0161e jednake mogu\u0107nosti za pojedince iz za\u0161ti\u0107enih klasa. Pored toga, plan ima za cilj da identifikuje i pozabavi svaku nedovoljnu upotrebu manjina i \u017eena unutar organizacije.<\/li>\n\n\n\n<li>Uspje\u0161no izvr\u0161enje AAP-a oslanja se na nepokolebljivu podr\u0161ku svakog \u010dlana uprave i svih zaposlenih. Od svakog pojedinca se o\u010dekuje da poka\u017ee liderstvo i slu\u017ei kao uzor za negovanje radnog okru\u017eenja koje podr\u017eava principe afirmativne akcije i jednakih mogu\u0107nosti za zapo\u0161ljavanje.<\/li>\n\n\n\n<li>Kako bi se osigurao \u0161irok pristup i transparentnost, AAP se dijeli sa svim zaposlenicima elektronski i lako dostupan putem web stranice County Housinga. Osim toga, izvo\u0111a\u010di, dobavlja\u010di i gra\u0111ani mogu pristupiti AAP-u na web stranici, a fizi\u010dke kopije su dostupne na zahtjev. Alternativni formati \u0107e tako\u0111er biti dostupni, kao \u0161to je uklju\u010divanje izjave poslodavca o jednakim mogu\u0107nostima od\u0161tampane na memorandumu \u017eupanijskog stanovanja, u zahtjevima za ponude i na svim oglasima za posao.<\/li>\n\n\n\n<li>Implementacijom AAP-a, County Housing ponovno potvr\u0111uje svoju predanost izgradnji organizacije koja prihva\u0107a razli\u010ditost, jednakost, uklju\u010denost i pripadnost. Vjerujemo da rje\u0161avanjem historijske diskriminacije i promoviranjem jednakih mogu\u0107nosti mo\u017eemo stvoriti pravednije i pravednije dru\u0161tvo.<\/li>\n<\/ul>\n<\/div><\/div>\n\n<div class=\"wp-block-group\"><div class=\"wp-block-group__inner-container is-layout-constrained wp-block-group-is-layout-constrained\">\n<h2 class=\"wp-block-heading has-pink-color has-text-color has-link-color has-large-font-size wp-elements-4affcd1fd5c924eb4dd7afe8bcf2e107\">Ciljevi plana afirmativne akcije<\/h2>\n\n\n\n<p>County Housing je u potpunosti posve\u0107en implementaciji politika, programa i procedura navedenih u ovom planu kako bi se osiguralo da prakse zapo\u0161ljavanja budu oslobo\u0111ene diskriminacije. Na\u0161 program afirmativne akcije obuhvata razli\u010dite klju\u010dne ciljeve, uklju\u010duju\u0107i:<\/p>\n\n\n\n<div style=\"height:15px\" aria-hidden=\"true\" class=\"wp-block-spacer\"><\/div>\n\n\n\n<p><strong>Pru\u017eanje razumnog smje\u0161taja<\/strong><\/p>\n\n\n\n<p>Nastojimo zaposlenima i kandidatima s fizi\u010dkim i mentalnim ograni\u010denjima ponuditi jednak pristup i mogu\u0107nosti.<br\/><\/p>\n\n\n\n<div style=\"height:25px\" aria-hidden=\"true\" class=\"wp-block-spacer\"><\/div>\n\n\n\n<p><strong>Redovna analiza opisa poslova<\/strong><\/p>\n\n\n\n<p>Vr\u0161imo godi\u0161nje analize opisa poslova kako bismo osigurali da ta\u010dno odra\u017eavaju osnovne funkcije posla, promovi\u0161u\u0107i pravi\u010dnost i transparentnost.<br\/><\/p>\n\n\n\n<div style=\"height:25px\" aria-hidden=\"true\" class=\"wp-block-spacer\"><\/div>\n\n\n\n<p><strong>Nepristrasni procesi selekcije<\/strong><\/p>\n\n\n\n<p>Kontinuirano procjenjujemo na\u0161e procese odabira kako bismo eliminirali pristrasnost i osigurali po\u0161ten tretman svih kandidata.<br\/><\/p>\n\n\n\n<div style=\"height:25px\" aria-hidden=\"true\" class=\"wp-block-spacer\"><\/div>\n\n\n\n<p><strong>Pobolj\u0161ane tehnike zapo\u0161ljavanja<\/strong><\/p>\n\n\n\n<p>Aktivno koristimo razli\u010dite strategije za pronala\u017eenje izvora kako bismo pobolj\u0161ali napore za zapo\u0161ljavanje s ciljem privla\u010denja raznolike grupe kandidata.<br\/><\/p>\n\n\n\n<div style=\"height:25px\" aria-hidden=\"true\" class=\"wp-block-spacer\"><\/div>\n\n\n\n<p><strong>Obuka o politikama jednakih mogu\u0107nosti zapo\u0161ljavanja<\/strong><\/p>\n\n\n\n<p>Sprovodimo sveobuhvatnu obuku menad\u017ementa i osoblja o politikama jednakih mogu\u0107nosti zapo\u0161ljavanja (EEO), uklju\u010duju\u0107i diskriminaciju, uznemiravanje, zastra\u0161ivanje i spre\u010davanje neprijateljskog radnog okru\u017eenja.<br\/><\/p>\n\n\n\n<div style=\"height:25px\" aria-hidden=\"true\" class=\"wp-block-spacer\"><\/div>\n\n\n\n<p><strong>Pregled politike kompenzacije<\/strong><\/p>\n\n\n\n<p>Redovno preispitujemo na\u0161u praksu u oblasti ukupnih naknada kako bismo osigurali pravi\u010dnost i jednake mogu\u0107nosti za sve zaposlene.<\/p>\n\n\n\n<div style=\"height:25px\" aria-hidden=\"true\" class=\"wp-block-spacer\"><\/div>\n\n\n\n<p><strong>Jednake mogu\u0107nosti za napredovanje, transfere i razvoj<\/strong><\/p>\n\n\n\n<p>Posve\u0107eni smo tome da svim zaposlenima pru\u017eimo jednake mogu\u0107nosti za napredovanje u karijeri, transfere i profesionalni razvoj.<br\/><\/p>\n<\/div><\/div>\n","protected":false},"excerpt":{"rendered":"<p>Izvr\u0161ni sa\u017eetak plana afirmativne akcije Ciljevi plana afirmativne akcije County Housing je u potpunosti posve\u0107en implementaciji politika, programa i procedura navedenih u ovom planu kako bi se osiguralo da prakse zapo\u0161ljavanja budu oslobo\u0111ene diskriminacije. Na\u0161 program afirmativne akcije obuhvata razli\u010dite klju\u010dne ciljeve, uklju\u010duju\u0107i: Pru\u017eanje razumnog smje\u0161taja Nastojimo zaposlenima i kandidatima s fizi\u010dkim i mentalnim ograni\u010denjima [&hellip;]<\/p>\n","protected":false},"author":1,"featured_media":1864,"parent":2000,"menu_order":0,"comment_status":"closed","ping_status":"closed","template":"","meta":{"_acf_changed":false,"footnotes":""},"class_list":["post-2008","page","type-page","status-publish","has-post-thumbnail","hentry"],"acf":[],"yoast_head":"<!-- This site is optimized with the Yoast SEO plugin v27.4 - https:\/\/yoast.com\/product\/yoast-seo-wordpress\/ -->\n<title>Raznolikost - County Housing<\/title>\n<meta name=\"description\" content=\"County Housing je posve\u0107en poticanju inkluzivnog i podr\u017eavaju\u0107eg okru\u017eenja koje podr\u017eava principe afirmativne akcije i jednakih mogu\u0107nosti zapo\u0161ljavanja. Ova obaveza se odnosi na sve kvalifikovane pojedince, bez obzira na njihovu rasu, boju ko\u017ee, vjeru, spol, seksualnu orijentaciju, rodni identitet, genetske informacije, nacionalno porijeklo, godine, invaliditet ili status bora\u010dkog invalida.\" \/>\n<meta name=\"robots\" content=\"index, follow, max-snippet:-1, max-image-preview:large, max-video-preview:-1\" \/>\n<link rel=\"canonical\" href=\"https:\/\/countyhousing.org\/bs\/karijere\/raznolikost\/\" \/>\n<meta property=\"og:locale\" content=\"bs_BA\" \/>\n<meta property=\"og:type\" content=\"article\" \/>\n<meta property=\"og:title\" content=\"Raznolikost - \u017eupanijsko stanovanje\" \/>\n<meta property=\"og:description\" content=\"County Housing je posve\u0107en poticanju inkluzivnog i podr\u017eavaju\u0107eg okru\u017eenja koje podr\u017eava principe afirmativne akcije i jednakih mogu\u0107nosti zapo\u0161ljavanja. Ova obaveza se odnosi na sve kvalifikovane pojedince, bez obzira na njihovu rasu, boju ko\u017ee, vjeru, spol, seksualnu orijentaciju, rodni identitet, genetske informacije, nacionalno porijeklo, godine, invaliditet ili status bora\u010dkog invalida.\" \/>\n<meta property=\"og:url\" content=\"https:\/\/countyhousing.org\/bs\/karijere\/raznolikost\/\" \/>\n<meta property=\"og:site_name\" content=\"County Housing\" \/>\n<meta property=\"article:modified_time\" content=\"2024-03-09T05:36:57+00:00\" \/>\n<meta property=\"og:image\" content=\"https:\/\/countyhousing.org\/wp-content\/uploads\/2024\/02\/CountyHousing_SocialShare_crop-1024x538.jpg\" \/>\n<meta name=\"twitter:card\" content=\"summary_large_image\" \/>\n<meta name=\"twitter:title\" content=\"Raznolikost - \u017eupanijsko stanovanje\" \/>\n<meta name=\"twitter:description\" content=\"County Housing je posve\u0107en poticanju inkluzivnog i podr\u017eavaju\u0107eg okru\u017eenja koje podr\u017eava principe afirmativne akcije i jednakih mogu\u0107nosti zapo\u0161ljavanja. Ova obaveza se odnosi na sve kvalifikovane pojedince, bez obzira na njihovu rasu, boju ko\u017ee, vjeru, spol, seksualnu orijentaciju, rodni identitet, genetske informacije, nacionalno porijeklo, godine, invaliditet ili status bora\u010dkog invalida.\" \/>\n<meta name=\"twitter:image\" content=\"https:\/\/countyhousing.org\/wp-content\/uploads\/2024\/02\/CountyHousing_SocialShare_crop-1024x538.jpg\" \/>\n<meta name=\"twitter:label1\" content=\"Est. reading time\" \/>\n\t<meta name=\"twitter:data1\" content=\"3 minute\" \/>\n<script type=\"application\/ld+json\" class=\"yoast-schema-graph\">{\"@context\":\"https:\\\/\\\/schema.org\",\"@graph\":[{\"@type\":\"WebPage\",\"@id\":\"https:\\\/\\\/countyhousing.org\\\/bs\\\/karijere\\\/raznolikost\\\/\",\"url\":\"https:\\\/\\\/countyhousing.org\\\/bs\\\/karijere\\\/raznolikost\\\/\",\"name\":\"Raznolikost - County Housing\",\"isPartOf\":{\"@id\":\"https:\\\/\\\/countyhousing.org\\\/bs\\\/#website\"},\"primaryImageOfPage\":{\"@id\":\"https:\\\/\\\/countyhousing.org\\\/bs\\\/karijere\\\/raznolikost\\\/#primaryimage\"},\"image\":{\"@id\":\"https:\\\/\\\/countyhousing.org\\\/bs\\\/karijere\\\/raznolikost\\\/#primaryimage\"},\"thumbnailUrl\":\"https:\\\/\\\/countyhousing.org\\\/wp-content\\\/uploads\\\/2024\\\/03\\\/CH_HeaderBanners_ALT_05.webp\",\"datePublished\":\"2023-11-16T14:55:33+00:00\",\"dateModified\":\"2024-03-09T05:36:57+00:00\",\"description\":\"County Housing je posve\u0107en poticanju inkluzivnog i podr\u017eavaju\u0107eg okru\u017eenja koje podr\u017eava principe afirmativne akcije i jednakih mogu\u0107nosti zapo\u0161ljavanja. Ova obaveza se odnosi na sve kvalifikovane pojedince, bez obzira na njihovu rasu, boju ko\u017ee, vjeru, spol, seksualnu orijentaciju, rodni identitet, genetske informacije, nacionalno porijeklo, godine, invaliditet ili status bora\u010dkog invalida.\",\"breadcrumb\":{\"@id\":\"https:\\\/\\\/countyhousing.org\\\/bs\\\/karijere\\\/raznolikost\\\/#breadcrumb\"},\"inLanguage\":\"bs-BA\",\"potentialAction\":[{\"@type\":\"ReadAction\",\"target\":[\"https:\\\/\\\/countyhousing.org\\\/bs\\\/karijere\\\/raznolikost\\\/\"]}]},{\"@type\":\"ImageObject\",\"inLanguage\":\"bs-BA\",\"@id\":\"https:\\\/\\\/countyhousing.org\\\/bs\\\/karijere\\\/raznolikost\\\/#primaryimage\",\"url\":\"https:\\\/\\\/countyhousing.org\\\/wp-content\\\/uploads\\\/2024\\\/03\\\/CH_HeaderBanners_ALT_05.webp\",\"contentUrl\":\"https:\\\/\\\/countyhousing.org\\\/wp-content\\\/uploads\\\/2024\\\/03\\\/CH_HeaderBanners_ALT_05.webp\",\"width\":1920,\"height\":279},{\"@type\":\"BreadcrumbList\",\"@id\":\"https:\\\/\\\/countyhousing.org\\\/bs\\\/karijere\\\/raznolikost\\\/#breadcrumb\",\"itemListElement\":[{\"@type\":\"ListItem\",\"position\":1,\"name\":\"Home\",\"item\":\"https:\\\/\\\/countyhousing.org\\\/bs\\\/pocetna-stranica\\\/\"},{\"@type\":\"ListItem\",\"position\":2,\"name\":\"Karijere\",\"item\":\"https:\\\/\\\/countyhousing.org\\\/bs\\\/karijere\\\/\"},{\"@type\":\"ListItem\",\"position\":3,\"name\":\"Raznolikost\"}]},{\"@type\":\"WebSite\",\"@id\":\"https:\\\/\\\/countyhousing.org\\\/bs\\\/#website\",\"url\":\"https:\\\/\\\/countyhousing.org\\\/bs\\\/\",\"name\":\"County Housing\",\"description\":\"The Housing Authority of St. Louis County\",\"publisher\":{\"@id\":\"https:\\\/\\\/countyhousing.org\\\/bs\\\/#organization\"},\"potentialAction\":[{\"@type\":\"SearchAction\",\"target\":{\"@type\":\"EntryPoint\",\"urlTemplate\":\"https:\\\/\\\/countyhousing.org\\\/bs\\\/?s={search_term_string}\"},\"query-input\":{\"@type\":\"PropertyValueSpecification\",\"valueRequired\":true,\"valueName\":\"search_term_string\"}}],\"inLanguage\":\"bs-BA\"},{\"@type\":\"Organization\",\"@id\":\"https:\\\/\\\/countyhousing.org\\\/bs\\\/#organization\",\"name\":\"County Housing\",\"url\":\"https:\\\/\\\/countyhousing.org\\\/bs\\\/\",\"logo\":{\"@type\":\"ImageObject\",\"inLanguage\":\"bs-BA\",\"@id\":\"https:\\\/\\\/countyhousing.org\\\/bs\\\/#\\\/schema\\\/logo\\\/image\\\/\",\"url\":\"https:\\\/\\\/countyhousing.org\\\/wp-content\\\/uploads\\\/2023\\\/12\\\/CH_Logo_Horizontal_Web_03-1.png\",\"contentUrl\":\"https:\\\/\\\/countyhousing.org\\\/wp-content\\\/uploads\\\/2023\\\/12\\\/CH_Logo_Horizontal_Web_03-1.png\",\"width\":279,\"height\":100,\"caption\":\"County Housing\"},\"image\":{\"@id\":\"https:\\\/\\\/countyhousing.org\\\/bs\\\/#\\\/schema\\\/logo\\\/image\\\/\"}}]}<\/script>\n<!-- \/ Yoast SEO plugin. -->","yoast_head_json":{"title":"Raznolikost - County Housing","description":"County Housing je posve\u0107en poticanju inkluzivnog i podr\u017eavaju\u0107eg okru\u017eenja koje podr\u017eava principe afirmativne akcije i jednakih mogu\u0107nosti zapo\u0161ljavanja. Ova obaveza se odnosi na sve kvalifikovane pojedince, bez obzira na njihovu rasu, boju ko\u017ee, vjeru, spol, seksualnu orijentaciju, rodni identitet, genetske informacije, nacionalno porijeklo, godine, invaliditet ili status bora\u010dkog invalida.","robots":{"index":"index","follow":"follow","max-snippet":"max-snippet:-1","max-image-preview":"max-image-preview:large","max-video-preview":"max-video-preview:-1"},"canonical":"https:\/\/countyhousing.org\/bs\/karijere\/raznolikost\/","og_locale":"bs_BA","og_type":"article","og_title":"Raznolikost - \u017eupanijsko stanovanje","og_description":"County Housing je posve\u0107en poticanju inkluzivnog i podr\u017eavaju\u0107eg okru\u017eenja koje podr\u017eava principe afirmativne akcije i jednakih mogu\u0107nosti zapo\u0161ljavanja. Ova obaveza se odnosi na sve kvalifikovane pojedince, bez obzira na njihovu rasu, boju ko\u017ee, vjeru, spol, seksualnu orijentaciju, rodni identitet, genetske informacije, nacionalno porijeklo, godine, invaliditet ili status bora\u010dkog invalida.","og_url":"https:\/\/countyhousing.org\/bs\/karijere\/raznolikost\/","og_site_name":"County Housing","article_modified_time":"2024-03-09T05:36:57+00:00","og_image":[{"url":"https:\/\/countyhousing.org\/wp-content\/uploads\/2024\/02\/CountyHousing_SocialShare_crop-1024x538.jpg","type":"","width":"","height":""}],"twitter_card":"summary_large_image","twitter_title":"Raznolikost - \u017eupanijsko stanovanje","twitter_description":"County Housing je posve\u0107en poticanju inkluzivnog i podr\u017eavaju\u0107eg okru\u017eenja koje podr\u017eava principe afirmativne akcije i jednakih mogu\u0107nosti zapo\u0161ljavanja. Ova obaveza se odnosi na sve kvalifikovane pojedince, bez obzira na njihovu rasu, boju ko\u017ee, vjeru, spol, seksualnu orijentaciju, rodni identitet, genetske informacije, nacionalno porijeklo, godine, invaliditet ili status bora\u010dkog invalida.","twitter_image":"https:\/\/countyhousing.org\/wp-content\/uploads\/2024\/02\/CountyHousing_SocialShare_crop-1024x538.jpg","twitter_misc":{"Est. reading time":"3 minute"},"schema":{"@context":"https:\/\/schema.org","@graph":[{"@type":"WebPage","@id":"https:\/\/countyhousing.org\/bs\/karijere\/raznolikost\/","url":"https:\/\/countyhousing.org\/bs\/karijere\/raznolikost\/","name":"Raznolikost - County Housing","isPartOf":{"@id":"https:\/\/countyhousing.org\/bs\/#website"},"primaryImageOfPage":{"@id":"https:\/\/countyhousing.org\/bs\/karijere\/raznolikost\/#primaryimage"},"image":{"@id":"https:\/\/countyhousing.org\/bs\/karijere\/raznolikost\/#primaryimage"},"thumbnailUrl":"https:\/\/countyhousing.org\/wp-content\/uploads\/2024\/03\/CH_HeaderBanners_ALT_05.webp","datePublished":"2023-11-16T14:55:33+00:00","dateModified":"2024-03-09T05:36:57+00:00","description":"County Housing je posve\u0107en poticanju inkluzivnog i podr\u017eavaju\u0107eg okru\u017eenja koje podr\u017eava principe afirmativne akcije i jednakih mogu\u0107nosti zapo\u0161ljavanja. Ova obaveza se odnosi na sve kvalifikovane pojedince, bez obzira na njihovu rasu, boju ko\u017ee, vjeru, spol, seksualnu orijentaciju, rodni identitet, genetske informacije, nacionalno porijeklo, godine, invaliditet ili status bora\u010dkog invalida.","breadcrumb":{"@id":"https:\/\/countyhousing.org\/bs\/karijere\/raznolikost\/#breadcrumb"},"inLanguage":"bs-BA","potentialAction":[{"@type":"ReadAction","target":["https:\/\/countyhousing.org\/bs\/karijere\/raznolikost\/"]}]},{"@type":"ImageObject","inLanguage":"bs-BA","@id":"https:\/\/countyhousing.org\/bs\/karijere\/raznolikost\/#primaryimage","url":"https:\/\/countyhousing.org\/wp-content\/uploads\/2024\/03\/CH_HeaderBanners_ALT_05.webp","contentUrl":"https:\/\/countyhousing.org\/wp-content\/uploads\/2024\/03\/CH_HeaderBanners_ALT_05.webp","width":1920,"height":279},{"@type":"BreadcrumbList","@id":"https:\/\/countyhousing.org\/bs\/karijere\/raznolikost\/#breadcrumb","itemListElement":[{"@type":"ListItem","position":1,"name":"Home","item":"https:\/\/countyhousing.org\/bs\/pocetna-stranica\/"},{"@type":"ListItem","position":2,"name":"Karijere","item":"https:\/\/countyhousing.org\/bs\/karijere\/"},{"@type":"ListItem","position":3,"name":"Raznolikost"}]},{"@type":"WebSite","@id":"https:\/\/countyhousing.org\/bs\/#website","url":"https:\/\/countyhousing.org\/bs\/","name":"County Housing","description":"The Housing Authority of St. Louis County","publisher":{"@id":"https:\/\/countyhousing.org\/bs\/#organization"},"potentialAction":[{"@type":"SearchAction","target":{"@type":"EntryPoint","urlTemplate":"https:\/\/countyhousing.org\/bs\/?s={search_term_string}"},"query-input":{"@type":"PropertyValueSpecification","valueRequired":true,"valueName":"search_term_string"}}],"inLanguage":"bs-BA"},{"@type":"Organization","@id":"https:\/\/countyhousing.org\/bs\/#organization","name":"County Housing","url":"https:\/\/countyhousing.org\/bs\/","logo":{"@type":"ImageObject","inLanguage":"bs-BA","@id":"https:\/\/countyhousing.org\/bs\/#\/schema\/logo\/image\/","url":"https:\/\/countyhousing.org\/wp-content\/uploads\/2023\/12\/CH_Logo_Horizontal_Web_03-1.png","contentUrl":"https:\/\/countyhousing.org\/wp-content\/uploads\/2023\/12\/CH_Logo_Horizontal_Web_03-1.png","width":279,"height":100,"caption":"County Housing"},"image":{"@id":"https:\/\/countyhousing.org\/bs\/#\/schema\/logo\/image\/"}}]}},"_links":{"self":[{"href":"https:\/\/countyhousing.org\/bs\/wp-json\/wp\/v2\/pages\/2008","targetHints":{"allow":["GET"]}}],"collection":[{"href":"https:\/\/countyhousing.org\/bs\/wp-json\/wp\/v2\/pages"}],"about":[{"href":"https:\/\/countyhousing.org\/bs\/wp-json\/wp\/v2\/types\/page"}],"author":[{"embeddable":true,"href":"https:\/\/countyhousing.org\/bs\/wp-json\/wp\/v2\/users\/1"}],"replies":[{"embeddable":true,"href":"https:\/\/countyhousing.org\/bs\/wp-json\/wp\/v2\/comments?post=2008"}],"version-history":[{"count":0,"href":"https:\/\/countyhousing.org\/bs\/wp-json\/wp\/v2\/pages\/2008\/revisions"}],"up":[{"embeddable":true,"href":"https:\/\/countyhousing.org\/bs\/wp-json\/wp\/v2\/pages\/2000"}],"wp:featuredmedia":[{"embeddable":true,"href":"https:\/\/countyhousing.org\/bs\/wp-json\/wp\/v2\/media\/1864"}],"wp:attachment":[{"href":"https:\/\/countyhousing.org\/bs\/wp-json\/wp\/v2\/media?parent=2008"}],"curies":[{"name":"wp","href":"https:\/\/api.w.org\/{rel}","templated":true}]}}