{"id":1844,"date":"2024-01-13T23:59:06","date_gmt":"2024-01-13T23:59:06","guid":{"rendered":"https:\/\/countyhousing.org\/vasa-prava\/"},"modified":"2024-03-09T05:37:51","modified_gmt":"2024-03-09T05:37:51","slug":"vasa-prava","status":"publish","type":"page","link":"https:\/\/countyhousing.org\/bs\/public-housing\/vasa-prava\/","title":{"rendered":"Va\u0161a prava"},"content":{"rendered":"\n<p>Kao u\u010desnik u programu javnog stanovanja, od su\u0161tinske je va\u017enosti da budete svjesni svojih prava kako biste osigurali fer i pravi\u010dno stambeno iskustvo. Ispod je pregled va\u0161ih klju\u010dnih prava i za\u0161tite kao u\u010desnika u programu:<\/p>\n\n<div class=\"wp-block-group\"><div class=\"wp-block-group__inner-container is-layout-constrained wp-block-group-is-layout-constrained\">\n<h2 class=\"wp-block-heading has-body-copy-color has-text-color has-link-color wp-elements-28ac760408831849205627399981826a\">Prava stambena prava<\/h2>\n\n\n\n<p>Nediskriminacija: Imate pravo na pravi\u010dan tretman i bez diskriminacije od strane Uprave za stanovanje na osnovu rase, boje ko\u017ee, nacionalnog porijekla, vjere, pola, invaliditeta ili porodi\u010dnog statusa.<\/p>\n<\/div><\/div>\n\n<div class=\"wp-block-group\"><div class=\"wp-block-group__inner-container is-layout-constrained wp-block-group-is-layout-constrained\">\n<h2 class=\"wp-block-heading has-body-copy-color has-text-color has-link-color wp-elements-10d30eb35e3e8a422cd9018720e7a3a7\">Prava i ograni\u010denja stambene uprave<\/h2>\n\n\n\n<h3 class=\"wp-block-heading has-medium-dark-blue-color has-text-color has-link-color wp-elements-4457ba8c649869e6d4b5342f456bdcbd\">Inspekcijski zahtjevi<\/h3>\n\n\n\n<p>Ako smatrate da postoje problemi sa sigurno\u0161\u0107u va\u0161eg doma ili uskla\u0111eno\u0161\u0107u sa standardima kvalitete stanovanja, imate pravo zatra\u017eiti inspekciju od strane County Housinga kako bi rije\u0161ili ove probleme.<\/p>\n\n\n\n<h3 class=\"wp-block-heading has-medium-green-color has-text-color has-link-color wp-elements-6e8127262e975160050287d59d111b33\">Razuman smje\u0161taj<\/h3>\n\n\n\n<p>Imate pravo da tra\u017eite razumne prilagodbe ili modifikacije ako vi ili \u010dlan doma\u0107instva imate invaliditet, osiguravaju\u0107i jednak pristup stanovanju i uslugama. Mo\u017eete zatra\u017eiti razuman smje\u0161taj tako \u0161to \u0107ete podnijeti zahtjev na <a href=\"mailto:ra@countyhousing.org\" target=\"_blank\" rel=\"noreferrer noopener\">ra@countyhousing.org<\/a> ili kontaktirati svog upravitelja nekretnine.  <\/p>\n\n\n\n<h3 class=\"wp-block-heading has-pink-color has-text-color has-link-color wp-elements-66ff5e4d5396b32057a12efd4650cafd\">Privatnost<\/h3>\n\n\n\n<p>County Housing mora po\u0161tovati va\u0161a prava na privatnost i pridr\u017eavati se va\u017ee\u0107ih zakona i propisa prilikom prikupljanja i kori\u0161tenja va\u0161ih osobnih podataka.<\/p>\n<\/div><\/div>\n\n<div class=\"wp-block-group\"><div class=\"wp-block-group__inner-container is-layout-constrained wp-block-group-is-layout-constrained\">\n<h3 class=\"wp-block-heading has-teal-color has-text-color has-link-color wp-elements-b34bf57b185860a1f58fd29bdfea5fea\">Rje\u0161avanje sporova<\/h3>\n\n\n\n<p><strong>Neformalno rje\u0161avanje sporova:<\/strong> Ako imate spor s \u017eupanijskim stambenim zbrinjavanjem, rje\u0161enje mo\u017eete tra\u017eiti putem neformalnog procesa. Ovo mo\u017ee uklju\u010divati \u200b\u200bsastanke ili sesije medijacije za rje\u0161avanje problema bez pravnog postupka.<\/p>\n\n\n\n<p><strong>Neformalno saslu\u0161anje:<\/strong> Kada County Housing donese odluku o sljede\u0107em, a vi se ne sla\u017eete s ishodom, mo\u017eete zatra\u017eiti neformalno saslu\u0161anje kod County Housinga tako \u0161to \u0107ete nazvati svoj ured za upravljanje imovinom u vezi s:<\/p>\n\n\n\n<ul class=\"wp-block-list\">\n<li>Prihodi i\/ili najamnina<\/li>\n\n\n\n<li>Odgovaraju\u0107a komunalna naknada<\/li>\n\n\n\n<li>Ispravna veli\u010dina jedinice<\/li>\n\n\n\n<li>Prestanak pomo\u0107i<br\/><\/li>\n<\/ul>\n\n\n\n<h3 class=\"wp-block-heading has-medium-dark-blue-color has-text-color has-link-color wp-elements-9ab3edb49b2a84efeec6ccb389f14fc6\">Pravni regres<\/h3>\n\n\n\n<p>Ako smatrate da su va\u0161a prava povrije\u0111ena, imate pravo zatra\u017eiti pravni savjet i istra\u017eiti pravne lijekove.<\/p>\n<\/div><\/div>\n\n<div class=\"wp-block-group\"><div class=\"wp-block-group__inner-container is-layout-constrained wp-block-group-is-layout-constrained\">\n<h3 class=\"wp-block-heading has-medium-green-color has-text-color has-link-color wp-elements-845ced18f849a7ba8dbbd44ce3595812\">Pravne usluge<\/h3>\n\n\n\n<p>Imate pravo tra\u017eiti pravni savjet i zastupanje ako nai\u0111ete na sporove ili probleme u vezi sa va\u0161im u\u010de\u0161\u0107em u programu javnog stanovanja. Organizacije za pravnu pomo\u0107 mogu ponuditi pomo\u0107 u razumijevanju i za\u0161titi va\u0161ih prava.<\/p>\n<\/div><\/div>\n\n<div class=\"wp-block-group\"><div class=\"wp-block-group__inner-container is-layout-constrained wp-block-group-is-layout-constrained\">\n<h3 class=\"wp-block-heading has-pink-color has-text-color has-link-color wp-elements-7471023d1fbc31c0d6a8e7bd0c251435\">Za\u0161tita Zakona o nasilju nad \u017eenama (VAWA).<\/h3>\n\n\n\n<p>Ako ste pre\u017eivjeli nasilje u porodici, nasilje na spojevima, seksualni napad ili uho\u0111enje, imate prava i za\u0161titu prema Zakonu o nasilju nad \u017eenama (VAWA). Ovo uklju\u010duje pravo da zatra\u017eite izmjene va\u0161eg zakupa ili vau\u010dera kako biste pobolj\u0161ali va\u0161u sigurnost i sigurnost. Mo\u017eete dobiti pomo\u0107 i prona\u0107i vi\u0161e informacija o VAWA putem <a href=\"https:\/\/www.hud.gov\/vawa#close\">web stranice HUD-a.<\/a><\/p>\n<\/div><\/div>\n","protected":false},"excerpt":{"rendered":"<p>Kao u\u010desnik u programu javnog stanovanja, od su\u0161tinske je va\u017enosti da budete svjesni svojih prava kako biste osigurali fer i pravi\u010dno stambeno iskustvo. Ispod je pregled va\u0161ih klju\u010dnih prava i za\u0161tite kao u\u010desnika u programu: Prava stambena prava Nediskriminacija: Imate pravo na pravi\u010dan tretman i bez diskriminacije od strane Uprave za stanovanje na osnovu rase, [&hellip;]<\/p>\n","protected":false},"author":1,"featured_media":1864,"parent":2071,"menu_order":0,"comment_status":"closed","ping_status":"closed","template":"","meta":{"_acf_changed":false,"footnotes":""},"class_list":["post-1844","page","type-page","status-publish","has-post-thumbnail","hentry"],"acf":[],"yoast_head":"<!-- This site is optimized with the Yoast SEO plugin v27.6 - https:\/\/yoast.com\/product\/yoast-seo-wordpress\/ -->\n<title>Va\u0161a prava - Javna stambena stranica Residenti Residentis - County Housing<\/title>\n<meta name=\"description\" content=\"Kao u\u010desnik u programu javnog stanovanja, od su\u0161tinske je va\u017enosti da budete svjesni svojih prava kako biste osigurali fer i pravi\u010dno stambeno iskustvo. Ispod je pregled va\u0161ih klju\u010dnih prava i za\u0161tite kao u\u010desnika u programu:\" \/>\n<meta name=\"robots\" content=\"index, follow, max-snippet:-1, max-image-preview:large, max-video-preview:-1\" \/>\n<link rel=\"canonical\" href=\"https:\/\/countyhousing.org\/bs\/public-housing\/vasa-prava\/\" \/>\n<meta property=\"og:locale\" content=\"bs_BA\" \/>\n<meta property=\"og:type\" content=\"article\" \/>\n<meta property=\"og:title\" content=\"Va\u0161a prava - Javno stanovanje Stanovnici - \u017dupanijsko stanovanje\" \/>\n<meta property=\"og:description\" content=\"Kao u\u010desnik u programu javnog stanovanja, od su\u0161tinske je va\u017enosti da budete svjesni svojih prava kako biste osigurali fer i pravi\u010dno stambeno iskustvo. Ispod je pregled va\u0161ih klju\u010dnih prava i za\u0161tite kao u\u010desnika u programu:\" \/>\n<meta property=\"og:url\" content=\"https:\/\/countyhousing.org\/bs\/public-housing\/vasa-prava\/\" \/>\n<meta property=\"og:site_name\" content=\"County Housing\" \/>\n<meta property=\"article:modified_time\" content=\"2024-03-09T05:37:51+00:00\" \/>\n<meta property=\"og:image\" content=\"https:\/\/countyhousing.org\/wp-content\/uploads\/2024\/02\/CountyHousing_SocialShare_crop-1024x538.jpg\" \/>\n<meta name=\"twitter:card\" content=\"summary_large_image\" \/>\n<meta name=\"twitter:title\" content=\"Va\u0161a prava - Javno stanovanje Stanovnici - \u017dupanijsko stanovanje\" \/>\n<meta name=\"twitter:description\" content=\"Kao u\u010desnik u programu javnog stanovanja, od su\u0161tinske je va\u017enosti da budete svjesni svojih prava kako biste osigurali fer i pravi\u010dno stambeno iskustvo. Ispod je pregled va\u0161ih klju\u010dnih prava i za\u0161tite kao u\u010desnika u programu:\" \/>\n<meta name=\"twitter:image\" content=\"https:\/\/countyhousing.org\/wp-content\/uploads\/2024\/02\/CountyHousing_SocialShare_crop-1024x538.jpg\" \/>\n<meta name=\"twitter:label1\" content=\"Est. reading time\" \/>\n\t<meta name=\"twitter:data1\" content=\"2 minute\" \/>\n<script type=\"application\/ld+json\" class=\"yoast-schema-graph\">{\"@context\":\"https:\\\/\\\/schema.org\",\"@graph\":[{\"@type\":\"WebPage\",\"@id\":\"https:\\\/\\\/countyhousing.org\\\/bs\\\/public-housing\\\/vasa-prava\\\/\",\"url\":\"https:\\\/\\\/countyhousing.org\\\/bs\\\/public-housing\\\/vasa-prava\\\/\",\"name\":\"Va\u0161a prava - Javna stambena stranica Residenti Residentis - County Housing\",\"isPartOf\":{\"@id\":\"https:\\\/\\\/countyhousing.org\\\/bs\\\/#website\"},\"primaryImageOfPage\":{\"@id\":\"https:\\\/\\\/countyhousing.org\\\/bs\\\/public-housing\\\/vasa-prava\\\/#primaryimage\"},\"image\":{\"@id\":\"https:\\\/\\\/countyhousing.org\\\/bs\\\/public-housing\\\/vasa-prava\\\/#primaryimage\"},\"thumbnailUrl\":\"https:\\\/\\\/countyhousing.org\\\/wp-content\\\/uploads\\\/2024\\\/03\\\/CH_HeaderBanners_ALT_05.webp\",\"datePublished\":\"2024-01-13T23:59:06+00:00\",\"dateModified\":\"2024-03-09T05:37:51+00:00\",\"description\":\"Kao u\u010desnik u programu javnog stanovanja, od su\u0161tinske je va\u017enosti da budete svjesni svojih prava kako biste osigurali fer i pravi\u010dno stambeno iskustvo. Ispod je pregled va\u0161ih klju\u010dnih prava i za\u0161tite kao u\u010desnika u programu:\",\"breadcrumb\":{\"@id\":\"https:\\\/\\\/countyhousing.org\\\/bs\\\/public-housing\\\/vasa-prava\\\/#breadcrumb\"},\"inLanguage\":\"bs-BA\",\"potentialAction\":[{\"@type\":\"ReadAction\",\"target\":[\"https:\\\/\\\/countyhousing.org\\\/bs\\\/public-housing\\\/vasa-prava\\\/\"]}]},{\"@type\":\"ImageObject\",\"inLanguage\":\"bs-BA\",\"@id\":\"https:\\\/\\\/countyhousing.org\\\/bs\\\/public-housing\\\/vasa-prava\\\/#primaryimage\",\"url\":\"https:\\\/\\\/countyhousing.org\\\/wp-content\\\/uploads\\\/2024\\\/03\\\/CH_HeaderBanners_ALT_05.webp\",\"contentUrl\":\"https:\\\/\\\/countyhousing.org\\\/wp-content\\\/uploads\\\/2024\\\/03\\\/CH_HeaderBanners_ALT_05.webp\",\"width\":1920,\"height\":279},{\"@type\":\"BreadcrumbList\",\"@id\":\"https:\\\/\\\/countyhousing.org\\\/bs\\\/public-housing\\\/vasa-prava\\\/#breadcrumb\",\"itemListElement\":[{\"@type\":\"ListItem\",\"position\":1,\"name\":\"Home\",\"item\":\"https:\\\/\\\/countyhousing.org\\\/bs\\\/pocetna-stranica\\\/\"},{\"@type\":\"ListItem\",\"position\":2,\"name\":\"Public Housing\",\"item\":\"https:\\\/\\\/countyhousing.org\\\/bs\\\/public-housing\\\/\"},{\"@type\":\"ListItem\",\"position\":3,\"name\":\"Va\u0161a prava\"}]},{\"@type\":\"WebSite\",\"@id\":\"https:\\\/\\\/countyhousing.org\\\/bs\\\/#website\",\"url\":\"https:\\\/\\\/countyhousing.org\\\/bs\\\/\",\"name\":\"County Housing\",\"description\":\"The Housing Authority of St. Louis County\",\"publisher\":{\"@id\":\"https:\\\/\\\/countyhousing.org\\\/bs\\\/#organization\"},\"potentialAction\":[{\"@type\":\"SearchAction\",\"target\":{\"@type\":\"EntryPoint\",\"urlTemplate\":\"https:\\\/\\\/countyhousing.org\\\/bs\\\/?s={search_term_string}\"},\"query-input\":{\"@type\":\"PropertyValueSpecification\",\"valueRequired\":true,\"valueName\":\"search_term_string\"}}],\"inLanguage\":\"bs-BA\"},{\"@type\":\"Organization\",\"@id\":\"https:\\\/\\\/countyhousing.org\\\/bs\\\/#organization\",\"name\":\"County Housing\",\"url\":\"https:\\\/\\\/countyhousing.org\\\/bs\\\/\",\"logo\":{\"@type\":\"ImageObject\",\"inLanguage\":\"bs-BA\",\"@id\":\"https:\\\/\\\/countyhousing.org\\\/bs\\\/#\\\/schema\\\/logo\\\/image\\\/\",\"url\":\"https:\\\/\\\/countyhousing.org\\\/wp-content\\\/uploads\\\/2023\\\/12\\\/CH_Logo_Horizontal_Web_03-1.png\",\"contentUrl\":\"https:\\\/\\\/countyhousing.org\\\/wp-content\\\/uploads\\\/2023\\\/12\\\/CH_Logo_Horizontal_Web_03-1.png\",\"width\":279,\"height\":100,\"caption\":\"County Housing\"},\"image\":{\"@id\":\"https:\\\/\\\/countyhousing.org\\\/bs\\\/#\\\/schema\\\/logo\\\/image\\\/\"}}]}<\/script>\n<!-- \/ Yoast SEO plugin. -->","yoast_head_json":{"title":"Va\u0161a prava - Javna stambena stranica Residenti Residentis - County Housing","description":"Kao u\u010desnik u programu javnog stanovanja, od su\u0161tinske je va\u017enosti da budete svjesni svojih prava kako biste osigurali fer i pravi\u010dno stambeno iskustvo. Ispod je pregled va\u0161ih klju\u010dnih prava i za\u0161tite kao u\u010desnika u programu:","robots":{"index":"index","follow":"follow","max-snippet":"max-snippet:-1","max-image-preview":"max-image-preview:large","max-video-preview":"max-video-preview:-1"},"canonical":"https:\/\/countyhousing.org\/bs\/public-housing\/vasa-prava\/","og_locale":"bs_BA","og_type":"article","og_title":"Va\u0161a prava - Javno stanovanje Stanovnici - \u017dupanijsko stanovanje","og_description":"Kao u\u010desnik u programu javnog stanovanja, od su\u0161tinske je va\u017enosti da budete svjesni svojih prava kako biste osigurali fer i pravi\u010dno stambeno iskustvo. Ispod je pregled va\u0161ih klju\u010dnih prava i za\u0161tite kao u\u010desnika u programu:","og_url":"https:\/\/countyhousing.org\/bs\/public-housing\/vasa-prava\/","og_site_name":"County Housing","article_modified_time":"2024-03-09T05:37:51+00:00","og_image":[{"url":"https:\/\/countyhousing.org\/wp-content\/uploads\/2024\/02\/CountyHousing_SocialShare_crop-1024x538.jpg","type":"","width":"","height":""}],"twitter_card":"summary_large_image","twitter_title":"Va\u0161a prava - Javno stanovanje Stanovnici - \u017dupanijsko stanovanje","twitter_description":"Kao u\u010desnik u programu javnog stanovanja, od su\u0161tinske je va\u017enosti da budete svjesni svojih prava kako biste osigurali fer i pravi\u010dno stambeno iskustvo. Ispod je pregled va\u0161ih klju\u010dnih prava i za\u0161tite kao u\u010desnika u programu:","twitter_image":"https:\/\/countyhousing.org\/wp-content\/uploads\/2024\/02\/CountyHousing_SocialShare_crop-1024x538.jpg","twitter_misc":{"Est. reading time":"2 minute"},"schema":{"@context":"https:\/\/schema.org","@graph":[{"@type":"WebPage","@id":"https:\/\/countyhousing.org\/bs\/public-housing\/vasa-prava\/","url":"https:\/\/countyhousing.org\/bs\/public-housing\/vasa-prava\/","name":"Va\u0161a prava - Javna stambena stranica Residenti Residentis - County Housing","isPartOf":{"@id":"https:\/\/countyhousing.org\/bs\/#website"},"primaryImageOfPage":{"@id":"https:\/\/countyhousing.org\/bs\/public-housing\/vasa-prava\/#primaryimage"},"image":{"@id":"https:\/\/countyhousing.org\/bs\/public-housing\/vasa-prava\/#primaryimage"},"thumbnailUrl":"https:\/\/countyhousing.org\/wp-content\/uploads\/2024\/03\/CH_HeaderBanners_ALT_05.webp","datePublished":"2024-01-13T23:59:06+00:00","dateModified":"2024-03-09T05:37:51+00:00","description":"Kao u\u010desnik u programu javnog stanovanja, od su\u0161tinske je va\u017enosti da budete svjesni svojih prava kako biste osigurali fer i pravi\u010dno stambeno iskustvo. Ispod je pregled va\u0161ih klju\u010dnih prava i za\u0161tite kao u\u010desnika u programu:","breadcrumb":{"@id":"https:\/\/countyhousing.org\/bs\/public-housing\/vasa-prava\/#breadcrumb"},"inLanguage":"bs-BA","potentialAction":[{"@type":"ReadAction","target":["https:\/\/countyhousing.org\/bs\/public-housing\/vasa-prava\/"]}]},{"@type":"ImageObject","inLanguage":"bs-BA","@id":"https:\/\/countyhousing.org\/bs\/public-housing\/vasa-prava\/#primaryimage","url":"https:\/\/countyhousing.org\/wp-content\/uploads\/2024\/03\/CH_HeaderBanners_ALT_05.webp","contentUrl":"https:\/\/countyhousing.org\/wp-content\/uploads\/2024\/03\/CH_HeaderBanners_ALT_05.webp","width":1920,"height":279},{"@type":"BreadcrumbList","@id":"https:\/\/countyhousing.org\/bs\/public-housing\/vasa-prava\/#breadcrumb","itemListElement":[{"@type":"ListItem","position":1,"name":"Home","item":"https:\/\/countyhousing.org\/bs\/pocetna-stranica\/"},{"@type":"ListItem","position":2,"name":"Public Housing","item":"https:\/\/countyhousing.org\/bs\/public-housing\/"},{"@type":"ListItem","position":3,"name":"Va\u0161a prava"}]},{"@type":"WebSite","@id":"https:\/\/countyhousing.org\/bs\/#website","url":"https:\/\/countyhousing.org\/bs\/","name":"County Housing","description":"The Housing Authority of St. Louis County","publisher":{"@id":"https:\/\/countyhousing.org\/bs\/#organization"},"potentialAction":[{"@type":"SearchAction","target":{"@type":"EntryPoint","urlTemplate":"https:\/\/countyhousing.org\/bs\/?s={search_term_string}"},"query-input":{"@type":"PropertyValueSpecification","valueRequired":true,"valueName":"search_term_string"}}],"inLanguage":"bs-BA"},{"@type":"Organization","@id":"https:\/\/countyhousing.org\/bs\/#organization","name":"County Housing","url":"https:\/\/countyhousing.org\/bs\/","logo":{"@type":"ImageObject","inLanguage":"bs-BA","@id":"https:\/\/countyhousing.org\/bs\/#\/schema\/logo\/image\/","url":"https:\/\/countyhousing.org\/wp-content\/uploads\/2023\/12\/CH_Logo_Horizontal_Web_03-1.png","contentUrl":"https:\/\/countyhousing.org\/wp-content\/uploads\/2023\/12\/CH_Logo_Horizontal_Web_03-1.png","width":279,"height":100,"caption":"County Housing"},"image":{"@id":"https:\/\/countyhousing.org\/bs\/#\/schema\/logo\/image\/"}}]}},"_links":{"self":[{"href":"https:\/\/countyhousing.org\/bs\/wp-json\/wp\/v2\/pages\/1844","targetHints":{"allow":["GET"]}}],"collection":[{"href":"https:\/\/countyhousing.org\/bs\/wp-json\/wp\/v2\/pages"}],"about":[{"href":"https:\/\/countyhousing.org\/bs\/wp-json\/wp\/v2\/types\/page"}],"author":[{"embeddable":true,"href":"https:\/\/countyhousing.org\/bs\/wp-json\/wp\/v2\/users\/1"}],"replies":[{"embeddable":true,"href":"https:\/\/countyhousing.org\/bs\/wp-json\/wp\/v2\/comments?post=1844"}],"version-history":[{"count":0,"href":"https:\/\/countyhousing.org\/bs\/wp-json\/wp\/v2\/pages\/1844\/revisions"}],"up":[{"embeddable":true,"href":"https:\/\/countyhousing.org\/bs\/wp-json\/wp\/v2\/pages\/2071"}],"wp:featuredmedia":[{"embeddable":true,"href":"https:\/\/countyhousing.org\/bs\/wp-json\/wp\/v2\/media\/1864"}],"wp:attachment":[{"href":"https:\/\/countyhousing.org\/bs\/wp-json\/wp\/v2\/media?parent=1844"}],"curies":[{"name":"wp","href":"https:\/\/api.w.org\/{rel}","templated":true}]}}