{"id":1826,"date":"2024-01-14T01:26:06","date_gmt":"2024-01-14T07:26:06","guid":{"rendered":"https:\/\/countyhousing.org\/odjeljak-3\/"},"modified":"2025-05-07T15:09:59","modified_gmt":"2025-05-07T20:09:59","slug":"odjeljak-3","status":"publish","type":"page","link":"https:\/\/countyhousing.org\/bs\/prodavci\/prijave-i-ponude-rfp\/odjeljak-3\/","title":{"rendered":"Odjeljak 3"},"content":{"rendered":"\n<h3 class=\"wp-block-heading has-medium-green-color has-text-color has-link-color wp-elements-13dd39083e3d0250d3912e19b41e6b87\">\u0160ta je Odjeljak 3?<\/h3>\n\n<p>Odjeljak 3 je odredba Zakona o stanovanju i urbanom razvoju (HUD) iz 1968. osmi\u0161ljena da promovira ekonomsku samodovoljnost u lokalnim zajednicama. On nala\u017ee da kada je finansijska pomo\u0107 HUD-a uklju\u010dena u projekte stambenog i dru\u0161tvenog razvoja, prednost treba dati preduze\u0107ima koja pru\u017eaju zaposlenje i ekonomske prilike pojedincima s niskim primanjima u projektnom podru\u010dju.  <\/p>\n\n<div class=\"wp-block-group\"><div class=\"wp-block-group__inner-container is-layout-constrained wp-block-group-is-layout-constrained\">\n<h3 class=\"wp-block-heading has-pink-color has-text-color has-link-color wp-elements-abc2c1d129c9a3b3b760170ba90bedd8\">Kako Odjeljak 3 koristi izvo\u0111a\u010dima i dobavlja\u010dima?<\/h3>\n\n\n\n<ul class=\"wp-block-list\">\n<li>PRISTUP MOGU\u0106NOSTIMA ZA UGOVORENJE \u2013 Odjeljak 3 otvara vrata mogu\u0107nostima povezanim sa projektima koje finansira HUD. U\u010de\u0161\u0107em, izvo\u0111a\u010di i dobavlja\u010di mogu osigurati ugovore za razli\u010dite usluge, uklju\u010duju\u0107i izgradnju, odr\u017eavanje i druge povezane projekte.<\/li>\n<\/ul>\n\n\n\n<p class=\"has-text-align-center has-gold-background-color has-background\"><strong>AKO STE ZAINTERESOVANI ZA STICANJE CERTIFIKATA PREMA ODJELJKU 3, MOLIMO VAS DA POPUNITE JEDNU OD SLJEDE\u0106IH PRIJAVA:<\/strong><br\/><strong>&gt;<\/strong> <a href=\"https:\/\/countyhousing.org\/wp-content\/uploads\/2024\/11\/Section-3-Business-Concern-Application-10-28-24.doc\" target=\"_blank\" rel=\"noreferrer noopener\">\u010clan 3 Poslovna aplikacija<\/a><br\/><strong>&gt;<\/strong> <a href=\"https:\/\/countyhousing.org\/wp-content\/uploads\/2024\/11\/Section-3-Resident-Application-0-28-24.docx\" target=\"_blank\" rel=\"noreferrer noopener\">\u010clan 3. Zahtjev za stanovnike<\/a><br\/><br\/> Popunjene prijave treba poslati na <a href=\"mailto:section3@countyhousing.org\">section3@countyhousing.org<\/a> ili dostaviti na adresu 8865 Natural Bridge Rd, St. Louis, MO 63121.<\/p>\n<\/div><\/div>\n\n<div class=\"wp-block-group\"><div class=\"wp-block-group__inner-container is-layout-constrained wp-block-group-is-layout-constrained\">\n<h3 class=\"wp-block-heading has-teal-color has-text-color has-link-color wp-elements-1a99bb1364323df78385ff959f7ad52d\">Prednost u procesu selekcije<\/h3>\n\n\n\n<ul class=\"wp-block-list\">\n<li>Ugovara\u010di i dobavlja\u010di koji se aktivno anga\u017euju u inicijativama Sekcije 3 mogu dobiti prednost tokom procesa selekcije za projekte uz pomo\u0107 HUD-a. Ovo mo\u017ee pobolj\u0161ati va\u0161e promjene u osiguravanju ugovora i doprinositi lokalnom ekonomskom razvoju.<\/li>\n<\/ul>\n<\/div><\/div>\n\n<div class=\"wp-block-group\"><div class=\"wp-block-group__inner-container is-layout-constrained wp-block-group-is-layout-constrained\">\n<h3 class=\"wp-block-heading\">Uticaj zajednice<\/h3>\n\n\n\n<ul class=\"wp-block-list\">\n<li>Biti dio inicijativa Sekcije 3 omogu\u0107ava izvo\u0111a\u010dima i dobavlja\u010dima da ostvare pozitivan utjecaj na lokalnu zajednicu. Pru\u017eaju\u0107i mogu\u0107nosti za zapo\u0161ljavanje i podsti\u010du\u0107i ekonomski rast, preduze\u0107a doprinose dobrobiti stanovnika u podru\u010djima u kojima se projekti poduzimaju.<\/li>\n<\/ul>\n<\/div><\/div>\n\n<div class=\"wp-block-group\"><div class=\"wp-block-group__inner-container is-layout-constrained wp-block-group-is-layout-constrained\">\n<h3 class=\"wp-block-heading has-medium-green-color has-text-color has-link-color wp-elements-f5feb5ca45a3ea32db4cae2a93332987\">Kriterijumi podobnosti za izvo\u0111a\u010de i dobavlja\u010de<\/h3>\n\n\n\n<ul class=\"wp-block-list\">\n<li>MOGU\u0106NOSTI ZA ZAPO\u0160LJAVANJE \u2013 Poka\u017eite posve\u0107enost pru\u017eanju obuke za posao, zapo\u0161ljavanja i mogu\u0107nosti ugovaranja za pojedince sa niskim primanjima u oblasti projekta.  <\/li>\n\n\n\n<li>POSLOVNA CERTIFIKACIJA \u2013 Uverite se da va\u0161e preduze\u0107e ispunjava kriterijume za sertifikaciju iz Sekcije 3. To mo\u017ee uklju\u010divati \u200b\u200bdokazivanje da zna\u010dajan dio va\u0161e radne snage dolazi iz zajednice s niskim prihodima ili da je va\u0161 posao u vlasni\u0161tvu stanovnika s niskim primanjima.  <\/li>\n\n\n\n<li>USKLA\u0110ENOST DOKUMENTACIJE \u2013 Odr\u017eavajte ta\u010dne zapise i dokumentaciju kako biste dokazali uskla\u0111enost sa zahtjevima Odjeljka 3. To uklju\u010duje pra\u0107enje broja novozaposlenih iz lokalne zajednice i druge relevantne informacije.<\/li>\n<\/ul>\n<\/div><\/div>\n","protected":false},"excerpt":{"rendered":"<p>\u0160ta je Odjeljak 3? Odjeljak 3 je odredba Zakona o stanovanju i urbanom razvoju (HUD) iz 1968. osmi\u0161ljena da promovira ekonomsku samodovoljnost u lokalnim zajednicama. On nala\u017ee da kada je finansijska pomo\u0107 HUD-a uklju\u010dena u projekte stambenog i dru\u0161tvenog razvoja, prednost treba dati preduze\u0107ima koja pru\u017eaju zaposlenje i ekonomske prilike pojedincima s niskim primanjima u [&hellip;]<\/p>\n","protected":false},"author":1,"featured_media":1829,"parent":2024,"menu_order":0,"comment_status":"closed","ping_status":"closed","template":"","meta":{"_acf_changed":false,"footnotes":""},"class_list":["post-1826","page","type-page","status-publish","has-post-thumbnail","hentry"],"acf":[],"yoast_head":"<!-- This site is optimized with the Yoast SEO plugin v27.4 - https:\/\/yoast.com\/product\/yoast-seo-wordpress\/ -->\n<title>\u0160ta je Odjeljak 3? - County Housing<\/title>\n<meta name=\"description\" content=\"Odjeljak 3 je odredba Zakona o stanovanju i urbanom razvoju (HUD) iz 1968. osmi\u0161ljena da promovira ekonomsku samodovoljnost u lokalnim zajednicama. On nala\u017ee da kada je finansijska pomo\u0107 HUD-a uklju\u010dena u projekte stambenog i dru\u0161tvenog razvoja, prednost treba dati preduze\u0107ima koja pru\u017eaju zaposlenje i ekonomske prilike pojedincima s niskim primanjima u projektnom podru\u010dju.\" \/>\n<meta name=\"robots\" content=\"index, follow, max-snippet:-1, max-image-preview:large, max-video-preview:-1\" \/>\n<link rel=\"canonical\" href=\"https:\/\/countyhousing.org\/bs\/prodavci\/prijave-i-ponude-rfp\/odjeljak-3\/\" \/>\n<meta property=\"og:locale\" content=\"bs_BA\" \/>\n<meta property=\"og:type\" content=\"article\" \/>\n<meta property=\"og:title\" content=\"\u0160ta je Odjeljak 3? - Okru\u017eno stanovanje\" \/>\n<meta property=\"og:description\" content=\"Odjeljak 3 je odredba Zakona o stanovanju i urbanom razvoju (HUD) iz 1968. osmi\u0161ljena da promovira ekonomsku samodovoljnost u lokalnim zajednicama. On nala\u017ee da kada je finansijska pomo\u0107 HUD-a uklju\u010dena u projekte stambenog i dru\u0161tvenog razvoja, prednost treba dati preduze\u0107ima koja pru\u017eaju zaposlenje i ekonomske prilike pojedincima s niskim primanjima u projektnom podru\u010dju.\" \/>\n<meta property=\"og:url\" content=\"https:\/\/countyhousing.org\/bs\/prodavci\/prijave-i-ponude-rfp\/odjeljak-3\/\" \/>\n<meta property=\"og:site_name\" content=\"County Housing\" \/>\n<meta property=\"article:modified_time\" content=\"2025-05-07T20:09:59+00:00\" \/>\n<meta property=\"og:image\" content=\"https:\/\/countyhousing.org\/wp-content\/uploads\/2024\/02\/CountyHousing_SocialShare_crop-1024x538.jpg\" \/>\n<meta name=\"twitter:card\" content=\"summary_large_image\" \/>\n<meta name=\"twitter:title\" content=\"\u0160ta je Odjeljak 3? - Okru\u017eno stanovanje\" \/>\n<meta name=\"twitter:description\" content=\"Odjeljak 3 je odredba Zakona o stanovanju i urbanom razvoju (HUD) iz 1968. osmi\u0161ljena da promovira ekonomsku samodovoljnost u lokalnim zajednicama. On nala\u017ee da kada je finansijska pomo\u0107 HUD-a uklju\u010dena u projekte stambenog i dru\u0161tvenog razvoja, prednost treba dati preduze\u0107ima koja pru\u017eaju zaposlenje i ekonomske prilike pojedincima s niskim primanjima u projektnom podru\u010dju.\" \/>\n<meta name=\"twitter:image\" content=\"https:\/\/countyhousing.org\/wp-content\/uploads\/2024\/02\/CountyHousing_SocialShare_crop-1024x538.jpg\" \/>\n<meta name=\"twitter:label1\" content=\"Est. reading time\" \/>\n\t<meta name=\"twitter:data1\" content=\"2 minute\" \/>\n<script type=\"application\/ld+json\" class=\"yoast-schema-graph\">{\"@context\":\"https:\\\/\\\/schema.org\",\"@graph\":[{\"@type\":\"WebPage\",\"@id\":\"https:\\\/\\\/countyhousing.org\\\/bs\\\/prodavci\\\/prijave-i-ponude-rfp\\\/odjeljak-3\\\/\",\"url\":\"https:\\\/\\\/countyhousing.org\\\/bs\\\/prodavci\\\/prijave-i-ponude-rfp\\\/odjeljak-3\\\/\",\"name\":\"\u0160ta je Odjeljak 3? - County Housing\",\"isPartOf\":{\"@id\":\"https:\\\/\\\/countyhousing.org\\\/bs\\\/#website\"},\"primaryImageOfPage\":{\"@id\":\"https:\\\/\\\/countyhousing.org\\\/bs\\\/prodavci\\\/prijave-i-ponude-rfp\\\/odjeljak-3\\\/#primaryimage\"},\"image\":{\"@id\":\"https:\\\/\\\/countyhousing.org\\\/bs\\\/prodavci\\\/prijave-i-ponude-rfp\\\/odjeljak-3\\\/#primaryimage\"},\"thumbnailUrl\":\"https:\\\/\\\/countyhousing.org\\\/wp-content\\\/uploads\\\/2024\\\/03\\\/CH_HeaderBanners_full_2.webp\",\"datePublished\":\"2024-01-14T07:26:06+00:00\",\"dateModified\":\"2025-05-07T20:09:59+00:00\",\"description\":\"Odjeljak 3 je odredba Zakona o stanovanju i urbanom razvoju (HUD) iz 1968. osmi\u0161ljena da promovira ekonomsku samodovoljnost u lokalnim zajednicama. On nala\u017ee da kada je finansijska pomo\u0107 HUD-a uklju\u010dena u projekte stambenog i dru\u0161tvenog razvoja, prednost treba dati preduze\u0107ima koja pru\u017eaju zaposlenje i ekonomske prilike pojedincima s niskim primanjima u projektnom podru\u010dju.\",\"breadcrumb\":{\"@id\":\"https:\\\/\\\/countyhousing.org\\\/bs\\\/prodavci\\\/prijave-i-ponude-rfp\\\/odjeljak-3\\\/#breadcrumb\"},\"inLanguage\":\"bs-BA\",\"potentialAction\":[{\"@type\":\"ReadAction\",\"target\":[\"https:\\\/\\\/countyhousing.org\\\/bs\\\/prodavci\\\/prijave-i-ponude-rfp\\\/odjeljak-3\\\/\"]}]},{\"@type\":\"ImageObject\",\"inLanguage\":\"bs-BA\",\"@id\":\"https:\\\/\\\/countyhousing.org\\\/bs\\\/prodavci\\\/prijave-i-ponude-rfp\\\/odjeljak-3\\\/#primaryimage\",\"url\":\"https:\\\/\\\/countyhousing.org\\\/wp-content\\\/uploads\\\/2024\\\/03\\\/CH_HeaderBanners_full_2.webp\",\"contentUrl\":\"https:\\\/\\\/countyhousing.org\\\/wp-content\\\/uploads\\\/2024\\\/03\\\/CH_HeaderBanners_full_2.webp\",\"width\":1920,\"height\":279},{\"@type\":\"BreadcrumbList\",\"@id\":\"https:\\\/\\\/countyhousing.org\\\/bs\\\/prodavci\\\/prijave-i-ponude-rfp\\\/odjeljak-3\\\/#breadcrumb\",\"itemListElement\":[{\"@type\":\"ListItem\",\"position\":1,\"name\":\"Home\",\"item\":\"https:\\\/\\\/countyhousing.org\\\/bs\\\/pocetna-stranica\\\/\"},{\"@type\":\"ListItem\",\"position\":2,\"name\":\"Prodavci\",\"item\":\"https:\\\/\\\/countyhousing.org\\\/bs\\\/prodavci\\\/\"},{\"@type\":\"ListItem\",\"position\":3,\"name\":\"Prijave i ponude (RFP)\",\"item\":\"https:\\\/\\\/countyhousing.org\\\/bs\\\/vendors\\\/solicitations-and-bids-rfp\\\/\"},{\"@type\":\"ListItem\",\"position\":4,\"name\":\"Odjeljak 3\"}]},{\"@type\":\"WebSite\",\"@id\":\"https:\\\/\\\/countyhousing.org\\\/bs\\\/#website\",\"url\":\"https:\\\/\\\/countyhousing.org\\\/bs\\\/\",\"name\":\"County Housing\",\"description\":\"The Housing Authority of St. Louis County\",\"publisher\":{\"@id\":\"https:\\\/\\\/countyhousing.org\\\/bs\\\/#organization\"},\"potentialAction\":[{\"@type\":\"SearchAction\",\"target\":{\"@type\":\"EntryPoint\",\"urlTemplate\":\"https:\\\/\\\/countyhousing.org\\\/bs\\\/?s={search_term_string}\"},\"query-input\":{\"@type\":\"PropertyValueSpecification\",\"valueRequired\":true,\"valueName\":\"search_term_string\"}}],\"inLanguage\":\"bs-BA\"},{\"@type\":\"Organization\",\"@id\":\"https:\\\/\\\/countyhousing.org\\\/bs\\\/#organization\",\"name\":\"County Housing\",\"url\":\"https:\\\/\\\/countyhousing.org\\\/bs\\\/\",\"logo\":{\"@type\":\"ImageObject\",\"inLanguage\":\"bs-BA\",\"@id\":\"https:\\\/\\\/countyhousing.org\\\/bs\\\/#\\\/schema\\\/logo\\\/image\\\/\",\"url\":\"https:\\\/\\\/countyhousing.org\\\/wp-content\\\/uploads\\\/2023\\\/12\\\/CH_Logo_Horizontal_Web_03-1.png\",\"contentUrl\":\"https:\\\/\\\/countyhousing.org\\\/wp-content\\\/uploads\\\/2023\\\/12\\\/CH_Logo_Horizontal_Web_03-1.png\",\"width\":279,\"height\":100,\"caption\":\"County Housing\"},\"image\":{\"@id\":\"https:\\\/\\\/countyhousing.org\\\/bs\\\/#\\\/schema\\\/logo\\\/image\\\/\"}}]}<\/script>\n<!-- \/ Yoast SEO plugin. -->","yoast_head_json":{"title":"\u0160ta je Odjeljak 3? - County Housing","description":"Odjeljak 3 je odredba Zakona o stanovanju i urbanom razvoju (HUD) iz 1968. osmi\u0161ljena da promovira ekonomsku samodovoljnost u lokalnim zajednicama. On nala\u017ee da kada je finansijska pomo\u0107 HUD-a uklju\u010dena u projekte stambenog i dru\u0161tvenog razvoja, prednost treba dati preduze\u0107ima koja pru\u017eaju zaposlenje i ekonomske prilike pojedincima s niskim primanjima u projektnom podru\u010dju.","robots":{"index":"index","follow":"follow","max-snippet":"max-snippet:-1","max-image-preview":"max-image-preview:large","max-video-preview":"max-video-preview:-1"},"canonical":"https:\/\/countyhousing.org\/bs\/prodavci\/prijave-i-ponude-rfp\/odjeljak-3\/","og_locale":"bs_BA","og_type":"article","og_title":"\u0160ta je Odjeljak 3? - Okru\u017eno stanovanje","og_description":"Odjeljak 3 je odredba Zakona o stanovanju i urbanom razvoju (HUD) iz 1968. osmi\u0161ljena da promovira ekonomsku samodovoljnost u lokalnim zajednicama. On nala\u017ee da kada je finansijska pomo\u0107 HUD-a uklju\u010dena u projekte stambenog i dru\u0161tvenog razvoja, prednost treba dati preduze\u0107ima koja pru\u017eaju zaposlenje i ekonomske prilike pojedincima s niskim primanjima u projektnom podru\u010dju.","og_url":"https:\/\/countyhousing.org\/bs\/prodavci\/prijave-i-ponude-rfp\/odjeljak-3\/","og_site_name":"County Housing","article_modified_time":"2025-05-07T20:09:59+00:00","og_image":[{"url":"https:\/\/countyhousing.org\/wp-content\/uploads\/2024\/02\/CountyHousing_SocialShare_crop-1024x538.jpg","type":"","width":"","height":""}],"twitter_card":"summary_large_image","twitter_title":"\u0160ta je Odjeljak 3? - Okru\u017eno stanovanje","twitter_description":"Odjeljak 3 je odredba Zakona o stanovanju i urbanom razvoju (HUD) iz 1968. osmi\u0161ljena da promovira ekonomsku samodovoljnost u lokalnim zajednicama. On nala\u017ee da kada je finansijska pomo\u0107 HUD-a uklju\u010dena u projekte stambenog i dru\u0161tvenog razvoja, prednost treba dati preduze\u0107ima koja pru\u017eaju zaposlenje i ekonomske prilike pojedincima s niskim primanjima u projektnom podru\u010dju.","twitter_image":"https:\/\/countyhousing.org\/wp-content\/uploads\/2024\/02\/CountyHousing_SocialShare_crop-1024x538.jpg","twitter_misc":{"Est. reading time":"2 minute"},"schema":{"@context":"https:\/\/schema.org","@graph":[{"@type":"WebPage","@id":"https:\/\/countyhousing.org\/bs\/prodavci\/prijave-i-ponude-rfp\/odjeljak-3\/","url":"https:\/\/countyhousing.org\/bs\/prodavci\/prijave-i-ponude-rfp\/odjeljak-3\/","name":"\u0160ta je Odjeljak 3? - County Housing","isPartOf":{"@id":"https:\/\/countyhousing.org\/bs\/#website"},"primaryImageOfPage":{"@id":"https:\/\/countyhousing.org\/bs\/prodavci\/prijave-i-ponude-rfp\/odjeljak-3\/#primaryimage"},"image":{"@id":"https:\/\/countyhousing.org\/bs\/prodavci\/prijave-i-ponude-rfp\/odjeljak-3\/#primaryimage"},"thumbnailUrl":"https:\/\/countyhousing.org\/wp-content\/uploads\/2024\/03\/CH_HeaderBanners_full_2.webp","datePublished":"2024-01-14T07:26:06+00:00","dateModified":"2025-05-07T20:09:59+00:00","description":"Odjeljak 3 je odredba Zakona o stanovanju i urbanom razvoju (HUD) iz 1968. osmi\u0161ljena da promovira ekonomsku samodovoljnost u lokalnim zajednicama. On nala\u017ee da kada je finansijska pomo\u0107 HUD-a uklju\u010dena u projekte stambenog i dru\u0161tvenog razvoja, prednost treba dati preduze\u0107ima koja pru\u017eaju zaposlenje i ekonomske prilike pojedincima s niskim primanjima u projektnom podru\u010dju.","breadcrumb":{"@id":"https:\/\/countyhousing.org\/bs\/prodavci\/prijave-i-ponude-rfp\/odjeljak-3\/#breadcrumb"},"inLanguage":"bs-BA","potentialAction":[{"@type":"ReadAction","target":["https:\/\/countyhousing.org\/bs\/prodavci\/prijave-i-ponude-rfp\/odjeljak-3\/"]}]},{"@type":"ImageObject","inLanguage":"bs-BA","@id":"https:\/\/countyhousing.org\/bs\/prodavci\/prijave-i-ponude-rfp\/odjeljak-3\/#primaryimage","url":"https:\/\/countyhousing.org\/wp-content\/uploads\/2024\/03\/CH_HeaderBanners_full_2.webp","contentUrl":"https:\/\/countyhousing.org\/wp-content\/uploads\/2024\/03\/CH_HeaderBanners_full_2.webp","width":1920,"height":279},{"@type":"BreadcrumbList","@id":"https:\/\/countyhousing.org\/bs\/prodavci\/prijave-i-ponude-rfp\/odjeljak-3\/#breadcrumb","itemListElement":[{"@type":"ListItem","position":1,"name":"Home","item":"https:\/\/countyhousing.org\/bs\/pocetna-stranica\/"},{"@type":"ListItem","position":2,"name":"Prodavci","item":"https:\/\/countyhousing.org\/bs\/prodavci\/"},{"@type":"ListItem","position":3,"name":"Prijave i ponude (RFP)","item":"https:\/\/countyhousing.org\/bs\/vendors\/solicitations-and-bids-rfp\/"},{"@type":"ListItem","position":4,"name":"Odjeljak 3"}]},{"@type":"WebSite","@id":"https:\/\/countyhousing.org\/bs\/#website","url":"https:\/\/countyhousing.org\/bs\/","name":"County Housing","description":"The Housing Authority of St. Louis County","publisher":{"@id":"https:\/\/countyhousing.org\/bs\/#organization"},"potentialAction":[{"@type":"SearchAction","target":{"@type":"EntryPoint","urlTemplate":"https:\/\/countyhousing.org\/bs\/?s={search_term_string}"},"query-input":{"@type":"PropertyValueSpecification","valueRequired":true,"valueName":"search_term_string"}}],"inLanguage":"bs-BA"},{"@type":"Organization","@id":"https:\/\/countyhousing.org\/bs\/#organization","name":"County Housing","url":"https:\/\/countyhousing.org\/bs\/","logo":{"@type":"ImageObject","inLanguage":"bs-BA","@id":"https:\/\/countyhousing.org\/bs\/#\/schema\/logo\/image\/","url":"https:\/\/countyhousing.org\/wp-content\/uploads\/2023\/12\/CH_Logo_Horizontal_Web_03-1.png","contentUrl":"https:\/\/countyhousing.org\/wp-content\/uploads\/2023\/12\/CH_Logo_Horizontal_Web_03-1.png","width":279,"height":100,"caption":"County Housing"},"image":{"@id":"https:\/\/countyhousing.org\/bs\/#\/schema\/logo\/image\/"}}]}},"_links":{"self":[{"href":"https:\/\/countyhousing.org\/bs\/wp-json\/wp\/v2\/pages\/1826","targetHints":{"allow":["GET"]}}],"collection":[{"href":"https:\/\/countyhousing.org\/bs\/wp-json\/wp\/v2\/pages"}],"about":[{"href":"https:\/\/countyhousing.org\/bs\/wp-json\/wp\/v2\/types\/page"}],"author":[{"embeddable":true,"href":"https:\/\/countyhousing.org\/bs\/wp-json\/wp\/v2\/users\/1"}],"replies":[{"embeddable":true,"href":"https:\/\/countyhousing.org\/bs\/wp-json\/wp\/v2\/comments?post=1826"}],"version-history":[{"count":0,"href":"https:\/\/countyhousing.org\/bs\/wp-json\/wp\/v2\/pages\/1826\/revisions"}],"up":[{"embeddable":true,"href":"https:\/\/countyhousing.org\/bs\/wp-json\/wp\/v2\/pages\/2024"}],"wp:featuredmedia":[{"embeddable":true,"href":"https:\/\/countyhousing.org\/bs\/wp-json\/wp\/v2\/media\/1829"}],"wp:attachment":[{"href":"https:\/\/countyhousing.org\/bs\/wp-json\/wp\/v2\/media?parent=1826"}],"curies":[{"name":"wp","href":"https:\/\/api.w.org\/{rel}","templated":true}]}}