{"id":1800,"date":"2024-01-23T02:32:42","date_gmt":"2024-01-23T02:32:42","guid":{"rendered":"https:\/\/countyhousing.org\/housing-choice-voucher-program-pronadjite-stanovanje\/"},"modified":"2024-03-09T05:33:19","modified_gmt":"2024-03-09T05:33:19","slug":"housing-choice-voucher-program-pronadjite-stanovanje","status":"publish","type":"page","link":"https:\/\/countyhousing.org\/bs\/programi-stanovanja\/housing-choice-voucher-program-pronadjite-stanovanje\/","title":{"rendered":"Housing Choice Voucher Program &#8211; Prona\u0111ite stanovanje"},"content":{"rendered":"\t\t<div data-elementor-type=\"wp-page\" data-elementor-id=\"1800\" class=\"elementor elementor-1800 elementor-1058\" data-elementor-post-type=\"page\">\n\t\t\t\t<div class=\"elementor-element elementor-element-5d02bc26 e-flex e-con-boxed e-con e-parent\" data-id=\"5d02bc26\" data-element_type=\"container\" data-e-type=\"container\">\n\t\t\t\t\t<div class=\"e-con-inner\">\n\t\t<div class=\"elementor-element elementor-element-4a9dd38 e-flex e-con-boxed e-con e-child\" data-id=\"4a9dd38\" data-element_type=\"container\" data-e-type=\"container\">\n\t\t\t\t\t<div class=\"e-con-inner\">\n\t\t\t\t<div class=\"elementor-element elementor-element-76b2562c elementor-widget elementor-widget-image\" data-id=\"76b2562c\" data-element_type=\"widget\" data-e-type=\"widget\" data-widget_type=\"image.default\">\n\t\t\t\t<div class=\"elementor-widget-container\">\n\t\t\t\t\t\t\t\t\t\t\t\t\t\t\t<img fetchpriority=\"high\" decoding=\"async\" width=\"1920\" height=\"279\" src=\"https:\/\/countyhousing.org\/wp-content\/uploads\/2024\/03\/CH_3Houses_08.jpg\" class=\"attachment-full size-full wp-image-1812\" alt=\"\" srcset=\"https:\/\/countyhousing.org\/wp-content\/uploads\/2024\/03\/CH_3Houses_08.jpg 1920w, https:\/\/countyhousing.org\/wp-content\/uploads\/2024\/03\/CH_3Houses_08-300x44.jpg 300w, https:\/\/countyhousing.org\/wp-content\/uploads\/2024\/03\/CH_3Houses_08-1024x149.jpg 1024w, https:\/\/countyhousing.org\/wp-content\/uploads\/2024\/03\/CH_3Houses_08-768x112.jpg 768w, https:\/\/countyhousing.org\/wp-content\/uploads\/2024\/03\/CH_3Houses_08-1536x223.jpg 1536w\" sizes=\"(max-width: 1920px) 100vw, 1920px\" \/>\t\t\t\t\t\t\t\t\t\t\t\t\t\t\t<\/div>\n\t\t\t\t<\/div>\n\t\t<div class=\"elementor-element elementor-element-a3e437b e-flex e-con-boxed e-con e-child\" data-id=\"a3e437b\" data-element_type=\"container\" data-e-type=\"container\">\n\t\t\t\t\t<div class=\"e-con-inner\">\n\t\t\t\t<div class=\"elementor-element elementor-element-7172cdc6 elementor-widget elementor-widget-heading\" data-id=\"7172cdc6\" data-element_type=\"widget\" data-e-type=\"widget\" data-widget_type=\"heading.default\">\n\t\t\t\t<div class=\"elementor-widget-container\">\n\t\t\t\t\t<h1 class=\"elementor-heading-title elementor-size-default\">Find Housing<\/h1>\t\t\t\t<\/div>\n\t\t\t\t<\/div>\n\t\t\t\t\t<\/div>\n\t\t\t\t<\/div>\n\t\t\t\t\t<\/div>\n\t\t\t\t<\/div>\n\t\t\t\t\t<\/div>\n\t\t\t\t<\/div>\n\t\t<div class=\"elementor-element elementor-element-6f82108 e-flex e-con-boxed e-con e-parent\" data-id=\"6f82108\" data-element_type=\"container\" data-e-type=\"container\">\n\t\t\t\t\t<div class=\"e-con-inner\">\n\t\t<div class=\"elementor-element elementor-element-163ed57 e-flex e-con-boxed e-con e-child\" data-id=\"163ed57\" data-element_type=\"container\" data-e-type=\"container\">\n\t\t\t\t\t<div class=\"e-con-inner\">\n\t\t\t\t<div class=\"elementor-element elementor-element-c18ee97 elementor-widget elementor-widget-text-editor\" data-id=\"c18ee97\" data-element_type=\"widget\" data-e-type=\"widget\" data-widget_type=\"text-editor.default\">\n\t\t\t\t<div class=\"elementor-widget-container\">\n\t\t\t\t\t\t\t\t\t<p>U\u010desnici u Housing Choice Voucher Programu odgovorni su da sami prona\u0111u stambeni prostor koji zadovoljava zahtjeve vau\u010dera i njihove potrebe.<\/p>\n<p>Ispod je nekoliko stranica koje bi mogle pomo\u0107i u pronala\u017eenju smje\u0161taja. Nakon \u0161to stanovnik prona\u0111e stan, mora dobiti odgovaraju\u0107a odobrenja od County Housinga prije nego \u0161to potpi\u0161e ugovor o zakupu s prethodnim stanodavcem.<\/p>\n\t\t\t\t\t\t\t\t<\/div>\n\t\t\t\t<\/div>\n\t\t\t\t\t<\/div>\n\t\t\t\t<\/div>\n\t\t\t\t\t<\/div>\n\t\t\t\t<\/div>\n\t\t<div class=\"elementor-element elementor-element-e16b6fd e-flex e-con-boxed e-con e-parent\" data-id=\"e16b6fd\" data-element_type=\"container\" data-e-type=\"container\" data-settings=\"{&quot;background_background&quot;:&quot;classic&quot;}\">\n\t\t\t\t\t<div class=\"e-con-inner\">\n\t\t<div class=\"elementor-element elementor-element-c8b81a7 e-flex e-con-boxed e-con e-child\" data-id=\"c8b81a7\" data-element_type=\"container\" data-e-type=\"container\">\n\t\t\t\t\t<div class=\"e-con-inner\">\n\t\t<div class=\"elementor-element elementor-element-a7dba10 e-flex e-con-boxed e-con e-child\" data-id=\"a7dba10\" data-element_type=\"container\" data-e-type=\"container\">\n\t\t\t\t\t<div class=\"e-con-inner\">\n\t\t<div class=\"elementor-element elementor-element-e813317 e-flex e-con-boxed e-con e-child\" data-id=\"e813317\" data-element_type=\"container\" data-e-type=\"container\">\n\t\t\t\t\t<div class=\"e-con-inner\">\n\t\t<div class=\"elementor-element elementor-element-fd17751 e-flex e-con-boxed e-con e-child\" data-id=\"fd17751\" data-element_type=\"container\" data-e-type=\"container\">\n\t\t\t\t\t<div class=\"e-con-inner\">\n\t\t\t\t<div class=\"elementor-element elementor-element-e92294a elementor-align-justify main-button elementor-widget elementor-widget-button\" data-id=\"e92294a\" data-element_type=\"widget\" data-e-type=\"widget\" data-widget_type=\"button.default\">\n\t\t\t\t<div class=\"elementor-widget-container\">\n\t\t\t\t\t\t\t\t\t<div class=\"elementor-button-wrapper\">\n\t\t\t\t\t<a class=\"elementor-button elementor-button-link elementor-size-sm\" href=\"https:\/\/www.affordablehousing.com\/saint-louis-mo\/\" target=\"_blank\">\n\t\t\t\t\t\t<span class=\"elementor-button-content-wrapper\">\n\t\t\t\t\t\t<span class=\"elementor-button-icon\">\n\t\t\t\t<svg xmlns=\"http:\/\/www.w3.org\/2000\/svg\" width=\"52\" height=\"23\" viewBox=\"0 0 52 23\" fill=\"none\"><path id=\"Vector 15\" d=\"M0 11.5H50M50 11.5L39.5 22M50 11.5L39.5 1\" stroke=\"#00BFB2\" stroke-width=\"2\"><\/path><\/svg>\t\t\t<\/span>\n\t\t\t\t\t\t\t\t\t<span class=\"elementor-button-text\">Pristupa\u010dno stanovanje<\/span>\n\t\t\t\t\t<\/span>\n\t\t\t\t\t<\/a>\n\t\t\t\t<\/div>\n\t\t\t\t\t\t\t\t<\/div>\n\t\t\t\t<\/div>\n\t\t\t\t<div class=\"elementor-element elementor-element-44d6192 elementor-align-justify main-button elementor-widget elementor-widget-button\" data-id=\"44d6192\" data-element_type=\"widget\" data-e-type=\"widget\" data-widget_type=\"button.default\">\n\t\t\t\t<div class=\"elementor-widget-container\">\n\t\t\t\t\t\t\t\t\t<div class=\"elementor-button-wrapper\">\n\t\t\t\t\t<a class=\"elementor-button elementor-button-link elementor-size-sm\" href=\"https:\/\/www.apartments.com\/\" target=\"_blank\">\n\t\t\t\t\t\t<span class=\"elementor-button-content-wrapper\">\n\t\t\t\t\t\t<span class=\"elementor-button-icon\">\n\t\t\t\t<svg xmlns=\"http:\/\/www.w3.org\/2000\/svg\" width=\"52\" height=\"23\" viewBox=\"0 0 52 23\" fill=\"none\"><path id=\"Vector 15\" d=\"M0 11.5H50M50 11.5L39.5 22M50 11.5L39.5 1\" stroke=\"#00BFB2\" stroke-width=\"2\"><\/path><\/svg>\t\t\t<\/span>\n\t\t\t\t\t\t\t\t\t<span class=\"elementor-button-text\">Apartments.com<\/span>\n\t\t\t\t\t<\/span>\n\t\t\t\t\t<\/a>\n\t\t\t\t<\/div>\n\t\t\t\t\t\t\t\t<\/div>\n\t\t\t\t<\/div>\n\t\t\t\t<div class=\"elementor-element elementor-element-0b1f544 elementor-align-justify main-button elementor-widget elementor-widget-button\" data-id=\"0b1f544\" data-element_type=\"widget\" data-e-type=\"widget\" data-widget_type=\"button.default\">\n\t\t\t\t<div class=\"elementor-widget-container\">\n\t\t\t\t\t\t\t\t\t<div class=\"elementor-button-wrapper\">\n\t\t\t\t\t<a class=\"elementor-button elementor-button-link elementor-size-sm\" href=\"https:\/\/www.zillow.com\/\" target=\"_blank\">\n\t\t\t\t\t\t<span class=\"elementor-button-content-wrapper\">\n\t\t\t\t\t\t<span class=\"elementor-button-icon\">\n\t\t\t\t<svg xmlns=\"http:\/\/www.w3.org\/2000\/svg\" width=\"52\" height=\"23\" viewBox=\"0 0 52 23\" fill=\"none\"><path id=\"Vector 15\" d=\"M0 11.5H50M50 11.5L39.5 22M50 11.5L39.5 1\" stroke=\"#00BFB2\" stroke-width=\"2\"><\/path><\/svg>\t\t\t<\/span>\n\t\t\t\t\t\t\t\t\t<span class=\"elementor-button-text\">Zillow<\/span>\n\t\t\t\t\t<\/span>\n\t\t\t\t\t<\/a>\n\t\t\t\t<\/div>\n\t\t\t\t\t\t\t\t<\/div>\n\t\t\t\t<\/div>\n\t\t\t\t\t<\/div>\n\t\t\t\t<\/div>\n\t\t<div class=\"elementor-element elementor-element-8fd9237 e-flex e-con-boxed e-con e-child\" data-id=\"8fd9237\" data-element_type=\"container\" data-e-type=\"container\">\n\t\t\t\t\t<div class=\"e-con-inner\">\n\t\t\t\t<div class=\"elementor-element elementor-element-d32bd1d elementor-align-justify main-button elementor-widget elementor-widget-button\" data-id=\"d32bd1d\" data-element_type=\"widget\" data-e-type=\"widget\" data-widget_type=\"button.default\">\n\t\t\t\t<div class=\"elementor-widget-container\">\n\t\t\t\t\t\t\t\t\t<div class=\"elementor-button-wrapper\">\n\t\t\t\t\t<a class=\"elementor-button elementor-button-link elementor-size-sm\" href=\"https:\/\/www.trulia.com\/\" target=\"_blank\">\n\t\t\t\t\t\t<span class=\"elementor-button-content-wrapper\">\n\t\t\t\t\t\t<span class=\"elementor-button-icon\">\n\t\t\t\t<svg xmlns=\"http:\/\/www.w3.org\/2000\/svg\" width=\"52\" height=\"23\" viewBox=\"0 0 52 23\" fill=\"none\"><path id=\"Vector 15\" d=\"M0 11.5H50M50 11.5L39.5 22M50 11.5L39.5 1\" stroke=\"#00BFB2\" stroke-width=\"2\"><\/path><\/svg>\t\t\t<\/span>\n\t\t\t\t\t\t\t\t\t<span class=\"elementor-button-text\">Trulia<\/span>\n\t\t\t\t\t<\/span>\n\t\t\t\t\t<\/a>\n\t\t\t\t<\/div>\n\t\t\t\t\t\t\t\t<\/div>\n\t\t\t\t<\/div>\n\t\t\t\t<div class=\"elementor-element elementor-element-5e176e0 elementor-align-justify main-button elementor-widget elementor-widget-button\" data-id=\"5e176e0\" data-element_type=\"widget\" data-e-type=\"widget\" data-widget_type=\"button.default\">\n\t\t\t\t<div class=\"elementor-widget-container\">\n\t\t\t\t\t\t\t\t\t<div class=\"elementor-button-wrapper\">\n\t\t\t\t\t<a class=\"elementor-button elementor-button-link elementor-size-sm\" href=\"https:\/\/www.realtor.com\/\" target=\"_blank\">\n\t\t\t\t\t\t<span class=\"elementor-button-content-wrapper\">\n\t\t\t\t\t\t<span class=\"elementor-button-icon\">\n\t\t\t\t<svg xmlns=\"http:\/\/www.w3.org\/2000\/svg\" width=\"52\" height=\"23\" viewBox=\"0 0 52 23\" fill=\"none\"><path id=\"Vector 15\" d=\"M0 11.5H50M50 11.5L39.5 22M50 11.5L39.5 1\" stroke=\"#00BFB2\" stroke-width=\"2\"><\/path><\/svg>\t\t\t<\/span>\n\t\t\t\t\t\t\t\t\t<span class=\"elementor-button-text\">Realtor<\/span>\n\t\t\t\t\t<\/span>\n\t\t\t\t\t<\/a>\n\t\t\t\t<\/div>\n\t\t\t\t\t\t\t\t<\/div>\n\t\t\t\t<\/div>\n\t\t\t\t<div class=\"elementor-element elementor-element-444b059 elementor-align-justify main-button elementor-widget elementor-widget-button\" data-id=\"444b059\" data-element_type=\"widget\" data-e-type=\"widget\" data-widget_type=\"button.default\">\n\t\t\t\t<div class=\"elementor-widget-container\">\n\t\t\t\t\t\t\t\t\t<div class=\"elementor-button-wrapper\">\n\t\t\t\t\t<a class=\"elementor-button elementor-button-link elementor-size-sm\" href=\"https:\/\/www.forrent.com\/\" target=\"_blank\">\n\t\t\t\t\t\t<span class=\"elementor-button-content-wrapper\">\n\t\t\t\t\t\t<span class=\"elementor-button-icon\">\n\t\t\t\t<svg xmlns=\"http:\/\/www.w3.org\/2000\/svg\" width=\"52\" height=\"23\" viewBox=\"0 0 52 23\" fill=\"none\"><path id=\"Vector 15\" d=\"M0 11.5H50M50 11.5L39.5 22M50 11.5L39.5 1\" stroke=\"#00BFB2\" stroke-width=\"2\"><\/path><\/svg>\t\t\t<\/span>\n\t\t\t\t\t\t\t\t\t<span class=\"elementor-button-text\">ForRent.com<\/span>\n\t\t\t\t\t<\/span>\n\t\t\t\t\t<\/a>\n\t\t\t\t<\/div>\n\t\t\t\t\t\t\t\t<\/div>\n\t\t\t\t<\/div>\n\t\t\t\t\t<\/div>\n\t\t\t\t<\/div>\n\t\t\t\t\t<\/div>\n\t\t\t\t<\/div>\n\t\t\t\t<div class=\"elementor-element elementor-element-9c74f76 elementor-widget elementor-widget-text-editor\" data-id=\"9c74f76\" data-element_type=\"widget\" data-e-type=\"widget\" data-widget_type=\"text-editor.default\">\n\t\t\t\t<div class=\"elementor-widget-container\">\n\t\t\t\t\t\t\t\t\t<p><i><span style=\"font-weight: 400;\">Ako prona\u0111ete dom na web-stranici koja nije AffordableHousing.com ili MHDC Affordable Housing Locator, trebali biste kontaktirati vlasnika nekretnine i potvrditi da \u0107e prihvatiti Housing Choice Voucher.<\/span><\/i><\/p>\n\t\t\t\t\t\t\t\t<\/div>\n\t\t\t\t<\/div>\n\t\t\t\t\t<\/div>\n\t\t\t\t<\/div>\n\t\t\t\t\t<\/div>\n\t\t\t\t<\/div>\n\t\t\t\t\t<\/div>\n\t\t\t\t<\/div>\n\t\t<div class=\"elementor-element elementor-element-4e15d77 e-flex e-con-boxed e-con e-parent\" data-id=\"4e15d77\" data-element_type=\"container\" data-e-type=\"container\" data-settings=\"{&quot;background_background&quot;:&quot;classic&quot;,&quot;shape_divider_top&quot;:&quot;tilt&quot;}\">\n\t\t\t\t\t<div class=\"e-con-inner\">\n\t\t\t\t<div class=\"elementor-shape elementor-shape-top\" aria-hidden=\"true\" data-negative=\"false\">\n\t\t\t<svg xmlns=\"http:\/\/www.w3.org\/2000\/svg\" viewBox=\"0 0 1000 100\" preserveAspectRatio=\"none\">\n\t<path class=\"elementor-shape-fill\" d=\"M0,6V0h1000v100L0,6z\"\/>\n<\/svg>\t\t<\/div>\n\t\t\t\t<div class=\"elementor-element elementor-element-4143327 elementor-widget elementor-widget-spacer\" data-id=\"4143327\" data-element_type=\"widget\" data-e-type=\"widget\" data-widget_type=\"spacer.default\">\n\t\t\t\t<div class=\"elementor-widget-container\">\n\t\t\t\t\t\t\t<div class=\"elementor-spacer\">\n\t\t\t<div class=\"elementor-spacer-inner\"><\/div>\n\t\t<\/div>\n\t\t\t\t\t\t<\/div>\n\t\t\t\t<\/div>\n\t\t\t\t\t<\/div>\n\t\t\t\t<\/div>\n\t\t\t\t<\/div>\n\t\t","protected":false},"excerpt":{"rendered":"<p>Find Housing U\u010desnici u Housing Choice Voucher Programu odgovorni su da sami prona\u0111u stambeni prostor koji zadovoljava zahtjeve vau\u010dera i njihove potrebe. Ispod je nekoliko stranica koje bi mogle pomo\u0107i u pronala\u017eenju smje\u0161taja. Nakon \u0161to stanovnik prona\u0111e stan, mora dobiti odgovaraju\u0107a odobrenja od County Housinga prije nego \u0161to potpi\u0161e ugovor o zakupu s prethodnim stanodavcem. [&hellip;]<\/p>\n","protected":false},"author":1,"featured_media":1812,"parent":1925,"menu_order":0,"comment_status":"closed","ping_status":"closed","template":"elementor_header_footer","meta":{"_acf_changed":false,"footnotes":""},"class_list":["post-1800","page","type-page","status-publish","has-post-thumbnail","hentry"],"acf":[],"yoast_head":"<!-- This site is optimized with the Yoast SEO plugin v27.4 - https:\/\/yoast.com\/product\/yoast-seo-wordpress\/ -->\n<title>Prona\u0111i stambenu - County Housing<\/title>\n<meta name=\"description\" content=\"U\u010desnici u programu Housing Choice Voucher moraju osigurati vlastiti smje\u0161taj. Evo nekih od web stranica na kojima mo\u017eete prona\u0107i smje\u0161taj.\" \/>\n<meta name=\"robots\" content=\"index, follow, max-snippet:-1, max-image-preview:large, max-video-preview:-1\" \/>\n<link rel=\"canonical\" href=\"https:\/\/countyhousing.org\/bs\/programi-stanovanja\/housing-choice-voucher-program-pronadjite-stanovanje\/\" \/>\n<meta property=\"og:locale\" content=\"bs_BA\" \/>\n<meta property=\"og:type\" content=\"article\" \/>\n<meta property=\"og:title\" content=\"Prona\u0111ite stambeno zbrinjavanje - \u017eupanijsko stanovanje\" \/>\n<meta property=\"og:description\" content=\"U\u010desnici u programu Housing Choice Voucher moraju osigurati vlastiti smje\u0161taj. Evo nekih od web stranica na kojima mo\u017eete prona\u0107i smje\u0161taj.\" \/>\n<meta property=\"og:url\" content=\"https:\/\/countyhousing.org\/bs\/programi-stanovanja\/housing-choice-voucher-program-pronadjite-stanovanje\/\" \/>\n<meta property=\"og:site_name\" content=\"County Housing\" \/>\n<meta property=\"article:modified_time\" content=\"2024-03-09T05:33:19+00:00\" \/>\n<meta property=\"og:image\" content=\"https:\/\/countyhousing.org\/wp-content\/uploads\/2024\/02\/CountyHousing_SocialShare_Green-1024x538.jpg\" \/>\n<meta name=\"twitter:card\" content=\"summary_large_image\" \/>\n<meta name=\"twitter:title\" content=\"Prona\u0111ite stambeno zbrinjavanje - \u017eupanijsko stanovanje\" \/>\n<meta name=\"twitter:description\" content=\"U\u010desnici u programu Housing Choice Voucher moraju osigurati vlastiti smje\u0161taj. Evo nekih od web stranica na kojima mo\u017eete prona\u0107i smje\u0161taj.\" \/>\n<meta name=\"twitter:image\" content=\"https:\/\/countyhousing.org\/wp-content\/uploads\/2024\/02\/CountyHousing_SocialShare_Green-1024x538.jpg\" \/>\n<meta name=\"twitter:label1\" content=\"Est. reading time\" \/>\n\t<meta name=\"twitter:data1\" content=\"1 minuta\" \/>\n<script type=\"application\/ld+json\" class=\"yoast-schema-graph\">{\"@context\":\"https:\\\/\\\/schema.org\",\"@graph\":[{\"@type\":\"WebPage\",\"@id\":\"https:\\\/\\\/countyhousing.org\\\/bs\\\/programi-stanovanja\\\/housing-choice-voucher-program-pronadjite-stanovanje\\\/\",\"url\":\"https:\\\/\\\/countyhousing.org\\\/bs\\\/programi-stanovanja\\\/housing-choice-voucher-program-pronadjite-stanovanje\\\/\",\"name\":\"Prona\u0111i stambenu - County Housing\",\"isPartOf\":{\"@id\":\"https:\\\/\\\/countyhousing.org\\\/bs\\\/#website\"},\"primaryImageOfPage\":{\"@id\":\"https:\\\/\\\/countyhousing.org\\\/bs\\\/programi-stanovanja\\\/housing-choice-voucher-program-pronadjite-stanovanje\\\/#primaryimage\"},\"image\":{\"@id\":\"https:\\\/\\\/countyhousing.org\\\/bs\\\/programi-stanovanja\\\/housing-choice-voucher-program-pronadjite-stanovanje\\\/#primaryimage\"},\"thumbnailUrl\":\"https:\\\/\\\/countyhousing.org\\\/wp-content\\\/uploads\\\/2024\\\/03\\\/CH_3Houses_08.jpg\",\"datePublished\":\"2024-01-23T02:32:42+00:00\",\"dateModified\":\"2024-03-09T05:33:19+00:00\",\"description\":\"U\u010desnici u programu Housing Choice Voucher moraju osigurati vlastiti smje\u0161taj. Evo nekih od web stranica na kojima mo\u017eete prona\u0107i smje\u0161taj.\",\"breadcrumb\":{\"@id\":\"https:\\\/\\\/countyhousing.org\\\/bs\\\/programi-stanovanja\\\/housing-choice-voucher-program-pronadjite-stanovanje\\\/#breadcrumb\"},\"inLanguage\":\"bs-BA\",\"potentialAction\":[{\"@type\":\"ReadAction\",\"target\":[\"https:\\\/\\\/countyhousing.org\\\/bs\\\/programi-stanovanja\\\/housing-choice-voucher-program-pronadjite-stanovanje\\\/\"]}]},{\"@type\":\"ImageObject\",\"inLanguage\":\"bs-BA\",\"@id\":\"https:\\\/\\\/countyhousing.org\\\/bs\\\/programi-stanovanja\\\/housing-choice-voucher-program-pronadjite-stanovanje\\\/#primaryimage\",\"url\":\"https:\\\/\\\/countyhousing.org\\\/wp-content\\\/uploads\\\/2024\\\/03\\\/CH_3Houses_08.jpg\",\"contentUrl\":\"https:\\\/\\\/countyhousing.org\\\/wp-content\\\/uploads\\\/2024\\\/03\\\/CH_3Houses_08.jpg\",\"width\":1920,\"height\":279},{\"@type\":\"BreadcrumbList\",\"@id\":\"https:\\\/\\\/countyhousing.org\\\/bs\\\/programi-stanovanja\\\/housing-choice-voucher-program-pronadjite-stanovanje\\\/#breadcrumb\",\"itemListElement\":[{\"@type\":\"ListItem\",\"position\":1,\"name\":\"Home\",\"item\":\"https:\\\/\\\/countyhousing.org\\\/bs\\\/pocetna-stranica\\\/\"},{\"@type\":\"ListItem\",\"position\":2,\"name\":\"Programi stanovanja\",\"item\":\"https:\\\/\\\/countyhousing.org\\\/bs\\\/programi-stanovanja\\\/\"},{\"@type\":\"ListItem\",\"position\":3,\"name\":\"Housing Choice Voucher Program &#8211; Prona\u0111ite stanovanje\"}]},{\"@type\":\"WebSite\",\"@id\":\"https:\\\/\\\/countyhousing.org\\\/bs\\\/#website\",\"url\":\"https:\\\/\\\/countyhousing.org\\\/bs\\\/\",\"name\":\"County Housing\",\"description\":\"The Housing Authority of St. Louis County\",\"publisher\":{\"@id\":\"https:\\\/\\\/countyhousing.org\\\/bs\\\/#organization\"},\"potentialAction\":[{\"@type\":\"SearchAction\",\"target\":{\"@type\":\"EntryPoint\",\"urlTemplate\":\"https:\\\/\\\/countyhousing.org\\\/bs\\\/?s={search_term_string}\"},\"query-input\":{\"@type\":\"PropertyValueSpecification\",\"valueRequired\":true,\"valueName\":\"search_term_string\"}}],\"inLanguage\":\"bs-BA\"},{\"@type\":\"Organization\",\"@id\":\"https:\\\/\\\/countyhousing.org\\\/bs\\\/#organization\",\"name\":\"County Housing\",\"url\":\"https:\\\/\\\/countyhousing.org\\\/bs\\\/\",\"logo\":{\"@type\":\"ImageObject\",\"inLanguage\":\"bs-BA\",\"@id\":\"https:\\\/\\\/countyhousing.org\\\/bs\\\/#\\\/schema\\\/logo\\\/image\\\/\",\"url\":\"https:\\\/\\\/countyhousing.org\\\/wp-content\\\/uploads\\\/2023\\\/12\\\/CH_Logo_Horizontal_Web_03-1.png\",\"contentUrl\":\"https:\\\/\\\/countyhousing.org\\\/wp-content\\\/uploads\\\/2023\\\/12\\\/CH_Logo_Horizontal_Web_03-1.png\",\"width\":279,\"height\":100,\"caption\":\"County Housing\"},\"image\":{\"@id\":\"https:\\\/\\\/countyhousing.org\\\/bs\\\/#\\\/schema\\\/logo\\\/image\\\/\"}}]}<\/script>\n<!-- \/ Yoast SEO plugin. -->","yoast_head_json":{"title":"Prona\u0111i stambenu - County Housing","description":"U\u010desnici u programu Housing Choice Voucher moraju osigurati vlastiti smje\u0161taj. Evo nekih od web stranica na kojima mo\u017eete prona\u0107i smje\u0161taj.","robots":{"index":"index","follow":"follow","max-snippet":"max-snippet:-1","max-image-preview":"max-image-preview:large","max-video-preview":"max-video-preview:-1"},"canonical":"https:\/\/countyhousing.org\/bs\/programi-stanovanja\/housing-choice-voucher-program-pronadjite-stanovanje\/","og_locale":"bs_BA","og_type":"article","og_title":"Prona\u0111ite stambeno zbrinjavanje - \u017eupanijsko stanovanje","og_description":"U\u010desnici u programu Housing Choice Voucher moraju osigurati vlastiti smje\u0161taj. Evo nekih od web stranica na kojima mo\u017eete prona\u0107i smje\u0161taj.","og_url":"https:\/\/countyhousing.org\/bs\/programi-stanovanja\/housing-choice-voucher-program-pronadjite-stanovanje\/","og_site_name":"County Housing","article_modified_time":"2024-03-09T05:33:19+00:00","og_image":[{"url":"https:\/\/countyhousing.org\/wp-content\/uploads\/2024\/02\/CountyHousing_SocialShare_Green-1024x538.jpg","type":"","width":"","height":""}],"twitter_card":"summary_large_image","twitter_title":"Prona\u0111ite stambeno zbrinjavanje - \u017eupanijsko stanovanje","twitter_description":"U\u010desnici u programu Housing Choice Voucher moraju osigurati vlastiti smje\u0161taj. Evo nekih od web stranica na kojima mo\u017eete prona\u0107i smje\u0161taj.","twitter_image":"https:\/\/countyhousing.org\/wp-content\/uploads\/2024\/02\/CountyHousing_SocialShare_Green-1024x538.jpg","twitter_misc":{"Est. reading time":"1 minuta"},"schema":{"@context":"https:\/\/schema.org","@graph":[{"@type":"WebPage","@id":"https:\/\/countyhousing.org\/bs\/programi-stanovanja\/housing-choice-voucher-program-pronadjite-stanovanje\/","url":"https:\/\/countyhousing.org\/bs\/programi-stanovanja\/housing-choice-voucher-program-pronadjite-stanovanje\/","name":"Prona\u0111i stambenu - County Housing","isPartOf":{"@id":"https:\/\/countyhousing.org\/bs\/#website"},"primaryImageOfPage":{"@id":"https:\/\/countyhousing.org\/bs\/programi-stanovanja\/housing-choice-voucher-program-pronadjite-stanovanje\/#primaryimage"},"image":{"@id":"https:\/\/countyhousing.org\/bs\/programi-stanovanja\/housing-choice-voucher-program-pronadjite-stanovanje\/#primaryimage"},"thumbnailUrl":"https:\/\/countyhousing.org\/wp-content\/uploads\/2024\/03\/CH_3Houses_08.jpg","datePublished":"2024-01-23T02:32:42+00:00","dateModified":"2024-03-09T05:33:19+00:00","description":"U\u010desnici u programu Housing Choice Voucher moraju osigurati vlastiti smje\u0161taj. Evo nekih od web stranica na kojima mo\u017eete prona\u0107i smje\u0161taj.","breadcrumb":{"@id":"https:\/\/countyhousing.org\/bs\/programi-stanovanja\/housing-choice-voucher-program-pronadjite-stanovanje\/#breadcrumb"},"inLanguage":"bs-BA","potentialAction":[{"@type":"ReadAction","target":["https:\/\/countyhousing.org\/bs\/programi-stanovanja\/housing-choice-voucher-program-pronadjite-stanovanje\/"]}]},{"@type":"ImageObject","inLanguage":"bs-BA","@id":"https:\/\/countyhousing.org\/bs\/programi-stanovanja\/housing-choice-voucher-program-pronadjite-stanovanje\/#primaryimage","url":"https:\/\/countyhousing.org\/wp-content\/uploads\/2024\/03\/CH_3Houses_08.jpg","contentUrl":"https:\/\/countyhousing.org\/wp-content\/uploads\/2024\/03\/CH_3Houses_08.jpg","width":1920,"height":279},{"@type":"BreadcrumbList","@id":"https:\/\/countyhousing.org\/bs\/programi-stanovanja\/housing-choice-voucher-program-pronadjite-stanovanje\/#breadcrumb","itemListElement":[{"@type":"ListItem","position":1,"name":"Home","item":"https:\/\/countyhousing.org\/bs\/pocetna-stranica\/"},{"@type":"ListItem","position":2,"name":"Programi stanovanja","item":"https:\/\/countyhousing.org\/bs\/programi-stanovanja\/"},{"@type":"ListItem","position":3,"name":"Housing Choice Voucher Program &#8211; Prona\u0111ite stanovanje"}]},{"@type":"WebSite","@id":"https:\/\/countyhousing.org\/bs\/#website","url":"https:\/\/countyhousing.org\/bs\/","name":"County Housing","description":"The Housing Authority of St. Louis County","publisher":{"@id":"https:\/\/countyhousing.org\/bs\/#organization"},"potentialAction":[{"@type":"SearchAction","target":{"@type":"EntryPoint","urlTemplate":"https:\/\/countyhousing.org\/bs\/?s={search_term_string}"},"query-input":{"@type":"PropertyValueSpecification","valueRequired":true,"valueName":"search_term_string"}}],"inLanguage":"bs-BA"},{"@type":"Organization","@id":"https:\/\/countyhousing.org\/bs\/#organization","name":"County Housing","url":"https:\/\/countyhousing.org\/bs\/","logo":{"@type":"ImageObject","inLanguage":"bs-BA","@id":"https:\/\/countyhousing.org\/bs\/#\/schema\/logo\/image\/","url":"https:\/\/countyhousing.org\/wp-content\/uploads\/2023\/12\/CH_Logo_Horizontal_Web_03-1.png","contentUrl":"https:\/\/countyhousing.org\/wp-content\/uploads\/2023\/12\/CH_Logo_Horizontal_Web_03-1.png","width":279,"height":100,"caption":"County Housing"},"image":{"@id":"https:\/\/countyhousing.org\/bs\/#\/schema\/logo\/image\/"}}]}},"_links":{"self":[{"href":"https:\/\/countyhousing.org\/bs\/wp-json\/wp\/v2\/pages\/1800","targetHints":{"allow":["GET"]}}],"collection":[{"href":"https:\/\/countyhousing.org\/bs\/wp-json\/wp\/v2\/pages"}],"about":[{"href":"https:\/\/countyhousing.org\/bs\/wp-json\/wp\/v2\/types\/page"}],"author":[{"embeddable":true,"href":"https:\/\/countyhousing.org\/bs\/wp-json\/wp\/v2\/users\/1"}],"replies":[{"embeddable":true,"href":"https:\/\/countyhousing.org\/bs\/wp-json\/wp\/v2\/comments?post=1800"}],"version-history":[{"count":0,"href":"https:\/\/countyhousing.org\/bs\/wp-json\/wp\/v2\/pages\/1800\/revisions"}],"up":[{"embeddable":true,"href":"https:\/\/countyhousing.org\/bs\/wp-json\/wp\/v2\/pages\/1925"}],"wp:featuredmedia":[{"embeddable":true,"href":"https:\/\/countyhousing.org\/bs\/wp-json\/wp\/v2\/media\/1812"}],"wp:attachment":[{"href":"https:\/\/countyhousing.org\/bs\/wp-json\/wp\/v2\/media?parent=1800"}],"curies":[{"name":"wp","href":"https:\/\/api.w.org\/{rel}","templated":true}]}}